{"id":9954,"date":"2020-07-08T09:53:08","date_gmt":"2020-07-08T07:53:08","guid":{"rendered":"https:\/\/messagenius.com\/messaggistica-per-la-forza-lavoro-sul-campo\/"},"modified":"2020-12-10T23:03:32","modified_gmt":"2020-12-10T22:03:32","slug":"messaggistica-per-gli-operatori-sul-campo","status":"publish","type":"page","link":"https:\/\/messagenius.com\/it\/messaggistica-per-gli-operatori-sul-campo\/","title":{"rendered":"Messaggistica per gli operatori sul campo"},"content":{"rendered":"<div class=\"container container-msg\">[vc_row  equal_height=\"yes\"  content_placement=\"middle\"  css=\".vc_custom_1595345698951{padding-top: 100px !important;padding-bottom: 100px !important;}\" ][vc_column][vc_column_text css_animation=&#8221;none&#8221;]<\/p>\n<h5 style=\"text-align: center;\"><span style=\"color: #21adbf;\">PROGETTATA PER GLI OPERATORI SUL CAMPO<\/span><\/h5>\n<h1 style=\"text-align: center;\">L&#8217;app di messaggistica istantanea per i team operativi<\/h1>\n<p>[\/vc_column_text][vc_column_text css_animation=&#8221;none&#8221;]<\/p>\n<h4 style=\"text-align: center;\"><span style=\"color: #21adbf;\">Finalmente gli operatori sul campo possono rimanere sempre connessi e aggiornati mantenendo alta l&#8217;efficienza del lavoro di squadra.<\/span><\/h4>\n<p>[\/vc_column_text][vc_row_inner][vc_column_inner width=&#8221;1\/4&#8243;][\/vc_column_inner][vc_column_inner width=&#8221;1\/2&#8243;][vc_column_text]<\/p>\n<p style=\"text-align: center;\"><strong>Messagenius snellisce le comunicazioni tra team e consente di lavorare in modo piu&#8217; fluido aumentando la produttivit\u00e0 consentendo ai lavoratori sl campo di mantenere sempre una linea diretta con le sale operative.<\/strong><\/p>\n<p>[\/vc_column_text][\/vc_column_inner][vc_column_inner width=&#8221;1\/4&#8243;][\/vc_column_inner][\/vc_row_inner][vc_row_inner][vc_column_inner][vc_column_text]<\/p>\n<p style=\"text-align: center;\"><a class=\"button-link button-primary-color\" href=\"https:\/\/messagenius.com\/it\/contattaci\/\">contattaci ora<\/a><\/p>\n<p>[\/vc_column_text][\/vc_column_inner][\/vc_row_inner][\/vc_column][\/vc_row]<\/div>[vc_row  full_width=\"stretch_row\"  first_background_type=\"gradient\"  first_background_gradient=\"rgba(10,10,10,0.88)||rgba(10,5,5,0.05)||0;74||359||linear\"  css=\".vc_custom_1587038145431{background-color: #323c47 !important;}\" ]<div class=\"container container-msg\"><div class=\"vc_row vc_row-msg\">[vc_column][vc_column_text css=&#8221;.vc_custom_1587516733681{padding-top: 50px !important;padding-bottom: 50px !important;}&#8221; el_class=&#8221;dark&#8221;]<\/p>\n<h2 style=\"text-align: center;\">Conformit\u00e0 GDPR<\/h2>\n<p class=\"subtitle\" style=\"text-align: center;\">Messagenius \u00e8 conforme al 100% con la direttiva GDPR, ed \u00e8 a prova di attacchi e violazioni.<br \/>\nNon usiamo servizi di terze parti per archiviare o gestire i tuoi dati e nemmeno il nostro staff pu\u00f2 accedervi. <\/p>\n<p>[\/vc_column_text][\/vc_column]<\/div><\/div>[\/vc_row]<div class=\"container container-msg\">[vc_row  full_height=\"yes\"  equal_height=\"yes\"  content_placement=\"middle\"  el_class=\"list-box\" ][vc_column width=&#8221;1\/2&#8243;][vc_column_text]<\/p>\n<h2>Tutto quello che ti aspetti da un&#8217;app di messaggistica<\/h2>\n<p>[\/vc_column_text][vc_column_text]Proprio come qualsiasi app di messaggistica istantanea, Messagenius consente ai dipendenti in ufficio e a quelli che lavorano da remoto di<strong>comunicare sempre in modo veloce e produttivo.<\/strong> Scambia messaggi di testo, vocali, foto, video e documenti in pochi clic. Usa la linea diretta con la <strong>sala operativa<\/strong> quando devi inviare segnalazioni e richieste speciali, ottimizzando tempi e sforzi.[\/vc_column_text][vc_row_inner][vc_column_inner width=&#8221;1\/2&#8243;][vc_column_text]<\/p>\n<ul>\n<li>Messaggi di testo<\/li>\n<li>Messaggi vocali<\/li>\n<li>Immagini<\/li>\n<li>Video<\/li>\n<\/ul>\n<p>[\/vc_column_text][\/vc_column_inner][vc_column_inner width=&#8221;1\/2&#8243;][vc_column_text]<\/p>\n<ul>\n<li>Contatti<\/li>\n<li>Posizione<\/li>\n<li>Richieste di emergenza<\/li>\n<li>E molto altro&#8230;<\/li>\n<\/ul>\n<p>[\/vc_column_text][\/vc_column_inner][\/vc_row_inner][vc_column_text]<a class=\"button-link button-primary-color\" href=\"https:\/\/messagenius.com\/it\/aumento-della-produttivita\/\">Per saperne di pi\u00f9<\/a>[\/vc_column_text][\/vc_column][vc_column width=&#8221;1\/2&#8243;][vc_single_image image=&#8221;7635&#8243; img_size=&#8221;full&#8221;][\/vc_column][\/vc_row]<\/div><div class=\"container container-msg\">[vc_row  equal_height=\"yes\"  content_placement=\"middle\" ][vc_column][vc_column_text]<\/p>\n<h3 style=\"text-align: center;\">Messagenius offre tutte le funzionalit\u00e0 della messaggistica istantanea insieme a una sicurezza e una crittografia avanzate che lo rendono sicuro per progettazione. Scopri tutti gli aspetti di sicurezza di Messagenius.<\/h3>\n<p>[\/vc_column_text][vc_column_text]<\/p>\n<p style=\"text-align: center;\"><a class=\"button-link button-primary-color\" href=\"https:\/\/messagenius.com\/it\/sicurezza-e-proprieta-dei-dati\/\">Sicurezza &amp; Propriet\u00e0 dei Dati<\/a><\/p>\n<p>[\/vc_column_text][\/vc_column][\/vc_row]<\/div><div class=\"container container-msg\">[vc_row  equal_height=\"yes\"  content_placement=\"middle\"  css=\".vc_custom_1595345728148{padding-top: 100px !important;}\" ][vc_column width=&#8221;1\/2&#8243;][vc_single_image image=&#8221;7498&#8243; img_size=&#8221;full&#8221;][\/vc_column][vc_column width=&#8221;1\/2&#8243;][vc_column_text]<\/p>\n<h2>Incident room in un solo clic<\/h2>\n<p>[\/vc_column_text][vc_column_text]Con Messagenius i lavoratori sul campo possono creare chat speciali ( incident room) che in automatico li mette in contatto con la sala operativa e altrei operatori designati. I partecipanti possono scambiarsi informazioni, file, posizioni, e usare altre funzionalit\u00e0 dedicate alla risoluzione di anomalie ed emergenze.[\/vc_column_text][vc_column_text]<a class=\"button-link button-primary-color\" href=\"https:\/\/messagenius.com\/it\/forza-lavoro-on-field\/\">Per saperne di pi\u00f9<\/a>[\/vc_column_text][\/vc_column][\/vc_row]<\/div>[vc_row  full_width=\"stretch_row\"  first_background_type=\"gradient\"  first_background_gradient=\"rgba(10,10,10,0.88)||rgba(10,5,5,0.05)||0;74||359||linear\"  css=\".vc_custom_1595345739353{background-color: #efeff4 !important;}\" ]<div class=\"container container-msg\"><div class=\"vc_row vc_row-msg\">[vc_column][vc_column_text css=&#8221;.vc_custom_1592353201906{padding-top: 50px !important;padding-bottom: 50px !important;}&#8221; el_class=&#8221;dark&#8221;]<\/p>\n<h2 style=\"text-align: center;\"><span style=\"color: #323c47;\">Gi\u00e0 pronta per l&#8217;integrazione<\/span><\/h2>\n<p class=\"subtitle\" style=\"text-align: center;\"><span style=\"color: #323c47;\">Integra Messagenius con i software che gi\u00e0 utilizzi nella tua organizzazione. Avrai a disposizione uno strumento all-inclusive che semplificher\u00e0 i tuoi workflow e comunicazioni interne.<\/span><\/p>\n<p>[\/vc_column_text][vc_column_text]<\/p>\n<p style=\"text-align: center;\"><a class=\"button-link button-primary-color\" href=\"https:\/\/messagenius.com\/it\/integrazione-chat-aziendale-tramite-sdk-messagenius\/\">Per saperne di pi\u00f9<\/a><\/p>\n<p>[\/vc_column_text][\/vc_column]<\/div><\/div>[\/vc_row]<div class=\"container container-msg\">[vc_row  equal_height=\"yes\"  content_placement=\"middle\"  css=\".vc_custom_1595345746729{padding-top: 100px !important;}\" ][vc_column width=&#8221;1\/2&#8243;][vc_column_text]<\/p>\n<h2>Linea diretta con le sale di controllo<\/h2>\n<p>[\/vc_column_text][vc_column_text]Il pannello della sala di controllo contiene tutte le informazioni necessarie al monitoraggio del lavoro svolto sul campo e degli operatori coinvolti. Questi ultimi condividono la posizione, ruolo, attivit\u00e0, contatti, ecc. attivit\u00e0 e operatori vengono visualizzati in finestre di chat separata, in modo che dalla sala operativa si possano gestire pi\u00f9 conversazioni contemporaneamente.[\/vc_column_text][vc_column_text]<a class=\"button-link button-primary-color\" href=\"https:\/\/messagenius.com\/it\/forza-lavoro-on-field\/\">Per saperne di pi\u00f9<\/a>[\/vc_column_text][\/vc_column][vc_column width=&#8221;1\/2&#8243;][vc_single_image image=&#8221;7782&#8243; img_size=&#8221;full&#8221;][\/vc_column][\/vc_row]<\/div>[vc_row  full_width=\"stretch_row\"  equal_height=\"yes\"  content_placement=\"middle\"  css=\".vc_custom_1595345753971{padding-top: 100px !important;}\" ]<div class=\"container container-msg\"><div class=\"vc_row vc_row-msg\">[vc_column]<div class=\"templatera_shortcode\"><div class=\"vc_row wpb_row vc_row-fluid items-centered mobile-invert-cols vc_column-gap-35 vc_row-o-equal-height vc_row-o-content-middle vc_row-flex\"><div class=\"wpb_column vc_column_container vc_col-sm-6\"><div class=\"vc_column-inner \"><div class=\"wpb_wrapper\">\n\t<div  class=\"wpb_single_image wpb_content_element vc_align_center\">\n\t\t\n\t\t<figure class=\"wpb_wrapper vc_figure\">\n\t\t\t<div class=\"vc_single_image-wrapper   vc_box_border_grey\"><img width=\"1744\" height=\"1864\" src=\"https:\/\/messagenius.com\/wp-content\/uploads\/2020\/04\/COMP-Generic-Blast-Messages-Cards@2x.png\" class=\"vc_single_image-img attachment-full\" alt=\"\" loading=\"lazy\" title=\"COMP - Generic - Blast Messages Cards@2x\" srcset=\"https:\/\/messagenius.com\/wp-content\/uploads\/2020\/04\/COMP-Generic-Blast-Messages-Cards@2x.png 1744w, https:\/\/messagenius.com\/wp-content\/uploads\/2020\/04\/COMP-Generic-Blast-Messages-Cards@2x-281x300.png 281w, https:\/\/messagenius.com\/wp-content\/uploads\/2020\/04\/COMP-Generic-Blast-Messages-Cards@2x-958x1024.png 958w, https:\/\/messagenius.com\/wp-content\/uploads\/2020\/04\/COMP-Generic-Blast-Messages-Cards@2x-768x821.png 768w, https:\/\/messagenius.com\/wp-content\/uploads\/2020\/04\/COMP-Generic-Blast-Messages-Cards@2x-1437x1536.png 1437w\" sizes=\"(max-width: 1744px) 100vw, 1744px\" \/><\/div>\n\t\t<\/figure>\n\t<\/div>\n<\/div><\/div><\/div><div class=\"wpb_column vc_column_container vc_col-sm-6\"><div class=\"vc_column-inner \"><div class=\"wpb_wrapper\">\n\t<div class=\"wpb_text_column wpb_content_element \" >\n\t\t<div class=\"wpb_wrapper\">\n\t\t\t<h3>Messaggi Broadcast<\/h3>\n<p>Un solo messaggio e <strong>invio simultaneo alle tutti i contatti<\/strong> delle tue liste Trasmettete informazioni a tutti i membri della vostra azienda con un unico messaggio, ad esempio:<\/p>\n<ul>\n<li>Aggiornamenti settimanali<\/li>\n<li>Sessione di team building<\/li>\n<li>Notizie sugli aggiornamenti software<\/li>\n<li>Festa annuale<\/li>\n<\/ul>\n<p>I messaggi broadcast sono un modo semplice per tenere tutti informati.<\/p>\n\n\t\t<\/div>\n\t<\/div>\n<\/div><\/div><\/div><\/div><\/div>[vc_column_text]<\/p>\n<h3 style=\"text-align: center;\">Scopri come Messagenius \u00e8 aumenta la produttivit\u00e0 della tua organizzazione<\/h3>\n<p>[\/vc_column_text][vc_column_text]<\/p>\n<p style=\"text-align: center;\"><a class=\"button-link button-primary-color\" href=\"https:\/\/messagenius.com\/it\/forza-lavoro-on-field\/\">Vai alle funzionalit\u00e0<\/a><\/p>\n<p>[\/vc_column_text][\/vc_column]<\/div><\/div>[\/vc_row]<div data-vc-full-width=\"true\" data-vc-full-width-init=\"true\" data-vc-full-width-init-backup=\"false\" class=\"vc_row wpb_row vc_row-fluid vc_custom_1595345760076\"><div class=\"container container-msg\"><div class=\"vc_row vc_row-msg\"><div class=\"wpb_column vc_column_container vc_col-sm-3\"><div class=\"vc_column-inner \"><div class=\"wpb_wrapper\"><\/div><\/div><\/div><div class=\"wpb_column vc_column_container vc_col-sm-8\"><div class=\"vc_column-inner \"><div class=\"wpb_wrapper\">\n\t<div class=\"wpb_text_column wpb_content_element \" >\n\t\t<div class=\"wpb_wrapper\">\n\t\t\t<h3 style=\"text-align: center;\">Lo strumento di messaggistica istantanea alleato delle squadre e degli operatori sul campo<\/h3>\n<p style=\"text-align: center;\">Un tool all-inclusive per scambiare informazioni, documenti e molto altro ed agevolare le attivit\u00e0 operative.  Messagenius garantisce la protezione e la completa propriet\u00e0 dei dati con installazione on-premise o istanze cloud. Inoltre garantisce la conformit\u00e0 alle regolamentazioni GDPR al 100%.<\/p>\n<p style=\"text-align: center;\"><a class=\"button-link button-primary-color\" href=\"https:\/\/messagenius.com\/it\/contattaci\/\">contattaci ora<\/a><\/p>\n\n\t\t<\/div>\n\t<\/div>\n<\/div><\/div><\/div><div class=\"wpb_column vc_column_container vc_col-sm-3\"><div class=\"vc_column-inner \"><div class=\"wpb_wrapper\"><\/div><\/div><\/div><\/div><\/div><\/div><div class=\"vc_row-full-width vc_clearfix\"><\/div>\n","protected":false},"excerpt":{"rendered":"Messaggi Broadcast Un solo messaggio e invio simultaneo alle tutti i contatti delle tue liste Trasmettete informazioni a tutti i membri della vostra azienda con un unico messaggio, ad esempio: Aggiornamenti settimanali Sessione di team building Notizie sugli aggiornamenti software Festa annuale I messaggi broadcast sono un modo semplice per tenere tutti informati.","protected":false},"author":4,"featured_media":0,"parent":0,"menu_order":0,"comment_status":"closed","ping_status":"closed","template":"","meta":{"inline_featured_image":false,"_links_to":"","_links_to_target":""},"acf":[],"yoast_head":"<!-- This site is optimized with the Yoast SEO plugin v19.6.1 - https:\/\/yoast.com\/wordpress\/plugins\/seo\/ -->\n<title>Messaggistica per gli operatori sul campo | Messagenius - Secure Enterprise Messaging<\/title>\n<meta name=\"description\" content=\"Proteggi le tue comunicazioni con un&#039;app di messaggistica interna dedicata ai team. Messagenius aumenta la sicurezza, la produttivit\u00e0 e l&#039;efficienza nella tua azienda.\" \/>\n<meta name=\"robots\" content=\"index, follow, max-snippet:-1, max-image-preview:large, max-video-preview:-1\" \/>\n<link rel=\"canonical\" href=\"https:\/\/messagenius.com\/it\/messaggistica-per-gli-operatori-sul-campo\/\" \/>\n<meta property=\"og:locale\" content=\"it_IT\" \/>\n<meta property=\"og:type\" content=\"article\" \/>\n<meta property=\"og:title\" content=\"Messaggistica per gli operatori sul campo | Messagenius - Secure Enterprise Messaging\" \/>\n<meta property=\"og:description\" content=\"Proteggi le tue comunicazioni con un&#039;app di messaggistica interna dedicata ai team. Messagenius aumenta la sicurezza, la produttivit\u00e0 e l&#039;efficienza nella tua azienda.\" \/>\n<meta property=\"og:url\" content=\"https:\/\/messagenius.com\/it\/messaggistica-per-gli-operatori-sul-campo\/\" \/>\n<meta property=\"og:site_name\" content=\"Messagenius - Secure Enterprise Messaging\" \/>\n<meta property=\"article:publisher\" content=\"https:\/\/www.facebook.com\/Messagenius\/\" \/>\n<meta property=\"article:modified_time\" content=\"2020-12-10T22:03:32+00:00\" \/>\n<meta name=\"twitter:card\" content=\"summary_large_image\" \/>\n<script type=\"application\/ld+json\" class=\"yoast-schema-graph\">{\"@context\":\"https:\/\/schema.org\",\"@graph\":[{\"@type\":\"WebPage\",\"@id\":\"https:\/\/messagenius.com\/it\/messaggistica-per-gli-operatori-sul-campo\/\",\"url\":\"https:\/\/messagenius.com\/it\/messaggistica-per-gli-operatori-sul-campo\/\",\"name\":\"Messaggistica per gli operatori sul campo | Messagenius - Secure Enterprise Messaging\",\"isPartOf\":{\"@id\":\"https:\/\/messagenius.com\/it\/#website\"},\"datePublished\":\"2020-07-08T07:53:08+00:00\",\"dateModified\":\"2020-12-10T22:03:32+00:00\",\"description\":\"Proteggi le tue comunicazioni con un'app di messaggistica interna dedicata ai team. Messagenius aumenta la sicurezza, la produttivit\u00e0 e l'efficienza nella tua azienda.\",\"breadcrumb\":{\"@id\":\"https:\/\/messagenius.com\/it\/messaggistica-per-gli-operatori-sul-campo\/#breadcrumb\"},\"inLanguage\":\"it\",\"potentialAction\":[{\"@type\":\"ReadAction\",\"target\":[\"https:\/\/messagenius.com\/it\/messaggistica-per-gli-operatori-sul-campo\/\"]}]},{\"@type\":\"BreadcrumbList\",\"@id\":\"https:\/\/messagenius.com\/it\/messaggistica-per-gli-operatori-sul-campo\/#breadcrumb\",\"itemListElement\":[{\"@type\":\"ListItem\",\"position\":1,\"name\":\"Home\",\"item\":\"https:\/\/messagenius.com\/it\/home-content\/\"},{\"@type\":\"ListItem\",\"position\":2,\"name\":\"Messaggistica per gli operatori sul campo\"}]},{\"@type\":\"WebSite\",\"@id\":\"https:\/\/messagenius.com\/it\/#website\",\"url\":\"https:\/\/messagenius.com\/it\/\",\"name\":\"Messagenius - Secure Enterprise Messaging\",\"description\":\"The private instant messaging solution for organizations\",\"publisher\":{\"@id\":\"https:\/\/messagenius.com\/it\/#organization\"},\"potentialAction\":[{\"@type\":\"SearchAction\",\"target\":{\"@type\":\"EntryPoint\",\"urlTemplate\":\"https:\/\/messagenius.com\/it\/?s={search_term_string}\"},\"query-input\":\"required name=search_term_string\"}],\"inLanguage\":\"it\"},{\"@type\":\"Organization\",\"@id\":\"https:\/\/messagenius.com\/it\/#organization\",\"name\":\"Messagenius\",\"url\":\"https:\/\/messagenius.com\/it\/\",\"sameAs\":[\"https:\/\/www.linkedin.com\/company\/messagenius\/\",\"https:\/\/www.facebook.com\/Messagenius\/\"],\"logo\":{\"@type\":\"ImageObject\",\"inLanguage\":\"it\",\"@id\":\"https:\/\/messagenius.com\/it\/#\/schema\/logo\/image\/\",\"url\":\"https:\/\/messagenius.com\/wp-content\/uploads\/2020\/04\/messagenius-logo-stand-left-scaled.jpg\",\"contentUrl\":\"https:\/\/messagenius.com\/wp-content\/uploads\/2020\/04\/messagenius-logo-stand-left-scaled.jpg\",\"width\":2560,\"height\":2004,\"caption\":\"Messagenius\"},\"image\":{\"@id\":\"https:\/\/messagenius.com\/it\/#\/schema\/logo\/image\/\"}}]}<\/script>\n<!-- \/ Yoast SEO plugin. -->","yoast_head_json":{"title":"Messaggistica per gli operatori sul campo | Messagenius - Secure Enterprise Messaging","description":"Proteggi le tue comunicazioni con un'app di messaggistica interna dedicata ai team. Messagenius aumenta la sicurezza, la produttivit\u00e0 e l'efficienza nella tua azienda.","robots":{"index":"index","follow":"follow","max-snippet":"max-snippet:-1","max-image-preview":"max-image-preview:large","max-video-preview":"max-video-preview:-1"},"canonical":"https:\/\/messagenius.com\/it\/messaggistica-per-gli-operatori-sul-campo\/","og_locale":"it_IT","og_type":"article","og_title":"Messaggistica per gli operatori sul campo | Messagenius - Secure Enterprise Messaging","og_description":"Proteggi le tue comunicazioni con un'app di messaggistica interna dedicata ai team. Messagenius aumenta la sicurezza, la produttivit\u00e0 e l'efficienza nella tua azienda.","og_url":"https:\/\/messagenius.com\/it\/messaggistica-per-gli-operatori-sul-campo\/","og_site_name":"Messagenius - Secure Enterprise Messaging","article_publisher":"https:\/\/www.facebook.com\/Messagenius\/","article_modified_time":"2020-12-10T22:03:32+00:00","twitter_card":"summary_large_image","schema":{"@context":"https:\/\/schema.org","@graph":[{"@type":"WebPage","@id":"https:\/\/messagenius.com\/it\/messaggistica-per-gli-operatori-sul-campo\/","url":"https:\/\/messagenius.com\/it\/messaggistica-per-gli-operatori-sul-campo\/","name":"Messaggistica per gli operatori sul campo | Messagenius - Secure Enterprise Messaging","isPartOf":{"@id":"https:\/\/messagenius.com\/it\/#website"},"datePublished":"2020-07-08T07:53:08+00:00","dateModified":"2020-12-10T22:03:32+00:00","description":"Proteggi le tue comunicazioni con un'app di messaggistica interna dedicata ai team. Messagenius aumenta la sicurezza, la produttivit\u00e0 e l'efficienza nella tua azienda.","breadcrumb":{"@id":"https:\/\/messagenius.com\/it\/messaggistica-per-gli-operatori-sul-campo\/#breadcrumb"},"inLanguage":"it","potentialAction":[{"@type":"ReadAction","target":["https:\/\/messagenius.com\/it\/messaggistica-per-gli-operatori-sul-campo\/"]}]},{"@type":"BreadcrumbList","@id":"https:\/\/messagenius.com\/it\/messaggistica-per-gli-operatori-sul-campo\/#breadcrumb","itemListElement":[{"@type":"ListItem","position":1,"name":"Home","item":"https:\/\/messagenius.com\/it\/home-content\/"},{"@type":"ListItem","position":2,"name":"Messaggistica per gli operatori sul campo"}]},{"@type":"WebSite","@id":"https:\/\/messagenius.com\/it\/#website","url":"https:\/\/messagenius.com\/it\/","name":"Messagenius - Secure Enterprise Messaging","description":"The private instant messaging solution for organizations","publisher":{"@id":"https:\/\/messagenius.com\/it\/#organization"},"potentialAction":[{"@type":"SearchAction","target":{"@type":"EntryPoint","urlTemplate":"https:\/\/messagenius.com\/it\/?s={search_term_string}"},"query-input":"required name=search_term_string"}],"inLanguage":"it"},{"@type":"Organization","@id":"https:\/\/messagenius.com\/it\/#organization","name":"Messagenius","url":"https:\/\/messagenius.com\/it\/","sameAs":["https:\/\/www.linkedin.com\/company\/messagenius\/","https:\/\/www.facebook.com\/Messagenius\/"],"logo":{"@type":"ImageObject","inLanguage":"it","@id":"https:\/\/messagenius.com\/it\/#\/schema\/logo\/image\/","url":"https:\/\/messagenius.com\/wp-content\/uploads\/2020\/04\/messagenius-logo-stand-left-scaled.jpg","contentUrl":"https:\/\/messagenius.com\/wp-content\/uploads\/2020\/04\/messagenius-logo-stand-left-scaled.jpg","width":2560,"height":2004,"caption":"Messagenius"},"image":{"@id":"https:\/\/messagenius.com\/it\/#\/schema\/logo\/image\/"}}]}},"_links":{"self":[{"href":"https:\/\/messagenius.com\/it\/wp-json\/wp\/v2\/pages\/9954"}],"collection":[{"href":"https:\/\/messagenius.com\/it\/wp-json\/wp\/v2\/pages"}],"about":[{"href":"https:\/\/messagenius.com\/it\/wp-json\/wp\/v2\/types\/page"}],"author":[{"embeddable":true,"href":"https:\/\/messagenius.com\/it\/wp-json\/wp\/v2\/users\/4"}],"replies":[{"embeddable":true,"href":"https:\/\/messagenius.com\/it\/wp-json\/wp\/v2\/comments?post=9954"}],"version-history":[{"count":19,"href":"https:\/\/messagenius.com\/it\/wp-json\/wp\/v2\/pages\/9954\/revisions"}],"predecessor-version":[{"id":9984,"href":"https:\/\/messagenius.com\/it\/wp-json\/wp\/v2\/pages\/9954\/revisions\/9984"}],"wp:attachment":[{"href":"https:\/\/messagenius.com\/it\/wp-json\/wp\/v2\/media?parent=9954"}],"curies":[{"name":"wp","href":"https:\/\/api.w.org\/{rel}","templated":true}]}}