{"id":9917,"date":"2020-07-07T09:21:25","date_gmt":"2020-07-07T07:21:25","guid":{"rendered":"https:\/\/messagenius.com\/app-di-messaggistica-istantanea-per-i-pazienti\/"},"modified":"2020-12-09T18:29:37","modified_gmt":"2020-12-09T17:29:37","slug":"app-di-messaggistica-istantanea-per-i-pazienti","status":"publish","type":"page","link":"https:\/\/messagenius.com\/it\/app-di-messaggistica-istantanea-per-i-pazienti\/","title":{"rendered":"App di messaggistica istantanea per pazienti"},"content":{"rendered":"<div class=\"container container-msg\">[vc_row  full_height=\"yes\"  equal_height=\"yes\"  content_placement=\"middle\" ][vc_column width=&#8221;1\/2&#8243;][vc_column_text css_animation=&#8221;top-to-bottom&#8221;]<\/p>\n<h1>App di messaggistica istantanea sicura per i pazienti<\/h1>\n<p>[\/vc_column_text][vc_column_text css_animation=&#8221;top-to-bottom&#8221;]<\/p>\n<h4><span style=\"color: #21adbf;\">Comunicazioni piu&#8217; snelle e completamente riservate tra pazienti e medici<\/span><\/h4>\n<p>[\/vc_column_text][vc_column_text css_animation=&#8221;bottom-to-top&#8221;]<strong>Consulenza e follow-up piu&#8217; facili da remoto<\/strong><br \/>\nConsulenza rapida e follow-up con i pazienti a distanza, senza compromessi sulla sicurezza dei dati sensibili dei pazienti[\/vc_column_text][vc_column_text css_animation=&#8221;bottom-to-top&#8221;]<strong>Migliore esperienza di connessione medico-paziente<\/strong><br \/>\nMessagenius consente e medici e pazienti di condividere informazioni risarvate mantenendo confidenzialit\u00e0 e segreto professionale.[\/vc_column_text][\/vc_column][vc_column width=&#8221;1\/2&#8243;][vc_single_image image=&#8221;6016&#8243; img_size=&#8221;full&#8221; alignment=&#8221;center&#8221; css_animation=&#8221;none&#8221;][\/vc_column][\/vc_row]<\/div><div class=\"container container-msg\">[vc_row  equal_height=\"yes\"  content_placement=\"middle\" ][vc_column width=&#8221;1\/2&#8243;][vc_single_image image=&#8221;6455&#8243; img_size=&#8221;full&#8221; alignment=&#8221;center&#8221; css_animation=&#8221;left-to-right&#8221;][\/vc_column][vc_column width=&#8221;1\/2&#8243;][vc_column_text css_animation=&#8221;top-to-bottom&#8221;]<\/p>\n<h2>Tutto quello che ti aspetti dalle app di messaggistica<\/h2>\n<p>[\/vc_column_text][vc_column_text css_animation=&#8221;top-to-bottom&#8221;]Proprio come qualsiasi app di messaggistica istantanea, Messagenius consente al personale medico di <strong>comunicare istantaneamente,<\/strong>inviando rapidamente messaggi, file, documenti e discutendo vari argomenti su #canali tematici con i propri pazienti. Con l&#8217;interfaccia ed esperienza utente intuitiva, i professionisti in ambito medico sono in grado di consultare i colleghi, segnalare e ricevere risposte rapide in caso di necessit\u00e0 ed e emergenze, ottimizzando e snellendo il flusso di lavoro.[\/vc_column_text][vc_row_inner el_class=&#8221;list-box&#8221;][vc_column_inner width=&#8221;1\/2&#8243;][vc_column_text css_animation=&#8221;top-to-bottom&#8221;]<\/p>\n<ul>\n<li>Messaggi Testuali<\/li>\n<li>Messaggi vocali<\/li>\n<li>Immagini<\/li>\n<li>Video<\/li>\n<\/ul>\n<p>[\/vc_column_text][\/vc_column_inner][vc_column_inner width=&#8221;1\/2&#8243;][vc_column_text css_animation=&#8221;top-to-bottom&#8221;]<\/p>\n<ul>\n<li>Contatti<\/li>\n<li>Posizione<\/li>\n<li>Dati medici.<\/li>\n<li>E molto altro&#8230;<\/li>\n<\/ul>\n<p>[\/vc_column_text][\/vc_column_inner][\/vc_row_inner][\/vc_column][\/vc_row]<\/div><div class=\"container container-msg\">[vc_row  equal_height=\"yes\"  content_placement=\"middle\" ][vc_column width=&#8221;1\/2&#8243;][vc_column_text css_animation=&#8221;top-to-bottom&#8221;]<\/p>\n<h2>Sicurezza e conformit\u00e0<\/h2>\n<p>[\/vc_column_text][vc_column_text css_animation=&#8221;bottom-to-top&#8221;]Tutti i dati relativi al personale, medici e pazienti rimangono di propriet\u00e0 e accesso esclusivi dell&#8217;ospedale o della struttura. Messagenius pu\u00f2 essere installato on-premise o su istanze cloud private garantendo sicurezza, conformit\u00e0 e privacy  Messagenius utilizza chiavi di crittografia end-to-end ed \u00e8 conforme alle normative GDPR al 100%.[\/vc_column_text][\/vc_column][vc_column width=&#8221;1\/2&#8243;][vc_single_image image=&#8221;6446&#8243; img_size=&#8221;full&#8221; alignment=&#8221;center&#8221; css_animation=&#8221;left-to-right&#8221;][\/vc_column][\/vc_row]<\/div>[vc_row  full_width=\"stretch_row\"  css=\".vc_custom_1585259879877{background-color: #f7f7f7 !important;}\" ]<div class=\"container container-msg\"><div class=\"vc_row vc_row-msg\">[vc_column]<div class=\"templatera_shortcode\"><div class=\"vc_row wpb_row vc_row-fluid items-centered vc_row-o-equal-height vc_row-flex\"><div class=\"wpb_column vc_column_container vc_col-sm-6\"><div class=\"vc_column-inner \"><div class=\"wpb_wrapper\">\n\t<div  class=\"wpb_single_image wpb_content_element vc_align_center  wpb_animate_when_almost_visible wpb_left-to-right left-to-right\">\n\t\t\n\t\t<figure class=\"wpb_wrapper vc_figure\">\n\t\t\t<div class=\"vc_single_image-wrapper   vc_box_border_grey\"><img width=\"1375\" height=\"1366\" src=\"https:\/\/messagenius.com\/wp-content\/uploads\/2020\/03\/COMP-HF-Filtered-contacts.png\" class=\"vc_single_image-img attachment-full\" alt=\"smart contact lists with filters\" loading=\"lazy\" title=\"COMP - HF - Filtered contacts\" srcset=\"https:\/\/messagenius.com\/wp-content\/uploads\/2020\/03\/COMP-HF-Filtered-contacts.png 1375w, https:\/\/messagenius.com\/wp-content\/uploads\/2020\/03\/COMP-HF-Filtered-contacts-300x298.png 300w, https:\/\/messagenius.com\/wp-content\/uploads\/2020\/03\/COMP-HF-Filtered-contacts-1024x1017.png 1024w, https:\/\/messagenius.com\/wp-content\/uploads\/2020\/03\/COMP-HF-Filtered-contacts-150x150.png 150w, https:\/\/messagenius.com\/wp-content\/uploads\/2020\/03\/COMP-HF-Filtered-contacts-768x763.png 768w\" sizes=\"(max-width: 1375px) 100vw, 1375px\" \/><\/div>\n\t\t<\/figure>\n\t<\/div>\n<\/div><\/div><\/div><div class=\"wpb_column vc_column_container vc_col-sm-6\"><div class=\"vc_column-inner \"><div class=\"wpb_wrapper\">\n\t<div class=\"wpb_text_column wpb_content_element  wpb_animate_when_almost_visible wpb_bottom-to-top bottom-to-top\" >\n\t\t<div class=\"wpb_wrapper\">\n\t\t\t<h2 style=\"text-align: left;\">Lista Contatti nel personale medico-sanitario<\/h2>\n<p><span style=\"font-weight: 400;\">Gli elenchi di contatti con <strong>filtri<\/strong> consentono di raggiungere immediatamente il contatto giusto semplicemente utilizzando una <strong>parola chiave pertinente:<\/strong>ruolo, reparto, turni, posizione e altri criteri.<\/span><\/p>\n\n\t\t<\/div>\n\t<\/div>\n<\/div><\/div><\/div><\/div><\/div>[\/vc_column]<\/div><\/div>[\/vc_row]<div data-vc-full-width=\"true\" data-vc-full-width-init=\"true\" data-vc-full-width-init-backup=\"false\" data-vc-parallax=\"1\" data-vc-parallax-image=\"https:\/\/messagenius.com\/wp-content\/uploads\/2020\/03\/DP-bg@2x-scaled.jpg\" class=\"vc_row wpb_row vc_row-fluid vc_row-has-fill vc_row-o-content-middle vc_row-flex vc_general vc_parallax vc_parallax-content-moving\"><div class=\"container container-msg\"><div class=\"vc_row vc_row-msg\"><div class=\"wpb_column vc_column_container vc_col-sm-12\"><div class=\"vc_column-inner \"><div class=\"wpb_wrapper\">\n\t<div class=\"wpb_text_column wpb_content_element  &#8221;dark&#8221;\" >\n\t\t<div class=\"wpb_wrapper\">\n\t\t\t<h2 style=\"text-align: center;\">Comunicazioni medico-paziente<\/h2>\n<p class=\"subtitle\" style=\"text-align: center;\">Prenotazione di appuntamenti, consultazione da remoto e follow-up<\/p>\n\n\t\t<\/div>\n\t<\/div>\n<\/div><\/div><\/div><\/div><\/div><\/div><div class=\"vc_row-full-width vc_clearfix\"><\/div><div data-vc-full-width=\"true\" data-vc-full-width-init=\"true\" data-vc-full-width-init-backup=\"false\" class=\"vc_row wpb_row vc_row-fluid vc_custom_1595344333789 vc_row-has-fill vc_row-o-equal-height vc_row-o-content-middle vc_row-flex\"><div class=\"container container-msg\"><div class=\"vc_row vc_row-msg\"><div class=\"wpb_column vc_column_container vc_col-sm-6\"><div class=\"vc_column-inner \"><div class=\"wpb_wrapper\">\n\t<div  class=\"wpb_single_image wpb_content_element vc_align_&#8221;center&#8221;  wpb_animate_when_almost_visible wpb_&#8221;left-to-right&#8221; &#8221;left-to-right&#8221;\">\n\t\t\n\t\t<figure class=\"wpb_wrapper vc_figure\">\n\t\t\t<div class=\"vc_single_image-wrapper   vc_box_border_grey\"><\/div>\n\t\t<\/figure>\n\t<\/div>\n<\/div><\/div><\/div><div class=\"wpb_column vc_column_container vc_col-sm-6\"><div class=\"vc_column-inner \"><div class=\"wpb_wrapper\">\n\t<div class=\"wpb_text_column wpb_content_element  wpb_animate_when_almost_visible wpb_&#8221;top-to-bottom&#8221; &#8221;top-to-bottom&#8221;\" >\n\t\t<div class=\"wpb_wrapper\">\n\t\t\t<h2>Consulenza e follow-up a distanza<\/h2>\n\n\t\t<\/div>\n\t<\/div>\n\n\t<div class=\"wpb_text_column wpb_content_element  wpb_animate_when_almost_visible wpb_&#8221;top-to-bottom&#8221; &#8221;top-to-bottom&#8221;\" >\n\t\t<div class=\"wpb_wrapper\">\n\t\t\t<p>Con Messagenius, i professionisti del settore medico e i pazienti possono comunicare liberamente, senza preoccuparsi della privacy e della sicurezza dei dati sensibili. Messaggi di testo e voce, foto e video si scambiano senza rischi: tutti i dati e le conversazioni sono protetti e crittografati direttamente sui server privati del cliente.<\/p>\n\n\t\t<\/div>\n\t<\/div>\n<\/div><\/div><\/div><\/div><\/div><\/div><div class=\"vc_row-full-width vc_clearfix\"><\/div><div class=\"container container-msg\"><div class=\"vc_row wpb_row vc_row-fluid vc_row-o-equal-height vc_row-o-content-middle vc_row-flex\"><div class=\"wpb_column vc_column_container vc_col-sm-6\"><div class=\"vc_column-inner \"><div class=\"wpb_wrapper\">\n\t<div class=\"wpb_text_column wpb_content_element  wpb_animate_when_almost_visible wpb_&#8221;top-to-bottom&#8221; &#8221;top-to-bottom&#8221;\" >\n\t\t<div class=\"wpb_wrapper\">\n\t\t\t<h2>Sistema di prenotazione integrato<\/h2>\n\n\t\t<\/div>\n\t<\/div>\n\n\t<div class=\"wpb_text_column wpb_content_element  wpb_animate_when_almost_visible wpb_&#8221;bottom-to-top&#8221; &#8221;bottom-to-top&#8221;\" >\n\t\t<div class=\"wpb_wrapper\">\n\t\t\t<p>Incorpora Messagenius nel tuo sistema di prenotazione ospedaliera e nel flusso di prenotazione degli appuntamenti. I pazienti possono programmare appuntamenti direttamente via chat, semplificando il processo di prenotazione. Gestisci pi\u00f9 pazienti in meno tempo &#8211; senza confusione &#8211; usando Messagenius.<\/p>\n\n\t\t<\/div>\n\t<\/div>\n<\/div><\/div><\/div><div class=\"wpb_column vc_column_container vc_col-sm-6\"><div class=\"vc_column-inner \"><div class=\"wpb_wrapper\">\n\t<div  class=\"wpb_single_image wpb_content_element vc_align_&#8221;center&#8221;  wpb_animate_when_almost_visible wpb_&#8221;right-to-left&#8221; &#8221;right-to-left&#8221;\">\n\t\t\n\t\t<figure class=\"wpb_wrapper vc_figure\">\n\t\t\t<div class=\"vc_single_image-wrapper   vc_box_border_grey\"><\/div>\n\t\t<\/figure>\n\t<\/div>\n<\/div><\/div><\/div><\/div><\/div><div data-vc-full-width=\"true\" data-vc-full-width-init=\"true\" data-vc-full-width-init-backup=\"false\" class=\"vc_row wpb_row vc_row-fluid vc_custom_1585256777120 vc_row-has-fill\"><div class=\"container container-msg\"><div class=\"vc_row vc_row-msg\"><div class=\"wpb_column vc_column_container vc_col-sm-12\"><div class=\"vc_column-inner \"><div class=\"wpb_wrapper\"><div class=\"templatera_shortcode\"><div class=\"vc_row wpb_row vc_row-fluid\"><div class=\"wpb_column vc_column_container vc_col-sm-2\"><div class=\"vc_column-inner \"><div class=\"wpb_wrapper\"><\/div><\/div><\/div><div class=\"wpb_column vc_column_container vc_col-sm-8\"><div class=\"vc_column-inner \"><div class=\"wpb_wrapper\">\n\t<div class=\"wpb_text_column wpb_content_element \" >\n\t\t<div class=\"wpb_wrapper\">\n\t\t\t<h2 class=\"p1\" style=\"text-align: center;\"><strong style=\"color: #1eadbf;\">Messagenius<\/strong> \u00e8 pronto a supportare ogni medico che affronta <span style=\"color: #c41329;\">COVID-19<\/span> in prima linea.<\/h2>\n<p style=\"text-align: center;\">Ora negli ospedali la comunicazione \u00e8 una questione di vita o di morte. Contattaci per avere maggiori informazioni su come Messagenius pu\u00f2 aiutare i medici a portare a termine la loro missione.<\/p>\n<p style=\"text-align: center;\"><a class=\"button-link button-dark\" href=\"https:\/\/messagenius.com\/it\/covid19\/\">Scopri come<\/a><\/p>\n\n\t\t<\/div>\n\t<\/div>\n<\/div><\/div><\/div><div class=\"wpb_column vc_column_container vc_col-sm-2\"><div class=\"vc_column-inner \"><div class=\"wpb_wrapper\"><\/div><\/div><\/div><\/div><\/div><\/div><\/div><\/div><\/div><\/div><\/div><div class=\"vc_row-full-width vc_clearfix\"><\/div><div data-vc-full-width=\"true\" data-vc-full-width-init=\"true\" data-vc-full-width-init-backup=\"false\" data-vc-parallax=\"1\" data-vc-parallax-image=\"https:\/\/messagenius.com\/wp-content\/uploads\/2020\/03\/DP-bg@2x-scaled.jpg\" class=\"vc_row wpb_row vc_row-fluid vc_custom_1595344360094 vc_row-has-fill vc_row-o-content-middle vc_row-flex vc_general vc_parallax vc_parallax-content-moving\"><div class=\"container container-msg\"><div class=\"vc_row vc_row-msg\"><div class=\"wpb_column vc_column_container vc_col-sm-12\"><div class=\"vc_column-inner \"><div class=\"wpb_wrapper\">\n\t<div class=\"wpb_text_column wpb_content_element  &#8221;dark&#8221;\" >\n\t\t<div class=\"wpb_wrapper\">\n\t\t\t<h2 style=\"text-align: center;\">Rendi la comunicazione medico-paziente pi\u00f9 veloce e sicura<\/h2>\n<p class=\"\" style=\"text-align: center;\">Messagenius \u00e8 l&#8217;app progettata per la messagistica intelligente e conforme alle norme sulla privacy e trattamento dei dati sentibili tra operatori sanitari e pazienti. Elimina il materiale cartaceo superfluo, snellisci i processi di comunicazione, riduci il sovraccarico delle linee ospedaliere e di emergenza e limita il contatto diretto con pazienti infetti.<\/p>\n<p style=\"text-align: center;\"><a class=\"button-link button-primary-color\" href=\"https:\/\/messagenius.com\/it\/contattaci\/\">Contattaci ora<\/a><\/p>\n\n\t\t<\/div>\n\t<\/div>\n<\/div><\/div><\/div><\/div><\/div><\/div><div class=\"vc_row-full-width vc_clearfix\"><\/div>\n","protected":false},"excerpt":{"rendered":"Messagenius \u00e8 pronto a supportare ogni medico che affronta COVID-19 in prima linea. Ora negli ospedali la comunicazione \u00e8 una questione di vita o di morte. Contattaci per avere maggiori informazioni su come Messagenius pu\u00f2 aiutare i medici a portare a termine la loro missione. Scopri come","protected":false},"author":4,"featured_media":0,"parent":0,"menu_order":0,"comment_status":"closed","ping_status":"closed","template":"","meta":{"inline_featured_image":false,"_links_to":"","_links_to_target":""},"acf":[],"yoast_head":"<!-- This site is optimized with the Yoast SEO plugin v19.6.1 - https:\/\/yoast.com\/wordpress\/plugins\/seo\/ -->\n<title>App di messaggistica istantanea per pazienti | Messagenius - Secure Enterprise Messaging<\/title>\n<meta name=\"description\" content=\"App di messaggistica sicura per comunicazioni medico-paziente. App di messaggistica istantanea che consente di condividere informazioni private, file e la posizione per ottenere assistenza medica.\" \/>\n<meta name=\"robots\" content=\"index, follow, max-snippet:-1, max-image-preview:large, max-video-preview:-1\" \/>\n<link rel=\"canonical\" href=\"https:\/\/messagenius.com\/it\/app-di-messaggistica-istantanea-per-i-pazienti\/\" \/>\n<meta property=\"og:locale\" content=\"it_IT\" \/>\n<meta property=\"og:type\" content=\"article\" \/>\n<meta property=\"og:title\" content=\"App di messaggistica istantanea per pazienti | Messagenius - Secure Enterprise Messaging\" \/>\n<meta property=\"og:description\" content=\"App di messaggistica sicura per comunicazioni medico-paziente. App di messaggistica istantanea che consente di condividere informazioni private, file e la posizione per ottenere assistenza medica.\" \/>\n<meta property=\"og:url\" content=\"https:\/\/messagenius.com\/it\/app-di-messaggistica-istantanea-per-i-pazienti\/\" \/>\n<meta property=\"og:site_name\" content=\"Messagenius - Secure Enterprise Messaging\" \/>\n<meta property=\"article:publisher\" content=\"https:\/\/www.facebook.com\/Messagenius\/\" \/>\n<meta property=\"article:modified_time\" content=\"2020-12-09T17:29:37+00:00\" \/>\n<meta name=\"twitter:card\" content=\"summary_large_image\" \/>\n<script type=\"application\/ld+json\" class=\"yoast-schema-graph\">{\"@context\":\"https:\/\/schema.org\",\"@graph\":[{\"@type\":\"WebPage\",\"@id\":\"https:\/\/messagenius.com\/it\/app-di-messaggistica-istantanea-per-i-pazienti\/\",\"url\":\"https:\/\/messagenius.com\/it\/app-di-messaggistica-istantanea-per-i-pazienti\/\",\"name\":\"App di messaggistica istantanea per pazienti | Messagenius - Secure Enterprise Messaging\",\"isPartOf\":{\"@id\":\"https:\/\/messagenius.com\/it\/#website\"},\"datePublished\":\"2020-07-07T07:21:25+00:00\",\"dateModified\":\"2020-12-09T17:29:37+00:00\",\"description\":\"App di messaggistica sicura per comunicazioni medico-paziente. App di messaggistica istantanea che consente di condividere informazioni private, file e la posizione per ottenere assistenza medica.\",\"breadcrumb\":{\"@id\":\"https:\/\/messagenius.com\/it\/app-di-messaggistica-istantanea-per-i-pazienti\/#breadcrumb\"},\"inLanguage\":\"it\",\"potentialAction\":[{\"@type\":\"ReadAction\",\"target\":[\"https:\/\/messagenius.com\/it\/app-di-messaggistica-istantanea-per-i-pazienti\/\"]}]},{\"@type\":\"BreadcrumbList\",\"@id\":\"https:\/\/messagenius.com\/it\/app-di-messaggistica-istantanea-per-i-pazienti\/#breadcrumb\",\"itemListElement\":[{\"@type\":\"ListItem\",\"position\":1,\"name\":\"Home\",\"item\":\"https:\/\/messagenius.com\/it\/home-content\/\"},{\"@type\":\"ListItem\",\"position\":2,\"name\":\"App di messaggistica istantanea per pazienti\"}]},{\"@type\":\"WebSite\",\"@id\":\"https:\/\/messagenius.com\/it\/#website\",\"url\":\"https:\/\/messagenius.com\/it\/\",\"name\":\"Messagenius - Secure Enterprise Messaging\",\"description\":\"The private instant messaging solution for organizations\",\"publisher\":{\"@id\":\"https:\/\/messagenius.com\/it\/#organization\"},\"potentialAction\":[{\"@type\":\"SearchAction\",\"target\":{\"@type\":\"EntryPoint\",\"urlTemplate\":\"https:\/\/messagenius.com\/it\/?s={search_term_string}\"},\"query-input\":\"required name=search_term_string\"}],\"inLanguage\":\"it\"},{\"@type\":\"Organization\",\"@id\":\"https:\/\/messagenius.com\/it\/#organization\",\"name\":\"Messagenius\",\"url\":\"https:\/\/messagenius.com\/it\/\",\"sameAs\":[\"https:\/\/www.linkedin.com\/company\/messagenius\/\",\"https:\/\/www.facebook.com\/Messagenius\/\"],\"logo\":{\"@type\":\"ImageObject\",\"inLanguage\":\"it\",\"@id\":\"https:\/\/messagenius.com\/it\/#\/schema\/logo\/image\/\",\"url\":\"https:\/\/messagenius.com\/wp-content\/uploads\/2020\/04\/messagenius-logo-stand-left-scaled.jpg\",\"contentUrl\":\"https:\/\/messagenius.com\/wp-content\/uploads\/2020\/04\/messagenius-logo-stand-left-scaled.jpg\",\"width\":2560,\"height\":2004,\"caption\":\"Messagenius\"},\"image\":{\"@id\":\"https:\/\/messagenius.com\/it\/#\/schema\/logo\/image\/\"}}]}<\/script>\n<!-- \/ Yoast SEO plugin. -->","yoast_head_json":{"title":"App di messaggistica istantanea per pazienti | Messagenius - Secure Enterprise Messaging","description":"App di messaggistica sicura per comunicazioni medico-paziente. App di messaggistica istantanea che consente di condividere informazioni private, file e la posizione per ottenere assistenza medica.","robots":{"index":"index","follow":"follow","max-snippet":"max-snippet:-1","max-image-preview":"max-image-preview:large","max-video-preview":"max-video-preview:-1"},"canonical":"https:\/\/messagenius.com\/it\/app-di-messaggistica-istantanea-per-i-pazienti\/","og_locale":"it_IT","og_type":"article","og_title":"App di messaggistica istantanea per pazienti | Messagenius - Secure Enterprise Messaging","og_description":"App di messaggistica sicura per comunicazioni medico-paziente. App di messaggistica istantanea che consente di condividere informazioni private, file e la posizione per ottenere assistenza medica.","og_url":"https:\/\/messagenius.com\/it\/app-di-messaggistica-istantanea-per-i-pazienti\/","og_site_name":"Messagenius - Secure Enterprise Messaging","article_publisher":"https:\/\/www.facebook.com\/Messagenius\/","article_modified_time":"2020-12-09T17:29:37+00:00","twitter_card":"summary_large_image","schema":{"@context":"https:\/\/schema.org","@graph":[{"@type":"WebPage","@id":"https:\/\/messagenius.com\/it\/app-di-messaggistica-istantanea-per-i-pazienti\/","url":"https:\/\/messagenius.com\/it\/app-di-messaggistica-istantanea-per-i-pazienti\/","name":"App di messaggistica istantanea per pazienti | Messagenius - Secure Enterprise Messaging","isPartOf":{"@id":"https:\/\/messagenius.com\/it\/#website"},"datePublished":"2020-07-07T07:21:25+00:00","dateModified":"2020-12-09T17:29:37+00:00","description":"App di messaggistica sicura per comunicazioni medico-paziente. App di messaggistica istantanea che consente di condividere informazioni private, file e la posizione per ottenere assistenza medica.","breadcrumb":{"@id":"https:\/\/messagenius.com\/it\/app-di-messaggistica-istantanea-per-i-pazienti\/#breadcrumb"},"inLanguage":"it","potentialAction":[{"@type":"ReadAction","target":["https:\/\/messagenius.com\/it\/app-di-messaggistica-istantanea-per-i-pazienti\/"]}]},{"@type":"BreadcrumbList","@id":"https:\/\/messagenius.com\/it\/app-di-messaggistica-istantanea-per-i-pazienti\/#breadcrumb","itemListElement":[{"@type":"ListItem","position":1,"name":"Home","item":"https:\/\/messagenius.com\/it\/home-content\/"},{"@type":"ListItem","position":2,"name":"App di messaggistica istantanea per pazienti"}]},{"@type":"WebSite","@id":"https:\/\/messagenius.com\/it\/#website","url":"https:\/\/messagenius.com\/it\/","name":"Messagenius - Secure Enterprise Messaging","description":"The private instant messaging solution for organizations","publisher":{"@id":"https:\/\/messagenius.com\/it\/#organization"},"potentialAction":[{"@type":"SearchAction","target":{"@type":"EntryPoint","urlTemplate":"https:\/\/messagenius.com\/it\/?s={search_term_string}"},"query-input":"required name=search_term_string"}],"inLanguage":"it"},{"@type":"Organization","@id":"https:\/\/messagenius.com\/it\/#organization","name":"Messagenius","url":"https:\/\/messagenius.com\/it\/","sameAs":["https:\/\/www.linkedin.com\/company\/messagenius\/","https:\/\/www.facebook.com\/Messagenius\/"],"logo":{"@type":"ImageObject","inLanguage":"it","@id":"https:\/\/messagenius.com\/it\/#\/schema\/logo\/image\/","url":"https:\/\/messagenius.com\/wp-content\/uploads\/2020\/04\/messagenius-logo-stand-left-scaled.jpg","contentUrl":"https:\/\/messagenius.com\/wp-content\/uploads\/2020\/04\/messagenius-logo-stand-left-scaled.jpg","width":2560,"height":2004,"caption":"Messagenius"},"image":{"@id":"https:\/\/messagenius.com\/it\/#\/schema\/logo\/image\/"}}]}},"_links":{"self":[{"href":"https:\/\/messagenius.com\/it\/wp-json\/wp\/v2\/pages\/9917"}],"collection":[{"href":"https:\/\/messagenius.com\/it\/wp-json\/wp\/v2\/pages"}],"about":[{"href":"https:\/\/messagenius.com\/it\/wp-json\/wp\/v2\/types\/page"}],"author":[{"embeddable":true,"href":"https:\/\/messagenius.com\/it\/wp-json\/wp\/v2\/users\/4"}],"replies":[{"embeddable":true,"href":"https:\/\/messagenius.com\/it\/wp-json\/wp\/v2\/comments?post=9917"}],"version-history":[{"count":12,"href":"https:\/\/messagenius.com\/it\/wp-json\/wp\/v2\/pages\/9917\/revisions"}],"predecessor-version":[{"id":9933,"href":"https:\/\/messagenius.com\/it\/wp-json\/wp\/v2\/pages\/9917\/revisions\/9933"}],"wp:attachment":[{"href":"https:\/\/messagenius.com\/it\/wp-json\/wp\/v2\/media?parent=9917"}],"curies":[{"name":"wp","href":"https:\/\/api.w.org\/{rel}","templated":true}]}}