{"id":9076,"date":"2020-07-07T08:45:32","date_gmt":"2020-07-07T06:45:32","guid":{"rendered":"https:\/\/messagenius.com\/?page_id=9076"},"modified":"2021-12-12T13:24:56","modified_gmt":"2021-12-12T12:24:56","slug":"secure-messaging-app-for-doctors","status":"publish","type":"page","link":"https:\/\/messagenius.com\/it\/secure-messaging-app-for-doctors\/","title":{"rendered":"Secure Messaging App for Doctors"},"content":{"rendered":"<div class=\"container container-msg\">[vc_row  full_height=\"yes\"  equal_height=\"yes\"  content_placement=\"middle\" ][vc_column width=&#8221;1\/2&#8243;][vc_single_image image=&#8221;6452&#8243; img_size=&#8221;full&#8221; alignment=&#8221;center&#8221; css_animation=&#8221;none&#8221;][\/vc_column][vc_column width=&#8221;1\/2&#8243;][vc_column_text css_animation=&#8221;top-to-bottom&#8221;]<\/p>\n<h1>Secure Messaging App for Doctors<\/h1>\n<p>[\/vc_column_text][vc_column_text css_animation=&#8221;bottom-to-top&#8221;]<strong>Instant Communication Among Medical Staff<\/strong><br \/>\nMessagenius is a <a href=\"https:\/\/messagenius.com\/blog\/security\/secure-messaging-a-guide-to-making-your-communications-completely-secure\/\" target=\"_blank\" rel=\"noopener\">secure instant messaging app<\/a> for doctors enabling fast and completely private communications among doctors, patients and hospital staff. Messagenius is installed on-premises, on private servers or clouds of hospitals.[\/vc_column_text][vc_column_text css_animation=&#8221;bottom-to-top&#8221;]<strong>Easy Consultancy &amp; Follow-ups on Remote<\/strong><br \/>\nThe secure messaging app for doctors enables easy consultancy and follow-ups with patients on remote, with no compromise on security of patient confidential data.[\/vc_column_text][\/vc_column][\/vc_row]<\/div><div class=\"container container-msg\">[vc_row  equal_height=\"yes\"  content_placement=\"middle\" ][vc_column width=&#8221;1\/2&#8243;][vc_column_text css_animation=&#8221;top-to-bottom&#8221;]<\/p>\n<h2>Total Security &amp; Compliance<\/h2>\n<p>[\/vc_column_text][vc_column_text css_animation=&#8221;bottom-to-top&#8221;]All staff, doctor, and patient communication data stays only on &#8211; and is owned exclusively by &#8211; the hospital private servers\/clouds. Our secure messaging app for doctors can be installed on-premises, on private clouds or servers of the hospital. Either way, data stays private, secure, and completely owned by you. Messagenius uses end-to-end encryption keys and is 100 percent GDPR compliant.[\/vc_column_text][vc_column_text css_animation=&#8221;bottom-to-top&#8221;]<\/p>\n<h5>Discover all the security aspects of Messagenius for hospitals.<\/h5>\n<p style=\"text-align: left;\"><a class=\"button-link button-primary-color\" href=\"\/security-and-data-ownership\/\">Learn more<\/a><\/p>\n<p>[\/vc_column_text][\/vc_column][vc_column width=&#8221;1\/2&#8243;][vc_single_image image=&#8221;6446&#8243; img_size=&#8221;full&#8221; alignment=&#8221;center&#8221; css_animation=&#8221;left-to-right&#8221;][\/vc_column][\/vc_row]<\/div>[vc_row  full_width=\"stretch_row\"  css=\".vc_custom_1590596143345{padding-top: 50px !important;background-color: #f7f7f7 !important;}\" ]<div class=\"container container-msg\"><div class=\"vc_row vc_row-msg\">[vc_column][vc_column_text]<\/p>\n<p style=\"text-align: center;\"><strong>Instant and secure communications among medical professionals, and with hospitalised patients or users from home.<br \/>\n<\/strong>On-premises installation guarantees hospitals complete data ownership and security of communications.[\/vc_column_text][\/vc_column]<\/div><\/div>[\/vc_row]<div class=\"container container-msg\">[vc_row  full_height=\"yes\"  equal_height=\"yes\"  content_placement=\"middle\" ][vc_column width=&#8221;1\/2&#8243;][vc_single_image image=&#8221;6455&#8243; img_size=&#8221;full&#8221; alignment=&#8221;center&#8221; css_animation=&#8221;left-to-right&#8221;][\/vc_column][vc_column width=&#8221;1\/2&#8243;][vc_column_text css_animation=&#8221;top-to-bottom&#8221;]<\/p>\n<h2>Everything you expect from messaging apps<\/h2>\n<p>[\/vc_column_text][vc_column_text css_animation=&#8221;top-to-bottom&#8221;]Just as any instant messaging app, Messagenius allows medical staff to <strong>communicate instantly<\/strong>, sending quick messages, files, docs, and discussing various topics on thematic #channels. With intuitive UI &amp; UX, med professionals are able to inform their colleagues, report, or get rapid reply, which optimises time and makes workflows seamless.[\/vc_column_text][vc_row_inner el_class=&#8221;list-box&#8221;][vc_column_inner width=&#8221;1\/2&#8243;][vc_column_text css_animation=&#8221;top-to-bottom&#8221;]<\/p>\n<ul>\n<li>Text<\/li>\n<li>Voice message<\/li>\n<li>Images<\/li>\n<li>Videos<\/li>\n<\/ul>\n<p>[\/vc_column_text][\/vc_column_inner][vc_column_inner width=&#8221;1\/2&#8243;][vc_column_text css_animation=&#8221;top-to-bottom&#8221;]<\/p>\n<ul>\n<li>Contacts<\/li>\n<li>Locations<\/li>\n<li>Medical records.<\/li>\n<li>And much more..<\/li>\n<\/ul>\n<p>[\/vc_column_text][\/vc_column_inner][\/vc_row_inner][\/vc_column][\/vc_row]<\/div><div class=\"container container-msg\">[vc_row  css=\".vc_custom_1585259040650{padding-top: 50px !important;padding-bottom: 50px !important;}\" ][vc_column][vc_column_text]<\/p>\n<h2 style=\"text-align: center;\">Your Messaging Hub for Hospital Staff Communication<\/h2>\n<p class=\"subtitle\" style=\"text-align: center;\">Take a Safe, Smart, and Integrated Approach to Healthcare Messaging<\/p>\n<p>[\/vc_column_text][\/vc_column][\/vc_row]<\/div><div class=\"container container-msg\">[vc_row  gap=\"35\" ][vc_column width=&#8221;1\/2&#8243;][vc_single_image image=&#8221;6429&#8243; img_size=&#8221;full&#8221; alignment=&#8221;center&#8221; css_animation=&#8221;bottom-to-top&#8221; el_class=&#8221;features-grid&#8221;][vc_column_text css_animation=&#8221;bottom-to-top&#8221;]<\/p>\n<h3 style=\"text-align: center;\">Check-ins &amp; Chats among Med Staff<\/h3>\n<p>[\/vc_column_text][vc_column_text css_animation=&#8221;top-to-bottom&#8221;]<\/p>\n<p style=\"text-align: center;\">Medical staff and doctors can easily chat with each other when in doubts or need for support, easily sharing docs, videos, photos, or voice messages to get quick response.<\/p>\n<p>[\/vc_column_text][\/vc_column][vc_column width=&#8221;1\/2&#8243;][vc_single_image image=&#8221;6420&#8243; img_size=&#8221;full&#8221; alignment=&#8221;center&#8221; css_animation=&#8221;bottom-to-top&#8221; el_class=&#8221;features-grid&#8221;][vc_column_text css_animation=&#8221;bottom-to-top&#8221;]<\/p>\n<h3 style=\"text-align: center;\">Team &amp; Topic Channels<\/h3>\n<p>[\/vc_column_text][vc_column_text css_animation=&#8221;top-to-bottom&#8221;]<\/p>\n<p style=\"text-align: center;\">#Channels allow to discuss any topics with the relevant colleagues for collaborative problem-solving. Organise channels by team, location, or other custom criteria.<\/p>\n<p>[\/vc_column_text][\/vc_column][\/vc_row]<\/div><div class=\"container container-msg\">[vc_row  gap=\"35\" ][vc_column width=&#8221;1\/2&#8243;][vc_single_image image=&#8221;6440&#8243; img_size=&#8221;full&#8221; alignment=&#8221;center&#8221; css_animation=&#8221;bottom-to-top&#8221; el_class=&#8221;features-grid&#8221;][vc_column_text css_animation=&#8221;bottom-to-top&#8221;]<\/p>\n<h3 style=\"text-align: center;\">Call-to-Action Messaging<\/h3>\n<p>[\/vc_column_text][vc_column_text css_animation=&#8221;top-to-bottom&#8221;]<\/p>\n<p style=\"text-align: center;\">Med staff can send messages directly with Call-to-Action buttons: \u201cConfirm Appointment,\u201d \u201cAccept Patient,\u201d or \u201cJoin Team\u201d for fast response &amp; tasks automation, minimising time and paperwork<\/p>\n<p>[\/vc_column_text][\/vc_column][vc_column width=&#8221;1\/2&#8243;][vc_single_image image=&#8221;6424&#8243; img_size=&#8221;full&#8221; alignment=&#8221;center&#8221; css_animation=&#8221;bottom-to-top&#8221; el_class=&#8221;features-grid&#8221;][vc_column_text css_animation=&#8221;bottom-to-top&#8221;]<\/p>\n<h3 style=\"text-align: center;\">Live Location Sharing<\/h3>\n<p>[\/vc_column_text][vc_column_text css_animation=&#8221;top-to-bottom&#8221;]<\/p>\n<p style=\"text-align: center;\">Live location sharing enables hospital control rooms to monitor doctors-on-call, and allows doctors send updates or request support from the intervention areas in few clicks<\/p>\n<p>[\/vc_column_text][\/vc_column][\/vc_row]<\/div>[vc_row  full_width=\"stretch_row\"  css=\".vc_custom_1585259879877{background-color: #f7f7f7 !important;}\" ]<div class=\"container container-msg\"><div class=\"vc_row vc_row-msg\">[vc_column]<div class=\"templatera_shortcode\"><div class=\"vc_row wpb_row vc_row-fluid items-centered vc_row-o-equal-height vc_row-flex\"><div class=\"wpb_column vc_column_container vc_col-sm-6\"><div class=\"vc_column-inner \"><div class=\"wpb_wrapper\">\n\t<div  class=\"wpb_single_image wpb_content_element vc_align_center  wpb_animate_when_almost_visible wpb_left-to-right left-to-right\">\n\t\t\n\t\t<figure class=\"wpb_wrapper vc_figure\">\n\t\t\t<div class=\"vc_single_image-wrapper   vc_box_border_grey\"><img width=\"1375\" height=\"1366\" src=\"https:\/\/messagenius.com\/wp-content\/uploads\/2020\/03\/COMP-HF-Filtered-contacts.png\" class=\"vc_single_image-img attachment-full\" alt=\"smart contact lists with filters\" loading=\"lazy\" title=\"COMP - HF - Filtered contacts\" srcset=\"https:\/\/messagenius.com\/wp-content\/uploads\/2020\/03\/COMP-HF-Filtered-contacts.png 1375w, https:\/\/messagenius.com\/wp-content\/uploads\/2020\/03\/COMP-HF-Filtered-contacts-300x298.png 300w, https:\/\/messagenius.com\/wp-content\/uploads\/2020\/03\/COMP-HF-Filtered-contacts-1024x1017.png 1024w, https:\/\/messagenius.com\/wp-content\/uploads\/2020\/03\/COMP-HF-Filtered-contacts-150x150.png 150w, https:\/\/messagenius.com\/wp-content\/uploads\/2020\/03\/COMP-HF-Filtered-contacts-768x763.png 768w\" sizes=\"(max-width: 1375px) 100vw, 1375px\" \/><\/div>\n\t\t<\/figure>\n\t<\/div>\n<\/div><\/div><\/div><div class=\"wpb_column vc_column_container vc_col-sm-6\"><div class=\"vc_column-inner \"><div class=\"wpb_wrapper\">\n\t<div class=\"wpb_text_column wpb_content_element  wpb_animate_when_almost_visible wpb_bottom-to-top bottom-to-top\" >\n\t\t<div class=\"wpb_wrapper\">\n\t\t\t<h2 style=\"text-align: left;\">Lista Contatti nel personale medico-sanitario<\/h2>\n<p><span style=\"font-weight: 400;\">Gli elenchi di contatti con <strong>filtri<\/strong> consentono di raggiungere immediatamente il contatto giusto semplicemente utilizzando una <strong>parola chiave pertinente:<\/strong>ruolo, reparto, turni, posizione e altri criteri.<\/span><\/p>\n\n\t\t<\/div>\n\t<\/div>\n<\/div><\/div><\/div><\/div><\/div>[\/vc_column]<\/div><\/div>[\/vc_row]<div data-vc-full-width=\"true\" data-vc-full-width-init=\"true\" data-vc-full-width-init-backup=\"false\" class=\"vc_row wpb_row vc_row-fluid\"><div class=\"container container-msg\"><div class=\"vc_row vc_row-msg\"><div class=\"wpb_column vc_column_container vc_col-sm-12\"><div class=\"vc_column-inner \"><div class=\"wpb_wrapper\"><div class=\"templatera_shortcode\"><div class=\"vc_row wpb_row vc_row-fluid items-centered vc_row-o-equal-height vc_row-flex\"><div class=\"wpb_column vc_column_container vc_col-sm-6\"><div class=\"vc_column-inner \"><div class=\"wpb_wrapper\">\n\t<div class=\"wpb_text_column wpb_content_element  wpb_animate_when_almost_visible wpb_top-to-bottom top-to-bottom title-box\" >\n\t\t<div class=\"wpb_wrapper\">\n\t\t\t<h2 style=\"text-align: left;\">Messaggi di emergenza istantanei<\/h2>\n<h2><\/h2>\n\n\t\t<\/div>\n\t<\/div>\n\n\t<div class=\"wpb_text_column wpb_content_element  wpb_animate_when_almost_visible wpb_bottom-to-top bottom-to-top\" >\n\t\t<div class=\"wpb_wrapper\">\n\t\t\t<p><strong>Segnali di emergenza preimpostati<\/strong><span style=\"font-weight: 400;\"> che danno il via a sale <strong>di<\/strong> emergenza<\/span><strong> sale operative dedicate.<\/strong><\/p>\n<p><span style=\"font-weight: 400;\">Con un solo clic, tutti i professionisti medici necessari \u00e8 possibile creare una chat di gruppo che contiene le informazioni e i contatti necessari per fornire un'assistenza rapida ai pazienti.<\/span><\/p>\n\n\t\t<\/div>\n\t<\/div>\n<\/div><\/div><\/div><div class=\"wpb_column vc_column_container vc_col-sm-6\"><div class=\"vc_column-inner \"><div class=\"wpb_wrapper\">\n\t<div  class=\"wpb_single_image wpb_content_element vc_align_center  wpb_animate_when_almost_visible wpb_right-to-left right-to-left\">\n\t\t\n\t\t<figure class=\"wpb_wrapper vc_figure\">\n\t\t\t<div class=\"vc_single_image-wrapper   vc_box_border_grey\"><img width=\"1375\" height=\"1367\" src=\"https:\/\/messagenius.com\/wp-content\/uploads\/2020\/03\/COMP.-HF-Emergency-signals.png\" class=\"vc_single_image-img attachment-full\" alt=\"one-tap emergency signals for doctors\" loading=\"lazy\" title=\"COMP.- HF - Emergency signals\" srcset=\"https:\/\/messagenius.com\/wp-content\/uploads\/2020\/03\/COMP.-HF-Emergency-signals.png 1375w, https:\/\/messagenius.com\/wp-content\/uploads\/2020\/03\/COMP.-HF-Emergency-signals-300x298.png 300w, https:\/\/messagenius.com\/wp-content\/uploads\/2020\/03\/COMP.-HF-Emergency-signals-1024x1018.png 1024w, https:\/\/messagenius.com\/wp-content\/uploads\/2020\/03\/COMP.-HF-Emergency-signals-150x150.png 150w, https:\/\/messagenius.com\/wp-content\/uploads\/2020\/03\/COMP.-HF-Emergency-signals-768x764.png 768w\" sizes=\"(max-width: 1375px) 100vw, 1375px\" \/><\/div>\n\t\t<\/figure>\n\t<\/div>\n<\/div><\/div><\/div><\/div><\/div><\/div><\/div><\/div><\/div><\/div><\/div><div class=\"vc_row-full-width vc_clearfix\"><\/div><div data-vc-full-width=\"true\" data-vc-full-width-init=\"true\" data-vc-full-width-init-backup=\"false\" class=\"vc_row wpb_row vc_row-fluid vc_custom_1585256777120 vc_row-has-fill\"><div class=\"container container-msg\"><div class=\"vc_row vc_row-msg\"><div class=\"wpb_column vc_column_container vc_col-sm-12\"><div class=\"vc_column-inner \"><div class=\"wpb_wrapper\"><div class=\"templatera_shortcode\"><div class=\"vc_row wpb_row vc_row-fluid\"><div class=\"wpb_column vc_column_container vc_col-sm-2\"><div class=\"vc_column-inner \"><div class=\"wpb_wrapper\"><\/div><\/div><\/div><div class=\"wpb_column vc_column_container vc_col-sm-8\"><div class=\"vc_column-inner \"><div class=\"wpb_wrapper\">\n\t<div class=\"wpb_text_column wpb_content_element \" >\n\t\t<div class=\"wpb_wrapper\">\n\t\t\t<h2 class=\"p1\" style=\"text-align: center;\"><strong style=\"color: #1eadbf;\">Messagenius<\/strong> \u00e8 pronto a supportare ogni medico che affronta <span style=\"color: #c41329;\">COVID-19<\/span> in prima linea.<\/h2>\n<p style=\"text-align: center;\">Ora negli ospedali la comunicazione \u00e8 una questione di vita o di morte. Contattaci per avere maggiori informazioni su come Messagenius pu\u00f2 aiutare i medici a portare a termine la loro missione.<\/p>\n<p style=\"text-align: center;\"><a class=\"button-link button-dark\" href=\"https:\/\/messagenius.com\/it\/covid19\/\">Scopri come<\/a><\/p>\n\n\t\t<\/div>\n\t<\/div>\n<\/div><\/div><\/div><div class=\"wpb_column vc_column_container vc_col-sm-2\"><div class=\"vc_column-inner \"><div class=\"wpb_wrapper\"><\/div><\/div><\/div><\/div><\/div><\/div><\/div><\/div><\/div><\/div><\/div><div class=\"vc_row-full-width vc_clearfix\"><\/div><div data-vc-full-width=\"true\" data-vc-full-width-init=\"true\" data-vc-full-width-init-backup=\"false\" class=\"vc_row wpb_row vc_row-fluid vc_custom_1595343954053 vc_row-has-fill\"><div class=\"container container-msg\"><div class=\"vc_row vc_row-msg\"><div class=\"wpb_column vc_column_container vc_col-sm-12\"><div class=\"vc_column-inner \"><div class=\"wpb_wrapper\">\n\t<div class=\"wpb_text_column wpb_content_element  &#8221;dark&#8221;\" >\n\t\t<div class=\"wpb_wrapper\">\n\t\t\t<h2 style=\"text-align: center;\">Let the secure and instant communication happen among the doctors<\/h2>\n<p class=\"\" style=\"text-align: center;\">Messagenius assists doctors in their daily mission. With the smart, instant and secure messaging app for doctors, all the medical staff will be able to perform their job no matter the distance, crisis, and overcrowded hospitals.<\/p>\n<p style=\"text-align: center;\"><a class=\"button-link button-primary-color\" href=\"\/contact-us\/\">Contact us now<\/a><\/p>\n\n\t\t<\/div>\n\t<\/div>\n<\/div><\/div><\/div><\/div><\/div><\/div><div class=\"vc_row-full-width vc_clearfix\"><\/div>\n","protected":false},"excerpt":{"rendered":"Messagenius \u00e8 pronto a supportare ogni medico che affronta COVID-19 in prima linea. Ora negli ospedali la comunicazione \u00e8 una questione di vita o di morte. Contattaci per avere maggiori informazioni su come Messagenius pu\u00f2 aiutare i medici a portare a termine la loro missione. Scopri come","protected":false},"author":1,"featured_media":0,"parent":0,"menu_order":0,"comment_status":"closed","ping_status":"closed","template":"","meta":{"inline_featured_image":false,"_links_to":"","_links_to_target":""},"acf":[],"yoast_head":"<!-- This site is optimized with the Yoast SEO plugin v19.6.1 - https:\/\/yoast.com\/wordpress\/plugins\/seo\/ -->\n<title>Secure Messaging App for Doctors | Messagenius Secure IM App<\/title>\n<meta name=\"description\" content=\"Collaborate with your medical staff and connect with your patients using a secure, enterprise-grade on-premises messaging app: Messagenius.\" \/>\n<meta name=\"robots\" content=\"index, follow, max-snippet:-1, max-image-preview:large, max-video-preview:-1\" \/>\n<link rel=\"canonical\" href=\"https:\/\/messagenius.com\/it\/secure-messaging-app-for-doctors\/\" \/>\n<meta property=\"og:locale\" content=\"it_IT\" \/>\n<meta property=\"og:type\" content=\"article\" \/>\n<meta property=\"og:title\" content=\"Secure Messaging App for Doctors | Messagenius Secure IM App\" \/>\n<meta property=\"og:description\" content=\"Collaborate with your medical staff and connect with your patients using a secure, enterprise-grade on-premises messaging app: Messagenius.\" \/>\n<meta property=\"og:url\" content=\"https:\/\/messagenius.com\/it\/secure-messaging-app-for-doctors\/\" \/>\n<meta property=\"og:site_name\" content=\"Messagenius - Secure Enterprise Messaging\" \/>\n<meta property=\"article:publisher\" content=\"https:\/\/www.facebook.com\/Messagenius\/\" \/>\n<meta property=\"article:modified_time\" content=\"2021-12-12T12:24:56+00:00\" \/>\n<meta name=\"twitter:card\" content=\"summary_large_image\" \/>\n<script type=\"application\/ld+json\" class=\"yoast-schema-graph\">{\"@context\":\"https:\/\/schema.org\",\"@graph\":[{\"@type\":\"WebPage\",\"@id\":\"https:\/\/messagenius.com\/it\/secure-messaging-app-for-doctors\/\",\"url\":\"https:\/\/messagenius.com\/it\/secure-messaging-app-for-doctors\/\",\"name\":\"Secure Messaging App for Doctors | Messagenius Secure IM App\",\"isPartOf\":{\"@id\":\"https:\/\/messagenius.com\/it\/#website\"},\"datePublished\":\"2020-07-07T06:45:32+00:00\",\"dateModified\":\"2021-12-12T12:24:56+00:00\",\"description\":\"Collaborate with your medical staff and connect with your patients using a secure, enterprise-grade on-premises messaging app: Messagenius.\",\"breadcrumb\":{\"@id\":\"https:\/\/messagenius.com\/it\/secure-messaging-app-for-doctors\/#breadcrumb\"},\"inLanguage\":\"it\",\"potentialAction\":[{\"@type\":\"ReadAction\",\"target\":[\"https:\/\/messagenius.com\/it\/secure-messaging-app-for-doctors\/\"]}]},{\"@type\":\"BreadcrumbList\",\"@id\":\"https:\/\/messagenius.com\/it\/secure-messaging-app-for-doctors\/#breadcrumb\",\"itemListElement\":[{\"@type\":\"ListItem\",\"position\":1,\"name\":\"Home\",\"item\":\"https:\/\/messagenius.com\/it\/home-content\/\"},{\"@type\":\"ListItem\",\"position\":2,\"name\":\"Secure Messaging App for Doctors\"}]},{\"@type\":\"WebSite\",\"@id\":\"https:\/\/messagenius.com\/it\/#website\",\"url\":\"https:\/\/messagenius.com\/it\/\",\"name\":\"Messagenius - Secure Enterprise Messaging\",\"description\":\"The private instant messaging solution for organizations\",\"publisher\":{\"@id\":\"https:\/\/messagenius.com\/it\/#organization\"},\"potentialAction\":[{\"@type\":\"SearchAction\",\"target\":{\"@type\":\"EntryPoint\",\"urlTemplate\":\"https:\/\/messagenius.com\/it\/?s={search_term_string}\"},\"query-input\":\"required name=search_term_string\"}],\"inLanguage\":\"it\"},{\"@type\":\"Organization\",\"@id\":\"https:\/\/messagenius.com\/it\/#organization\",\"name\":\"Messagenius\",\"url\":\"https:\/\/messagenius.com\/it\/\",\"sameAs\":[\"https:\/\/www.linkedin.com\/company\/messagenius\/\",\"https:\/\/www.facebook.com\/Messagenius\/\"],\"logo\":{\"@type\":\"ImageObject\",\"inLanguage\":\"it\",\"@id\":\"https:\/\/messagenius.com\/it\/#\/schema\/logo\/image\/\",\"url\":\"https:\/\/messagenius.com\/wp-content\/uploads\/2020\/04\/messagenius-logo-stand-left-scaled.jpg\",\"contentUrl\":\"https:\/\/messagenius.com\/wp-content\/uploads\/2020\/04\/messagenius-logo-stand-left-scaled.jpg\",\"width\":2560,\"height\":2004,\"caption\":\"Messagenius\"},\"image\":{\"@id\":\"https:\/\/messagenius.com\/it\/#\/schema\/logo\/image\/\"}}]}<\/script>\n<!-- \/ Yoast SEO plugin. -->","yoast_head_json":{"title":"Secure Messaging App for Doctors | Messagenius Secure IM App","description":"Collaborate with your medical staff and connect with your patients using a secure, enterprise-grade on-premises messaging app: Messagenius.","robots":{"index":"index","follow":"follow","max-snippet":"max-snippet:-1","max-image-preview":"max-image-preview:large","max-video-preview":"max-video-preview:-1"},"canonical":"https:\/\/messagenius.com\/it\/secure-messaging-app-for-doctors\/","og_locale":"it_IT","og_type":"article","og_title":"Secure Messaging App for Doctors | Messagenius Secure IM App","og_description":"Collaborate with your medical staff and connect with your patients using a secure, enterprise-grade on-premises messaging app: Messagenius.","og_url":"https:\/\/messagenius.com\/it\/secure-messaging-app-for-doctors\/","og_site_name":"Messagenius - Secure Enterprise Messaging","article_publisher":"https:\/\/www.facebook.com\/Messagenius\/","article_modified_time":"2021-12-12T12:24:56+00:00","twitter_card":"summary_large_image","schema":{"@context":"https:\/\/schema.org","@graph":[{"@type":"WebPage","@id":"https:\/\/messagenius.com\/it\/secure-messaging-app-for-doctors\/","url":"https:\/\/messagenius.com\/it\/secure-messaging-app-for-doctors\/","name":"Secure Messaging App for Doctors | Messagenius Secure IM App","isPartOf":{"@id":"https:\/\/messagenius.com\/it\/#website"},"datePublished":"2020-07-07T06:45:32+00:00","dateModified":"2021-12-12T12:24:56+00:00","description":"Collaborate with your medical staff and connect with your patients using a secure, enterprise-grade on-premises messaging app: Messagenius.","breadcrumb":{"@id":"https:\/\/messagenius.com\/it\/secure-messaging-app-for-doctors\/#breadcrumb"},"inLanguage":"it","potentialAction":[{"@type":"ReadAction","target":["https:\/\/messagenius.com\/it\/secure-messaging-app-for-doctors\/"]}]},{"@type":"BreadcrumbList","@id":"https:\/\/messagenius.com\/it\/secure-messaging-app-for-doctors\/#breadcrumb","itemListElement":[{"@type":"ListItem","position":1,"name":"Home","item":"https:\/\/messagenius.com\/it\/home-content\/"},{"@type":"ListItem","position":2,"name":"Secure Messaging App for Doctors"}]},{"@type":"WebSite","@id":"https:\/\/messagenius.com\/it\/#website","url":"https:\/\/messagenius.com\/it\/","name":"Messagenius - Secure Enterprise Messaging","description":"The private instant messaging solution for organizations","publisher":{"@id":"https:\/\/messagenius.com\/it\/#organization"},"potentialAction":[{"@type":"SearchAction","target":{"@type":"EntryPoint","urlTemplate":"https:\/\/messagenius.com\/it\/?s={search_term_string}"},"query-input":"required name=search_term_string"}],"inLanguage":"it"},{"@type":"Organization","@id":"https:\/\/messagenius.com\/it\/#organization","name":"Messagenius","url":"https:\/\/messagenius.com\/it\/","sameAs":["https:\/\/www.linkedin.com\/company\/messagenius\/","https:\/\/www.facebook.com\/Messagenius\/"],"logo":{"@type":"ImageObject","inLanguage":"it","@id":"https:\/\/messagenius.com\/it\/#\/schema\/logo\/image\/","url":"https:\/\/messagenius.com\/wp-content\/uploads\/2020\/04\/messagenius-logo-stand-left-scaled.jpg","contentUrl":"https:\/\/messagenius.com\/wp-content\/uploads\/2020\/04\/messagenius-logo-stand-left-scaled.jpg","width":2560,"height":2004,"caption":"Messagenius"},"image":{"@id":"https:\/\/messagenius.com\/it\/#\/schema\/logo\/image\/"}}]}},"_links":{"self":[{"href":"https:\/\/messagenius.com\/it\/wp-json\/wp\/v2\/pages\/9076"}],"collection":[{"href":"https:\/\/messagenius.com\/it\/wp-json\/wp\/v2\/pages"}],"about":[{"href":"https:\/\/messagenius.com\/it\/wp-json\/wp\/v2\/types\/page"}],"author":[{"embeddable":true,"href":"https:\/\/messagenius.com\/it\/wp-json\/wp\/v2\/users\/1"}],"replies":[{"embeddable":true,"href":"https:\/\/messagenius.com\/it\/wp-json\/wp\/v2\/comments?post=9076"}],"version-history":[{"count":11,"href":"https:\/\/messagenius.com\/it\/wp-json\/wp\/v2\/pages\/9076\/revisions"}],"predecessor-version":[{"id":14739,"href":"https:\/\/messagenius.com\/it\/wp-json\/wp\/v2\/pages\/9076\/revisions\/14739"}],"wp:attachment":[{"href":"https:\/\/messagenius.com\/it\/wp-json\/wp\/v2\/media?parent=9076"}],"curies":[{"name":"wp","href":"https:\/\/api.w.org\/{rel}","templated":true}]}}