{"id":8020,"date":"2020-03-30T21:32:58","date_gmt":"2020-03-30T19:32:58","guid":{"rendered":"https:\/\/messagenius.com\/forza-lavoro-on-field\/"},"modified":"2020-12-09T16:23:12","modified_gmt":"2020-12-09T15:23:12","slug":"forza-lavoro-on-field","status":"publish","type":"page","link":"https:\/\/messagenius.com\/it\/forza-lavoro-on-field\/","title":{"rendered":"App di Messaggistica per aziende con professionisti sul campo"},"content":{"rendered":"<div class=\"container container-msg\">[vc_row  full_height=\"yes\"  equal_height=\"yes\"  content_placement=\"middle\" ][vc_column width=&#8221;1\/2&#8243;][vc_column_text css_animation=&#8221;none&#8221;]<\/p>\n<h1>Messaggistica istantanea sicura per aziende con professionisti sul campo<\/h1>\n<p>[\/vc_column_text][vc_column_text css_animation=&#8221;none&#8221;]<strong>Disponibile come app in white label o come funzionalit\u00e0 di messaggistica integrata in altre app, tramite SDK.<\/strong><br \/>\nCon l&#8217;installazione on-premise, su server o cloud privati, Messagenius garantisce che tutti i dati rimangano in-house, di propriet\u00e0 esclusiva del cliente.<\/p>\n<ul>\n<li>Comunicazione istantanea sul campo e monitoraggio dei progressi in tempo reale<\/li>\n<li>Collegamento diretto tra tecnici e sale operative o contro room<\/li>\n<li>Gestione workflow in chat, incident room, war room, esportazione conversazioni e tanto altro<\/li>\n<\/ul>\n<p>[\/vc_column_text][\/vc_column][vc_column width=&#8221;1\/2&#8243;][vc_single_image image=&#8221;7465&#8243; img_size=&#8221;full&#8221; alignment=&#8221;center&#8221; css_animation=&#8221;none&#8221;][\/vc_column][\/vc_row]<\/div>[vc_row  full_width=\"stretch_row\"  enable_first_overlay=\"true\"  first_overlay_opacity=\"100\"  first_background_type=\"gradient\"  first_background_gradient=\"rgba(10,10,10,0.88)||rgba(10,5,5,0.05)||0;74||359||linear\"  css=\".vc_custom_1586389184904{background: #485866 url(https:\\\/\\\/messagenius.com\\\/wp-content\\\/uploads\\\/2020\\\/04\\\/iStock-831540338-e1586373296189.jpg?id=7417) !important;}\" ]<div class=\"container container-msg\"><div class=\"vc_row vc_row-msg\">[vc_column][vc_column_text css=&#8221;.vc_custom_1586388844866{padding-top: 50px !important;padding-bottom: 50px !important;}&#8221; el_class=&#8221;dark&#8221;]<\/p>\n<h2 style=\"text-align: center;\">Mantenere i professionisti sul campo connessi e produttivi<\/h2>\n<p class=\"subtitle\" style=\"text-align: center;\">I team sul campo possono lavorare senza intoppi. Dalla manutenzione delle torri cellulari alla riparazione delle unit\u00e0 di riscaldamento e condizionamento dell&#8217;aria, comunicare con i lavoratori sul campo \u00e8 essenziale per portare a termine il lavoro.<\/p>\n<p>[\/vc_column_text][\/vc_column]<\/div><\/div>[\/vc_row][vc_row  full_width=\"stretch_row\"  gap=\"20\"  equal_height=\"yes\"  css=\".vc_custom_1586360984523{padding-top: 100px !important;}\" ]<div class=\"container container-msg\"><div class=\"vc_row vc_row-msg\">[vc_column width=&#8221;1\/3&#8243;][vc_icon icon_fontawesome=&#8221;fas fa-compress-arrows-alt&#8221; color=&#8221;custom&#8221; align=&#8221;center&#8221; custom_color=&#8221;#1eadbf&#8221;][vc_column_text]<\/p>\n<p style=\"text-align: center;\"><strong>App di messaggistica<\/strong><\/p>\n<p style=\"text-align: center;\">Make field workers always connected for quick problem solving, easy reporting, instant chats with control rooms, and more<\/p>\n<p>[\/vc_column_text][\/vc_column][vc_column width=&#8221;1\/3&#8243;][vc_icon icon_fontawesome=&#8221;fas fa-plug&#8221; color=&#8221;custom&#8221; align=&#8221;center&#8221; custom_color=&#8221;#1eadbf&#8221;][vc_column_text]<\/p>\n<p style=\"text-align: center;\"><strong>Integrazione semplice e senza intoppi<\/strong><\/p>\n<p style=\"text-align: center;\">Messagenius come sistema add-on di messaggistica in app di terze parti, per lavoratori connessi e flussi di lavoro fluidi<\/p>\n<p>[\/vc_column_text][\/vc_column][vc_column width=&#8221;1\/3&#8243;][vc_icon icon_fontawesome=&#8221;fas fa-user-lock&#8221; color=&#8221;custom&#8221; align=&#8221;center&#8221; custom_color=&#8221;#1eadbf&#8221;][vc_column_text]<\/p>\n<p style=\"text-align: center;\"><strong>Compliant con GDPR<\/strong><\/p>\n<p style=\"text-align: center;\">Keeping data on-premise, under our client&#8217;s exclusive ownership, Messagenius makes each client enterprise 100% compliant<\/p>\n<p>[\/vc_column_text][\/vc_column]<\/div><\/div>[\/vc_row]<div class=\"container container-msg\">[vc_row  full_height=\"yes\"  equal_height=\"yes\"  content_placement=\"middle\" ][vc_column width=&#8221;1\/2&#8243;][vc_single_image image=&#8221;7468&#8243; img_size=&#8221;full&#8221; alignment=&#8221;center&#8221; css_animation=&#8221;none&#8221;][\/vc_column][vc_column width=&#8221;1\/2&#8243;][vc_column_text css_animation=&#8221;none&#8221;]<\/p>\n<h2>Tutto quello che ti aspetti da un&#8217;app di messaggistica<\/h2>\n<p>[\/vc_column_text][vc_column_text css_animation=&#8221;none&#8221;]Proprio come qualsiasi app di messaggistica istantanea, Messagenius consente ai lavoratori sul campo di <strong>comunicare in modo rapido ed efficace:<\/strong> invia messaggi di testo, messaggi vocali, foto, video e documenti direttamente dal campo, inviando anche richieste o segnalazioni alla <strong>sala di controllo<\/strong> per ottimizzare il tempo e gli sforzi[\/vc_column_text][vc_row_inner][vc_column_inner width=&#8221;1\/2&#8243;][vc_column_text css_animation=&#8221;top-to-bottom&#8221;]<\/p>\n<ul>\n<li>Messaggi Testuali<\/li>\n<li>Messaggi vocali<\/li>\n<li>Immagini<\/li>\n<li>Video<\/li>\n<\/ul>\n<p>[\/vc_column_text][\/vc_column_inner][vc_column_inner width=&#8221;1\/2&#8243;][vc_column_text css_animation=&#8221;top-to-bottom&#8221;]<\/p>\n<ul>\n<li>Contatti<\/li>\n<li>Posizione<\/li>\n<li>Segnalazioni di emergenza<\/li>\n<li>E molto di pi\u00f9&#8230;<\/li>\n<\/ul>\n<p>[\/vc_column_text][\/vc_column_inner][\/vc_row_inner][\/vc_column][\/vc_row]<\/div><div class=\"container container-msg\">[vc_row  css=\".vc_custom_1588198898593{padding-top: 50px !important;padding-bottom: 50px !important;}\" ][vc_column][vc_column_text]<\/p>\n<h2 style=\"text-align: center;\">Comunicazione migliorata dei team sul campo<\/h2>\n<p class=\"subtitle\" style=\"text-align: center;\">Abbiamo progettato alcune caratteristiche specifiche per amministratori, manager e team leader che semplificano il coordinamento dei lavoratori remoti direttamente dall&#8217;officio o dalla sala di controllo:<\/p>\n<p>[\/vc_column_text][\/vc_column][\/vc_row]<\/div><div class=\"container container-msg\">[vc_row  equal_height=\"yes\"  content_placement=\"middle\" ][vc_column width=&#8221;1\/2&#8243;][vc_column_text css_animation=&#8221;top-to-bottom&#8221;]<\/p>\n<h2>Messaggi prioritari<\/h2>\n<p>[\/vc_column_text][vc_column_text css_animation=&#8221;top-to-bottom&#8221;]<\/p>\n<p style=\"text-align: left;\">Imposta &#8220;Alta priorit\u00e0&#8221; per un messaggio contenente informazioni importanti e il messaggio verr\u00e0 evidenziato nella chat, attirando l&#8217;attenzione sull&#8217;informazione giusta<\/p>\n<p>[\/vc_column_text][\/vc_column][vc_column width=&#8221;1\/2&#8243;][vc_single_image image=&#8221;7471&#8243; img_size=&#8221;full&#8221; alignment=&#8221;center&#8221; css_animation=&#8221;none&#8221;][\/vc_column][\/vc_row]<\/div><div class=\"container container-msg\">[vc_row  equal_height=\"yes\"  content_placement=\"middle\"  css=\".vc_custom_1590583835894{padding-top: 60px !important;}\" ][vc_column width=&#8221;1\/2&#8243;][vc_single_image image=&#8221;7475&#8243; img_size=&#8221;full&#8221; alignment=&#8221;center&#8221; css_animation=&#8221;none&#8221; el_class=&#8221;features-grid&#8221;][\/vc_column][vc_column width=&#8221;1\/2&#8243;][vc_column_text css_animation=&#8221;top-to-bottom&#8221;]<\/p>\n<h2>Ricevuta di ritorno, anche con autenticazione biometrica<\/h2>\n<p>[\/vc_column_text][vc_column_text css_animation=&#8221;top-to-bottom&#8221;]<\/p>\n<p style=\"text-align: left;\">Una modalit\u00e0 specifica per informazioni altamente riservate, a garanzia che il messaggio venga letto solo dalla persona giusta: richiedi l&#8217;impronta digitale per leggere i messaggi pi\u00f9 critici, e tracciane tutto il percorso<\/p>\n<p>[\/vc_column_text][\/vc_column][\/vc_row]<\/div>[vc_row  full_width=\"stretch_row\"  css=\".vc_custom_1586399272687{padding-top: 100px !important;padding-bottom: 100px !important;background-color: #f7f7f7 !important;}\" ]<div class=\"container container-msg\"><div class=\"vc_row vc_row-msg\">[vc_column][vc_column_text]<\/p>\n<h2 style=\"text-align: center;\">Funzionalit\u00e0 per Sale Operative e Control Room<\/h2>\n<p style=\"text-align: center;\">Messagenius fornisce una linea diretta di comunicazione tra gli operatori sul campo e la sala di controllo. Abbiamo progettato caratteristiche uniche per amministratori, manager e team leader che semplificano il coordinamento dei lavoratori da remoto:<\/p>\n<p>[\/vc_column_text][vc_single_image image=&#8221;7493&#8243; img_size=&#8221;full&#8221; alignment=&#8221;center&#8221; css_animation=&#8221;bottom-to-top&#8221; el_class=&#8221;features-grid&#8221;][\/vc_column]<\/div><\/div>[\/vc_row]<div class=\"container container-msg\">[vc_row  equal_height=\"yes\"  content_placement=\"middle\"  css=\".vc_custom_1590583835894{padding-top: 60px !important;}\" ][vc_column width=&#8221;1\/2&#8243;][vc_column_text css_animation=&#8221;none&#8221;]<\/p>\n<h2>Crea gruppi per gestire eventi imprevisti<\/h2>\n<p>[\/vc_column_text][vc_column_text css_animation=&#8221;none&#8221;]I team sul campo possono creare &#8220;incident room&#8221;: stanze di lavoro per risolvere problemi specifici. La sala di controllo e i tecnici pi\u00f9 adatti a risolvere quel problema, vengono automaticamente aggiunti alla chat. Le &#8220;incident room&#8221; contengono tutte le informazioni per delineare il problema (utenti, ruoli, posizione e descrizione), in modo che ogni partecipante della chat sia da aggiornato da subito[\/vc_column_text][\/vc_column][vc_column width=&#8221;1\/2&#8243;][vc_single_image image=&#8221;7498&#8243; img_size=&#8221;full&#8221; alignment=&#8221;center&#8221; css_animation=&#8221;none&#8221;][\/vc_column][\/vc_row]<\/div>[vc_row  full_width=\"stretch_row\"  equal_height=\"yes\"  content_placement=\"middle\"  css=\".vc_custom_1590584070080{padding-top: 60px !important;background-color: #f9f9f9 !important;}\" ]<div class=\"container container-msg\"><div class=\"vc_row vc_row-msg\">[vc_column width=&#8221;1\/2&#8243;][vc_single_image image=&#8221;7484&#8243; img_size=&#8221;full&#8221; alignment=&#8221;center&#8221; css_animation=&#8221;none&#8221;][\/vc_column][vc_column width=&#8221;1\/2&#8243;][vc_column_text css_animation=&#8221;none&#8221;]<\/p>\n<h2>Messaggi one-to-many<\/h2>\n<p>[\/vc_column_text][vc_column_text css_animation=&#8221;none&#8221;]Utenti designati possono inviare messaggi one-to-many per informare tutti allo stesso tempo. Scrivi un messaggio, scegli la lista e basta un clic su &#8220;Messaggio Blast&#8221; perch\u00e9 siano tutti sul pezzo[\/vc_column_text][\/vc_column]<\/div><\/div>[\/vc_row]<div class=\"container container-msg\">[vc_row  equal_height=\"yes\"  content_placement=\"middle\"  css=\".vc_custom_1590583835894{padding-top: 60px !important;}\" ][vc_column width=&#8221;1\/2&#8243;][vc_column_text css_animation=&#8221;none&#8221;]<\/p>\n<h2>Automatizza l&#8217;assegnazione dei task, le attivit\u00e0 e i promemoria.<\/h2>\n<p>[\/vc_column_text][vc_column_text css_animation=&#8221;none&#8221;]Semplici interfacce consentono di prendere in carico task e attivit\u00e0 direttamente dalla chat, direttamente sul campo. In caso di modifiche, un lavoratore pu\u00f2 delegare l&#8217;attivit\u00e0 a qualsiasi membro del team disponibile. Tutte le interazioni sono semplificate, automatizzate e monitorate dalla sala di controllo[\/vc_column_text][\/vc_column][vc_column width=&#8221;1\/2&#8243;][vc_single_image image=&#8221;8564&#8243; img_size=&#8221;full&#8221; alignment=&#8221;center&#8221; css_animation=&#8221;none&#8221;][\/vc_column][\/vc_row]<\/div>\n","protected":false},"excerpt":{"rendered":"<p>[vc_row full_height=&#8221;yes&#8221; equal_height=&#8221;yes&#8221; content_placement=&#8221;middle&#8221; ][vc_column width=&#8221;1\/2&#8243;][vc_column_text css_animation=&#8221;none&#8221;] Messaggistica istantanea sicura per aziende con professionisti sul campo [\/vc_column_text][vc_column_text css_animation=&#8221;none&#8221;]Disponibile come app in white label o come funzionalit\u00e0 di messaggistica integrata in altre app, tramite SDK. Con l&#8217;installazione on-premise, su server o cloud privati, Messagenius garantisce che tutti i dati rimangano in-house, di propriet\u00e0 esclusiva del cliente. [&hellip;]<\/p>\n","protected":false},"author":2,"featured_media":0,"parent":0,"menu_order":0,"comment_status":"closed","ping_status":"closed","template":"","meta":{"inline_featured_image":false,"_links_to":"","_links_to_target":""},"acf":[],"yoast_head":"<!-- This site is optimized with the Yoast SEO plugin v19.6.1 - https:\/\/yoast.com\/wordpress\/plugins\/seo\/ -->\n<title>App di Messaggistica per aziende con professionisti sul campo | Messagenius - Secure Enterprise Messaging<\/title>\n<meta name=\"description\" content=\"Messagenius \u00e8 un&#039;app di messaggistica istantanea perfetta per i lavoratori sul campo, perch\u00e9 ogni lavoratore sia connesso da qualsiasi luogo di lavoro, per comunicare in modo rapido e sicuro.\" \/>\n<meta name=\"robots\" content=\"index, follow, max-snippet:-1, max-image-preview:large, max-video-preview:-1\" \/>\n<link rel=\"canonical\" href=\"https:\/\/messagenius.com\/it\/forza-lavoro-on-field\/\" \/>\n<meta property=\"og:locale\" content=\"it_IT\" \/>\n<meta property=\"og:type\" content=\"article\" \/>\n<meta property=\"og:title\" content=\"App di Messaggistica per aziende con professionisti sul campo | Messagenius - Secure Enterprise Messaging\" \/>\n<meta property=\"og:description\" content=\"Messagenius \u00e8 un&#039;app di messaggistica istantanea perfetta per i lavoratori sul campo, perch\u00e9 ogni lavoratore sia connesso da qualsiasi luogo di lavoro, per comunicare in modo rapido e sicuro.\" \/>\n<meta property=\"og:url\" content=\"https:\/\/messagenius.com\/it\/forza-lavoro-on-field\/\" \/>\n<meta property=\"og:site_name\" content=\"Messagenius - Secure Enterprise Messaging\" \/>\n<meta property=\"article:publisher\" content=\"https:\/\/www.facebook.com\/Messagenius\/\" \/>\n<meta property=\"article:modified_time\" content=\"2020-12-09T15:23:12+00:00\" \/>\n<meta name=\"twitter:card\" content=\"summary_large_image\" \/>\n<script type=\"application\/ld+json\" class=\"yoast-schema-graph\">{\"@context\":\"https:\/\/schema.org\",\"@graph\":[{\"@type\":\"WebPage\",\"@id\":\"https:\/\/messagenius.com\/it\/forza-lavoro-on-field\/\",\"url\":\"https:\/\/messagenius.com\/it\/forza-lavoro-on-field\/\",\"name\":\"App di Messaggistica per aziende con professionisti sul campo | Messagenius - Secure Enterprise Messaging\",\"isPartOf\":{\"@id\":\"https:\/\/messagenius.com\/it\/#website\"},\"datePublished\":\"2020-03-30T19:32:58+00:00\",\"dateModified\":\"2020-12-09T15:23:12+00:00\",\"description\":\"Messagenius \u00e8 un'app di messaggistica istantanea perfetta per i lavoratori sul campo, perch\u00e9 ogni lavoratore sia connesso da qualsiasi luogo di lavoro, per comunicare in modo rapido e sicuro.\",\"breadcrumb\":{\"@id\":\"https:\/\/messagenius.com\/it\/forza-lavoro-on-field\/#breadcrumb\"},\"inLanguage\":\"it\",\"potentialAction\":[{\"@type\":\"ReadAction\",\"target\":[\"https:\/\/messagenius.com\/it\/forza-lavoro-on-field\/\"]}]},{\"@type\":\"BreadcrumbList\",\"@id\":\"https:\/\/messagenius.com\/it\/forza-lavoro-on-field\/#breadcrumb\",\"itemListElement\":[{\"@type\":\"ListItem\",\"position\":1,\"name\":\"Home\",\"item\":\"https:\/\/messagenius.com\/it\/home-content\/\"},{\"@type\":\"ListItem\",\"position\":2,\"name\":\"App di Messaggistica per aziende con professionisti sul campo\"}]},{\"@type\":\"WebSite\",\"@id\":\"https:\/\/messagenius.com\/it\/#website\",\"url\":\"https:\/\/messagenius.com\/it\/\",\"name\":\"Messagenius - Secure Enterprise Messaging\",\"description\":\"The private instant messaging solution for organizations\",\"publisher\":{\"@id\":\"https:\/\/messagenius.com\/it\/#organization\"},\"potentialAction\":[{\"@type\":\"SearchAction\",\"target\":{\"@type\":\"EntryPoint\",\"urlTemplate\":\"https:\/\/messagenius.com\/it\/?s={search_term_string}\"},\"query-input\":\"required name=search_term_string\"}],\"inLanguage\":\"it\"},{\"@type\":\"Organization\",\"@id\":\"https:\/\/messagenius.com\/it\/#organization\",\"name\":\"Messagenius\",\"url\":\"https:\/\/messagenius.com\/it\/\",\"sameAs\":[\"https:\/\/www.linkedin.com\/company\/messagenius\/\",\"https:\/\/www.facebook.com\/Messagenius\/\"],\"logo\":{\"@type\":\"ImageObject\",\"inLanguage\":\"it\",\"@id\":\"https:\/\/messagenius.com\/it\/#\/schema\/logo\/image\/\",\"url\":\"https:\/\/messagenius.com\/wp-content\/uploads\/2020\/04\/messagenius-logo-stand-left-scaled.jpg\",\"contentUrl\":\"https:\/\/messagenius.com\/wp-content\/uploads\/2020\/04\/messagenius-logo-stand-left-scaled.jpg\",\"width\":2560,\"height\":2004,\"caption\":\"Messagenius\"},\"image\":{\"@id\":\"https:\/\/messagenius.com\/it\/#\/schema\/logo\/image\/\"}}]}<\/script>\n<!-- \/ Yoast SEO plugin. -->","yoast_head_json":{"title":"App di Messaggistica per aziende con professionisti sul campo | Messagenius - Secure Enterprise Messaging","description":"Messagenius \u00e8 un'app di messaggistica istantanea perfetta per i lavoratori sul campo, perch\u00e9 ogni lavoratore sia connesso da qualsiasi luogo di lavoro, per comunicare in modo rapido e sicuro.","robots":{"index":"index","follow":"follow","max-snippet":"max-snippet:-1","max-image-preview":"max-image-preview:large","max-video-preview":"max-video-preview:-1"},"canonical":"https:\/\/messagenius.com\/it\/forza-lavoro-on-field\/","og_locale":"it_IT","og_type":"article","og_title":"App di Messaggistica per aziende con professionisti sul campo | Messagenius - Secure Enterprise Messaging","og_description":"Messagenius \u00e8 un'app di messaggistica istantanea perfetta per i lavoratori sul campo, perch\u00e9 ogni lavoratore sia connesso da qualsiasi luogo di lavoro, per comunicare in modo rapido e sicuro.","og_url":"https:\/\/messagenius.com\/it\/forza-lavoro-on-field\/","og_site_name":"Messagenius - Secure Enterprise Messaging","article_publisher":"https:\/\/www.facebook.com\/Messagenius\/","article_modified_time":"2020-12-09T15:23:12+00:00","twitter_card":"summary_large_image","schema":{"@context":"https:\/\/schema.org","@graph":[{"@type":"WebPage","@id":"https:\/\/messagenius.com\/it\/forza-lavoro-on-field\/","url":"https:\/\/messagenius.com\/it\/forza-lavoro-on-field\/","name":"App di Messaggistica per aziende con professionisti sul campo | Messagenius - Secure Enterprise Messaging","isPartOf":{"@id":"https:\/\/messagenius.com\/it\/#website"},"datePublished":"2020-03-30T19:32:58+00:00","dateModified":"2020-12-09T15:23:12+00:00","description":"Messagenius \u00e8 un'app di messaggistica istantanea perfetta per i lavoratori sul campo, perch\u00e9 ogni lavoratore sia connesso da qualsiasi luogo di lavoro, per comunicare in modo rapido e sicuro.","breadcrumb":{"@id":"https:\/\/messagenius.com\/it\/forza-lavoro-on-field\/#breadcrumb"},"inLanguage":"it","potentialAction":[{"@type":"ReadAction","target":["https:\/\/messagenius.com\/it\/forza-lavoro-on-field\/"]}]},{"@type":"BreadcrumbList","@id":"https:\/\/messagenius.com\/it\/forza-lavoro-on-field\/#breadcrumb","itemListElement":[{"@type":"ListItem","position":1,"name":"Home","item":"https:\/\/messagenius.com\/it\/home-content\/"},{"@type":"ListItem","position":2,"name":"App di Messaggistica per aziende con professionisti sul campo"}]},{"@type":"WebSite","@id":"https:\/\/messagenius.com\/it\/#website","url":"https:\/\/messagenius.com\/it\/","name":"Messagenius - Secure Enterprise Messaging","description":"The private instant messaging solution for organizations","publisher":{"@id":"https:\/\/messagenius.com\/it\/#organization"},"potentialAction":[{"@type":"SearchAction","target":{"@type":"EntryPoint","urlTemplate":"https:\/\/messagenius.com\/it\/?s={search_term_string}"},"query-input":"required name=search_term_string"}],"inLanguage":"it"},{"@type":"Organization","@id":"https:\/\/messagenius.com\/it\/#organization","name":"Messagenius","url":"https:\/\/messagenius.com\/it\/","sameAs":["https:\/\/www.linkedin.com\/company\/messagenius\/","https:\/\/www.facebook.com\/Messagenius\/"],"logo":{"@type":"ImageObject","inLanguage":"it","@id":"https:\/\/messagenius.com\/it\/#\/schema\/logo\/image\/","url":"https:\/\/messagenius.com\/wp-content\/uploads\/2020\/04\/messagenius-logo-stand-left-scaled.jpg","contentUrl":"https:\/\/messagenius.com\/wp-content\/uploads\/2020\/04\/messagenius-logo-stand-left-scaled.jpg","width":2560,"height":2004,"caption":"Messagenius"},"image":{"@id":"https:\/\/messagenius.com\/it\/#\/schema\/logo\/image\/"}}]}},"_links":{"self":[{"href":"https:\/\/messagenius.com\/it\/wp-json\/wp\/v2\/pages\/8020"}],"collection":[{"href":"https:\/\/messagenius.com\/it\/wp-json\/wp\/v2\/pages"}],"about":[{"href":"https:\/\/messagenius.com\/it\/wp-json\/wp\/v2\/types\/page"}],"author":[{"embeddable":true,"href":"https:\/\/messagenius.com\/it\/wp-json\/wp\/v2\/users\/2"}],"replies":[{"embeddable":true,"href":"https:\/\/messagenius.com\/it\/wp-json\/wp\/v2\/comments?post=8020"}],"version-history":[{"count":15,"href":"https:\/\/messagenius.com\/it\/wp-json\/wp\/v2\/pages\/8020\/revisions"}],"predecessor-version":[{"id":9911,"href":"https:\/\/messagenius.com\/it\/wp-json\/wp\/v2\/pages\/8020\/revisions\/9911"}],"wp:attachment":[{"href":"https:\/\/messagenius.com\/it\/wp-json\/wp\/v2\/media?parent=8020"}],"curies":[{"name":"wp","href":"https:\/\/api.w.org\/{rel}","templated":true}]}}