{"id":9085,"date":"2020-07-07T09:21:25","date_gmt":"2020-07-07T07:21:25","guid":{"rendered":"https:\/\/messagenius.com\/?page_id=9085"},"modified":"2022-07-22T16:42:40","modified_gmt":"2022-07-22T14:42:40","slug":"instant-messaging-app-for-patients","status":"publish","type":"page","link":"https:\/\/messagenius.com\/fr\/instant-messaging-app-for-patients\/","title":{"rendered":"Instant Messaging App for Patients"},"content":{"rendered":"<div class=\"container container-msg\">[vc_row  full_height=\"yes\"  equal_height=\"yes\"  content_placement=\"middle\" ][vc_column width=&#8221;1\/2&#8243;][vc_column_text css_animation=&#8221;top-to-bottom&#8221;]<\/p>\n<h1>Secure Instant Messaging App for Patients<\/h1>\n<p>[\/vc_column_text][vc_column_text css_animation=&#8221;top-to-bottom&#8221;]<\/p>\n<h4><span style=\"color: #21adbf;\">Easy and fully confidential chats with doctors on remote<\/span><\/h4>\n<p>[\/vc_column_text][vc_column_text css_animation=&#8221;bottom-to-top&#8221;]<strong>Easy Consultancy &amp; Follow-ups on Remote<\/strong><br \/>\nRapid consultancy and follow-ups with patients on remote, with no compromise on security of patient confidential data[\/vc_column_text][vc_column_text css_animation=&#8221;bottom-to-top&#8221;]<strong>More Connected Doctor-Patient Experience<\/strong><br \/>\nConfidential chats with doctors allow patients to share all their medical information in a secure way, building trusting relationships[\/vc_column_text][\/vc_column][vc_column width=&#8221;1\/2&#8243;][vc_single_image image=&#8221;6016&#8243; img_size=&#8221;full&#8221; alignment=&#8221;center&#8221; css_animation=&#8221;none&#8221;][\/vc_column][\/vc_row]<\/div><div class=\"container container-msg\">[vc_row  equal_height=\"yes\"  content_placement=\"middle\" ][vc_column width=&#8221;1\/2&#8243;][vc_single_image image=&#8221;6455&#8243; img_size=&#8221;full&#8221; alignment=&#8221;center&#8221; css_animation=&#8221;left-to-right&#8221;][\/vc_column][vc_column width=&#8221;1\/2&#8243;][vc_column_text css_animation=&#8221;top-to-bottom&#8221;]<\/p>\n<h2>Everything you expect from messaging apps<\/h2>\n<p>[\/vc_column_text][vc_column_text css_animation=&#8221;top-to-bottom&#8221;]Just as any instant messaging app, Messagenius allows medical staff to <strong>communicate instantly<\/strong>, sending quick messages, files, docs, and discussing various topics on thematic #channels. With intuitive UI &amp; UX, med professionals are able to inform their colleagues, report, or get rapid reply, which optimises time and makes workflows seamless.[\/vc_column_text][vc_row_inner el_class=&#8221;list-box&#8221;][vc_column_inner width=&#8221;1\/2&#8243;][vc_column_text css_animation=&#8221;top-to-bottom&#8221;]<\/p>\n<ul>\n<li>Text<\/li>\n<li>Voice message<\/li>\n<li>Images<\/li>\n<li>Videos<\/li>\n<\/ul>\n<p>[\/vc_column_text][\/vc_column_inner][vc_column_inner width=&#8221;1\/2&#8243;][vc_column_text css_animation=&#8221;top-to-bottom&#8221;]<\/p>\n<ul>\n<li>Contacts<\/li>\n<li>Locations<\/li>\n<li>Medical records.<\/li>\n<li>And much more..<\/li>\n<\/ul>\n<p>[\/vc_column_text][\/vc_column_inner][\/vc_row_inner][\/vc_column][\/vc_row]<\/div><div class=\"container container-msg\">[vc_row  equal_height=\"yes\"  content_placement=\"middle\" ][vc_column width=&#8221;1\/2&#8243;][vc_column_text css_animation=&#8221;top-to-bottom&#8221;]<\/p>\n<h2>Total Security &amp; Compliance<\/h2>\n<p>[\/vc_column_text][vc_column_text css_animation=&#8221;bottom-to-top&#8221;]All staff, doctor, and patient communication data stays only with &#8211; and is owned exclusively by &#8211; the hospital or facility. Receive top-level cloud server security or install Messagenius as an on-premise solution. Either way, data stays private, secure, and completely owned by you. Messagenius uses end-to-end encryption keys and is a 100 percent GDPR compliant, <a href=\"https:\/\/messagenius.com\/blog\/security\/secure-messaging-a-guide-to-making-your-communications-completely-secure\/\" target=\"_blank\" rel=\"noopener\">secure messaging service<\/a>.[\/vc_column_text][\/vc_column][vc_column width=&#8221;1\/2&#8243;][vc_single_image image=&#8221;6446&#8243; img_size=&#8221;full&#8221; alignment=&#8221;center&#8221; css_animation=&#8221;left-to-right&#8221;][\/vc_column][\/vc_row]<\/div>[vc_row  full_width=\"stretch_row\"  css=\".vc_custom_1585259879877{background-color: #f7f7f7 !important;}\" ]<div class=\"container container-msg\"><div class=\"vc_row vc_row-msg\">[vc_column]<div class=\"templatera_shortcode\"><div class=\"vc_row wpb_row vc_row-fluid items-centered vc_row-o-equal-height vc_row-flex\"><div class=\"wpb_column vc_column_container vc_col-sm-6\"><div class=\"vc_column-inner \"><div class=\"wpb_wrapper\">\n\t<div  class=\"wpb_single_image wpb_content_element vc_align_center  wpb_animate_when_almost_visible wpb_left-to-right left-to-right\">\n\t\t\n\t\t<figure class=\"wpb_wrapper vc_figure\">\n\t\t\t<div class=\"vc_single_image-wrapper   vc_box_border_grey\"><img width=\"1375\" height=\"1366\" src=\"https:\/\/messagenius.com\/wp-content\/uploads\/2020\/03\/COMP-HF-Filtered-contacts.png\" class=\"vc_single_image-img attachment-full\" alt=\"smart contact lists with filters\" loading=\"lazy\" title=\"Filtered contact directory\" srcset=\"https:\/\/messagenius.com\/wp-content\/uploads\/2020\/03\/COMP-HF-Filtered-contacts.png 1375w, https:\/\/messagenius.com\/wp-content\/uploads\/2020\/03\/COMP-HF-Filtered-contacts-300x298.png 300w, https:\/\/messagenius.com\/wp-content\/uploads\/2020\/03\/COMP-HF-Filtered-contacts-1024x1017.png 1024w, https:\/\/messagenius.com\/wp-content\/uploads\/2020\/03\/COMP-HF-Filtered-contacts-150x150.png 150w, https:\/\/messagenius.com\/wp-content\/uploads\/2020\/03\/COMP-HF-Filtered-contacts-768x763.png 768w\" sizes=\"(max-width: 1375px) 100vw, 1375px\" \/><\/div>\n\t\t<\/figure>\n\t<\/div>\n<\/div><\/div><\/div><div class=\"wpb_column vc_column_container vc_col-sm-6\"><div class=\"vc_column-inner \"><div class=\"wpb_wrapper\">\n\t<div class=\"wpb_text_column wpb_content_element  wpb_animate_when_almost_visible wpb_bottom-to-top bottom-to-top\" >\n\t\t<div class=\"wpb_wrapper\">\n\t\t\t<h2 style=\"text-align: left;\">Annuaire du staff m\u00e9dical<\/h2>\n<p><span style=\"font-weight: 400;\">Joignez le bon contact imm\u00e9diatement gr\u00e2ce aux listes de contact avec <strong>filtres<\/strong>, en utilisant simplement le <strong>mot-cl\u00e9 pertinent<\/strong> : r\u00f4le, service, garde, position ou autre.<\/span><\/p>\n\n\t\t<\/div>\n\t<\/div>\n<\/div><\/div><\/div><\/div><\/div>[\/vc_column]<\/div><\/div>[\/vc_row]<div data-vc-full-width=\"true\" data-vc-full-width-init=\"true\" data-vc-full-width-init-backup=\"false\" data-vc-parallax=\"1\" data-vc-parallax-image=\"https:\/\/messagenius.com\/wp-content\/uploads\/2020\/03\/DP-bg@2x-scaled.jpg\" class=\"vc_row wpb_row vc_row-fluid vc_row-has-fill vc_row-o-content-middle vc_row-flex vc_general vc_parallax vc_parallax-content-moving\"><div class=\"container container-msg\"><div class=\"vc_row vc_row-msg\"><div class=\"wpb_column vc_column_container vc_col-sm-12\"><div class=\"vc_column-inner \"><div class=\"wpb_wrapper\">\n\t<div class=\"wpb_text_column wpb_content_element  &#8221;dark&#8221;\" >\n\t\t<div class=\"wpb_wrapper\">\n\t\t\t<h2 style=\"text-align: center;\">Messagenius for Secure Doctor-Patient Communication<\/h2>\n<p class=\"subtitle\" style=\"text-align: center;\">Appointment booking, Remote Consultation &amp; Follow-ups<\/p>\n\n\t\t<\/div>\n\t<\/div>\n<\/div><\/div><\/div><\/div><\/div><\/div><div class=\"vc_row-full-width vc_clearfix\"><\/div><div data-vc-full-width=\"true\" data-vc-full-width-init=\"true\" data-vc-full-width-init-backup=\"false\" class=\"vc_row wpb_row vc_row-fluid vc_custom_1595344333789 vc_row-has-fill vc_row-o-equal-height vc_row-o-content-middle vc_row-flex\"><div class=\"container container-msg\"><div class=\"vc_row vc_row-msg\"><div class=\"wpb_column vc_column_container vc_col-sm-6\"><div class=\"vc_column-inner \"><div class=\"wpb_wrapper\">\n\t<div  class=\"wpb_single_image wpb_content_element vc_align_&#8221;center&#8221;  wpb_animate_when_almost_visible wpb_&#8221;left-to-right&#8221; &#8221;left-to-right&#8221;\">\n\t\t\n\t\t<figure class=\"wpb_wrapper vc_figure\">\n\t\t\t<div class=\"vc_single_image-wrapper   vc_box_border_grey\"><\/div>\n\t\t<\/figure>\n\t<\/div>\n<\/div><\/div><\/div><div class=\"wpb_column vc_column_container vc_col-sm-6\"><div class=\"vc_column-inner \"><div class=\"wpb_wrapper\">\n\t<div class=\"wpb_text_column wpb_content_element  wpb_animate_when_almost_visible wpb_&#8221;top-to-bottom&#8221; &#8221;top-to-bottom&#8221;\" >\n\t\t<div class=\"wpb_wrapper\">\n\t\t\t<h2>Remote Consultation &amp; Follow-ups<\/h2>\n\n\t\t<\/div>\n\t<\/div>\n\n\t<div class=\"wpb_text_column wpb_content_element  wpb_animate_when_almost_visible wpb_&#8221;top-to-bottom&#8221; &#8221;top-to-bottom&#8221;\" >\n\t\t<div class=\"wpb_wrapper\">\n\t\t\t<p>With Messagenius, medical professionals and users can communicate freely, with all the security required for the medical data treatment. Text &amp; voice messages, photos &amp; videos exchange with no risks for privacy: all the data and conversations are protected and encrypted directly on the hospital\u2019s servers.<\/p>\n\n\t\t<\/div>\n\t<\/div>\n<\/div><\/div><\/div><\/div><\/div><\/div><div class=\"vc_row-full-width vc_clearfix\"><\/div><div class=\"container container-msg\"><div class=\"vc_row wpb_row vc_row-fluid vc_row-o-equal-height vc_row-o-content-middle vc_row-flex\"><div class=\"wpb_column vc_column_container vc_col-sm-6\"><div class=\"vc_column-inner \"><div class=\"wpb_wrapper\">\n\t<div class=\"wpb_text_column wpb_content_element  wpb_animate_when_almost_visible wpb_&#8221;top-to-bottom&#8221; &#8221;top-to-bottom&#8221;\" >\n\t\t<div class=\"wpb_wrapper\">\n\t\t\t<h2>Seamless Patient Bookings<\/h2>\n\n\t\t<\/div>\n\t<\/div>\n\n\t<div class=\"wpb_text_column wpb_content_element  wpb_animate_when_almost_visible wpb_&#8221;bottom-to-top&#8221; &#8221;bottom-to-top&#8221;\" >\n\t\t<div class=\"wpb_wrapper\">\n\t\t\t<p>Integrate Messagenius into your hospital booking system and appointment booking workflow. Patients can schedule appointments directly from secure doctor-patient communication chats, streamlining the appointment booking process for doctors, patients, and administrators. Book more patients in less time &#8211; with no confusion &#8211; using Messagenius.<\/p>\n\n\t\t<\/div>\n\t<\/div>\n<\/div><\/div><\/div><div class=\"wpb_column vc_column_container vc_col-sm-6\"><div class=\"vc_column-inner \"><div class=\"wpb_wrapper\">\n\t<div  class=\"wpb_single_image wpb_content_element vc_align_&#8221;center&#8221;  wpb_animate_when_almost_visible wpb_&#8221;right-to-left&#8221; &#8221;right-to-left&#8221;\">\n\t\t\n\t\t<figure class=\"wpb_wrapper vc_figure\">\n\t\t\t<div class=\"vc_single_image-wrapper   vc_box_border_grey\"><\/div>\n\t\t<\/figure>\n\t<\/div>\n<\/div><\/div><\/div><\/div><\/div><div data-vc-full-width=\"true\" data-vc-full-width-init=\"true\" data-vc-full-width-init-backup=\"false\" class=\"vc_row wpb_row vc_row-fluid vc_custom_1585256777120 vc_row-has-fill\"><div class=\"container container-msg\"><div class=\"vc_row vc_row-msg\"><div class=\"wpb_column vc_column_container vc_col-sm-12\"><div class=\"vc_column-inner \"><div class=\"wpb_wrapper\"><div class=\"templatera_shortcode\"><div class=\"vc_row wpb_row vc_row-fluid\"><div class=\"wpb_column vc_column_container vc_col-sm-2\"><div class=\"vc_column-inner \"><div class=\"wpb_wrapper\"><\/div><\/div><\/div><div class=\"wpb_column vc_column_container vc_col-sm-8\"><div class=\"vc_column-inner \"><div class=\"wpb_wrapper\">\n\t<div class=\"wpb_text_column wpb_content_element \" >\n\t\t<div class=\"wpb_wrapper\">\n\t\t\t<h2 class=\"p1\" style=\"text-align: center;\"><span style=\"color: #08c1d9;\"><strong>Messagenius<\/strong><\/span> est pr\u00eat \u00e0 soutenir tous les professionnels de la sant\u00e9 qui font face \u00e0 <span style=\"color: #c41329;\">COVID-19<\/span> en premi\u00e8re ligne.<\/h2>\n<p style=\"text-align: center;\">Aujourd'hui, une bonne communication est plus critique que jamais dans les h\u00f4pitaux. D\u00e9couvrez comment Messagenius peut aider les soignants dans leur mission.<\/p>\n<p style=\"text-align: center;\"><a class=\"button-link button-dark\" href=\"https:\/\/messagenius.com\/covid19\/\">En savoir plus<\/a><\/p>\n\n\t\t<\/div>\n\t<\/div>\n<\/div><\/div><\/div><div class=\"wpb_column vc_column_container vc_col-sm-2\"><div class=\"vc_column-inner \"><div class=\"wpb_wrapper\"><\/div><\/div><\/div><\/div><\/div><\/div><\/div><\/div><\/div><\/div><\/div><div class=\"vc_row-full-width vc_clearfix\"><\/div><div data-vc-full-width=\"true\" data-vc-full-width-init=\"true\" data-vc-full-width-init-backup=\"false\" data-vc-parallax=\"1\" data-vc-parallax-image=\"https:\/\/messagenius.com\/wp-content\/uploads\/2020\/03\/DP-bg@2x-scaled.jpg\" class=\"vc_row wpb_row vc_row-fluid vc_custom_1595344360094 vc_row-has-fill vc_row-o-content-middle vc_row-flex vc_general vc_parallax vc_parallax-content-moving\"><div class=\"container container-msg\"><div class=\"vc_row vc_row-msg\"><div class=\"wpb_column vc_column_container vc_col-sm-12\"><div class=\"vc_column-inner \"><div class=\"wpb_wrapper\">\n\t<div class=\"wpb_text_column wpb_content_element  &#8221;dark&#8221;\" >\n\t\t<div class=\"wpb_wrapper\">\n\t\t\t<h2 style=\"text-align: center;\">Make Doctor-Patient communication instant and secure<\/h2>\n<p class=\"\" style=\"text-align: center;\">Secure instant messaging app for patients is made for smooth and confidential chats among doctors and their patients. Decrease the load of paper work on doctors, lines in your hospitals and social contacts with infected patients.<\/p>\n<p style=\"text-align: center;\"><a class=\"button-link button-primary-color\" href=\"\/contact-us\/\">Contact us now<\/a><\/p>\n\n\t\t<\/div>\n\t<\/div>\n<\/div><\/div><\/div><\/div><\/div><\/div><div class=\"vc_row-full-width vc_clearfix\"><\/div>\n","protected":false},"excerpt":{"rendered":"Messagenius est pr\u00eat \u00e0 soutenir tous les professionnels de la sant\u00e9 qui font face \u00e0 COVID-19 en premi\u00e8re ligne. Aujourd'hui, une bonne communication est plus critique que jamais dans les h\u00f4pitaux. D\u00e9couvrez comment Messagenius peut aider les soignants dans leur mission. En savoir plus","protected":false},"author":1,"featured_media":0,"parent":0,"menu_order":0,"comment_status":"closed","ping_status":"closed","template":"","meta":{"inline_featured_image":false,"_links_to":"","_links_to_target":""},"acf":[],"yoast_head":"<!-- This site is optimized with the Yoast SEO plugin v19.6.1 - https:\/\/yoast.com\/wordpress\/plugins\/seo\/ -->\n<title>Instant Messaging App for Patients | Messagenius Secure Messaging App<\/title>\n<meta name=\"description\" content=\"Get a secure messaging app for chat between patients and healthcare professionals. On-premises installation, full encryption, and complete privacy.\" \/>\n<meta name=\"robots\" content=\"index, follow, max-snippet:-1, max-image-preview:large, max-video-preview:-1\" \/>\n<link rel=\"canonical\" href=\"https:\/\/messagenius.com\/fr\/instant-messaging-app-for-patients\/\" \/>\n<meta property=\"og:locale\" content=\"fr_FR\" \/>\n<meta property=\"og:type\" content=\"article\" \/>\n<meta property=\"og:title\" content=\"Instant Messaging App for Patients | Messagenius Secure Messaging App\" \/>\n<meta property=\"og:description\" content=\"Get a secure messaging app for chat between patients and healthcare professionals. On-premises installation, full encryption, and complete privacy.\" \/>\n<meta property=\"og:url\" content=\"https:\/\/messagenius.com\/fr\/instant-messaging-app-for-patients\/\" \/>\n<meta property=\"og:site_name\" content=\"Messagenius - Secure Enterprise Messaging\" \/>\n<meta property=\"article:publisher\" content=\"https:\/\/www.facebook.com\/Messagenius\/\" \/>\n<meta property=\"article:modified_time\" content=\"2022-07-22T14:42:40+00:00\" \/>\n<meta name=\"twitter:card\" content=\"summary_large_image\" \/>\n<script type=\"application\/ld+json\" class=\"yoast-schema-graph\">{\"@context\":\"https:\/\/schema.org\",\"@graph\":[{\"@type\":\"WebPage\",\"@id\":\"https:\/\/messagenius.com\/fr\/instant-messaging-app-for-patients\/\",\"url\":\"https:\/\/messagenius.com\/fr\/instant-messaging-app-for-patients\/\",\"name\":\"Instant Messaging App for Patients | Messagenius Secure Messaging App\",\"isPartOf\":{\"@id\":\"https:\/\/messagenius.com\/it\/#website\"},\"datePublished\":\"2020-07-07T07:21:25+00:00\",\"dateModified\":\"2022-07-22T14:42:40+00:00\",\"description\":\"Get a secure messaging app for chat between patients and healthcare professionals. On-premises installation, full encryption, and complete privacy.\",\"breadcrumb\":{\"@id\":\"https:\/\/messagenius.com\/fr\/instant-messaging-app-for-patients\/#breadcrumb\"},\"inLanguage\":\"fr\",\"potentialAction\":[{\"@type\":\"ReadAction\",\"target\":[\"https:\/\/messagenius.com\/fr\/instant-messaging-app-for-patients\/\"]}]},{\"@type\":\"BreadcrumbList\",\"@id\":\"https:\/\/messagenius.com\/fr\/instant-messaging-app-for-patients\/#breadcrumb\",\"itemListElement\":[{\"@type\":\"ListItem\",\"position\":1,\"name\":\"Home\",\"item\":\"https:\/\/messagenius.com\/fr\/accueil-contenu\/\"},{\"@type\":\"ListItem\",\"position\":2,\"name\":\"Instant Messaging App for Patients\"}]},{\"@type\":\"WebSite\",\"@id\":\"https:\/\/messagenius.com\/it\/#website\",\"url\":\"https:\/\/messagenius.com\/it\/\",\"name\":\"Messagenius - Secure Enterprise Messaging\",\"description\":\"The private instant messaging solution for organizations\",\"publisher\":{\"@id\":\"https:\/\/messagenius.com\/it\/#organization\"},\"potentialAction\":[{\"@type\":\"SearchAction\",\"target\":{\"@type\":\"EntryPoint\",\"urlTemplate\":\"https:\/\/messagenius.com\/it\/?s={search_term_string}\"},\"query-input\":\"required name=search_term_string\"}],\"inLanguage\":\"fr\"},{\"@type\":\"Organization\",\"@id\":\"https:\/\/messagenius.com\/it\/#organization\",\"name\":\"Messagenius\",\"url\":\"https:\/\/messagenius.com\/it\/\",\"sameAs\":[\"https:\/\/www.linkedin.com\/company\/messagenius\/\",\"https:\/\/www.facebook.com\/Messagenius\/\"],\"logo\":{\"@type\":\"ImageObject\",\"inLanguage\":\"fr\",\"@id\":\"https:\/\/messagenius.com\/it\/#\/schema\/logo\/image\/\",\"url\":\"https:\/\/messagenius.com\/wp-content\/uploads\/2020\/04\/messagenius-logo-stand-left-scaled.jpg\",\"contentUrl\":\"https:\/\/messagenius.com\/wp-content\/uploads\/2020\/04\/messagenius-logo-stand-left-scaled.jpg\",\"width\":2560,\"height\":2004,\"caption\":\"Messagenius\"},\"image\":{\"@id\":\"https:\/\/messagenius.com\/it\/#\/schema\/logo\/image\/\"}}]}<\/script>\n<!-- \/ Yoast SEO plugin. -->","yoast_head_json":{"title":"Instant Messaging App for Patients | Messagenius Secure Messaging App","description":"Get a secure messaging app for chat between patients and healthcare professionals. On-premises installation, full encryption, and complete privacy.","robots":{"index":"index","follow":"follow","max-snippet":"max-snippet:-1","max-image-preview":"max-image-preview:large","max-video-preview":"max-video-preview:-1"},"canonical":"https:\/\/messagenius.com\/fr\/instant-messaging-app-for-patients\/","og_locale":"fr_FR","og_type":"article","og_title":"Instant Messaging App for Patients | Messagenius Secure Messaging App","og_description":"Get a secure messaging app for chat between patients and healthcare professionals. On-premises installation, full encryption, and complete privacy.","og_url":"https:\/\/messagenius.com\/fr\/instant-messaging-app-for-patients\/","og_site_name":"Messagenius - Secure Enterprise Messaging","article_publisher":"https:\/\/www.facebook.com\/Messagenius\/","article_modified_time":"2022-07-22T14:42:40+00:00","twitter_card":"summary_large_image","schema":{"@context":"https:\/\/schema.org","@graph":[{"@type":"WebPage","@id":"https:\/\/messagenius.com\/fr\/instant-messaging-app-for-patients\/","url":"https:\/\/messagenius.com\/fr\/instant-messaging-app-for-patients\/","name":"Instant Messaging App for Patients | Messagenius Secure Messaging App","isPartOf":{"@id":"https:\/\/messagenius.com\/it\/#website"},"datePublished":"2020-07-07T07:21:25+00:00","dateModified":"2022-07-22T14:42:40+00:00","description":"Get a secure messaging app for chat between patients and healthcare professionals. On-premises installation, full encryption, and complete privacy.","breadcrumb":{"@id":"https:\/\/messagenius.com\/fr\/instant-messaging-app-for-patients\/#breadcrumb"},"inLanguage":"fr","potentialAction":[{"@type":"ReadAction","target":["https:\/\/messagenius.com\/fr\/instant-messaging-app-for-patients\/"]}]},{"@type":"BreadcrumbList","@id":"https:\/\/messagenius.com\/fr\/instant-messaging-app-for-patients\/#breadcrumb","itemListElement":[{"@type":"ListItem","position":1,"name":"Home","item":"https:\/\/messagenius.com\/fr\/accueil-contenu\/"},{"@type":"ListItem","position":2,"name":"Instant Messaging App for Patients"}]},{"@type":"WebSite","@id":"https:\/\/messagenius.com\/it\/#website","url":"https:\/\/messagenius.com\/it\/","name":"Messagenius - Secure Enterprise Messaging","description":"The private instant messaging solution for organizations","publisher":{"@id":"https:\/\/messagenius.com\/it\/#organization"},"potentialAction":[{"@type":"SearchAction","target":{"@type":"EntryPoint","urlTemplate":"https:\/\/messagenius.com\/it\/?s={search_term_string}"},"query-input":"required name=search_term_string"}],"inLanguage":"fr"},{"@type":"Organization","@id":"https:\/\/messagenius.com\/it\/#organization","name":"Messagenius","url":"https:\/\/messagenius.com\/it\/","sameAs":["https:\/\/www.linkedin.com\/company\/messagenius\/","https:\/\/www.facebook.com\/Messagenius\/"],"logo":{"@type":"ImageObject","inLanguage":"fr","@id":"https:\/\/messagenius.com\/it\/#\/schema\/logo\/image\/","url":"https:\/\/messagenius.com\/wp-content\/uploads\/2020\/04\/messagenius-logo-stand-left-scaled.jpg","contentUrl":"https:\/\/messagenius.com\/wp-content\/uploads\/2020\/04\/messagenius-logo-stand-left-scaled.jpg","width":2560,"height":2004,"caption":"Messagenius"},"image":{"@id":"https:\/\/messagenius.com\/it\/#\/schema\/logo\/image\/"}}]}},"_links":{"self":[{"href":"https:\/\/messagenius.com\/fr\/wp-json\/wp\/v2\/pages\/9085"}],"collection":[{"href":"https:\/\/messagenius.com\/fr\/wp-json\/wp\/v2\/pages"}],"about":[{"href":"https:\/\/messagenius.com\/fr\/wp-json\/wp\/v2\/types\/page"}],"author":[{"embeddable":true,"href":"https:\/\/messagenius.com\/fr\/wp-json\/wp\/v2\/users\/1"}],"replies":[{"embeddable":true,"href":"https:\/\/messagenius.com\/fr\/wp-json\/wp\/v2\/comments?post=9085"}],"version-history":[{"count":17,"href":"https:\/\/messagenius.com\/fr\/wp-json\/wp\/v2\/pages\/9085\/revisions"}],"predecessor-version":[{"id":16780,"href":"https:\/\/messagenius.com\/fr\/wp-json\/wp\/v2\/pages\/9085\/revisions\/16780"}],"wp:attachment":[{"href":"https:\/\/messagenius.com\/fr\/wp-json\/wp\/v2\/media?parent=9085"}],"curies":[{"name":"wp","href":"https:\/\/api.w.org\/{rel}","templated":true}]}}