{"id":5976,"date":"2020-03-16T21:58:40","date_gmt":"2020-03-16T21:58:40","guid":{"rendered":"https:\/\/messagenius.com\/?page_id=5976"},"modified":"2022-09-28T15:25:43","modified_gmt":"2022-09-28T13:25:43","slug":"covid19","status":"publish","type":"page","link":"https:\/\/messagenius.com\/fr\/covid19\/","title":{"rendered":"Messagenius for COVID-19 crisis"},"content":{"rendered":"<p>[vc_row  full_width=\"stretch_row\"  css=\".vc_custom_1584405643192{background-color: #ffffff !important;}\" ]<div class=\"container container-msg\"><div class=\"vc_row vc_row-msg\">[vc_column]<div class=\"templatera_shortcode\"><div class=\"vc_row wpb_row vc_row-fluid vc_row-o-full-height vc_row-o-columns-middle vc_row-o-equal-height vc_row-o-content-middle vc_row-flex\"><div class=\"wpb_column vc_column_container vc_col-sm-6\"><div class=\"vc_column-inner \"><div class=\"wpb_wrapper\">\n\t<div class=\"wpb_text_column wpb_content_element  wpb_animate_when_almost_visible wpb_top-to-bottom top-to-bottom\" >\n\t\t<div class=\"wpb_wrapper\">\n\t\t\t<h1 style=\"text-align: left;\">Secure instant messaging for hospitals facing <span style=\"color: #c41329;\">COVID-19 <\/span>in the front line<\/h1>\n\n\t\t<\/div>\n\t<\/div>\n\n\t<div class=\"wpb_text_column wpb_content_element  wpb_animate_when_almost_visible wpb_bottom-to-top bottom-to-top\" >\n\t\t<div class=\"wpb_wrapper\">\n\t\t\t<p><strong>Instant and secure communications among medical professionals, and with hospitalised patients or users from home.<br \/>\n<\/strong><span style=\"font-weight: 400;\">On-premise installation guarantees hospitals complete data ownership and security of communications.<\/span><\/p>\n<ul>\n<li style=\"font-weight: 400;\"><span style=\"font-weight: 400;\">Remote consultation &amp; follow-ups<\/span><\/li>\n<li style=\"font-weight: 400;\"><span style=\"font-weight: 400;\">Emergency signals<\/span><\/li>\n<li style=\"font-weight: 400;\"><span style=\"font-weight: 400;\">One-click blast messages<\/span><\/li>\n<\/ul>\n<p><a class=\"button-link button-dark button-left\" href=\"mailto:contact@messageniu.com\">Contact us<\/a><\/p>\n\n\t\t<\/div>\n\t<\/div>\n<\/div><\/div><\/div><div class=\"wpb_column vc_column_container vc_col-sm-6\"><div class=\"vc_column-inner \"><div class=\"wpb_wrapper\">\n\t<div  class=\"wpb_single_image wpb_content_element vc_align_center  wpb_animate_when_almost_visible wpb_right-to-left right-to-left\">\n\t\t\n\t\t<figure class=\"wpb_wrapper vc_figure\">\n\t\t\t<div class=\"vc_single_image-wrapper   vc_box_border_grey\"><img width=\"1199\" height=\"1244\" src=\"https:\/\/messagenius.com\/wp-content\/uploads\/2020\/03\/Comp-high-hospital-General.png\" class=\"vc_single_image-img attachment-full\" alt=\"\" loading=\"lazy\" title=\"Comp - high hospital General\" srcset=\"https:\/\/messagenius.com\/wp-content\/uploads\/2020\/03\/Comp-high-hospital-General.png 1199w, https:\/\/messagenius.com\/wp-content\/uploads\/2020\/03\/Comp-high-hospital-General-289x300.png 289w, https:\/\/messagenius.com\/wp-content\/uploads\/2020\/03\/Comp-high-hospital-General-987x1024.png 987w, https:\/\/messagenius.com\/wp-content\/uploads\/2020\/03\/Comp-high-hospital-General-768x797.png 768w\" sizes=\"(max-width: 1199px) 100vw, 1199px\" \/><\/div>\n\t\t<\/figure>\n\t<\/div>\n<\/div><\/div><\/div><\/div><\/div>[\/vc_column]<\/div><\/div>[\/vc_row]<div class=\"container container-msg\"><div class=\"vc_row wpb_row vc_row-fluid vc_custom_1584405277873 vc_row-has-fill\"><div class=\"wpb_column vc_column_container vc_col-sm-12\"><div class=\"vc_column-inner \"><div class=\"wpb_wrapper\"><div class=\"templatera_shortcode\"><div class=\"vc_row wpb_row vc_row-fluid vc_row-o-equal-height vc_row-o-content-middle vc_row-flex\"><div class=\"wpb_column vc_column_container vc_col-sm-6\"><div class=\"vc_column-inner \"><div class=\"wpb_wrapper\">\n\t<div  class=\"wpb_single_image wpb_content_element vc_align_center  wpb_animate_when_almost_visible wpb_right-to-left right-to-left  img-90\">\n\t\t\n\t\t<figure class=\"wpb_wrapper vc_figure\">\n\t\t\t<div class=\"vc_single_image-wrapper   vc_box_border_grey\"><img width=\"1375\" height=\"1367\" src=\"https:\/\/messagenius.com\/wp-content\/uploads\/2020\/03\/COMP.-HF-doctor-patient-chat.png\" class=\"vc_single_image-img attachment-full\" alt=\"Doctor and patient chatting\" loading=\"lazy\" title=\"Chat between doctors and patients\" srcset=\"https:\/\/messagenius.com\/wp-content\/uploads\/2020\/03\/COMP.-HF-doctor-patient-chat.png 1375w, https:\/\/messagenius.com\/wp-content\/uploads\/2020\/03\/COMP.-HF-doctor-patient-chat-300x298.png 300w, https:\/\/messagenius.com\/wp-content\/uploads\/2020\/03\/COMP.-HF-doctor-patient-chat-1024x1018.png 1024w, https:\/\/messagenius.com\/wp-content\/uploads\/2020\/03\/COMP.-HF-doctor-patient-chat-150x150.png 150w, https:\/\/messagenius.com\/wp-content\/uploads\/2020\/03\/COMP.-HF-doctor-patient-chat-768x764.png 768w\" sizes=\"(max-width: 1375px) 100vw, 1375px\" \/><\/div>\n\t\t<\/figure>\n\t<\/div>\n<\/div><\/div><\/div><div class=\"wpb_column vc_column_container vc_col-sm-6\"><div class=\"vc_column-inner \"><div class=\"wpb_wrapper\">\n\t<div class=\"wpb_text_column wpb_content_element  wpb_animate_when_almost_visible wpb_top-to-bottom top-to-bottom\" >\n\t\t<div class=\"wpb_wrapper\">\n\t\t\t<h2 style=\"text-align: left;\">Consultation et suivi \u00e0 distance<\/h2>\n\n\t\t<\/div>\n\t<\/div>\n\n\t<div class=\"wpb_text_column wpb_content_element  wpb_animate_when_almost_visible wpb_bottom-to-top bottom-to-top\" >\n\t\t<div class=\"wpb_wrapper\">\n\t\t\t<p>Pendant l\u2019urgence COVID-19, la <strong>consultation \u00e0 distance <\/strong>est essentielle.<\/p>\n<p>Avec Messagenius, les professionnels de la sant\u00e9 et les utilisateurs peuvent communiquer librement, avec toute la <strong>s\u00e9curit\u00e9<\/strong> requise pour le <strong>traitement des donn\u00e9es m\u00e9dicales.<\/strong><\/p>\n<p>\u00c9changez des messages textes et vocaux, des photos et des vid\u00e9os <strong>sans risque pour la vie priv\u00e9e<\/strong> : toutes les donn\u00e9es et conversations sont prot\u00e9g\u00e9es et crypt\u00e9es directement sur les serveurs de l\u2019h\u00f4pital.<\/p>\n\n\t\t<\/div>\n\t<\/div>\n<\/div><\/div><\/div><\/div><\/div><\/div><\/div><\/div><\/div><\/div><div data-vc-full-width=\"true\" data-vc-full-width-init=\"true\" data-vc-full-width-init-backup=\"false\" class=\"vc_row wpb_row vc_row-fluid vc_custom_1584409464537 vc_row-has-fill\"><div class=\"container container-msg\"><div class=\"vc_row vc_row-msg\"><div class=\"wpb_column vc_column_container vc_col-sm-12\"><div class=\"vc_column-inner \"><div class=\"wpb_wrapper\"><div class=\"templatera_shortcode\"><div class=\"vc_row wpb_row vc_row-fluid items-centered vc_row-o-equal-height vc_row-flex\"><div class=\"wpb_column vc_column_container vc_col-sm-6\"><div class=\"vc_column-inner \"><div class=\"wpb_wrapper\">\n\t<div class=\"wpb_text_column wpb_content_element  wpb_animate_when_almost_visible wpb_top-to-bottom top-to-bottom title-box\" >\n\t\t<div class=\"wpb_wrapper\">\n\t\t\t<h2 style=\"text-align: left;\">Alertes d'urgence instantan\u00e9es<\/h2>\n<h2><\/h2>\n\n\t\t<\/div>\n\t<\/div>\n\n\t<div class=\"wpb_text_column wpb_content_element  wpb_animate_when_almost_visible wpb_bottom-to-top bottom-to-top\" >\n\t\t<div class=\"wpb_wrapper\">\n\t\t\t<p><strong>Pr\u00e9programmez des alertes d'urgence<\/strong> qui d\u00e9clenchent des <b>salles d'incident<\/b> d\u00e9di\u00e9es. <\/p>\n<p><span style=\"font-weight: 400;\">En un clic, tous les membres du staff m\u00e9dical n\u00e9cessaires sont ajout\u00e9\u00b7e\u00b7s \u00e0 une discussion de groupe contenant toutes les informations et les contacts pertinents.<\/span><\/p>\n\n\t\t<\/div>\n\t<\/div>\n<\/div><\/div><\/div><div class=\"wpb_column vc_column_container vc_col-sm-6\"><div class=\"vc_column-inner \"><div class=\"wpb_wrapper\">\n\t<div  class=\"wpb_single_image wpb_content_element vc_align_center  wpb_animate_when_almost_visible wpb_right-to-left right-to-left\">\n\t\t\n\t\t<figure class=\"wpb_wrapper vc_figure\">\n\t\t\t<div class=\"vc_single_image-wrapper   vc_box_border_grey\"><img width=\"1375\" height=\"1367\" src=\"https:\/\/messagenius.com\/wp-content\/uploads\/2020\/03\/COMP.-HF-Emergency-signals.png\" class=\"vc_single_image-img attachment-full\" alt=\"one-tap emergency signals for doctors\" loading=\"lazy\" title=\"Emergency signals for doctors\" srcset=\"https:\/\/messagenius.com\/wp-content\/uploads\/2020\/03\/COMP.-HF-Emergency-signals.png 1375w, https:\/\/messagenius.com\/wp-content\/uploads\/2020\/03\/COMP.-HF-Emergency-signals-300x298.png 300w, https:\/\/messagenius.com\/wp-content\/uploads\/2020\/03\/COMP.-HF-Emergency-signals-1024x1018.png 1024w, https:\/\/messagenius.com\/wp-content\/uploads\/2020\/03\/COMP.-HF-Emergency-signals-150x150.png 150w, https:\/\/messagenius.com\/wp-content\/uploads\/2020\/03\/COMP.-HF-Emergency-signals-768x764.png 768w\" sizes=\"(max-width: 1375px) 100vw, 1375px\" \/><\/div>\n\t\t<\/figure>\n\t<\/div>\n<\/div><\/div><\/div><\/div><\/div><\/div><\/div><\/div><\/div><\/div><\/div><div class=\"vc_row-full-width vc_clearfix\"><\/div><div data-vc-full-width=\"true\" data-vc-full-width-init=\"true\" data-vc-full-width-init-backup=\"false\" class=\"vc_row wpb_row vc_row-fluid vc_custom_1584405954704 vc_row-has-fill\"><div class=\"container container-msg\"><div class=\"vc_row vc_row-msg\"><div class=\"wpb_column vc_column_container vc_col-sm-12\"><div class=\"vc_column-inner \"><div class=\"wpb_wrapper\"><div class=\"templatera_shortcode\"><div class=\"vc_row wpb_row vc_row-fluid vc_row-o-equal-height vc_row-o-content-middle vc_row-flex\"><div class=\"wpb_column vc_column_container vc_col-sm-6\"><div class=\"vc_column-inner \"><div class=\"wpb_wrapper\">\n\t<div  class=\"wpb_single_image wpb_content_element vc_align_center  wpb_animate_when_almost_visible wpb_left-to-right left-to-right\">\n\t\t\n\t\t<figure class=\"wpb_wrapper vc_figure\">\n\t\t\t<div class=\"vc_single_image-wrapper   vc_box_border_grey\"><img width=\"1375\" height=\"1367\" src=\"https:\/\/messagenius.com\/wp-content\/uploads\/2020\/03\/COMP.-HF-channels-CTA.png\" class=\"vc_single_image-img attachment-full\" alt=\"\" loading=\"lazy\" title=\"COMP.- HF - channels CTA\" srcset=\"https:\/\/messagenius.com\/wp-content\/uploads\/2020\/03\/COMP.-HF-channels-CTA.png 1375w, https:\/\/messagenius.com\/wp-content\/uploads\/2020\/03\/COMP.-HF-channels-CTA-300x298.png 300w, https:\/\/messagenius.com\/wp-content\/uploads\/2020\/03\/COMP.-HF-channels-CTA-1024x1018.png 1024w, https:\/\/messagenius.com\/wp-content\/uploads\/2020\/03\/COMP.-HF-channels-CTA-150x150.png 150w, https:\/\/messagenius.com\/wp-content\/uploads\/2020\/03\/COMP.-HF-channels-CTA-768x764.png 768w\" sizes=\"(max-width: 1375px) 100vw, 1375px\" \/><\/div>\n\t\t<\/figure>\n\t<\/div>\n<\/div><\/div><\/div><div class=\"wpb_column vc_column_container vc_col-sm-6\"><div class=\"vc_column-inner \"><div class=\"wpb_wrapper\">\n\t<div class=\"wpb_text_column wpb_content_element  wpb_animate_when_almost_visible wpb_top-to-bottom top-to-bottom\" >\n\t\t<div class=\"wpb_wrapper\">\n\t\t\t<h1 style=\"text-align: left;\">Canaux et call-to-actions<\/h1>\n\n\t\t<\/div>\n\t<\/div>\n\n\t<div class=\"wpb_text_column wpb_content_element  wpb_animate_when_almost_visible wpb_bottom-to-top bottom-to-top\" >\n\t\t<div class=\"wpb_wrapper\">\n\t\t\t<p><span style=\"font-weight: 400;\">Pour agir vite, des \u00e9changes d'informations rapides sont cruciaux.<\/span><\/p>\n<p><span style=\"font-weight: 400;\">Afin d'encourager la rapidit\u00e9 d'intervention, Messagenius permet de cr\u00e9er des <strong><strong style=\"color: #1eadbf;\">#canaux<\/strong> \u00e0 th\u00e8me, ou par sevice<\/strong>, <strong>des boutons call-to-action<\/strong> et des notifications de groupe comme \"Prendre en charge\", \"Rejoindre l'\u00e9quipe\" et bien d'autres<\/span><b>.<\/b><\/p>\n\n\t\t<\/div>\n\t<\/div>\n<\/div><\/div><\/div><\/div><\/div><\/div><\/div><\/div><\/div><\/div><\/div><div class=\"vc_row-full-width vc_clearfix\"><\/div><div data-vc-full-width=\"true\" data-vc-full-width-init=\"true\" data-vc-full-width-init-backup=\"false\" class=\"vc_row wpb_row vc_row-fluid vc_custom_1584406104968 vc_row-has-fill\"><div class=\"container container-msg\"><div class=\"vc_row vc_row-msg\"><div class=\"wpb_column vc_column_container vc_col-sm-12\"><div class=\"vc_column-inner \"><div class=\"wpb_wrapper\"><div class=\"templatera_shortcode\"><div class=\"vc_row wpb_row vc_row-fluid vc_row-o-equal-height vc_row-o-content-middle vc_row-flex\"><div class=\"wpb_column vc_column_container vc_col-sm-6\"><div class=\"vc_column-inner \"><div class=\"wpb_wrapper\">\n\t<div class=\"wpb_text_column wpb_content_element  wpb_animate_when_almost_visible wpb_top-to-bottom top-to-bottom\" >\n\t\t<div class=\"wpb_wrapper\">\n\t\t\t<h2 style=\"text-align: left;\">Partage de position en direct<\/h2>\n\n\t\t<\/div>\n\t<\/div>\n\n\t<div class=\"wpb_text_column wpb_content_element  wpb_animate_when_almost_visible wpb_bottom-to-top bottom-to-top\" >\n\t\t<div class=\"wpb_wrapper\">\n\t\t\t<p><span style=\"font-weight: 400;\">L\u2019urgence sanitaire a n\u00e9cessit\u00e9 la <strong>disponibilit\u00e9 du personnel de sant\u00e9<\/strong>.<\/span><br \/>\n<span style=\"font-weight: 400;\">Gr\u00e2ce au partage de localisation en direct, les professionnels de sant\u00e9 peuvent s'informer de leurs d\u00e9placements dans les zones d'intervention et localiser leurs demandes.<\/span><\/p>\n\n\t\t<\/div>\n\t<\/div>\n<\/div><\/div><\/div><div class=\"wpb_column vc_column_container vc_col-sm-6\"><div class=\"vc_column-inner \"><div class=\"wpb_wrapper\">\n\t<div  class=\"wpb_single_image wpb_content_element vc_align_center  wpb_animate_when_almost_visible wpb_left-to-right left-to-right  img-90\">\n\t\t\n\t\t<figure class=\"wpb_wrapper vc_figure\">\n\t\t\t<div class=\"vc_single_image-wrapper   vc_box_border_grey\"><img width=\"1375\" height=\"1366\" src=\"https:\/\/messagenius.com\/wp-content\/uploads\/2020\/03\/COMP-HF-Live-Tracking.png\" class=\"vc_single_image-img attachment-full\" alt=\"\" loading=\"lazy\" title=\"COMP - HF - Live Tracking\" srcset=\"https:\/\/messagenius.com\/wp-content\/uploads\/2020\/03\/COMP-HF-Live-Tracking.png 1375w, https:\/\/messagenius.com\/wp-content\/uploads\/2020\/03\/COMP-HF-Live-Tracking-300x298.png 300w, https:\/\/messagenius.com\/wp-content\/uploads\/2020\/03\/COMP-HF-Live-Tracking-1024x1017.png 1024w, https:\/\/messagenius.com\/wp-content\/uploads\/2020\/03\/COMP-HF-Live-Tracking-150x150.png 150w, https:\/\/messagenius.com\/wp-content\/uploads\/2020\/03\/COMP-HF-Live-Tracking-768x763.png 768w\" sizes=\"(max-width: 1375px) 100vw, 1375px\" \/><\/div>\n\t\t<\/figure>\n\t<\/div>\n<\/div><\/div><\/div><\/div><\/div><\/div><\/div><\/div><\/div><\/div><\/div><div class=\"vc_row-full-width vc_clearfix\"><\/div><div data-vc-full-width=\"true\" data-vc-full-width-init=\"true\" data-vc-full-width-init-backup=\"false\" class=\"vc_row wpb_row vc_row-fluid vc_custom_1584405954704 vc_row-has-fill\"><div class=\"container container-msg\"><div class=\"vc_row vc_row-msg\"><div class=\"wpb_column vc_column_container vc_col-sm-12\"><div class=\"vc_column-inner \"><div class=\"wpb_wrapper\"><div class=\"templatera_shortcode\"><div class=\"vc_row wpb_row vc_row-fluid items-centered vc_row-o-equal-height vc_row-flex\"><div class=\"wpb_column vc_column_container vc_col-sm-6\"><div class=\"vc_column-inner \"><div class=\"wpb_wrapper\">\n\t<div  class=\"wpb_single_image wpb_content_element vc_align_center  wpb_animate_when_almost_visible wpb_left-to-right left-to-right\">\n\t\t\n\t\t<figure class=\"wpb_wrapper vc_figure\">\n\t\t\t<div class=\"vc_single_image-wrapper   vc_box_border_grey\"><img width=\"1375\" height=\"1366\" src=\"https:\/\/messagenius.com\/wp-content\/uploads\/2020\/03\/COMP-HF-Filtered-contacts.png\" class=\"vc_single_image-img attachment-full\" alt=\"smart contact lists with filters\" loading=\"lazy\" title=\"Filtered contact directory\" srcset=\"https:\/\/messagenius.com\/wp-content\/uploads\/2020\/03\/COMP-HF-Filtered-contacts.png 1375w, https:\/\/messagenius.com\/wp-content\/uploads\/2020\/03\/COMP-HF-Filtered-contacts-300x298.png 300w, https:\/\/messagenius.com\/wp-content\/uploads\/2020\/03\/COMP-HF-Filtered-contacts-1024x1017.png 1024w, https:\/\/messagenius.com\/wp-content\/uploads\/2020\/03\/COMP-HF-Filtered-contacts-150x150.png 150w, https:\/\/messagenius.com\/wp-content\/uploads\/2020\/03\/COMP-HF-Filtered-contacts-768x763.png 768w\" sizes=\"(max-width: 1375px) 100vw, 1375px\" \/><\/div>\n\t\t<\/figure>\n\t<\/div>\n<\/div><\/div><\/div><div class=\"wpb_column vc_column_container vc_col-sm-6\"><div class=\"vc_column-inner \"><div class=\"wpb_wrapper\">\n\t<div class=\"wpb_text_column wpb_content_element  wpb_animate_when_almost_visible wpb_bottom-to-top bottom-to-top\" >\n\t\t<div class=\"wpb_wrapper\">\n\t\t\t<h2 style=\"text-align: left;\">Annuaire du staff m\u00e9dical<\/h2>\n<p><span style=\"font-weight: 400;\">Joignez le bon contact imm\u00e9diatement gr\u00e2ce aux listes de contact avec <strong>filtres<\/strong>, en utilisant simplement le <strong>mot-cl\u00e9 pertinent<\/strong> : r\u00f4le, service, garde, position ou autre.<\/span><\/p>\n\n\t\t<\/div>\n\t<\/div>\n<\/div><\/div><\/div><\/div><\/div><\/div><\/div><\/div><\/div><\/div><\/div><div class=\"vc_row-full-width vc_clearfix\"><\/div><div data-vc-full-width=\"true\" data-vc-full-width-init=\"true\" data-vc-full-width-init-backup=\"false\" class=\"vc_row wpb_row vc_row-fluid vc_custom_1584659341840 vc_row-has-fill vc_row-o-equal-height vc_row-flex\"><div class=\"container container-msg\"><div class=\"vc_row vc_row-msg\"><div class=\"wpb_column vc_column_container vc_col-sm-2\"><div class=\"vc_column-inner \"><div class=\"wpb_wrapper\"><\/div><\/div><\/div><div class=\"wpb_column vc_column_container vc_col-sm-8\"><div class=\"vc_column-inner \"><div class=\"wpb_wrapper\">\n\t<div class=\"wpb_text_column wpb_content_element \" >\n\t\t<div class=\"wpb_wrapper\">\n\t\t\t<h2 class=\"p1\" style=\"text-align: center;\"><strong style=\"color: #1eadbf;\">Messagenius<\/strong> is with hospitals facing <span style=\"color: #c41329;\">COVID-19<\/span> in the front line.<\/h2>\n<p style=\"text-align: center;\"><a class=\"button-link button-dark\" href=\"mailto:contact@messagenius.com\">Contact us<\/a><\/p>\n\n\t\t<\/div>\n\t<\/div>\n<\/div><\/div><\/div><div class=\"wpb_column vc_column_container vc_col-sm-2\"><div class=\"vc_column-inner \"><div class=\"wpb_wrapper\"><\/div><\/div><\/div><\/div><\/div><\/div><div class=\"vc_row-full-width vc_clearfix\"><\/div>\n","protected":false},"excerpt":{"rendered":"Annuaire du staff m\u00e9dical Joignez le bon contact imm\u00e9diatement gr\u00e2ce aux listes de contact avec filtres, en utilisant simplement le mot-cl\u00e9 pertinent : r\u00f4le, service, garde, position ou autre.","protected":false},"author":1,"featured_media":0,"parent":0,"menu_order":0,"comment_status":"closed","ping_status":"closed","template":"","meta":{"inline_featured_image":false,"_links_to":"","_links_to_target":""},"acf":[],"yoast_head":"<!-- This site is optimized with the Yoast SEO plugin v19.6.1 - https:\/\/yoast.com\/wordpress\/plugins\/seo\/ -->\n<title>Messagenius for COVID-19 crisis | Messagenius for Remote Collaboration<\/title>\n<meta name=\"description\" content=\"Face emergencies with secure and effective messaging tool for healthcare professionals to chat instantly with no compromise on data security.\" \/>\n<meta name=\"robots\" content=\"index, follow, max-snippet:-1, max-image-preview:large, max-video-preview:-1\" \/>\n<link rel=\"canonical\" href=\"https:\/\/messagenius.com\/fr\/covid19\/\" \/>\n<meta property=\"og:locale\" content=\"fr_FR\" \/>\n<meta property=\"og:type\" content=\"article\" \/>\n<meta property=\"og:title\" content=\"Messagenius for COVID-19 crisis | Messagenius for Remote Collaboration\" \/>\n<meta property=\"og:description\" content=\"Face emergencies with secure and effective messaging tool for healthcare professionals to chat instantly with no compromise on data security.\" \/>\n<meta property=\"og:url\" content=\"https:\/\/messagenius.com\/fr\/covid19\/\" \/>\n<meta property=\"og:site_name\" content=\"Messagenius - Secure Enterprise Messaging\" \/>\n<meta property=\"article:publisher\" content=\"https:\/\/www.facebook.com\/Messagenius\/\" \/>\n<meta property=\"article:modified_time\" content=\"2022-09-28T13:25:43+00:00\" \/>\n<meta name=\"twitter:card\" content=\"summary_large_image\" \/>\n<meta name=\"twitter:label1\" content=\"Est. reading time\" \/>\n\t<meta name=\"twitter:data1\" content=\"1 minute\" \/>\n<script type=\"application\/ld+json\" class=\"yoast-schema-graph\">{\"@context\":\"https:\/\/schema.org\",\"@graph\":[{\"@type\":\"WebPage\",\"@id\":\"https:\/\/messagenius.com\/fr\/covid19\/\",\"url\":\"https:\/\/messagenius.com\/fr\/covid19\/\",\"name\":\"Messagenius for COVID-19 crisis | Messagenius for Remote Collaboration\",\"isPartOf\":{\"@id\":\"https:\/\/messagenius.com\/it\/#website\"},\"datePublished\":\"2020-03-16T21:58:40+00:00\",\"dateModified\":\"2022-09-28T13:25:43+00:00\",\"description\":\"Face emergencies with secure and effective messaging tool for healthcare professionals to chat instantly with no compromise on data security.\",\"breadcrumb\":{\"@id\":\"https:\/\/messagenius.com\/fr\/covid19\/#breadcrumb\"},\"inLanguage\":\"fr\",\"potentialAction\":[{\"@type\":\"ReadAction\",\"target\":[\"https:\/\/messagenius.com\/fr\/covid19\/\"]}]},{\"@type\":\"BreadcrumbList\",\"@id\":\"https:\/\/messagenius.com\/fr\/covid19\/#breadcrumb\",\"itemListElement\":[{\"@type\":\"ListItem\",\"position\":1,\"name\":\"Home\",\"item\":\"https:\/\/messagenius.com\/fr\/accueil-contenu\/\"},{\"@type\":\"ListItem\",\"position\":2,\"name\":\"Messagenius for COVID-19 crisis\"}]},{\"@type\":\"WebSite\",\"@id\":\"https:\/\/messagenius.com\/it\/#website\",\"url\":\"https:\/\/messagenius.com\/it\/\",\"name\":\"Messagenius - Secure Enterprise Messaging\",\"description\":\"The private instant messaging solution for organizations\",\"publisher\":{\"@id\":\"https:\/\/messagenius.com\/it\/#organization\"},\"potentialAction\":[{\"@type\":\"SearchAction\",\"target\":{\"@type\":\"EntryPoint\",\"urlTemplate\":\"https:\/\/messagenius.com\/it\/?s={search_term_string}\"},\"query-input\":\"required name=search_term_string\"}],\"inLanguage\":\"fr\"},{\"@type\":\"Organization\",\"@id\":\"https:\/\/messagenius.com\/it\/#organization\",\"name\":\"Messagenius\",\"url\":\"https:\/\/messagenius.com\/it\/\",\"sameAs\":[\"https:\/\/www.linkedin.com\/company\/messagenius\/\",\"https:\/\/www.facebook.com\/Messagenius\/\"],\"logo\":{\"@type\":\"ImageObject\",\"inLanguage\":\"fr\",\"@id\":\"https:\/\/messagenius.com\/it\/#\/schema\/logo\/image\/\",\"url\":\"https:\/\/messagenius.com\/wp-content\/uploads\/2020\/04\/messagenius-logo-stand-left-scaled.jpg\",\"contentUrl\":\"https:\/\/messagenius.com\/wp-content\/uploads\/2020\/04\/messagenius-logo-stand-left-scaled.jpg\",\"width\":2560,\"height\":2004,\"caption\":\"Messagenius\"},\"image\":{\"@id\":\"https:\/\/messagenius.com\/it\/#\/schema\/logo\/image\/\"}}]}<\/script>\n<!-- \/ Yoast SEO plugin. -->","yoast_head_json":{"title":"Messagenius for COVID-19 crisis | Messagenius for Remote Collaboration","description":"Face emergencies with secure and effective messaging tool for healthcare professionals to chat instantly with no compromise on data security.","robots":{"index":"index","follow":"follow","max-snippet":"max-snippet:-1","max-image-preview":"max-image-preview:large","max-video-preview":"max-video-preview:-1"},"canonical":"https:\/\/messagenius.com\/fr\/covid19\/","og_locale":"fr_FR","og_type":"article","og_title":"Messagenius for COVID-19 crisis | Messagenius for Remote Collaboration","og_description":"Face emergencies with secure and effective messaging tool for healthcare professionals to chat instantly with no compromise on data security.","og_url":"https:\/\/messagenius.com\/fr\/covid19\/","og_site_name":"Messagenius - Secure Enterprise Messaging","article_publisher":"https:\/\/www.facebook.com\/Messagenius\/","article_modified_time":"2022-09-28T13:25:43+00:00","twitter_card":"summary_large_image","twitter_misc":{"Est. reading time":"1 minute"},"schema":{"@context":"https:\/\/schema.org","@graph":[{"@type":"WebPage","@id":"https:\/\/messagenius.com\/fr\/covid19\/","url":"https:\/\/messagenius.com\/fr\/covid19\/","name":"Messagenius for COVID-19 crisis | Messagenius for Remote Collaboration","isPartOf":{"@id":"https:\/\/messagenius.com\/it\/#website"},"datePublished":"2020-03-16T21:58:40+00:00","dateModified":"2022-09-28T13:25:43+00:00","description":"Face emergencies with secure and effective messaging tool for healthcare professionals to chat instantly with no compromise on data security.","breadcrumb":{"@id":"https:\/\/messagenius.com\/fr\/covid19\/#breadcrumb"},"inLanguage":"fr","potentialAction":[{"@type":"ReadAction","target":["https:\/\/messagenius.com\/fr\/covid19\/"]}]},{"@type":"BreadcrumbList","@id":"https:\/\/messagenius.com\/fr\/covid19\/#breadcrumb","itemListElement":[{"@type":"ListItem","position":1,"name":"Home","item":"https:\/\/messagenius.com\/fr\/accueil-contenu\/"},{"@type":"ListItem","position":2,"name":"Messagenius for COVID-19 crisis"}]},{"@type":"WebSite","@id":"https:\/\/messagenius.com\/it\/#website","url":"https:\/\/messagenius.com\/it\/","name":"Messagenius - Secure Enterprise Messaging","description":"The private instant messaging solution for organizations","publisher":{"@id":"https:\/\/messagenius.com\/it\/#organization"},"potentialAction":[{"@type":"SearchAction","target":{"@type":"EntryPoint","urlTemplate":"https:\/\/messagenius.com\/it\/?s={search_term_string}"},"query-input":"required name=search_term_string"}],"inLanguage":"fr"},{"@type":"Organization","@id":"https:\/\/messagenius.com\/it\/#organization","name":"Messagenius","url":"https:\/\/messagenius.com\/it\/","sameAs":["https:\/\/www.linkedin.com\/company\/messagenius\/","https:\/\/www.facebook.com\/Messagenius\/"],"logo":{"@type":"ImageObject","inLanguage":"fr","@id":"https:\/\/messagenius.com\/it\/#\/schema\/logo\/image\/","url":"https:\/\/messagenius.com\/wp-content\/uploads\/2020\/04\/messagenius-logo-stand-left-scaled.jpg","contentUrl":"https:\/\/messagenius.com\/wp-content\/uploads\/2020\/04\/messagenius-logo-stand-left-scaled.jpg","width":2560,"height":2004,"caption":"Messagenius"},"image":{"@id":"https:\/\/messagenius.com\/it\/#\/schema\/logo\/image\/"}}]}},"_links":{"self":[{"href":"https:\/\/messagenius.com\/fr\/wp-json\/wp\/v2\/pages\/5976"}],"collection":[{"href":"https:\/\/messagenius.com\/fr\/wp-json\/wp\/v2\/pages"}],"about":[{"href":"https:\/\/messagenius.com\/fr\/wp-json\/wp\/v2\/types\/page"}],"author":[{"embeddable":true,"href":"https:\/\/messagenius.com\/fr\/wp-json\/wp\/v2\/users\/1"}],"replies":[{"embeddable":true,"href":"https:\/\/messagenius.com\/fr\/wp-json\/wp\/v2\/comments?post=5976"}],"version-history":[{"count":40,"href":"https:\/\/messagenius.com\/fr\/wp-json\/wp\/v2\/pages\/5976\/revisions"}],"predecessor-version":[{"id":6162,"href":"https:\/\/messagenius.com\/fr\/wp-json\/wp\/v2\/pages\/5976\/revisions\/6162"}],"wp:attachment":[{"href":"https:\/\/messagenius.com\/fr\/wp-json\/wp\/v2\/media?parent=5976"}],"curies":[{"name":"wp","href":"https:\/\/api.w.org\/{rel}","templated":true}]}}