{"id":9213,"date":"2020-07-08T09:53:08","date_gmt":"2020-07-08T07:53:08","guid":{"rendered":"https:\/\/messagenius.com\/?page_id=9213"},"modified":"2022-10-19T12:46:17","modified_gmt":"2022-10-19T10:46:17","slug":"messaging-for-on-field-workforce","status":"publish","type":"page","link":"https:\/\/messagenius.com\/es\/messaging-for-on-field-workforce\/","title":{"rendered":"Messaging for On-field Workforce"},"content":{"rendered":"<div class=\"container container-msg\">[vc_row  equal_height=\"yes\"  content_placement=\"middle\"  css=\".vc_custom_1595345698951{padding-top: 100px !important;padding-bottom: 100px !important;}\" ][vc_column][vc_column_text css_animation=&#8221;none&#8221;]<\/p>\n<h5 style=\"text-align: center;\"><span style=\"color: #21adbf;\">INSTANT COMMUNICATION WITH OPERATORS IN THE FIELD<\/span><\/h5>\n<h1 style=\"text-align: center;\">Messaging for On-field Workforce<\/h1>\n<p>[\/vc_column_text][vc_column_text css_animation=&#8221;none&#8221;]<\/p>\n<h4 style=\"text-align: center;\"><span style=\"color: #21adbf;\">Allowing every field worker to be connected, updated and communicate efficiently while on the field<\/span><\/h4>\n<p>[\/vc_column_text][vc_row_inner][vc_column_inner width=&#8221;1\/4&#8243;][\/vc_column_inner][vc_column_inner width=&#8221;1\/2&#8243;][vc_column_text]<\/p>\n<p style=\"text-align: center;\"><strong>Messagenius is the on-premises secure messaging app for on-field workers enabling smooth workflows and rapid communication with control rooms directly from the field<\/strong><\/p>\n<p>[\/vc_column_text][\/vc_column_inner][vc_column_inner width=&#8221;1\/4&#8243;][\/vc_column_inner][\/vc_row_inner][vc_row_inner][vc_column_inner][vc_column_text]<\/p>\n<p style=\"text-align: center;\"><a class=\"button-link button-primary-color\" href=\"\/contact-us\/\">Contact us<\/a><\/p>\n<p>[\/vc_column_text][\/vc_column_inner][\/vc_row_inner][\/vc_column][\/vc_row]<\/div>[vc_row  full_width=\"stretch_row\"  first_background_type=\"gradient\"  first_background_gradient=\"rgba(10,10,10,0.88)||rgba(10,5,5,0.05)||0;74||359||linear\"  css=\".vc_custom_1587038145431{background-color: #323c47 !important;}\" ]<div class=\"container container-msg\"><div class=\"vc_row vc_row-msg\">[vc_column][vc_column_text css=&#8221;.vc_custom_1587516733681{padding-top: 50px !important;padding-bottom: 50px !important;}&#8221; el_class=&#8221;dark&#8221;]<\/p>\n<h2 style=\"text-align: center;\">GDPR-Compliance<\/h2>\n<p class=\"subtitle\" style=\"text-align: center;\">Messagenius is 100% GDPR-compliant and Leak-proof.<br \/>\nWe don\u2019t involve third parties to store, access or use your data. And Messagenius itself doesn\u2019t have the access to your data.<\/p>\n<p>[\/vc_column_text][\/vc_column]<\/div><\/div>[\/vc_row]<div class=\"container container-msg\">[vc_row  full_height=\"yes\"  equal_height=\"yes\"  content_placement=\"middle\"  el_class=\"list-box\" ][vc_column width=&#8221;1\/2&#8243;][vc_column_text]<\/p>\n<h2>Everything you expect from a messaging app<\/h2>\n<p>[\/vc_column_text][vc_column_text]Just like any instant messaging app, Messagenius allows your office and remote workers to <strong>communicate fast &amp; effectively:<\/strong> send text &amp; voice messages, photos, videos, and docs directly from the field, also sending requests or reporting to the <strong>control room<\/strong> to optimise time &amp; efforts:[\/vc_column_text][vc_row_inner][vc_column_inner width=&#8221;1\/2&#8243;][vc_column_text]<\/p>\n<ul>\n<li>Text messages<\/li>\n<li>Voice messages<\/li>\n<li>Images<\/li>\n<li>Videos<\/li>\n<\/ul>\n<p>[\/vc_column_text][\/vc_column_inner][vc_column_inner width=&#8221;1\/2&#8243;][vc_column_text]<\/p>\n<ul>\n<li>Contacts<\/li>\n<li>Locations<\/li>\n<li>Emergency signals<\/li>\n<li>And much more&#8230;<\/li>\n<\/ul>\n<p>[\/vc_column_text][\/vc_column_inner][\/vc_row_inner][vc_column_text]<a class=\"button-link button-primary-color\" href=\"\/productivity-boost\/\">Learn more<\/a>[\/vc_column_text][\/vc_column][vc_column width=&#8221;1\/2&#8243;][vc_single_image image=&#8221;7635&#8243; img_size=&#8221;full&#8221;][\/vc_column][\/vc_row]<\/div><div class=\"container container-msg\">[vc_row  equal_height=\"yes\"  content_placement=\"middle\" ][vc_column][vc_column_text]<\/p>\n<h3 style=\"text-align: center;\">Messagenius offers all the features of IM together with advanced security and encryption that makes it all secure by design. Discover all the security aspects of Messagenius.<\/h3>\n<p>[\/vc_column_text][vc_column_text]<\/p>\n<p style=\"text-align: center;\"><a class=\"button-link button-primary-color\" href=\"\/security-and-data-ownership\/\">Security &amp; Data Ownership<\/a><\/p>\n<p>[\/vc_column_text][\/vc_column][\/vc_row]<\/div><div class=\"container container-msg\">[vc_row  equal_height=\"yes\"  content_placement=\"middle\"  css=\".vc_custom_1595345728148{padding-top: 100px !important;}\" ][vc_column width=&#8221;1\/2&#8243;][vc_single_image image=&#8221;7498&#8243; img_size=&#8221;full&#8221;][\/vc_column][vc_column width=&#8221;1\/2&#8243;][vc_column_text]<\/p>\n<h2>Create incident rooms in one click<\/h2>\n<p>[\/vc_column_text][vc_column_text]Messagenius allows field workers to create an incident room in one click directly from the field. Once created, the control room and operators in charge are automatically added to the incident room chat to exchange information, files, location, etc\u00a0 and resolve the issue.[\/vc_column_text][vc_column_text]<a class=\"button-link button-primary-color\" href=\"\/on-field-workforce\/\">Learn more<\/a>[\/vc_column_text][\/vc_column][\/vc_row]<\/div>[vc_row  full_width=\"stretch_row\"  first_background_type=\"gradient\"  first_background_gradient=\"rgba(10,10,10,0.88)||rgba(10,5,5,0.05)||0;74||359||linear\"  css=\".vc_custom_1595345739353{background-color: #efeff4 !important;}\" ]<div class=\"container container-msg\"><div class=\"vc_row vc_row-msg\">[vc_column][vc_column_text css=&#8221;.vc_custom_1592353201906{padding-top: 50px !important;padding-bottom: 50px !important;}&#8221; el_class=&#8221;dark&#8221;]<\/p>\n<h2 style=\"text-align: center;\"><span style=\"color: #323c47;\">Ready-Made for Integration<\/span><\/h2>\n<p class=\"subtitle\" style=\"text-align: center;\"><span style=\"color: #323c47;\">Integrate Messagenius right out of the box with your existing software tools. Finally, a secure enterprise all in one messenger that simplifies communication throughout different business processes.<\/span><\/p>\n<p>[\/vc_column_text][vc_column_text]<\/p>\n<p style=\"text-align: center;\"><a class=\"button-link button-primary-color\" href=\"\/seamless-integration\/\">Learn more<\/a><\/p>\n<p>[\/vc_column_text][\/vc_column]<\/div><\/div>[\/vc_row]<div class=\"container container-msg\">[vc_row  equal_height=\"yes\"  content_placement=\"middle\"  css=\".vc_custom_1595345746729{padding-top: 100px !important;}\" ][vc_column width=&#8221;1\/2&#8243;][vc_column_text]<\/p>\n<h2>Direct line with control rooms<\/h2>\n<p>[\/vc_column_text][vc_column_text]Control room panel contains all the necessary info on the field workers &#8211; location, role, tasks, incidents, contacts, etc. &#8211; to have a complete picture of the ongoing process on the field. Every field worker is displayed in a separate chat window, so the operators can manage multiple conversations at the same time.[\/vc_column_text][vc_column_text]<a class=\"button-link button-primary-color\" href=\"\/on-field-workforce\/\">Learn more<\/a>[\/vc_column_text][\/vc_column][vc_column width=&#8221;1\/2&#8243;][vc_single_image image=&#8221;7782&#8243; img_size=&#8221;full&#8221;][\/vc_column][\/vc_row]<\/div>[vc_row  full_width=\"stretch_row\"  equal_height=\"yes\"  content_placement=\"middle\"  css=\".vc_custom_1595345753971{padding-top: 100px !important;}\" ]<div class=\"container container-msg\"><div class=\"vc_row vc_row-msg\">[vc_column]<div class=\"templatera_shortcode\"><div class=\"vc_row wpb_row vc_row-fluid vc_row-o-equal-height vc_row-o-content-middle vc_row-flex\"><div class=\"wpb_column vc_column_container vc_col-sm-6\"><div class=\"vc_column-inner \"><div class=\"wpb_wrapper\">\n\t<div  class=\"wpb_single_image wpb_content_element vc_align_center  wpb_animate_when_almost_visible wpb_left-to-right left-to-right\">\n\t\t\n\t\t<figure class=\"wpb_wrapper vc_figure\">\n\t\t\t<div class=\"vc_single_image-wrapper   vc_box_border_grey\"><img width=\"1744\" height=\"1864\" src=\"https:\/\/messagenius.com\/wp-content\/uploads\/2020\/04\/COMP-Generic-Blast-Messages-Cards@2x.png\" class=\"vc_single_image-img attachment-full\" alt=\"\" loading=\"lazy\" title=\"COMP - Generic - Blast Messages Cards@2x\" srcset=\"https:\/\/messagenius.com\/wp-content\/uploads\/2020\/04\/COMP-Generic-Blast-Messages-Cards@2x.png 1744w, https:\/\/messagenius.com\/wp-content\/uploads\/2020\/04\/COMP-Generic-Blast-Messages-Cards@2x-281x300.png 281w, https:\/\/messagenius.com\/wp-content\/uploads\/2020\/04\/COMP-Generic-Blast-Messages-Cards@2x-958x1024.png 958w, https:\/\/messagenius.com\/wp-content\/uploads\/2020\/04\/COMP-Generic-Blast-Messages-Cards@2x-768x821.png 768w, https:\/\/messagenius.com\/wp-content\/uploads\/2020\/04\/COMP-Generic-Blast-Messages-Cards@2x-1437x1536.png 1437w\" sizes=\"(max-width: 1744px) 100vw, 1744px\" \/><\/div>\n\t\t<\/figure>\n\t<\/div>\n<\/div><\/div><\/div><div class=\"wpb_column vc_column_container vc_col-sm-6\"><div class=\"vc_column-inner \"><div class=\"wpb_wrapper\">\n\t<div class=\"wpb_text_column wpb_content_element  wpb_animate_when_almost_visible wpb_top-to-bottom top-to-bottom\" >\n\t\t<div class=\"wpb_wrapper\">\n\t\t\t<h2>Difusi\u00f3n de Mensajes Masivos<\/h2>\n\n\t\t<\/div>\n\t<\/div>\n\n\t<div class=\"wpb_text_column wpb_content_element  wpb_animate_when_almost_visible wpb_top-to-bottom top-to-bottom\" >\n\t\t<div class=\"wpb_wrapper\">\n\t\t\t<p>Env\u00eda<strong>un mensaje para toda los trabajadores<\/strong> en un solo clic. Transmite informaci\u00f3n relativa a cada miembro de la empresa con un solo mensaje, como \"Actualizaciones semanales\", \"Sesiones de formaci\u00f3n de equipos\", \"Noticias de actualizaci\u00f3n de software\", \"Festivos anuales\" y otros.<\/p>\n\n\t\t<\/div>\n\t<\/div>\n<\/div><\/div><\/div><\/div><\/div>[vc_column_text]<\/p>\n<h3 style=\"text-align: center;\">Discover our fully-featured messaging for on-field workers<\/h3>\n<p>[\/vc_column_text][vc_column_text]<\/p>\n<p style=\"text-align: center;\"><a class=\"button-link button-primary-color\" href=\"\/on-field-workforce\/\">Features for On-field Workforce<\/a><\/p>\n<p>[\/vc_column_text][\/vc_column]<\/div><\/div>[\/vc_row]<div data-vc-full-width=\"true\" data-vc-full-width-init=\"true\" data-vc-full-width-init-backup=\"false\" class=\"vc_row wpb_row vc_row-fluid vc_custom_1595345760076\"><div class=\"container container-msg\"><div class=\"vc_row vc_row-msg\"><div class=\"wpb_column vc_column_container vc_col-sm-3\"><div class=\"vc_column-inner \"><div class=\"wpb_wrapper\"><\/div><\/div><\/div><div class=\"wpb_column vc_column_container vc_col-sm-8\"><div class=\"vc_column-inner \"><div class=\"wpb_wrapper\">\n\t<div class=\"wpb_text_column wpb_content_element \" >\n\t\t<div class=\"wpb_wrapper\">\n\t\t\t<h3 style=\"text-align: center;\">Enable your field workers with the messaging tool designed for on-field workforce<\/h3>\n<p style=\"text-align: center;\">Give the right tools in the hands of your field workers. Make your field workforce connected at any time and place while on duty. Messagenius guarantees all the data exchanged among the field workers and operators stays in-house, on your private servers.<\/p>\n<p style=\"text-align: center;\"><a class=\"button-link button-primary-color\" href=\"\/contact-us\/\">Contact us<\/a><\/p>\n\n\t\t<\/div>\n\t<\/div>\n<\/div><\/div><\/div><div class=\"wpb_column vc_column_container vc_col-sm-3\"><div class=\"vc_column-inner \"><div class=\"wpb_wrapper\"><\/div><\/div><\/div><\/div><\/div><\/div><div class=\"vc_row-full-width vc_clearfix\"><\/div>\n","protected":false},"excerpt":{"rendered":"Difusi\u00f3n de Mensajes Masivos Env\u00edaun mensaje para toda los trabajadores en un solo clic. Transmite informaci\u00f3n relativa a cada miembro de la empresa con un solo mensaje, como \"Actualizaciones semanales\", \"Sesiones de formaci\u00f3n de equipos\", \"Noticias de actualizaci\u00f3n de software\", \"Festivos anuales\" y otros.","protected":false},"author":1,"featured_media":0,"parent":0,"menu_order":0,"comment_status":"closed","ping_status":"closed","template":"","meta":{"inline_featured_image":false,"_links_to":"","_links_to_target":""},"acf":[],"yoast_head":"<!-- This site is optimized with the Yoast SEO plugin v19.6.1 - https:\/\/yoast.com\/wordpress\/plugins\/seo\/ -->\n<title>Messaging for On-field Workforce | Messagenius Secure Messaging App<\/title>\n<meta name=\"description\" content=\"Manage your on-field workers via self-hosted messaging app. Set your office employees on a direct line with field operators with our IM app.\" \/>\n<meta name=\"robots\" content=\"index, follow, max-snippet:-1, max-image-preview:large, max-video-preview:-1\" \/>\n<link rel=\"canonical\" href=\"https:\/\/messagenius.com\/es\/messaging-for-on-field-workforce\/\" \/>\n<meta property=\"og:locale\" content=\"es_ES\" \/>\n<meta property=\"og:type\" content=\"article\" \/>\n<meta property=\"og:title\" content=\"Messaging for On-field Workforce | Messagenius Secure Messaging App\" \/>\n<meta property=\"og:description\" content=\"Manage your on-field workers via self-hosted messaging app. Set your office employees on a direct line with field operators with our IM app.\" \/>\n<meta property=\"og:url\" content=\"https:\/\/messagenius.com\/es\/messaging-for-on-field-workforce\/\" \/>\n<meta property=\"og:site_name\" content=\"Messagenius - Secure Enterprise Messaging\" \/>\n<meta property=\"article:publisher\" content=\"https:\/\/www.facebook.com\/Messagenius\/\" \/>\n<meta property=\"article:modified_time\" content=\"2022-10-19T10:46:17+00:00\" \/>\n<meta name=\"twitter:card\" content=\"summary_large_image\" \/>\n<meta name=\"twitter:label1\" content=\"Est. reading time\" \/>\n\t<meta name=\"twitter:data1\" content=\"3 minutes\" \/>\n<script type=\"application\/ld+json\" class=\"yoast-schema-graph\">{\"@context\":\"https:\/\/schema.org\",\"@graph\":[{\"@type\":\"WebPage\",\"@id\":\"https:\/\/messagenius.com\/es\/messaging-for-on-field-workforce\/\",\"url\":\"https:\/\/messagenius.com\/es\/messaging-for-on-field-workforce\/\",\"name\":\"Messaging for On-field Workforce | Messagenius Secure Messaging App\",\"isPartOf\":{\"@id\":\"https:\/\/messagenius.com\/it\/#website\"},\"datePublished\":\"2020-07-08T07:53:08+00:00\",\"dateModified\":\"2022-10-19T10:46:17+00:00\",\"description\":\"Manage your on-field workers via self-hosted messaging app. Set your office employees on a direct line with field operators with our IM app.\",\"breadcrumb\":{\"@id\":\"https:\/\/messagenius.com\/es\/messaging-for-on-field-workforce\/#breadcrumb\"},\"inLanguage\":\"es\",\"potentialAction\":[{\"@type\":\"ReadAction\",\"target\":[\"https:\/\/messagenius.com\/es\/messaging-for-on-field-workforce\/\"]}]},{\"@type\":\"BreadcrumbList\",\"@id\":\"https:\/\/messagenius.com\/es\/messaging-for-on-field-workforce\/#breadcrumb\",\"itemListElement\":[{\"@type\":\"ListItem\",\"position\":1,\"name\":\"Home\",\"item\":\"https:\/\/messagenius.com\/es\/home-content\/\"},{\"@type\":\"ListItem\",\"position\":2,\"name\":\"Messaging for On-field Workforce\"}]},{\"@type\":\"WebSite\",\"@id\":\"https:\/\/messagenius.com\/it\/#website\",\"url\":\"https:\/\/messagenius.com\/it\/\",\"name\":\"Messagenius - Secure Enterprise Messaging\",\"description\":\"The private instant messaging solution for organizations\",\"publisher\":{\"@id\":\"https:\/\/messagenius.com\/it\/#organization\"},\"potentialAction\":[{\"@type\":\"SearchAction\",\"target\":{\"@type\":\"EntryPoint\",\"urlTemplate\":\"https:\/\/messagenius.com\/it\/?s={search_term_string}\"},\"query-input\":\"required name=search_term_string\"}],\"inLanguage\":\"es\"},{\"@type\":\"Organization\",\"@id\":\"https:\/\/messagenius.com\/it\/#organization\",\"name\":\"Messagenius\",\"url\":\"https:\/\/messagenius.com\/it\/\",\"sameAs\":[\"https:\/\/www.linkedin.com\/company\/messagenius\/\",\"https:\/\/www.facebook.com\/Messagenius\/\"],\"logo\":{\"@type\":\"ImageObject\",\"inLanguage\":\"es\",\"@id\":\"https:\/\/messagenius.com\/it\/#\/schema\/logo\/image\/\",\"url\":\"https:\/\/messagenius.com\/wp-content\/uploads\/2020\/04\/messagenius-logo-stand-left-scaled.jpg\",\"contentUrl\":\"https:\/\/messagenius.com\/wp-content\/uploads\/2020\/04\/messagenius-logo-stand-left-scaled.jpg\",\"width\":2560,\"height\":2004,\"caption\":\"Messagenius\"},\"image\":{\"@id\":\"https:\/\/messagenius.com\/it\/#\/schema\/logo\/image\/\"}}]}<\/script>\n<!-- \/ Yoast SEO plugin. -->","yoast_head_json":{"title":"Messaging for On-field Workforce | Messagenius Secure Messaging App","description":"Manage your on-field workers via self-hosted messaging app. Set your office employees on a direct line with field operators with our IM app.","robots":{"index":"index","follow":"follow","max-snippet":"max-snippet:-1","max-image-preview":"max-image-preview:large","max-video-preview":"max-video-preview:-1"},"canonical":"https:\/\/messagenius.com\/es\/messaging-for-on-field-workforce\/","og_locale":"es_ES","og_type":"article","og_title":"Messaging for On-field Workforce | Messagenius Secure Messaging App","og_description":"Manage your on-field workers via self-hosted messaging app. Set your office employees on a direct line with field operators with our IM app.","og_url":"https:\/\/messagenius.com\/es\/messaging-for-on-field-workforce\/","og_site_name":"Messagenius - Secure Enterprise Messaging","article_publisher":"https:\/\/www.facebook.com\/Messagenius\/","article_modified_time":"2022-10-19T10:46:17+00:00","twitter_card":"summary_large_image","twitter_misc":{"Est. reading time":"3 minutes"},"schema":{"@context":"https:\/\/schema.org","@graph":[{"@type":"WebPage","@id":"https:\/\/messagenius.com\/es\/messaging-for-on-field-workforce\/","url":"https:\/\/messagenius.com\/es\/messaging-for-on-field-workforce\/","name":"Messaging for On-field Workforce | Messagenius Secure Messaging App","isPartOf":{"@id":"https:\/\/messagenius.com\/it\/#website"},"datePublished":"2020-07-08T07:53:08+00:00","dateModified":"2022-10-19T10:46:17+00:00","description":"Manage your on-field workers via self-hosted messaging app. Set your office employees on a direct line with field operators with our IM app.","breadcrumb":{"@id":"https:\/\/messagenius.com\/es\/messaging-for-on-field-workforce\/#breadcrumb"},"inLanguage":"es","potentialAction":[{"@type":"ReadAction","target":["https:\/\/messagenius.com\/es\/messaging-for-on-field-workforce\/"]}]},{"@type":"BreadcrumbList","@id":"https:\/\/messagenius.com\/es\/messaging-for-on-field-workforce\/#breadcrumb","itemListElement":[{"@type":"ListItem","position":1,"name":"Home","item":"https:\/\/messagenius.com\/es\/home-content\/"},{"@type":"ListItem","position":2,"name":"Messaging for On-field Workforce"}]},{"@type":"WebSite","@id":"https:\/\/messagenius.com\/it\/#website","url":"https:\/\/messagenius.com\/it\/","name":"Messagenius - Secure Enterprise Messaging","description":"The private instant messaging solution for organizations","publisher":{"@id":"https:\/\/messagenius.com\/it\/#organization"},"potentialAction":[{"@type":"SearchAction","target":{"@type":"EntryPoint","urlTemplate":"https:\/\/messagenius.com\/it\/?s={search_term_string}"},"query-input":"required name=search_term_string"}],"inLanguage":"es"},{"@type":"Organization","@id":"https:\/\/messagenius.com\/it\/#organization","name":"Messagenius","url":"https:\/\/messagenius.com\/it\/","sameAs":["https:\/\/www.linkedin.com\/company\/messagenius\/","https:\/\/www.facebook.com\/Messagenius\/"],"logo":{"@type":"ImageObject","inLanguage":"es","@id":"https:\/\/messagenius.com\/it\/#\/schema\/logo\/image\/","url":"https:\/\/messagenius.com\/wp-content\/uploads\/2020\/04\/messagenius-logo-stand-left-scaled.jpg","contentUrl":"https:\/\/messagenius.com\/wp-content\/uploads\/2020\/04\/messagenius-logo-stand-left-scaled.jpg","width":2560,"height":2004,"caption":"Messagenius"},"image":{"@id":"https:\/\/messagenius.com\/it\/#\/schema\/logo\/image\/"}}]}},"_links":{"self":[{"href":"https:\/\/messagenius.com\/es\/wp-json\/wp\/v2\/pages\/9213"}],"collection":[{"href":"https:\/\/messagenius.com\/es\/wp-json\/wp\/v2\/pages"}],"about":[{"href":"https:\/\/messagenius.com\/es\/wp-json\/wp\/v2\/types\/page"}],"author":[{"embeddable":true,"href":"https:\/\/messagenius.com\/es\/wp-json\/wp\/v2\/users\/1"}],"replies":[{"embeddable":true,"href":"https:\/\/messagenius.com\/es\/wp-json\/wp\/v2\/comments?post=9213"}],"version-history":[{"count":9,"href":"https:\/\/messagenius.com\/es\/wp-json\/wp\/v2\/pages\/9213\/revisions"}],"predecessor-version":[{"id":9435,"href":"https:\/\/messagenius.com\/es\/wp-json\/wp\/v2\/pages\/9213\/revisions\/9435"}],"wp:attachment":[{"href":"https:\/\/messagenius.com\/es\/wp-json\/wp\/v2\/media?parent=9213"}],"curies":[{"name":"wp","href":"https:\/\/api.w.org\/{rel}","templated":true}]}}