{"id":10153,"date":"2020-03-30T21:32:58","date_gmt":"2020-03-30T19:32:58","guid":{"rendered":"https:\/\/messagenius.com\/trabajadores-en-el-puesto-de-trabajo\/"},"modified":"2020-12-14T10:26:27","modified_gmt":"2020-12-14T09:26:27","slug":"trabajadores-en-el-puesto-de-trabajo","status":"publish","type":"page","link":"https:\/\/messagenius.com\/es\/trabajadores-en-el-puesto-de-trabajo\/","title":{"rendered":"Aplicaci\u00f3n de Mensajer\u00eda para Field Service"},"content":{"rendered":"<div class=\"container container-msg\">[vc_row  full_height=\"yes\"  equal_height=\"yes\"  content_placement=\"middle\" ][vc_column width=&#8221;1\/2&#8243;][vc_column_text css_animation=&#8221;none&#8221;]<\/p>\n<h1>Mensajes Instant\u00e1neos y Seguros para Trabajadores en Remoto<\/h1>\n<p>[\/vc_column_text][vc_column_text css_animation=&#8221;none&#8221;]<strong>Disponible como una aplicaci\u00f3n white-label o como una integraci\u00f3n de mensajer\u00eda a trav\u00e9s de SDK.<\/strong><br \/>\nCon una instalaci\u00f3n en la nube\/servidor privado, Messagenius garantiza que todos los datos permanezcan en la empresa y sean propiedad exclusiva del cliente.<\/p>\n<ul>\n<li>Comunicaci\u00f3n instant\u00e1nea y seguimiento del progreso en tiempo real<\/li>\n<li>Conexi\u00f3n directa y bidireccional con las salas de control y los trabajadores<\/li>\n<li>Automatizaci\u00f3n de tareas, sala de incidentes, exportaciones de chat y m\u00e1s<\/li>\n<\/ul>\n<p>[\/vc_column_text][\/vc_column][vc_column width=&#8221;1\/2&#8243;][vc_single_image image=&#8221;7465&#8243; img_size=&#8221;full&#8221; alignment=&#8221;center&#8221; css_animation=&#8221;none&#8221;][\/vc_column][\/vc_row]<\/div>[vc_row  full_width=\"stretch_row\"  enable_first_overlay=\"true\"  first_overlay_opacity=\"100\"  first_background_type=\"gradient\"  first_background_gradient=\"rgba(10,10,10,0.88)||rgba(10,5,5,0.05)||0;74||359||linear\"  css=\".vc_custom_1586389184904{background: #485866 url(https:\\\/\\\/messagenius.com\\\/wp-content\\\/uploads\\\/2020\\\/04\\\/iStock-831540338-e1586373296189.jpg?id=7417) !important;}\" ]<div class=\"container container-msg\"><div class=\"vc_row vc_row-msg\">[vc_column][vc_column_text css=&#8221;.vc_custom_1586388844866{padding-top: 50px !important;padding-bottom: 50px !important;}&#8221; el_class=&#8221;dark&#8221;]<\/p>\n<h2 style=\"text-align: center;\">Manteniendo a los Trabajadores Conectados y Productivos<\/h2>\n<p class=\"subtitle\" style=\"text-align: center;\">Los equipos de personal de campo mantienen el mundo que conocemos funcionando sin problemas. Desde el mantenimiento de torres de antenas hasta la reparaci\u00f3n de unidades de calefacci\u00f3n y aire acondicionado, la comunicaci\u00f3n con los trabajadores en el campo es esencial para hacer el trabajo.<\/p>\n<p>[\/vc_column_text][\/vc_column]<\/div><\/div>[\/vc_row][vc_row  full_width=\"stretch_row\"  gap=\"20\"  equal_height=\"yes\"  css=\".vc_custom_1586360984523{padding-top: 100px !important;}\" ]<div class=\"container container-msg\"><div class=\"vc_row vc_row-msg\">[vc_column width=&#8221;1\/3&#8243;][vc_icon icon_fontawesome=&#8221;fas fa-compress-arrows-alt&#8221; color=&#8221;custom&#8221; align=&#8221;center&#8221; custom_color=&#8221;#1eadbf&#8221;][vc_column_text]<\/p>\n<p style=\"text-align: center;\"><strong>Aplicaci\u00f3n de Mensajer\u00eda<\/strong><\/p>\n<p style=\"text-align: center;\">Haz que los trabajadores de campo est\u00e9n siempre conectados para una resoluci\u00f3n r\u00e1pida de problemas, informes f\u00e1ciles, chats instant\u00e1neos con salas de control y m\u00e1s<\/p>\n<p>[\/vc_column_text][\/vc_column][vc_column width=&#8221;1\/3&#8243;][vc_icon icon_fontawesome=&#8221;fas fa-plug&#8221; color=&#8221;custom&#8221; align=&#8221;center&#8221; custom_color=&#8221;#1eadbf&#8221;][vc_column_text]<\/p>\n<p style=\"text-align: center;\"><strong>Integraci\u00f3n Sin Fisuras<\/strong><\/p>\n<p style=\"text-align: center;\">Messagenius como un sistema de mensajer\u00eda en tu software para conectar a los trabajadores y garantizar unos flujos de trabajo fluidos<\/p>\n<p>[\/vc_column_text][\/vc_column][vc_column width=&#8221;1\/3&#8243;][vc_icon icon_fontawesome=&#8221;fas fa-user-lock&#8221; color=&#8221;custom&#8221; align=&#8221;center&#8221; custom_color=&#8221;#1eadbf&#8221;][vc_column_text]<\/p>\n<p style=\"text-align: center;\"><strong>Cumple con la GDPR<\/strong><\/p>\n<p style=\"text-align: center;\">Manteniendo los datos en las instalaciones, bajo propiedad exclusiva de nuestro cliente, Messagenius hace que cada cliente cumpla con la normativa al 100%<\/p>\n<p>[\/vc_column_text][\/vc_column]<\/div><\/div>[\/vc_row]<div class=\"container container-msg\">[vc_row  full_height=\"yes\"  equal_height=\"yes\"  content_placement=\"middle\" ][vc_column width=&#8221;1\/2&#8243;][vc_single_image image=&#8221;7468&#8243; img_size=&#8221;full&#8221; alignment=&#8221;center&#8221; css_animation=&#8221;none&#8221;][\/vc_column][vc_column width=&#8221;1\/2&#8243;][vc_column_text css_animation=&#8221;none&#8221;]<\/p>\n<h2>Todo lo que esperas de una aplicaci\u00f3n de mensajer\u00eda<\/h2>\n<p>[\/vc_column_text][vc_column_text css_animation=&#8221;none&#8221;]Al igual que cualquier aplicaci\u00f3n de mensajer\u00eda instant\u00e1nea, Messagenius permite a los trabajadores de campo<strong> comunicarse r\u00e1pida y eficazmente:<\/strong> enviar mensajes de texto y de voz, fotos, v\u00eddeos y documentos directamente desde el campo, y tambi\u00e9n enviar solicitudes o informes a la <strong>sala de control<\/strong> para optimizar tiempos y esfuerzos[\/vc_column_text][vc_row_inner][vc_column_inner width=&#8221;1\/2&#8243;][vc_column_text css_animation=&#8221;top-to-bottom&#8221;]<\/p>\n<ul>\n<li>Texto<\/li>\n<li>Mensaje de voz<\/li>\n<li>Im\u00e1genes<\/li>\n<li>V\u00eddeos<\/li>\n<\/ul>\n<p>[\/vc_column_text][\/vc_column_inner][vc_column_inner width=&#8221;1\/2&#8243;][vc_column_text css_animation=&#8221;top-to-bottom&#8221;]<\/p>\n<ul>\n<li>Contactos<\/li>\n<li>Ubicaciones<\/li>\n<li>Se\u00f1ales de emergencia<\/li>\n<li>Y mucho m\u00e1s&#8230;<\/li>\n<\/ul>\n<p>[\/vc_column_text][\/vc_column_inner][\/vc_row_inner][\/vc_column][\/vc_row]<\/div><div class=\"container container-msg\">[vc_row  css=\".vc_custom_1588198898593{padding-top: 50px !important;padding-bottom: 50px !important;}\" ][vc_column][vc_column_text]<\/p>\n<h2 style=\"text-align: center;\">Comunicaci\u00f3n Mejorada del Equipo de Campo<\/h2>\n<p class=\"subtitle\" style=\"text-align: center;\">Hemos dise\u00f1ado algunas caracter\u00edsticas \u00fanicas para administradores y gerentes que facilitan la administraci\u00f3n de trabajadores remotos desde la sala de control:<\/p>\n<p>[\/vc_column_text][\/vc_column][\/vc_row]<\/div><div class=\"container container-msg\">[vc_row  equal_height=\"yes\"  content_placement=\"middle\" ][vc_column width=&#8221;1\/2&#8243;][vc_column_text css_animation=&#8221;top-to-bottom&#8221;]<\/p>\n<h2>Mensajes Prioritarios<\/h2>\n<p>[\/vc_column_text][vc_column_text css_animation=&#8221;top-to-bottom&#8221;]<\/p>\n<p style=\"text-align: left;\">Establece &#8220;Alta prioridad&#8221; para un mensaje que contenga informaci\u00f3n importante, y el mensaje se resaltar\u00e1 en el chat para llamar m\u00e1s la atenci\u00f3n sobre la informaci\u00f3n o la solicitud.<\/p>\n<p>[\/vc_column_text][\/vc_column][vc_column width=&#8221;1\/2&#8243;][vc_single_image image=&#8221;7471&#8243; img_size=&#8221;full&#8221; alignment=&#8221;center&#8221; css_animation=&#8221;none&#8221;][\/vc_column][\/vc_row]<\/div><div class=\"container container-msg\">[vc_row  equal_height=\"yes\"  content_placement=\"middle\"  css=\".vc_custom_1590583835894{padding-top: 60px !important;}\" ][vc_column width=&#8221;1\/2&#8243;][vc_single_image image=&#8221;7475&#8243; img_size=&#8221;full&#8221; alignment=&#8221;center&#8221; css_animation=&#8221;none&#8221; el_class=&#8221;features-grid&#8221;][\/vc_column][vc_column width=&#8221;1\/2&#8243;][vc_column_text css_animation=&#8221;top-to-bottom&#8221;]<\/p>\n<h2>Comprobante de Entrega y Autenticaci\u00f3n Biom\u00e9trica<\/h2>\n<p>[\/vc_column_text][vc_column_text css_animation=&#8221;top-to-bottom&#8221;]<\/p>\n<p style=\"text-align: left;\">Dise\u00f1ado para informaci\u00f3n altamente confidencial para garantizar que el mensaje sea le\u00eddo por la persona adecuada: configura el descifrado de huellas digitales para recibir notificaciones de qui\u00e9n y cu\u00e1ndo ley\u00f3 su mensaje<\/p>\n<p>[\/vc_column_text][\/vc_column][\/vc_row]<\/div>[vc_row  full_width=\"stretch_row\"  css=\".vc_custom_1586399272687{padding-top: 100px !important;padding-bottom: 100px !important;background-color: #f7f7f7 !important;}\" ]<div class=\"container container-msg\"><div class=\"vc_row vc_row-msg\">[vc_column][vc_column_text]<\/p>\n<h2 style=\"text-align: center;\">Funciones de la Sala de Control Administrativa<\/h2>\n<p style=\"text-align: center;\">Messagenius proporciona una l\u00ednea directa de comunicaci\u00f3n entre los trabajadores de campo y la sala de control. Hemos dise\u00f1ado funciones \u00fanicas para administradores y gerentes que facilitan la administraci\u00f3n de trabajadores remotos desde la sala de control:<\/p>\n<p>[\/vc_column_text][vc_single_image image=&#8221;7493&#8243; img_size=&#8221;full&#8221; alignment=&#8221;center&#8221; css_animation=&#8221;bottom-to-top&#8221; el_class=&#8221;features-grid&#8221;][\/vc_column]<\/div><\/div>[\/vc_row]<div class=\"container container-msg\">[vc_row  equal_height=\"yes\"  content_placement=\"middle\"  css=\".vc_custom_1590583835894{padding-top: 60px !important;}\" ][vc_column width=&#8221;1\/2&#8243;][vc_column_text css_animation=&#8221;none&#8221;]<\/p>\n<h2>Crear Sala de Incidentes<\/h2>\n<p>[\/vc_column_text][vc_column_text css_animation=&#8221;none&#8221;]Los trabajadores de campo pueden crear un chat en la sala de incidentes con un solo clic. La sala de control y los trabajadores relevantes dentro y fuera del campo se agregan autom\u00e1ticamente al chat. El resumen de la sala de incidentes contiene toda la informaci\u00f3n necesaria (usuarios, roles, ubicaci\u00f3n y descripci\u00f3n del problema), por lo que cada miembro del chat est\u00e1 actualizado desde el principio.[\/vc_column_text][\/vc_column][vc_column width=&#8221;1\/2&#8243;][vc_single_image image=&#8221;7498&#8243; img_size=&#8221;full&#8221; alignment=&#8221;center&#8221; css_animation=&#8221;none&#8221;][\/vc_column][\/vc_row]<\/div>[vc_row  full_width=\"stretch_row\"  equal_height=\"yes\"  content_placement=\"middle\"  css=\".vc_custom_1590584070080{padding-top: 60px !important;background-color: #f9f9f9 !important;}\" ]<div class=\"container container-msg\"><div class=\"vc_row vc_row-msg\">[vc_column width=&#8221;1\/2&#8243;][vc_single_image image=&#8221;7484&#8243; img_size=&#8221;full&#8221; alignment=&#8221;center&#8221; css_animation=&#8221;none&#8221;][\/vc_column][vc_column width=&#8221;1\/2&#8243;][vc_column_text css_animation=&#8221;none&#8221;]<\/p>\n<h2>Mensajes Masivos<\/h2>\n<p>[\/vc_column_text][vc_column_text css_animation=&#8221;none&#8221;]Los usuarios y operadores dedicados de la sala de control pueden difundir mensajes masivos para informar a todos al mismo tiempo. Con solo un mensaje y un clic en &#8220;Mensaje massivo&#8221; todos son notificados, en lugar de seleccionar los destinatarios en listas de contactos interminables.[\/vc_column_text][\/vc_column]<\/div><\/div>[\/vc_row]<div class=\"container container-msg\">[vc_row  equal_height=\"yes\"  content_placement=\"middle\"  css=\".vc_custom_1590583835894{padding-top: 60px !important;}\" ][vc_column width=&#8221;1\/2&#8243;][vc_column_text css_animation=&#8221;none&#8221;]<\/p>\n<h2>Automatiza completamente las asignaciones de tareas y el recordatorio<\/h2>\n<p>[\/vc_column_text][vc_column_text css_animation=&#8221;none&#8221;]Los botones de tareas preestablecidas permiten a los trabajadores de campo seleccionar las tareas y ser asignados directamente desde el chat. En caso de cambios, un trabajador puede delegar la tarea a cualquier miembro del equipo disponible. Todas las interacciones se simplifican, automatizan y monitorizan desde la sala de control[\/vc_column_text][\/vc_column][vc_column width=&#8221;1\/2&#8243;][vc_single_image image=&#8221;8564&#8243; img_size=&#8221;full&#8221; alignment=&#8221;center&#8221; css_animation=&#8221;none&#8221;][\/vc_column][\/vc_row]<\/div>\n","protected":false},"excerpt":{"rendered":"<p>[vc_row full_height=&#8221;yes&#8221; equal_height=&#8221;yes&#8221; content_placement=&#8221;middle&#8221; ][vc_column width=&#8221;1\/2&#8243;][vc_column_text css_animation=&#8221;none&#8221;] Mensajes Instant\u00e1neos y Seguros para Trabajadores en Remoto [\/vc_column_text][vc_column_text css_animation=&#8221;none&#8221;]Disponible como una aplicaci\u00f3n white-label o como una integraci\u00f3n de mensajer\u00eda a trav\u00e9s de SDK. Con una instalaci\u00f3n en la nube\/servidor privado, Messagenius garantiza que todos los datos permanezcan en la empresa y sean propiedad exclusiva del cliente. Comunicaci\u00f3n [&hellip;]<\/p>\n","protected":false},"author":2,"featured_media":0,"parent":0,"menu_order":0,"comment_status":"closed","ping_status":"closed","template":"","meta":{"inline_featured_image":false,"_links_to":"","_links_to_target":""},"acf":[],"yoast_head":"<!-- This site is optimized with the Yoast SEO plugin v19.6.1 - https:\/\/yoast.com\/wordpress\/plugins\/seo\/ -->\n<title>Aplicaci\u00f3n de Mensajer\u00eda para Field Service | Messagenius - Secure Enterprise Messaging<\/title>\n<meta name=\"description\" content=\"Messagenius es una aplicaci\u00f3n de mensajer\u00eda instant\u00e1nea perfecta para trabajadores que garantiza que todos est\u00e9n conectados desde cualquier lugar de trabajo y sean capaces de comunicarse de forma r\u00e1pida y segura.\" \/>\n<meta name=\"robots\" content=\"index, follow, max-snippet:-1, max-image-preview:large, max-video-preview:-1\" \/>\n<link rel=\"canonical\" href=\"https:\/\/messagenius.com\/es\/trabajadores-en-el-puesto-de-trabajo\/\" \/>\n<meta property=\"og:locale\" content=\"es_ES\" \/>\n<meta property=\"og:type\" content=\"article\" \/>\n<meta property=\"og:title\" content=\"Aplicaci\u00f3n de Mensajer\u00eda para Field Service | Messagenius - Secure Enterprise Messaging\" \/>\n<meta property=\"og:description\" content=\"Messagenius es una aplicaci\u00f3n de mensajer\u00eda instant\u00e1nea perfecta para trabajadores que garantiza que todos est\u00e9n conectados desde cualquier lugar de trabajo y sean capaces de comunicarse de forma r\u00e1pida y segura.\" \/>\n<meta property=\"og:url\" content=\"https:\/\/messagenius.com\/es\/trabajadores-en-el-puesto-de-trabajo\/\" \/>\n<meta property=\"og:site_name\" content=\"Messagenius - Secure Enterprise Messaging\" \/>\n<meta property=\"article:publisher\" content=\"https:\/\/www.facebook.com\/Messagenius\/\" \/>\n<meta property=\"article:modified_time\" content=\"2020-12-14T09:26:27+00:00\" \/>\n<meta name=\"twitter:card\" content=\"summary_large_image\" \/>\n<script type=\"application\/ld+json\" class=\"yoast-schema-graph\">{\"@context\":\"https:\/\/schema.org\",\"@graph\":[{\"@type\":\"WebPage\",\"@id\":\"https:\/\/messagenius.com\/es\/trabajadores-en-el-puesto-de-trabajo\/\",\"url\":\"https:\/\/messagenius.com\/es\/trabajadores-en-el-puesto-de-trabajo\/\",\"name\":\"Aplicaci\u00f3n de Mensajer\u00eda para Field Service | Messagenius - Secure Enterprise Messaging\",\"isPartOf\":{\"@id\":\"https:\/\/messagenius.com\/it\/#website\"},\"datePublished\":\"2020-03-30T19:32:58+00:00\",\"dateModified\":\"2020-12-14T09:26:27+00:00\",\"description\":\"Messagenius es una aplicaci\u00f3n de mensajer\u00eda instant\u00e1nea perfecta para trabajadores que garantiza que todos est\u00e9n conectados desde cualquier lugar de trabajo y sean capaces de comunicarse de forma r\u00e1pida y segura.\",\"breadcrumb\":{\"@id\":\"https:\/\/messagenius.com\/es\/trabajadores-en-el-puesto-de-trabajo\/#breadcrumb\"},\"inLanguage\":\"es\",\"potentialAction\":[{\"@type\":\"ReadAction\",\"target\":[\"https:\/\/messagenius.com\/es\/trabajadores-en-el-puesto-de-trabajo\/\"]}]},{\"@type\":\"BreadcrumbList\",\"@id\":\"https:\/\/messagenius.com\/es\/trabajadores-en-el-puesto-de-trabajo\/#breadcrumb\",\"itemListElement\":[{\"@type\":\"ListItem\",\"position\":1,\"name\":\"Home\",\"item\":\"https:\/\/messagenius.com\/es\/home-content\/\"},{\"@type\":\"ListItem\",\"position\":2,\"name\":\"Aplicaci\u00f3n de Mensajer\u00eda para Field Service\"}]},{\"@type\":\"WebSite\",\"@id\":\"https:\/\/messagenius.com\/it\/#website\",\"url\":\"https:\/\/messagenius.com\/it\/\",\"name\":\"Messagenius - Secure Enterprise Messaging\",\"description\":\"The private instant messaging solution for organizations\",\"publisher\":{\"@id\":\"https:\/\/messagenius.com\/it\/#organization\"},\"potentialAction\":[{\"@type\":\"SearchAction\",\"target\":{\"@type\":\"EntryPoint\",\"urlTemplate\":\"https:\/\/messagenius.com\/it\/?s={search_term_string}\"},\"query-input\":\"required name=search_term_string\"}],\"inLanguage\":\"es\"},{\"@type\":\"Organization\",\"@id\":\"https:\/\/messagenius.com\/it\/#organization\",\"name\":\"Messagenius\",\"url\":\"https:\/\/messagenius.com\/it\/\",\"sameAs\":[\"https:\/\/www.linkedin.com\/company\/messagenius\/\",\"https:\/\/www.facebook.com\/Messagenius\/\"],\"logo\":{\"@type\":\"ImageObject\",\"inLanguage\":\"es\",\"@id\":\"https:\/\/messagenius.com\/it\/#\/schema\/logo\/image\/\",\"url\":\"https:\/\/messagenius.com\/wp-content\/uploads\/2020\/04\/messagenius-logo-stand-left-scaled.jpg\",\"contentUrl\":\"https:\/\/messagenius.com\/wp-content\/uploads\/2020\/04\/messagenius-logo-stand-left-scaled.jpg\",\"width\":2560,\"height\":2004,\"caption\":\"Messagenius\"},\"image\":{\"@id\":\"https:\/\/messagenius.com\/it\/#\/schema\/logo\/image\/\"}}]}<\/script>\n<!-- \/ Yoast SEO plugin. -->","yoast_head_json":{"title":"Aplicaci\u00f3n de Mensajer\u00eda para Field Service | Messagenius - Secure Enterprise Messaging","description":"Messagenius es una aplicaci\u00f3n de mensajer\u00eda instant\u00e1nea perfecta para trabajadores que garantiza que todos est\u00e9n conectados desde cualquier lugar de trabajo y sean capaces de comunicarse de forma r\u00e1pida y segura.","robots":{"index":"index","follow":"follow","max-snippet":"max-snippet:-1","max-image-preview":"max-image-preview:large","max-video-preview":"max-video-preview:-1"},"canonical":"https:\/\/messagenius.com\/es\/trabajadores-en-el-puesto-de-trabajo\/","og_locale":"es_ES","og_type":"article","og_title":"Aplicaci\u00f3n de Mensajer\u00eda para Field Service | Messagenius - Secure Enterprise Messaging","og_description":"Messagenius es una aplicaci\u00f3n de mensajer\u00eda instant\u00e1nea perfecta para trabajadores que garantiza que todos est\u00e9n conectados desde cualquier lugar de trabajo y sean capaces de comunicarse de forma r\u00e1pida y segura.","og_url":"https:\/\/messagenius.com\/es\/trabajadores-en-el-puesto-de-trabajo\/","og_site_name":"Messagenius - Secure Enterprise Messaging","article_publisher":"https:\/\/www.facebook.com\/Messagenius\/","article_modified_time":"2020-12-14T09:26:27+00:00","twitter_card":"summary_large_image","schema":{"@context":"https:\/\/schema.org","@graph":[{"@type":"WebPage","@id":"https:\/\/messagenius.com\/es\/trabajadores-en-el-puesto-de-trabajo\/","url":"https:\/\/messagenius.com\/es\/trabajadores-en-el-puesto-de-trabajo\/","name":"Aplicaci\u00f3n de Mensajer\u00eda para Field Service | Messagenius - Secure Enterprise Messaging","isPartOf":{"@id":"https:\/\/messagenius.com\/it\/#website"},"datePublished":"2020-03-30T19:32:58+00:00","dateModified":"2020-12-14T09:26:27+00:00","description":"Messagenius es una aplicaci\u00f3n de mensajer\u00eda instant\u00e1nea perfecta para trabajadores que garantiza que todos est\u00e9n conectados desde cualquier lugar de trabajo y sean capaces de comunicarse de forma r\u00e1pida y segura.","breadcrumb":{"@id":"https:\/\/messagenius.com\/es\/trabajadores-en-el-puesto-de-trabajo\/#breadcrumb"},"inLanguage":"es","potentialAction":[{"@type":"ReadAction","target":["https:\/\/messagenius.com\/es\/trabajadores-en-el-puesto-de-trabajo\/"]}]},{"@type":"BreadcrumbList","@id":"https:\/\/messagenius.com\/es\/trabajadores-en-el-puesto-de-trabajo\/#breadcrumb","itemListElement":[{"@type":"ListItem","position":1,"name":"Home","item":"https:\/\/messagenius.com\/es\/home-content\/"},{"@type":"ListItem","position":2,"name":"Aplicaci\u00f3n de Mensajer\u00eda para Field Service"}]},{"@type":"WebSite","@id":"https:\/\/messagenius.com\/it\/#website","url":"https:\/\/messagenius.com\/it\/","name":"Messagenius - Secure Enterprise Messaging","description":"The private instant messaging solution for organizations","publisher":{"@id":"https:\/\/messagenius.com\/it\/#organization"},"potentialAction":[{"@type":"SearchAction","target":{"@type":"EntryPoint","urlTemplate":"https:\/\/messagenius.com\/it\/?s={search_term_string}"},"query-input":"required name=search_term_string"}],"inLanguage":"es"},{"@type":"Organization","@id":"https:\/\/messagenius.com\/it\/#organization","name":"Messagenius","url":"https:\/\/messagenius.com\/it\/","sameAs":["https:\/\/www.linkedin.com\/company\/messagenius\/","https:\/\/www.facebook.com\/Messagenius\/"],"logo":{"@type":"ImageObject","inLanguage":"es","@id":"https:\/\/messagenius.com\/it\/#\/schema\/logo\/image\/","url":"https:\/\/messagenius.com\/wp-content\/uploads\/2020\/04\/messagenius-logo-stand-left-scaled.jpg","contentUrl":"https:\/\/messagenius.com\/wp-content\/uploads\/2020\/04\/messagenius-logo-stand-left-scaled.jpg","width":2560,"height":2004,"caption":"Messagenius"},"image":{"@id":"https:\/\/messagenius.com\/it\/#\/schema\/logo\/image\/"}}]}},"_links":{"self":[{"href":"https:\/\/messagenius.com\/es\/wp-json\/wp\/v2\/pages\/10153"}],"collection":[{"href":"https:\/\/messagenius.com\/es\/wp-json\/wp\/v2\/pages"}],"about":[{"href":"https:\/\/messagenius.com\/es\/wp-json\/wp\/v2\/types\/page"}],"author":[{"embeddable":true,"href":"https:\/\/messagenius.com\/es\/wp-json\/wp\/v2\/users\/2"}],"replies":[{"embeddable":true,"href":"https:\/\/messagenius.com\/es\/wp-json\/wp\/v2\/comments?post=10153"}],"version-history":[{"count":14,"href":"https:\/\/messagenius.com\/es\/wp-json\/wp\/v2\/pages\/10153\/revisions"}],"predecessor-version":[{"id":10167,"href":"https:\/\/messagenius.com\/es\/wp-json\/wp\/v2\/pages\/10153\/revisions\/10167"}],"wp:attachment":[{"href":"https:\/\/messagenius.com\/es\/wp-json\/wp\/v2\/media?parent=10153"}],"curies":[{"name":"wp","href":"https:\/\/api.w.org\/{rel}","templated":true}]}}