{"id":10135,"date":"2020-04-17T10:59:20","date_gmt":"2020-04-17T08:59:20","guid":{"rendered":"https:\/\/messagenius.com\/aumento-de-la-productividad\/"},"modified":"2020-12-17T21:56:41","modified_gmt":"2020-12-17T20:56:41","slug":"aumento-de-la-productividad","status":"publish","type":"page","link":"https:\/\/messagenius.com\/es\/aumento-de-la-productividad\/","title":{"rendered":"Aumento de Productividad"},"content":{"rendered":"<div class=\"container container-msg\">[vc_row  full_height=\"yes\"  equal_height=\"yes\"  content_placement=\"middle\" ][vc_column width=&#8221;1\/2&#8243;][vc_column_text css_animation=&#8221;top-to-bottom&#8221;]<\/p>\n<h1>Aplicaci\u00f3n de mensajer\u00eda dise\u00f1ada para un trabajo inteligente y eficiente<\/h1>\n<p>[\/vc_column_text][vc_column_text css_animation=&#8221;bottom-to-top&#8221;]Aumenta la productividad con Messagenius. Todas las caracteristicas de la <strong>Mensajer\u00eda instant\u00e1nea<\/strong> mejoradas para equipos, departamentos, C-level y trabajadores de campo con <strong>flujos de trabajo fluidos y eficientes<\/strong> en cualquier lugar de trabajo<\/p>\n<ul>\n<li>Mensajes de texto y de voz, fotos, v\u00eddeos, documentos y uso compartido de la ubicaci\u00f3n<\/li>\n<li>Directorio inteligente de contactos con filtros personalizados<\/li>\n<li>Cuentas de departamento, #canales, mensajes masivos<\/li>\n<\/ul>\n<p>[\/vc_column_text][\/vc_column][vc_column width=&#8221;1\/2&#8243;][vc_single_image image=&#8221;7635&#8243; img_size=&#8221;full&#8221; alignment=&#8221;center&#8221; css_animation=&#8221;right-to-left&#8221;][\/vc_column][\/vc_row]<\/div>[vc_row  full_width=\"stretch_row\"  first_background_type=\"gradient\"  first_background_gradient=\"rgba(10,10,10,0.88)||rgba(10,5,5,0.05)||0;74||359||linear\"  css=\".vc_custom_1587038145431{background-color: #323c47 !important;}\" ]<div class=\"container container-msg\"><div class=\"vc_row vc_row-msg\">[vc_column][vc_column_text css=&#8221;.vc_custom_1587510954719{padding-top: 50px !important;padding-bottom: 50px !important;}&#8221; el_class=&#8221;dark&#8221;]<\/p>\n<h2 style=\"text-align: center;\">Intercambio de Informaci\u00f3n Seguro e Instant\u00e1neo<\/h2>\n<p class=\"subtitle\" style=\"text-align: center;\">Desde mensajes de texto y audio hasta documentos y fotos, los empleados pueden compartir cualquier informaci\u00f3n al instante y sin riesgos para la seguridad de los datos. Ya sea en la oficina o de forma remota, todos los trabajadores est\u00e1n conectados, actualizados y resuelven sus problemas en pocos mensajes.<\/p>\n<p>[\/vc_column_text][\/vc_column]<\/div><\/div>[\/vc_row]<div class=\"container container-msg\">[vc_row  full_height=\"yes\"  equal_height=\"yes\"  content_placement=\"middle\"  css=\".vc_custom_1590488553858{padding-top: 50px !important;}\" ][vc_column width=&#8221;1\/3&#8243;][vc_single_image image=&#8221;7612&#8243; img_size=&#8221;medium&#8221; alignment=&#8221;center&#8221; css_animation=&#8221;bottom-to-top&#8221;][vc_column_text css_animation=&#8221;top-to-bottom&#8221;]<\/p>\n<h3 style=\"text-align: center;\">Mensajes de Texto<\/h3>\n<p>[\/vc_column_text][vc_column_text css_animation=&#8221;top-to-bottom&#8221;]<\/p>\n<p style=\"text-align: center;\">Ahorra tiempo y mantente concentrado enviando mensajes seguros a sus compa\u00f1eros en un instante gracias a la mensajer\u00eda privada de Messagenius.<\/p>\n<p>[\/vc_column_text][vc_single_image image=&#8221;7609&#8243; img_size=&#8221;medium&#8221; alignment=&#8221;center&#8221; css_animation=&#8221;bottom-to-top&#8221;][vc_column_text css_animation=&#8221;top-to-bottom&#8221;]<\/p>\n<h3 style=\"text-align: center;\">Archivos<\/h3>\n<p>[\/vc_column_text][vc_column_text css_animation=&#8221;top-to-bottom&#8221;]<\/p>\n<p style=\"text-align: center;\">Intercambia archivos y documentos en segundos con nuestra aplicaci\u00f3n de mensajer\u00eda cifrada, segura y a prueba de fugas.<\/p>\n<p>[\/vc_column_text][\/vc_column][vc_column width=&#8221;1\/3&#8243;][vc_single_image image=&#8221;7632&#8243; img_size=&#8221;medium&#8221; alignment=&#8221;center&#8221; css_animation=&#8221;bottom-to-top&#8221;][vc_column_text css_animation=&#8221;top-to-bottom&#8221;]<\/p>\n<h3 style=\"text-align: center;\">Mensajes de Voz<\/h3>\n<p>[\/vc_column_text][vc_column_text css_animation=&#8221;top-to-bottom&#8221;]<\/p>\n<p style=\"text-align: center;\">Nuestro sistema patentado de un toque le permite enviar mensajes de voz con un solo clic. Di adi\u00f3s a las llamadas y los largos correos electr\u00f3nicos.<\/p>\n<p>[\/vc_column_text][vc_single_image image=&#8221;7630&#8243; img_size=&#8221;medium&#8221; alignment=&#8221;center&#8221; css_animation=&#8221;bottom-to-top&#8221;][vc_column_text css_animation=&#8221;top-to-bottom&#8221;]<\/p>\n<h3 style=\"text-align: center;\">Posici\u00f3n<\/h3>\n<p>[\/vc_column_text][vc_column_text css_animation=&#8221;top-to-bottom&#8221;]<\/p>\n<p style=\"text-align: center;\">\u00bfNecesitas que tus compa\u00f1eros de trabajo conozcan tu ubicaci\u00f3n espec\u00edfica en tiempo real? Env\u00eda un pin de ubicaci\u00f3n cuando est\u00e9s demasiado ocupado para chatear.<\/p>\n<p>[\/vc_column_text][\/vc_column][vc_column width=&#8221;1\/3&#8243;][vc_single_image image=&#8221;7581&#8243; img_size=&#8221;medium&#8221; alignment=&#8221;center&#8221; css_animation=&#8221;bottom-to-top&#8221;][vc_column_text css_animation=&#8221;top-to-bottom&#8221;]<\/p>\n<h3 style=\"text-align: center;\">Fotos y V\u00eddeos<\/h3>\n<p>[\/vc_column_text][vc_column_text css_animation=&#8221;top-to-bottom&#8221;]<\/p>\n<p style=\"text-align: center;\">Las im\u00e1genes valen m\u00e1s que mil palabras, y los v\u00eddeos incluso m\u00e1s. Env\u00eda contenido visual para aumentar la productividad y la colaboraci\u00f3n.<\/p>\n<p>[\/vc_column_text][vc_single_image image=&#8221;7628&#8243; img_size=&#8221;medium&#8221; alignment=&#8221;center&#8221; css_animation=&#8221;bottom-to-top&#8221;][vc_column_text css_animation=&#8221;top-to-bottom&#8221;]<\/p>\n<h3 style=\"text-align: center;\">Calendario<\/h3>\n<p>[\/vc_column_text][vc_column_text css_animation=&#8221;top-to-bottom&#8221;]<\/p>\n<p style=\"text-align: center;\">Organiza reuniones y eventos directamente con Messagenius. Env\u00eda invitaciones, crea grupos y coordina fechas\/horas\/lugares.<\/p>\n<p>[\/vc_column_text][\/vc_column][\/vc_row]<\/div><div class=\"container container-msg\">[vc_row  full_height=\"yes\"  equal_height=\"yes\"  content_placement=\"middle\"  css=\".vc_custom_1587394613916{padding-top: 100px !important;}\" ][vc_column]<div class=\"templatera_shortcode\"><div class=\"vc_row wpb_row vc_row-fluid items-centered vc_row-o-equal-height vc_row-flex\"><div class=\"wpb_column vc_column_container vc_col-sm-6\"><div class=\"vc_column-inner \"><div class=\"wpb_wrapper\">\n\t<div  class=\"wpb_single_image wpb_content_element vc_align_center  wpb_animate_when_almost_visible wpb_left-to-right left-to-right\">\n\t\t\n\t\t<figure class=\"wpb_wrapper vc_figure\">\n\t\t\t<div class=\"vc_single_image-wrapper   vc_box_border_grey\"><img width=\"1172\" height=\"1328\" src=\"https:\/\/messagenius.com\/wp-content\/uploads\/2020\/03\/Comp-Filtered-contacts.png\" class=\"vc_single_image-img attachment-full\" alt=\"contact lists with filters for quick search\" loading=\"lazy\" title=\"Filtered contact directory\" srcset=\"https:\/\/messagenius.com\/wp-content\/uploads\/2020\/03\/Comp-Filtered-contacts.png 1172w, https:\/\/messagenius.com\/wp-content\/uploads\/2020\/03\/Comp-Filtered-contacts-265x300.png 265w, https:\/\/messagenius.com\/wp-content\/uploads\/2020\/03\/Comp-Filtered-contacts-904x1024.png 904w, https:\/\/messagenius.com\/wp-content\/uploads\/2020\/03\/Comp-Filtered-contacts-768x870.png 768w\" sizes=\"(max-width: 1172px) 100vw, 1172px\" \/><\/div>\n\t\t<\/figure>\n\t<\/div>\n<\/div><\/div><\/div><div class=\"wpb_column vc_column_container vc_col-sm-6\"><div class=\"vc_column-inner \"><div class=\"wpb_wrapper\">\n\t<div class=\"wpb_text_column wpb_content_element  wpb_animate_when_almost_visible wpb_top-to-bottom top-to-bottom title-box\" >\n\t\t<div class=\"wpb_wrapper\">\n\t\t\t<h2 style=\"text-align: left;\">Listas de Contactos Inteligentes<\/h2>\n<h6><\/h6>\n\n\t\t<\/div>\n\t<\/div>\n\n\t<div class=\"wpb_text_column wpb_content_element  wpb_animate_when_almost_visible wpb_bottom-to-top bottom-to-top list-box\" >\n\t\t<div class=\"wpb_wrapper\">\n\t\t\t<div>Listas de contactos inteligentes con <strong>filtros personalizados<\/strong> para una b\u00fasqueda y un alcance r\u00e1pido. Haz que la comunicaci\u00f3n sea m\u00e1s productiva con un directorio de contactos f\u00e1cil de navegar que permita encontrar los datos del contacto con solo unos pocos clics utilizando cualquier criterio de b\u00fasqueda personalizado y propiedad del contacto:<\/div>\n<ul>\n<li>\u00c1reas<\/li>\n<li>Departamentos<\/li>\n<li>Roles<\/li>\n<li>Conjunto de Habilidades<\/li>\n<li>Ubicaci\u00f3n<\/li>\n<li>Proyectos<\/li>\n<\/ul>\n\n\t\t<\/div>\n\t<\/div>\n<\/div><\/div><\/div><\/div><\/div>[\/vc_column][\/vc_row]<\/div><div class=\"container container-msg\"><div class=\"vc_row wpb_row vc_row-fluid\"><div class=\"wpb_column vc_column_container vc_col-sm-12\"><div class=\"vc_column-inner \"><div class=\"wpb_wrapper\"><div class=\"templatera_shortcode\"><div class=\"vc_row wpb_row vc_row-fluid vc_row-o-equal-height vc_row-o-content-middle vc_row-flex\"><div class=\"wpb_column vc_column_container vc_col-sm-6\"><div class=\"vc_column-inner \"><div class=\"wpb_wrapper\">\n\t<div class=\"wpb_text_column wpb_content_element  wpb_animate_when_almost_visible wpb_top-to-bottom top-to-bottom\" >\n\t\t<div class=\"wpb_wrapper\">\n\t\t\t<h2>#Canales<\/h2>\n\n\t\t<\/div>\n\t<\/div>\n\n\t<div class=\"wpb_text_column wpb_content_element  wpb_animate_when_almost_visible wpb_top-to-bottom top-to-bottom\" >\n\t\t<div class=\"wpb_wrapper\">\n\t\t\t<p>Organiza todas sus conversaciones en canales sobre<strong>cualquier tema<\/strong> que desees compartir con tus compa\u00f1eros. Una manera f\u00e1cil de reunir a los compa\u00f1eros de equipo para compartir informaci\u00f3n sobre #IT_updates, #Weekly_news, #HR_dept, o simplemente planes #After_work.<\/p>\n\n\t\t<\/div>\n\t<\/div>\n<\/div><\/div><\/div><div class=\"wpb_column vc_column_container vc_col-sm-6\"><div class=\"vc_column-inner \"><div class=\"wpb_wrapper\">\n\t<div  class=\"wpb_single_image wpb_content_element vc_align_center  wpb_animate_when_almost_visible wpb_right-to-left right-to-left\">\n\t\t\n\t\t<figure class=\"wpb_wrapper vc_figure\">\n\t\t\t<div class=\"vc_single_image-wrapper   vc_box_border_grey\"><img width=\"1744\" height=\"1864\" src=\"https:\/\/messagenius.com\/wp-content\/uploads\/2020\/04\/COMP-Generic-channellist@2x.png\" class=\"vc_single_image-img attachment-full\" alt=\"channels for group discussions\" loading=\"lazy\" title=\"channel list for group discussions\" srcset=\"https:\/\/messagenius.com\/wp-content\/uploads\/2020\/04\/COMP-Generic-channellist@2x.png 1744w, https:\/\/messagenius.com\/wp-content\/uploads\/2020\/04\/COMP-Generic-channellist@2x-281x300.png 281w, https:\/\/messagenius.com\/wp-content\/uploads\/2020\/04\/COMP-Generic-channellist@2x-958x1024.png 958w, https:\/\/messagenius.com\/wp-content\/uploads\/2020\/04\/COMP-Generic-channellist@2x-768x821.png 768w, https:\/\/messagenius.com\/wp-content\/uploads\/2020\/04\/COMP-Generic-channellist@2x-1437x1536.png 1437w\" sizes=\"(max-width: 1744px) 100vw, 1744px\" \/><\/div>\n\t\t<\/figure>\n\t<\/div>\n<\/div><\/div><\/div><\/div><\/div><\/div><\/div><\/div><\/div><\/div><div class=\"container container-msg\"><div class=\"vc_row wpb_row vc_row-fluid\"><div class=\"wpb_column vc_column_container vc_col-sm-12\"><div class=\"vc_column-inner \"><div class=\"wpb_wrapper\"><div class=\"templatera_shortcode\"><div class=\"vc_row wpb_row vc_row-fluid vc_row-o-equal-height vc_row-o-content-middle vc_row-flex\"><div class=\"wpb_column vc_column_container vc_col-sm-6\"><div class=\"vc_column-inner \"><div class=\"wpb_wrapper\">\n\t<div  class=\"wpb_single_image wpb_content_element vc_align_center  wpb_animate_when_almost_visible wpb_left-to-right left-to-right\">\n\t\t\n\t\t<figure class=\"wpb_wrapper vc_figure\">\n\t\t\t<div class=\"vc_single_image-wrapper   vc_box_border_grey\"><img width=\"1400\" height=\"1400\" src=\"https:\/\/messagenius.com\/wp-content\/uploads\/2020\/04\/COMP-Generic-CTA-cards@2x.png\" class=\"vc_single_image-img attachment-full\" alt=\"messages with call-to-action buttons\" loading=\"lazy\" title=\"Trigger actions with call to action buttons\" srcset=\"https:\/\/messagenius.com\/wp-content\/uploads\/2020\/04\/COMP-Generic-CTA-cards@2x.png 1400w, https:\/\/messagenius.com\/wp-content\/uploads\/2020\/04\/COMP-Generic-CTA-cards@2x-300x300.png 300w, https:\/\/messagenius.com\/wp-content\/uploads\/2020\/04\/COMP-Generic-CTA-cards@2x-1024x1024.png 1024w, https:\/\/messagenius.com\/wp-content\/uploads\/2020\/04\/COMP-Generic-CTA-cards@2x-150x150.png 150w, https:\/\/messagenius.com\/wp-content\/uploads\/2020\/04\/COMP-Generic-CTA-cards@2x-768x768.png 768w\" sizes=\"(max-width: 1400px) 100vw, 1400px\" \/><\/div>\n\t\t<\/figure>\n\t<\/div>\n<\/div><\/div><\/div><div class=\"wpb_column vc_column_container vc_col-sm-6\"><div class=\"vc_column-inner \"><div class=\"wpb_wrapper\">\n\t<div class=\"wpb_text_column wpb_content_element  wpb_animate_when_almost_visible wpb_top-to-bottom top-to-bottom\" >\n\t\t<div class=\"wpb_wrapper\">\n\t\t\t<h2>Botones Call-to-Action<\/h2>\n\n\t\t<\/div>\n\t<\/div>\n\n\t<div class=\"wpb_text_column wpb_content_element  wpb_animate_when_almost_visible wpb_top-to-bottom top-to-bottom\" >\n\t\t<div class=\"wpb_wrapper\">\n\t\t\t<p style=\"text-align: left;\">Env\u00eda mensajes directamente con botones CTA como \"Tomar el control\", \"Unirse a la reuni\u00f3n\" o \"Aceptar invitaci\u00f3n\".<strong> Solo un click<\/strong> y ya tienes la respuesta. Ahorras tiempo, especialmente en chats grupales, ya que directamente<strong> ver\u00e1s qui\u00e9n acept\u00f3 la solicitud<\/strong> y qui\u00e9n est\u00e1 trabajando en qu\u00e9.<\/p>\n\n\t\t<\/div>\n\t<\/div>\n<\/div><\/div><\/div><\/div><\/div><\/div><\/div><\/div><\/div><\/div><div class=\"container container-msg\"><div class=\"vc_row wpb_row vc_row-fluid\"><div class=\"wpb_column vc_column_container vc_col-sm-12\"><div class=\"vc_column-inner \"><div class=\"wpb_wrapper\"><div class=\"templatera_shortcode\"><div class=\"vc_row wpb_row vc_row-fluid vc_row-o-equal-height vc_row-o-content-middle vc_row-flex\"><div class=\"wpb_column vc_column_container vc_col-sm-6\"><div class=\"vc_column-inner \"><div class=\"wpb_wrapper\">\n\t<div class=\"wpb_text_column wpb_content_element  wpb_animate_when_almost_visible wpb_top-to-bottom top-to-bottom\" >\n\t\t<div class=\"wpb_wrapper\">\n\t\t\t<h2>Cuentas de Departamentos<\/h2>\n\n\t\t<\/div>\n\t<\/div>\n\n\t<div class=\"wpb_text_column wpb_content_element  wpb_animate_when_almost_visible wpb_top-to-bottom top-to-bottom\" >\n\t\t<div class=\"wpb_wrapper\">\n\t\t\t<p style=\"text-align: left;\">Una cuenta administrada por varios usuarios<strong> comunicando en nombre de todo el departamento<\/strong> . Ya sea Marketing, Recursos Humanos o Finanzas, las cuentas del departamento permiten a los equipos optimizar su trabajo diario como:<\/p>\n<ul>\n<li style=\"text-align: left;\">los compa\u00f1eros de departamento est\u00e1n mejor coordinados y siempre actualizados<\/li>\n<li style=\"text-align: left;\">las solicitudes a todo el departamento se resuelven de forma colaborativa<\/li>\n<li style=\"text-align: left;\">los compa\u00f1eros de equipo pueden coordinar tareas y turnos entre ellos f\u00e1cilmente<\/li>\n<\/ul>\n\n\t\t<\/div>\n\t<\/div>\n<\/div><\/div><\/div><div class=\"wpb_column vc_column_container vc_col-sm-6\"><div class=\"vc_column-inner \"><div class=\"wpb_wrapper\">\n\t<div  class=\"wpb_single_image wpb_content_element vc_align_center  wpb_animate_when_almost_visible wpb_left-to-right left-to-right\">\n\t\t\n\t\t<figure class=\"wpb_wrapper vc_figure\">\n\t\t\t<div class=\"vc_single_image-wrapper   vc_box_border_grey\"><img width=\"1744\" height=\"1864\" src=\"https:\/\/messagenius.com\/wp-content\/uploads\/2020\/04\/COMP-Generic-Dept-Accounts@2x.png\" class=\"vc_single_image-img attachment-full\" alt=\"department account shared for all department members\" loading=\"lazy\" title=\"Accounts for each department\" srcset=\"https:\/\/messagenius.com\/wp-content\/uploads\/2020\/04\/COMP-Generic-Dept-Accounts@2x.png 1744w, https:\/\/messagenius.com\/wp-content\/uploads\/2020\/04\/COMP-Generic-Dept-Accounts@2x-281x300.png 281w, https:\/\/messagenius.com\/wp-content\/uploads\/2020\/04\/COMP-Generic-Dept-Accounts@2x-958x1024.png 958w, https:\/\/messagenius.com\/wp-content\/uploads\/2020\/04\/COMP-Generic-Dept-Accounts@2x-768x821.png 768w, https:\/\/messagenius.com\/wp-content\/uploads\/2020\/04\/COMP-Generic-Dept-Accounts@2x-1437x1536.png 1437w\" sizes=\"(max-width: 1744px) 100vw, 1744px\" \/><\/div>\n\t\t<\/figure>\n\t<\/div>\n<\/div><\/div><\/div><\/div><\/div><\/div><\/div><\/div><\/div><\/div>\n","protected":false},"excerpt":{"rendered":"Cuentas de Departamentos Una cuenta administrada por varios usuarios comunicando en nombre de todo el departamento . Ya sea Marketing, Recursos Humanos o Finanzas, las cuentas del departamento permiten a los equipos optimizar su trabajo diario como: los compa\u00f1eros de departamento est\u00e1n mejor coordinados y siempre actualizados las solicitudes a todo el departamento se resuelven [...]","protected":false},"author":2,"featured_media":0,"parent":0,"menu_order":0,"comment_status":"closed","ping_status":"closed","template":"","meta":{"inline_featured_image":false,"_links_to":"","_links_to_target":""},"acf":[],"yoast_head":"<!-- This site is optimized with the Yoast SEO plugin v19.6.1 - https:\/\/yoast.com\/wordpress\/plugins\/seo\/ -->\n<title>Aumento de Productividad | Messagenius - Secure Enterprise Messaging<\/title>\n<meta name=\"description\" content=\"Aumenta tu productividad con la aplicaci\u00f3n de mensajer\u00eda instant\u00e1nea dise\u00f1ada para un trabajo eficiente y unos flujos de trabajo sin fisuras. Todo lo que necesitas est\u00e1 en una app para una comunicaci\u00f3n inteligente y segura\" \/>\n<meta name=\"robots\" content=\"index, follow, max-snippet:-1, max-image-preview:large, max-video-preview:-1\" \/>\n<link rel=\"canonical\" href=\"https:\/\/messagenius.com\/es\/aumento-de-la-productividad\/\" \/>\n<meta property=\"og:locale\" content=\"es_ES\" \/>\n<meta property=\"og:type\" content=\"article\" \/>\n<meta property=\"og:title\" content=\"Aumento de Productividad | Messagenius - Secure Enterprise Messaging\" \/>\n<meta property=\"og:description\" content=\"Aumenta tu productividad con la aplicaci\u00f3n de mensajer\u00eda instant\u00e1nea dise\u00f1ada para un trabajo eficiente y unos flujos de trabajo sin fisuras. Todo lo que necesitas est\u00e1 en una app para una comunicaci\u00f3n inteligente y segura\" \/>\n<meta property=\"og:url\" content=\"https:\/\/messagenius.com\/es\/aumento-de-la-productividad\/\" \/>\n<meta property=\"og:site_name\" content=\"Messagenius - Secure Enterprise Messaging\" \/>\n<meta property=\"article:publisher\" content=\"https:\/\/www.facebook.com\/Messagenius\/\" \/>\n<meta property=\"article:modified_time\" content=\"2020-12-17T20:56:41+00:00\" \/>\n<meta name=\"twitter:card\" content=\"summary_large_image\" \/>\n<script type=\"application\/ld+json\" class=\"yoast-schema-graph\">{\"@context\":\"https:\/\/schema.org\",\"@graph\":[{\"@type\":\"WebPage\",\"@id\":\"https:\/\/messagenius.com\/es\/aumento-de-la-productividad\/\",\"url\":\"https:\/\/messagenius.com\/es\/aumento-de-la-productividad\/\",\"name\":\"Aumento de Productividad | Messagenius - Secure Enterprise Messaging\",\"isPartOf\":{\"@id\":\"https:\/\/messagenius.com\/it\/#website\"},\"datePublished\":\"2020-04-17T08:59:20+00:00\",\"dateModified\":\"2020-12-17T20:56:41+00:00\",\"description\":\"Aumenta tu productividad con la aplicaci\u00f3n de mensajer\u00eda instant\u00e1nea dise\u00f1ada para un trabajo eficiente y unos flujos de trabajo sin fisuras. Todo lo que necesitas est\u00e1 en una app para una comunicaci\u00f3n inteligente y segura\",\"breadcrumb\":{\"@id\":\"https:\/\/messagenius.com\/es\/aumento-de-la-productividad\/#breadcrumb\"},\"inLanguage\":\"es\",\"potentialAction\":[{\"@type\":\"ReadAction\",\"target\":[\"https:\/\/messagenius.com\/es\/aumento-de-la-productividad\/\"]}]},{\"@type\":\"BreadcrumbList\",\"@id\":\"https:\/\/messagenius.com\/es\/aumento-de-la-productividad\/#breadcrumb\",\"itemListElement\":[{\"@type\":\"ListItem\",\"position\":1,\"name\":\"Home\",\"item\":\"https:\/\/messagenius.com\/es\/home-content\/\"},{\"@type\":\"ListItem\",\"position\":2,\"name\":\"Aumento de Productividad\"}]},{\"@type\":\"WebSite\",\"@id\":\"https:\/\/messagenius.com\/it\/#website\",\"url\":\"https:\/\/messagenius.com\/it\/\",\"name\":\"Messagenius - Secure Enterprise Messaging\",\"description\":\"The private instant messaging solution for organizations\",\"publisher\":{\"@id\":\"https:\/\/messagenius.com\/it\/#organization\"},\"potentialAction\":[{\"@type\":\"SearchAction\",\"target\":{\"@type\":\"EntryPoint\",\"urlTemplate\":\"https:\/\/messagenius.com\/it\/?s={search_term_string}\"},\"query-input\":\"required name=search_term_string\"}],\"inLanguage\":\"es\"},{\"@type\":\"Organization\",\"@id\":\"https:\/\/messagenius.com\/it\/#organization\",\"name\":\"Messagenius\",\"url\":\"https:\/\/messagenius.com\/it\/\",\"sameAs\":[\"https:\/\/www.linkedin.com\/company\/messagenius\/\",\"https:\/\/www.facebook.com\/Messagenius\/\"],\"logo\":{\"@type\":\"ImageObject\",\"inLanguage\":\"es\",\"@id\":\"https:\/\/messagenius.com\/it\/#\/schema\/logo\/image\/\",\"url\":\"https:\/\/messagenius.com\/wp-content\/uploads\/2020\/04\/messagenius-logo-stand-left-scaled.jpg\",\"contentUrl\":\"https:\/\/messagenius.com\/wp-content\/uploads\/2020\/04\/messagenius-logo-stand-left-scaled.jpg\",\"width\":2560,\"height\":2004,\"caption\":\"Messagenius\"},\"image\":{\"@id\":\"https:\/\/messagenius.com\/it\/#\/schema\/logo\/image\/\"}}]}<\/script>\n<!-- \/ Yoast SEO plugin. -->","yoast_head_json":{"title":"Aumento de Productividad | Messagenius - Secure Enterprise Messaging","description":"Aumenta tu productividad con la aplicaci\u00f3n de mensajer\u00eda instant\u00e1nea dise\u00f1ada para un trabajo eficiente y unos flujos de trabajo sin fisuras. Todo lo que necesitas est\u00e1 en una app para una comunicaci\u00f3n inteligente y segura","robots":{"index":"index","follow":"follow","max-snippet":"max-snippet:-1","max-image-preview":"max-image-preview:large","max-video-preview":"max-video-preview:-1"},"canonical":"https:\/\/messagenius.com\/es\/aumento-de-la-productividad\/","og_locale":"es_ES","og_type":"article","og_title":"Aumento de Productividad | Messagenius - Secure Enterprise Messaging","og_description":"Aumenta tu productividad con la aplicaci\u00f3n de mensajer\u00eda instant\u00e1nea dise\u00f1ada para un trabajo eficiente y unos flujos de trabajo sin fisuras. Todo lo que necesitas est\u00e1 en una app para una comunicaci\u00f3n inteligente y segura","og_url":"https:\/\/messagenius.com\/es\/aumento-de-la-productividad\/","og_site_name":"Messagenius - Secure Enterprise Messaging","article_publisher":"https:\/\/www.facebook.com\/Messagenius\/","article_modified_time":"2020-12-17T20:56:41+00:00","twitter_card":"summary_large_image","schema":{"@context":"https:\/\/schema.org","@graph":[{"@type":"WebPage","@id":"https:\/\/messagenius.com\/es\/aumento-de-la-productividad\/","url":"https:\/\/messagenius.com\/es\/aumento-de-la-productividad\/","name":"Aumento de Productividad | Messagenius - Secure Enterprise Messaging","isPartOf":{"@id":"https:\/\/messagenius.com\/it\/#website"},"datePublished":"2020-04-17T08:59:20+00:00","dateModified":"2020-12-17T20:56:41+00:00","description":"Aumenta tu productividad con la aplicaci\u00f3n de mensajer\u00eda instant\u00e1nea dise\u00f1ada para un trabajo eficiente y unos flujos de trabajo sin fisuras. Todo lo que necesitas est\u00e1 en una app para una comunicaci\u00f3n inteligente y segura","breadcrumb":{"@id":"https:\/\/messagenius.com\/es\/aumento-de-la-productividad\/#breadcrumb"},"inLanguage":"es","potentialAction":[{"@type":"ReadAction","target":["https:\/\/messagenius.com\/es\/aumento-de-la-productividad\/"]}]},{"@type":"BreadcrumbList","@id":"https:\/\/messagenius.com\/es\/aumento-de-la-productividad\/#breadcrumb","itemListElement":[{"@type":"ListItem","position":1,"name":"Home","item":"https:\/\/messagenius.com\/es\/home-content\/"},{"@type":"ListItem","position":2,"name":"Aumento de Productividad"}]},{"@type":"WebSite","@id":"https:\/\/messagenius.com\/it\/#website","url":"https:\/\/messagenius.com\/it\/","name":"Messagenius - Secure Enterprise Messaging","description":"The private instant messaging solution for organizations","publisher":{"@id":"https:\/\/messagenius.com\/it\/#organization"},"potentialAction":[{"@type":"SearchAction","target":{"@type":"EntryPoint","urlTemplate":"https:\/\/messagenius.com\/it\/?s={search_term_string}"},"query-input":"required name=search_term_string"}],"inLanguage":"es"},{"@type":"Organization","@id":"https:\/\/messagenius.com\/it\/#organization","name":"Messagenius","url":"https:\/\/messagenius.com\/it\/","sameAs":["https:\/\/www.linkedin.com\/company\/messagenius\/","https:\/\/www.facebook.com\/Messagenius\/"],"logo":{"@type":"ImageObject","inLanguage":"es","@id":"https:\/\/messagenius.com\/it\/#\/schema\/logo\/image\/","url":"https:\/\/messagenius.com\/wp-content\/uploads\/2020\/04\/messagenius-logo-stand-left-scaled.jpg","contentUrl":"https:\/\/messagenius.com\/wp-content\/uploads\/2020\/04\/messagenius-logo-stand-left-scaled.jpg","width":2560,"height":2004,"caption":"Messagenius"},"image":{"@id":"https:\/\/messagenius.com\/it\/#\/schema\/logo\/image\/"}}]}},"_links":{"self":[{"href":"https:\/\/messagenius.com\/es\/wp-json\/wp\/v2\/pages\/10135"}],"collection":[{"href":"https:\/\/messagenius.com\/es\/wp-json\/wp\/v2\/pages"}],"about":[{"href":"https:\/\/messagenius.com\/es\/wp-json\/wp\/v2\/types\/page"}],"author":[{"embeddable":true,"href":"https:\/\/messagenius.com\/es\/wp-json\/wp\/v2\/users\/2"}],"replies":[{"embeddable":true,"href":"https:\/\/messagenius.com\/es\/wp-json\/wp\/v2\/comments?post=10135"}],"version-history":[{"count":14,"href":"https:\/\/messagenius.com\/es\/wp-json\/wp\/v2\/pages\/10135\/revisions"}],"predecessor-version":[{"id":10371,"href":"https:\/\/messagenius.com\/es\/wp-json\/wp\/v2\/pages\/10135\/revisions\/10371"}],"wp:attachment":[{"href":"https:\/\/messagenius.com\/es\/wp-json\/wp\/v2\/media?parent=10135"}],"curies":[{"name":"wp","href":"https:\/\/api.w.org\/{rel}","templated":true}]}}