{"id":10127,"date":"2020-04-20T20:51:45","date_gmt":"2020-04-20T18:51:45","guid":{"rendered":"https:\/\/messagenius.com\/seguridad-y-propiedad-de-datos\/"},"modified":"2020-12-14T09:30:39","modified_gmt":"2020-12-14T08:30:39","slug":"seguridad-y-propiedad-de-datos","status":"publish","type":"page","link":"https:\/\/messagenius.com\/es\/seguridad-y-propiedad-de-datos\/","title":{"rendered":"Seguridad y Propiedad de los Datos"},"content":{"rendered":"<div class=\"container container-msg\">[vc_row  full_height=\"yes\"  equal_height=\"yes\"  content_placement=\"middle\" ][vc_column width=&#8221;1\/2&#8243;][vc_column_text css_animation=&#8221;none&#8221;]<\/p>\n<h1>Mensajer\u00eda instant\u00e1nea para una seguridad completa y una propiedad exclusiva de los datos<\/h1>\n<p>[\/vc_column_text][vc_column_text css_animation=&#8221;none&#8221;]Messagenius es una soluci\u00f3n de mensajes seguros para empresas tanto para los sectores p\u00fablico y privado. Consigue una completa<strong> seguridad de mensajer\u00eda instant\u00e1nea y propiedad total de los datos para tu empresa<\/strong> con Messagenius.<\/p>\n<ul>\n<li>Instalaci\u00f3n local, en servidor privado o en la nube<\/li>\n<li>Otorgar claves de cifrado<strong> SOLAMENTE<\/strong> al cliente<\/li>\n<li>Modos Black Box y mensajes que desaparecen de Black Hole<\/li>\n<\/ul>\n<p>[\/vc_column_text][\/vc_column][vc_column width=&#8221;1\/2&#8243;][vc_single_image image=&#8221;6320&#8243; img_size=&#8221;full&#8221; alignment=&#8221;center&#8221; css_animation=&#8221;none&#8221;][\/vc_column][\/vc_row]<\/div>[vc_row  full_width=\"stretch_row\"  first_background_type=\"gradient\"  first_background_gradient=\"rgba(10,10,10,0.88)||rgba(10,5,5,0.05)||0;74||359||linear\"  css=\".vc_custom_1587038145431{background-color: #323c47 !important;}\" ]<div class=\"container container-msg\"><div class=\"vc_row vc_row-msg\">[vc_column][vc_column_text css=&#8221;.vc_custom_1587516733681{padding-top: 50px !important;padding-bottom: 50px !important;}&#8221; el_class=&#8221;dark&#8221;]<\/p>\n<h2 style=\"text-align: center;\">Cumplimiento de la GDPR<\/h2>\n<p class=\"subtitle\" style=\"text-align: center;\">Messagenius es 100% compatible con la GDPR y a prueba de fugas.<br \/>\nNo involucramos a terceros para el almacenamiento, acceso o uso de datos. Y Messagenius en s\u00ed no tiene acceso a tus datos.<\/p>\n<p>[\/vc_column_text][\/vc_column]<\/div><\/div>[\/vc_row][vc_row  full_width=\"stretch_row\"  full_height=\"yes\"  equal_height=\"yes\"  content_placement=\"middle\"  css=\".vc_custom_1588195415008{padding-top: 100px !important;}\" ]<div class=\"container container-msg\"><div class=\"vc_row vc_row-msg\">[vc_column]<div class=\"templatera_shortcode\"><div class=\"vc_row wpb_row vc_row-fluid vc_custom_1587420371366 vc_row-o-equal-height vc_row-o-content-middle vc_row-flex\"><div class=\"wpb_column vc_column_container vc_col-sm-6\"><div class=\"vc_column-inner \"><div class=\"wpb_wrapper\">\n\t<div  class=\"wpb_single_image wpb_content_element vc_align_center  wpb_animate_when_almost_visible wpb_left-to-right left-to-right\">\n\t\t\n\t\t<figure class=\"wpb_wrapper vc_figure\">\n\t\t\t<div class=\"vc_single_image-wrapper   vc_box_border_grey\"><img width=\"393\" height=\"428\" src=\"https:\/\/messagenius.com\/wp-content\/uploads\/2018\/09\/img-private-server.png\" class=\"vc_single_image-img attachment-full\" alt=\"\" loading=\"lazy\" title=\"img-private-server\" srcset=\"https:\/\/messagenius.com\/wp-content\/uploads\/2018\/09\/img-private-server.png 393w, https:\/\/messagenius.com\/wp-content\/uploads\/2018\/09\/img-private-server-275x300.png 275w\" sizes=\"(max-width: 393px) 100vw, 393px\" \/><\/div>\n\t\t<\/figure>\n\t<\/div>\n<\/div><\/div><\/div><div class=\"wpb_column vc_column_container vc_col-sm-6\"><div class=\"vc_column-inner \"><div class=\"wpb_wrapper\">\n\t<div class=\"wpb_text_column wpb_content_element  wpb_animate_when_almost_visible wpb_top-to-bottom top-to-bottom\" >\n\t\t<div class=\"wpb_wrapper\">\n\t\t\t<h2>Instalaci\u00f3n Privada en los Servidores o en la Nube<\/h2>\n\n\t\t<\/div>\n\t<\/div>\n\n\t<div class=\"wpb_text_column wpb_content_element  wpb_animate_when_almost_visible wpb_top-to-bottom top-to-bottom\" >\n\t\t<div class=\"wpb_wrapper\">\n\t\t\t<p style=\"text-align: left;\">Independientemente del tipo de instalaci\u00f3n que elijas, Messagenius garantiza que los datos de tu empresa estar\u00e1n seguros y ser\u00e1n totalmente tuyos, almacenados internamente. Para garantizar la seguridad de los datos de tu empresa, se puede instalar Messagenius:<\/p>\n<div class=\"list\"><i class=\"fas fa-check-circle\"><\/i><strong>A nivel local<\/strong>, en el servidor privado de su empresa<\/div>\n<div class=\"list\"><i class=\"fas fa-check-circle\"><\/i>En tu<strong>nube privada<\/strong><\/div>\n<div class=\"list\"><i class=\"fas fa-check-circle\"><\/i>En el servidor \/ nube de Messagenius creado y<strong> dedicado a tu empresa<\/strong> exclusivamente<\/div>\n\n\t\t<\/div>\n\t<\/div>\n<\/div><\/div><\/div><\/div><\/div>[\/vc_column]<\/div><\/div>[\/vc_row]<div data-vc-full-width=\"true\" data-vc-full-width-init=\"true\" data-vc-full-width-init-backup=\"false\" class=\"vc_row wpb_row vc_row-fluid vc_custom_1588195423212 vc_row-o-full-height vc_row-o-columns-middle vc_row-o-equal-height vc_row-o-content-middle vc_row-flex\"><div class=\"container container-msg\"><div class=\"vc_row vc_row-msg\"><div class=\"wpb_column vc_column_container vc_col-sm-12\"><div class=\"vc_column-inner \"><div class=\"wpb_wrapper\"><div class=\"templatera_shortcode\"><div class=\"vc_row wpb_row vc_row-fluid vc_custom_1587420371366 vc_row-o-equal-height vc_row-o-content-middle vc_row-flex\"><div class=\"wpb_column vc_column_container vc_col-sm-6\"><div class=\"vc_column-inner \"><div class=\"wpb_wrapper\">\n\t<div class=\"wpb_text_column wpb_content_element  wpb_animate_when_almost_visible wpb_top-to-bottom top-to-bottom\" >\n\t\t<div class=\"wpb_wrapper\">\n\t\t\t<h2>Concesi\u00f3n de Claves de Encriptaci\u00f3n<\/h2>\n\n\t\t<\/div>\n\t<\/div>\n\n\t<div class=\"wpb_text_column wpb_content_element  wpb_animate_when_almost_visible wpb_top-to-bottom top-to-bottom\" >\n\t\t<div class=\"wpb_wrapper\">\n\t\t\t<p style=\"text-align: left;\">Todos los clientes de Messagenius reciben sus claves de cifrado exclusivamente -<strong> sin terceros, ni siquiera Messagenius<\/strong> tiene las claves de cifrado. Permitimos que nuestros clientes tengan <strong>varios titulares<\/strong> de las claves de cifrado y dividir as\u00ed el control sobre los datos para minimizar los riesgos de fugas de informaci\u00f3n.<\/p>\n\n\t\t<\/div>\n\t<\/div>\n<\/div><\/div><\/div><div class=\"wpb_column vc_column_container vc_col-sm-6\"><div class=\"vc_column-inner \"><div class=\"wpb_wrapper\">\n\t<div  class=\"wpb_single_image wpb_content_element vc_align_center  wpb_animate_when_almost_visible wpb_right-to-left right-to-left\">\n\t\t\n\t\t<figure class=\"wpb_wrapper vc_figure\">\n\t\t\t<div class=\"vc_single_image-wrapper   vc_box_border_grey\"><img width=\"423\" height=\"337\" src=\"https:\/\/messagenius.com\/wp-content\/uploads\/2018\/09\/IMG-customizable-encryption.png\" class=\"vc_single_image-img attachment-full\" alt=\"\" loading=\"lazy\" title=\"IMG-customizable-encryption\" srcset=\"https:\/\/messagenius.com\/wp-content\/uploads\/2018\/09\/IMG-customizable-encryption.png 423w, https:\/\/messagenius.com\/wp-content\/uploads\/2018\/09\/IMG-customizable-encryption-300x239.png 300w\" sizes=\"(max-width: 423px) 100vw, 423px\" \/><\/div>\n\t\t<\/figure>\n\t<\/div>\n<\/div><\/div><\/div><\/div><\/div><\/div><\/div><\/div><\/div><\/div><\/div><div class=\"vc_row-full-width vc_clearfix\"><\/div><div data-vc-full-width=\"true\" data-vc-full-width-init=\"true\" data-vc-full-width-init-backup=\"false\" data-vc-stretch-content=\"true\" class=\"vc_row wpb_row vc_row-fluid vc_custom_1587420252888 vc_row-o-full-height vc_row-o-columns-middle vc_row-o-equal-height vc_row-o-content-middle vc_row-flex\"><div class=\"wpb_column vc_column_container vc_col-sm-12\"><div class=\"vc_column-inner \"><div class=\"wpb_wrapper\"><div class=\"templatera_shortcode\"><div class=\"vc_row wpb_row vc_row-fluid black-hole-box\"><div class=\"wpb_column vc_column_container vc_col-sm-12\"><div class=\"vc_column-inner \"><div class=\"wpb_wrapper\"><div class=\"vc_row wpb_row vc_inner vc_row-fluid vc_column-gap-30 vc_row-o-equal-height vc_row-o-content-middle vc_row-flex\"><div class=\"wpb_column vc_column_container vc_col-sm-6\"><div class=\"vc_column-inner\"><div class=\"wpb_wrapper\">\n\t<div class=\"wpb_text_column wpb_content_element  two-lines-heading\" >\n\t\t<div class=\"wpb_wrapper\">\n\t\t\t<h4 style=\"text-align: left; margin: 0;\">COMPLETAMENTE RASTREADO E INDELEBLE<\/h4>\n<h3 style=\"text-align: left; margin: 0;\">Black Box Chats<\/h3>\n<p style=\"text-align: left;\">Sepa cu\u00e1ndo, qu\u00e9 y a qui\u00e9n se han enviado todas las conversaciones dentro de su empresa. Los Chats de Messagenius Black Box siempre se certifican entre el remitente y el destinatario Todos los mensajes tienen ua marca de tiempo y vienen con una prueba de recepci\u00f3n obligatoria.<\/p>\n<p style=\"text-align: left;\"><a class=\"button-primary-color link-with-arrow\" href=\"https:\/\/messagenius.com\/es\/seguridad-y-propiedad-de-datos\/\">Acerca de la seguridad de Messagenius<\/a><\/p>\n\n\t\t<\/div>\n\t<\/div>\n<\/div><\/div><\/div><div class=\"wpb_column vc_column_container vc_col-sm-6\"><div class=\"vc_column-inner\"><div class=\"wpb_wrapper\">\n\t<div  class=\"wpb_single_image wpb_content_element vc_align_center\">\n\t\t\n\t\t<figure class=\"wpb_wrapper vc_figure\">\n\t\t\t<div class=\"vc_single_image-wrapper   vc_box_border_grey\"><img width=\"1024\" height=\"765\" src=\"https:\/\/messagenius.com\/wp-content\/uploads\/2020\/03\/COMP-black-box-chat-full-1024x765.png\" class=\"vc_single_image-img attachment-large\" alt=\"\" loading=\"lazy\" title=\"COMP - black box chat-full\" srcset=\"https:\/\/messagenius.com\/wp-content\/uploads\/2020\/03\/COMP-black-box-chat-full-1024x765.png 1024w, https:\/\/messagenius.com\/wp-content\/uploads\/2020\/03\/COMP-black-box-chat-full-300x224.png 300w, https:\/\/messagenius.com\/wp-content\/uploads\/2020\/03\/COMP-black-box-chat-full-768x574.png 768w, https:\/\/messagenius.com\/wp-content\/uploads\/2020\/03\/COMP-black-box-chat-full-500x374.png 500w, https:\/\/messagenius.com\/wp-content\/uploads\/2020\/03\/COMP-black-box-chat-full.png 1101w\" sizes=\"(max-width: 1024px) 100vw, 1024px\" \/><\/div>\n\t\t<\/figure>\n\t<\/div>\n<\/div><\/div><\/div><\/div><div class=\"vc_row wpb_row vc_inner vc_row-fluid mobile-invert-cols vc_row-o-equal-height vc_row-o-content-middle vc_row-flex\"><div class=\"wpb_column vc_column_container vc_col-sm-6\"><div class=\"vc_column-inner\"><div class=\"wpb_wrapper\">\n\t<div  class=\"wpb_single_image wpb_content_element vc_align_center   img-80\">\n\t\t\n\t\t<figure class=\"wpb_wrapper vc_figure\">\n\t\t\t<div class=\"vc_single_image-wrapper   vc_box_border_grey\"><img width=\"1024\" height=\"1024\" src=\"https:\/\/messagenius.com\/wp-content\/uploads\/2022\/08\/COMP-Self-destructing-\u2013-new-1024x1024.png\" class=\"vc_single_image-img attachment-large\" alt=\"\" loading=\"lazy\" title=\"COMP - Self destructing \u2013 new\" srcset=\"https:\/\/messagenius.com\/wp-content\/uploads\/2022\/08\/COMP-Self-destructing-\u2013-new-1024x1024.png 1024w, https:\/\/messagenius.com\/wp-content\/uploads\/2022\/08\/COMP-Self-destructing-\u2013-new-300x300.png 300w, https:\/\/messagenius.com\/wp-content\/uploads\/2022\/08\/COMP-Self-destructing-\u2013-new-150x150.png 150w, https:\/\/messagenius.com\/wp-content\/uploads\/2022\/08\/COMP-Self-destructing-\u2013-new-768x768.png 768w, https:\/\/messagenius.com\/wp-content\/uploads\/2022\/08\/COMP-Self-destructing-\u2013-new-500x500.png 500w, https:\/\/messagenius.com\/wp-content\/uploads\/2022\/08\/COMP-Self-destructing-\u2013-new-1000x1000.png 1000w, https:\/\/messagenius.com\/wp-content\/uploads\/2022\/08\/COMP-Self-destructing-\u2013-new.png 1400w\" sizes=\"(max-width: 1024px) 100vw, 1024px\" \/><\/div>\n\t\t<\/figure>\n\t<\/div>\n<\/div><\/div><\/div><div class=\"wpb_column vc_column_container vc_col-sm-6\"><div class=\"vc_column-inner\"><div class=\"wpb_wrapper\">\n\t<div class=\"wpb_text_column wpb_content_element  two-lines-heading\" >\n\t\t<div class=\"wpb_wrapper\">\n\t\t\t<h4 style=\"text-align: left; margin: 0;\">TEMPORAL Y AUTODESTRUCTIVO<\/h4>\n<h3 style=\"text-align: left; margin: 0;\">Black Hole Chats<\/h3>\n<p>Proteja sus datos m\u00e1s sensibles con Black Hole chats. Las conversaciones de Messagenius Black Hole no pasan por ning\u00fan servidor y no dejan rastro de su existencia. Configure un temporizador, y una vez que su mensaje est\u00e1 abierto, el mensaje siempre se autodestruye y no puede ser recuperado del servidor.<\/p>\n<p style=\"text-align: left;\"><a class=\"button-primary-color link-with-arrow\" href=\"https:\/\/messagenius.com\/es\/seguridad-y-propiedad-de-datos\/\">Acerca de la seguridad de Messagenius<\/a><\/p>\n\n\t\t<\/div>\n\t<\/div>\n<\/div><\/div><\/div><\/div><\/div><\/div><\/div><\/div><\/div><\/div><\/div><\/div><\/div><div class=\"vc_row-full-width vc_clearfix\"><\/div><div data-vc-full-width=\"true\" data-vc-full-width-init=\"true\" data-vc-full-width-init-backup=\"false\" class=\"vc_row wpb_row vc_row-fluid vc_custom_1587420635714\"><div class=\"container container-msg\"><div class=\"vc_row vc_row-msg\"><div class=\"wpb_column vc_column_container vc_col-sm-12\"><div class=\"vc_column-inner \"><div class=\"wpb_wrapper\">\n\t<div  class=\"wpb_single_image wpb_content_element vc_align_&#8221;center&#8221;\">\n\t\t\n\t\t<figure class=\"wpb_wrapper vc_figure\">\n\t\t\t<div class=\"vc_single_image-wrapper   vc_box_border_grey\"><\/div>\n\t\t<\/figure>\n\t<\/div>\n\n\t<div class=\"wpb_text_column wpb_content_element \" >\n\t\t<div class=\"wpb_wrapper\">\n\t\t\t<p style=\"text-align: center;\">El gigante de la tecnolog\u00eda italiana AlamavivA necesitaba una herramienta de mensajes instant\u00e1neos que le permitiera una comunicaci\u00f3n a la velocidad de la luz y sin comprometer la seguridad de sus datos confidenciales. AlamavivA ahora utiliza Messagenius como su soluci\u00f3n de mensajer\u00eda segura, instalada en sus servidores mediante un servidor de private cloud.<\/p>\n\n\t\t<\/div>\n\t<\/div>\n<\/div><\/div><\/div><\/div><\/div><\/div><div class=\"vc_row-full-width vc_clearfix\"><\/div>\n","protected":false},"excerpt":{"rendered":"COMPLETAMENTE RASTREADO E INDELEBLE Black Box Chats Sepa cu\u00e1ndo, qu\u00e9 y a qui\u00e9n se han enviado todas las conversaciones dentro de su empresa. Los Chats de Messagenius Black Box siempre se certifican entre el remitente y el destinatario Todos los mensajes tienen ua marca de tiempo y vienen con una prueba de recepci\u00f3n obligatoria. Acerca [...]","protected":false},"author":2,"featured_media":0,"parent":0,"menu_order":0,"comment_status":"closed","ping_status":"closed","template":"","meta":{"inline_featured_image":false,"_links_to":"","_links_to_target":""},"acf":[],"yoast_head":"<!-- This site is optimized with the Yoast SEO plugin v19.6.1 - https:\/\/yoast.com\/wordpress\/plugins\/seo\/ -->\n<title>Seguridad y Propiedad de los Datos | Messagenius - Secure Enterprise Messaging<\/title>\n<meta name=\"robots\" content=\"index, follow, max-snippet:-1, max-image-preview:large, max-video-preview:-1\" \/>\n<link rel=\"canonical\" href=\"https:\/\/messagenius.com\/es\/seguridad-y-propiedad-de-datos\/\" \/>\n<meta property=\"og:locale\" content=\"es_ES\" \/>\n<meta property=\"og:type\" content=\"article\" \/>\n<meta property=\"og:title\" content=\"Seguridad y Propiedad de los Datos | Messagenius - Secure Enterprise Messaging\" \/>\n<meta property=\"og:url\" content=\"https:\/\/messagenius.com\/es\/seguridad-y-propiedad-de-datos\/\" \/>\n<meta property=\"og:site_name\" content=\"Messagenius - Secure Enterprise Messaging\" \/>\n<meta property=\"article:publisher\" content=\"https:\/\/www.facebook.com\/Messagenius\/\" \/>\n<meta property=\"article:modified_time\" content=\"2020-12-14T08:30:39+00:00\" \/>\n<meta name=\"twitter:card\" content=\"summary_large_image\" \/>\n<script type=\"application\/ld+json\" class=\"yoast-schema-graph\">{\"@context\":\"https:\/\/schema.org\",\"@graph\":[{\"@type\":\"WebPage\",\"@id\":\"https:\/\/messagenius.com\/es\/seguridad-y-propiedad-de-datos\/\",\"url\":\"https:\/\/messagenius.com\/es\/seguridad-y-propiedad-de-datos\/\",\"name\":\"Seguridad y Propiedad de los Datos | Messagenius - Secure Enterprise Messaging\",\"isPartOf\":{\"@id\":\"https:\/\/messagenius.com\/it\/#website\"},\"datePublished\":\"2020-04-20T18:51:45+00:00\",\"dateModified\":\"2020-12-14T08:30:39+00:00\",\"breadcrumb\":{\"@id\":\"https:\/\/messagenius.com\/es\/seguridad-y-propiedad-de-datos\/#breadcrumb\"},\"inLanguage\":\"es\",\"potentialAction\":[{\"@type\":\"ReadAction\",\"target\":[\"https:\/\/messagenius.com\/es\/seguridad-y-propiedad-de-datos\/\"]}]},{\"@type\":\"BreadcrumbList\",\"@id\":\"https:\/\/messagenius.com\/es\/seguridad-y-propiedad-de-datos\/#breadcrumb\",\"itemListElement\":[{\"@type\":\"ListItem\",\"position\":1,\"name\":\"Home\",\"item\":\"https:\/\/messagenius.com\/es\/home-content\/\"},{\"@type\":\"ListItem\",\"position\":2,\"name\":\"Seguridad y Propiedad de los Datos\"}]},{\"@type\":\"WebSite\",\"@id\":\"https:\/\/messagenius.com\/it\/#website\",\"url\":\"https:\/\/messagenius.com\/it\/\",\"name\":\"Messagenius - Secure Enterprise Messaging\",\"description\":\"The private instant messaging solution for organizations\",\"publisher\":{\"@id\":\"https:\/\/messagenius.com\/it\/#organization\"},\"potentialAction\":[{\"@type\":\"SearchAction\",\"target\":{\"@type\":\"EntryPoint\",\"urlTemplate\":\"https:\/\/messagenius.com\/it\/?s={search_term_string}\"},\"query-input\":\"required name=search_term_string\"}],\"inLanguage\":\"es\"},{\"@type\":\"Organization\",\"@id\":\"https:\/\/messagenius.com\/it\/#organization\",\"name\":\"Messagenius\",\"url\":\"https:\/\/messagenius.com\/it\/\",\"sameAs\":[\"https:\/\/www.linkedin.com\/company\/messagenius\/\",\"https:\/\/www.facebook.com\/Messagenius\/\"],\"logo\":{\"@type\":\"ImageObject\",\"inLanguage\":\"es\",\"@id\":\"https:\/\/messagenius.com\/it\/#\/schema\/logo\/image\/\",\"url\":\"https:\/\/messagenius.com\/wp-content\/uploads\/2020\/04\/messagenius-logo-stand-left-scaled.jpg\",\"contentUrl\":\"https:\/\/messagenius.com\/wp-content\/uploads\/2020\/04\/messagenius-logo-stand-left-scaled.jpg\",\"width\":2560,\"height\":2004,\"caption\":\"Messagenius\"},\"image\":{\"@id\":\"https:\/\/messagenius.com\/it\/#\/schema\/logo\/image\/\"}}]}<\/script>\n<!-- \/ Yoast SEO plugin. -->","yoast_head_json":{"title":"Seguridad y Propiedad de los Datos | Messagenius - Secure Enterprise Messaging","robots":{"index":"index","follow":"follow","max-snippet":"max-snippet:-1","max-image-preview":"max-image-preview:large","max-video-preview":"max-video-preview:-1"},"canonical":"https:\/\/messagenius.com\/es\/seguridad-y-propiedad-de-datos\/","og_locale":"es_ES","og_type":"article","og_title":"Seguridad y Propiedad de los Datos | Messagenius - Secure Enterprise Messaging","og_url":"https:\/\/messagenius.com\/es\/seguridad-y-propiedad-de-datos\/","og_site_name":"Messagenius - Secure Enterprise Messaging","article_publisher":"https:\/\/www.facebook.com\/Messagenius\/","article_modified_time":"2020-12-14T08:30:39+00:00","twitter_card":"summary_large_image","schema":{"@context":"https:\/\/schema.org","@graph":[{"@type":"WebPage","@id":"https:\/\/messagenius.com\/es\/seguridad-y-propiedad-de-datos\/","url":"https:\/\/messagenius.com\/es\/seguridad-y-propiedad-de-datos\/","name":"Seguridad y Propiedad de los Datos | Messagenius - Secure Enterprise Messaging","isPartOf":{"@id":"https:\/\/messagenius.com\/it\/#website"},"datePublished":"2020-04-20T18:51:45+00:00","dateModified":"2020-12-14T08:30:39+00:00","breadcrumb":{"@id":"https:\/\/messagenius.com\/es\/seguridad-y-propiedad-de-datos\/#breadcrumb"},"inLanguage":"es","potentialAction":[{"@type":"ReadAction","target":["https:\/\/messagenius.com\/es\/seguridad-y-propiedad-de-datos\/"]}]},{"@type":"BreadcrumbList","@id":"https:\/\/messagenius.com\/es\/seguridad-y-propiedad-de-datos\/#breadcrumb","itemListElement":[{"@type":"ListItem","position":1,"name":"Home","item":"https:\/\/messagenius.com\/es\/home-content\/"},{"@type":"ListItem","position":2,"name":"Seguridad y Propiedad de los Datos"}]},{"@type":"WebSite","@id":"https:\/\/messagenius.com\/it\/#website","url":"https:\/\/messagenius.com\/it\/","name":"Messagenius - Secure Enterprise Messaging","description":"The private instant messaging solution for organizations","publisher":{"@id":"https:\/\/messagenius.com\/it\/#organization"},"potentialAction":[{"@type":"SearchAction","target":{"@type":"EntryPoint","urlTemplate":"https:\/\/messagenius.com\/it\/?s={search_term_string}"},"query-input":"required name=search_term_string"}],"inLanguage":"es"},{"@type":"Organization","@id":"https:\/\/messagenius.com\/it\/#organization","name":"Messagenius","url":"https:\/\/messagenius.com\/it\/","sameAs":["https:\/\/www.linkedin.com\/company\/messagenius\/","https:\/\/www.facebook.com\/Messagenius\/"],"logo":{"@type":"ImageObject","inLanguage":"es","@id":"https:\/\/messagenius.com\/it\/#\/schema\/logo\/image\/","url":"https:\/\/messagenius.com\/wp-content\/uploads\/2020\/04\/messagenius-logo-stand-left-scaled.jpg","contentUrl":"https:\/\/messagenius.com\/wp-content\/uploads\/2020\/04\/messagenius-logo-stand-left-scaled.jpg","width":2560,"height":2004,"caption":"Messagenius"},"image":{"@id":"https:\/\/messagenius.com\/it\/#\/schema\/logo\/image\/"}}]}},"_links":{"self":[{"href":"https:\/\/messagenius.com\/es\/wp-json\/wp\/v2\/pages\/10127"}],"collection":[{"href":"https:\/\/messagenius.com\/es\/wp-json\/wp\/v2\/pages"}],"about":[{"href":"https:\/\/messagenius.com\/es\/wp-json\/wp\/v2\/types\/page"}],"author":[{"embeddable":true,"href":"https:\/\/messagenius.com\/es\/wp-json\/wp\/v2\/users\/2"}],"replies":[{"embeddable":true,"href":"https:\/\/messagenius.com\/es\/wp-json\/wp\/v2\/comments?post=10127"}],"version-history":[{"count":7,"href":"https:\/\/messagenius.com\/es\/wp-json\/wp\/v2\/pages\/10127\/revisions"}],"predecessor-version":[{"id":10134,"href":"https:\/\/messagenius.com\/es\/wp-json\/wp\/v2\/pages\/10127\/revisions\/10134"}],"wp:attachment":[{"href":"https:\/\/messagenius.com\/es\/wp-json\/wp\/v2\/media?parent=10127"}],"curies":[{"name":"wp","href":"https:\/\/api.w.org\/{rel}","templated":true}]}}