{"id":10074,"date":"2020-04-20T22:44:22","date_gmt":"2020-04-20T20:44:22","guid":{"rendered":"https:\/\/messagenius.com\/integracion-sin-fisuras\/"},"modified":"2020-12-17T21:56:32","modified_gmt":"2020-12-17T20:56:32","slug":"integracion-sin-fisuras","status":"publish","type":"page","link":"https:\/\/messagenius.com\/es\/integracion-sin-fisuras\/","title":{"rendered":"Integraci\u00f3n Sin Fisuras"},"content":{"rendered":"<div class=\"container container-msg\">[vc_row  full_height=\"yes\"  equal_height=\"yes\"  content_placement=\"middle\" ][vc_column width=&#8221;1\/2&#8243;][vc_column_text css_animation=&#8221;top-to-bottom&#8221;]<\/p>\n<h1>Integra la mensajer\u00eda segura en tu software<\/h1>\n<p>[\/vc_column_text][vc_column_text css_animation=&#8221;bottom-to-top&#8221;]Messagenius es una soluci\u00f3n de mensajes seguros para empresas tanto para los sectores p\u00fablico y privado.<br \/>\nConsigue la<strong>aplicaci\u00f3n de mensajer\u00eda segura<\/strong> con la integraci\u00f3n con cualquiera de tus sistemas, herramientas y softwares existentes.[\/vc_column_text][\/vc_column][vc_column width=&#8221;1\/2&#8243;][vc_single_image image=&#8221;5955&#8243; img_size=&#8221;full&#8221; alignment=&#8221;center&#8221; css_animation=&#8221;right-to-left&#8221;][\/vc_column][\/vc_row]<\/div>[vc_row  full_width=\"stretch_row\"  first_background_type=\"gradient\"  first_background_gradient=\"rgba(10,10,10,0.88)||rgba(10,5,5,0.05)||0;74||359||linear\"  css=\".vc_custom_1587423136034{padding-bottom: 50px !important;background-color: #f9f9f9 !important;}\" ]<div class=\"container container-msg\"><div class=\"vc_row vc_row-msg\">[vc_column][vc_column_text css=&#8221;.vc_custom_1587423152685{padding-top: 50px !important;padding-bottom: 50px !important;}&#8221;]<\/p>\n<h2 style=\"text-align: center;\">Listo para la Integraci\u00f3n<\/h2>\n<p class=\"subtitle\" style=\"text-align: center;\">Integra Messagenius de inmediato con tus herramientas de software existentes. Al fin una empresa segura con todo en un mismo messenger que simplifica la comunicaci\u00f3n a trav\u00e9s de diferentes procesos comerciales.<\/p>\n<p>[\/vc_column_text][vc_row_inner][vc_column_inner width=&#8221;1\/3&#8243;][\/vc_column_inner][vc_column_inner width=&#8221;1\/3&#8243;][\/vc_column_inner][vc_column_inner width=&#8221;1\/3&#8243;][\/vc_column_inner][\/vc_row_inner][\/vc_column]<\/div><\/div>[\/vc_row]<div class=\"container container-msg\">[vc_row ][vc_column]<div class=\"templatera_shortcode\"><div class=\"vc_row wpb_row vc_row-fluid vc_custom_1587420371366 vc_row-o-equal-height vc_row-o-content-middle vc_row-flex\"><div class=\"wpb_column vc_column_container vc_col-sm-4\"><div class=\"vc_column-inner \"><div class=\"wpb_wrapper\">\n\t<div class=\"wpb_text_column wpb_content_element  wpb_animate_when_almost_visible wpb_top-to-bottom top-to-bottom\" >\n\t\t<div class=\"wpb_wrapper\">\n\t\t\t<h2>Ajustado a la Intranet<\/h2>\n\n\t\t<\/div>\n\t<\/div>\n\n\t<div class=\"wpb_text_column wpb_content_element  wpb_animate_when_almost_visible wpb_top-to-bottom top-to-bottom\" >\n\t\t<div class=\"wpb_wrapper\">\n\t\t\t<p style=\"text-align: left;\">Messagenius se integra en cualquier intranet, plataforma de comunicaciones corporativas u otros sistemas internos. Nuestra intranet permite a los gerentes realizar un seguimiento de las comunicaciones seguras y el progreso del trabajo en conjunto con los sistemas internos existentes. La integraci\u00f3n de la aplicaci\u00f3n de mensajer\u00eda segura Messagenius ayuda a aprovechar al m\u00e1ximo la intranet y los sistemas internos personalizados que ya tienes instalados.<\/p>\n\n\t\t<\/div>\n\t<\/div>\n<\/div><\/div><\/div><div class=\"wpb_column vc_column_container vc_col-sm-8\"><div class=\"vc_column-inner \"><div class=\"wpb_wrapper\">\n\t<div  class=\"wpb_single_image wpb_content_element vc_align_center  wpb_animate_when_almost_visible wpb_right-to-left right-to-left\">\n\t\t\n\t\t<figure class=\"wpb_wrapper vc_figure\">\n\t\t\t<div class=\"vc_single_image-wrapper   vc_box_border_grey\"><img width=\"3670\" height=\"2394\" src=\"https:\/\/messagenius.com\/wp-content\/uploads\/2020\/04\/COMP-Generic-Intranet-fit@2x.png\" class=\"vc_single_image-img attachment-full\" alt=\"\" loading=\"lazy\" title=\"COMP - Generic - Intranet fit@2x\" srcset=\"https:\/\/messagenius.com\/wp-content\/uploads\/2020\/04\/COMP-Generic-Intranet-fit@2x.png 3670w, https:\/\/messagenius.com\/wp-content\/uploads\/2020\/04\/COMP-Generic-Intranet-fit@2x-300x196.png 300w, https:\/\/messagenius.com\/wp-content\/uploads\/2020\/04\/COMP-Generic-Intranet-fit@2x-1024x668.png 1024w, https:\/\/messagenius.com\/wp-content\/uploads\/2020\/04\/COMP-Generic-Intranet-fit@2x-768x501.png 768w, https:\/\/messagenius.com\/wp-content\/uploads\/2020\/04\/COMP-Generic-Intranet-fit@2x-1536x1002.png 1536w, https:\/\/messagenius.com\/wp-content\/uploads\/2020\/04\/COMP-Generic-Intranet-fit@2x-2048x1336.png 2048w\" sizes=\"(max-width: 3670px) 100vw, 3670px\" \/><\/div>\n\t\t<\/figure>\n\t<\/div>\n<\/div><\/div><\/div><\/div><\/div>[\/vc_column][\/vc_row]<\/div><div class=\"container container-msg\"><div class=\"vc_row wpb_row vc_row-fluid\"><div class=\"wpb_column vc_column_container vc_col-sm-12\"><div class=\"vc_column-inner \"><div class=\"wpb_wrapper\"><div class=\"templatera_shortcode\"><div class=\"vc_row wpb_row vc_row-fluid vc_custom_1587420371366 vc_row-o-equal-height vc_row-o-content-middle vc_row-flex\"><div class=\"wpb_column vc_column_container vc_col-sm-6\"><div class=\"vc_column-inner \"><div class=\"wpb_wrapper\">\n\t<div  class=\"wpb_single_image wpb_content_element vc_align_center  wpb_animate_when_almost_visible wpb_left-to-right left-to-right\">\n\t\t\n\t\t<figure class=\"wpb_wrapper vc_figure\">\n\t\t\t<div class=\"vc_single_image-wrapper   vc_box_border_grey\"><img width=\"489\" height=\"650\" src=\"https:\/\/messagenius.com\/wp-content\/uploads\/2018\/09\/IMG-loghi-db.png\" class=\"vc_single_image-img attachment-full\" alt=\"integration ldap microsoft sql database db\" loading=\"lazy\" title=\"integration ldap microsoft sql database db\" srcset=\"https:\/\/messagenius.com\/wp-content\/uploads\/2018\/09\/IMG-loghi-db.png 489w, https:\/\/messagenius.com\/wp-content\/uploads\/2018\/09\/IMG-loghi-db-226x300.png 226w\" sizes=\"(max-width: 489px) 100vw, 489px\" \/><\/div>\n\t\t<\/figure>\n\t<\/div>\n<\/div><\/div><\/div><div class=\"wpb_column vc_column_container vc_col-sm-6\"><div class=\"vc_column-inner \"><div class=\"wpb_wrapper\">\n\t<div class=\"wpb_text_column wpb_content_element  wpb_animate_when_almost_visible wpb_top-to-bottom top-to-bottom\" >\n\t\t<div class=\"wpb_wrapper\">\n\t\t\t<h2>Sincronizaci\u00f3n de Bases de Datos Empresariales<\/h2>\n\n\t\t<\/div>\n\t<\/div>\n\n\t<div class=\"wpb_text_column wpb_content_element  wpb_animate_when_almost_visible wpb_top-to-bottom top-to-bottom\" >\n\t\t<div class=\"wpb_wrapper\">\n\t\t\t<p style=\"text-align: left;\">Conecta la base de datos y el directorio de tu empresa para una sincronizaci\u00f3n instant\u00e1nea y en tiempo real con el mensajero privado de Messagenius. Importa a trav\u00e9s de LDAP, Active Directory, Exchange, Oracle, MySQL o cualquier otra base de datos backend.<\/p>\n\n\t\t<\/div>\n\t<\/div>\n<\/div><\/div><\/div><\/div><\/div><\/div><\/div><\/div><\/div><\/div><div class=\"container container-msg\"><div class=\"vc_row wpb_row vc_row-fluid\"><div class=\"wpb_column vc_column_container vc_col-sm-12\"><div class=\"vc_column-inner \"><div class=\"wpb_wrapper\">\n\t<div class=\"wpb_text_column wpb_content_element  wpb_animate_when_almost_visible wpb_&#8221;top-to-bottom&#8221; &#8221;top-to-bottom&#8221;\" >\n\t\t<div class=\"wpb_wrapper\">\n\t\t\t<h2 style=\"text-align: center;\">Listo para Chatbot e IA<\/h2>\n\n\t\t<\/div>\n\t<\/div>\n\n\t<div class=\"wpb_text_column wpb_content_element  wpb_animate_when_almost_visible wpb_&#8221;top-to-bottom&#8221; &#8221;top-to-bottom&#8221;\" >\n\t\t<div class=\"wpb_wrapper\">\n\t\t\t<p style=\"text-align: center;\">Messagenius viene listo para Plug &amp; Play con lo \u00faltimo en agentes conversacionales, chatbots y herramientas basadas en IA.<br \/>\n\u00bfQuieres obtener m\u00e1s informaci\u00f3n sobre c\u00f3mo Messagenius se integra con tu tech stack actual?<br \/>\n\u00a1Ponte en contacto con nosotros hoy mismo!<br \/>\n<a href=\"mailto:contact@messagenius.com\"><strong>contact@messagenius.com<\/strong><\/a><\/p>\n\n\t\t<\/div>\n\t<\/div>\n<\/div><\/div><\/div><\/div><\/div>\n","protected":false},"excerpt":{"rendered":"Sincronizaci\u00f3n de Bases de Datos Empresariales Conecta la base de datos y el directorio de tu empresa para una sincronizaci\u00f3n instant\u00e1nea y en tiempo real con el mensajero privado de Messagenius. Importa a trav\u00e9s de LDAP, Active Directory, Exchange, Oracle, MySQL o cualquier otra base de datos backend.","protected":false},"author":2,"featured_media":0,"parent":0,"menu_order":0,"comment_status":"closed","ping_status":"closed","template":"","meta":{"inline_featured_image":false,"_links_to":"","_links_to_target":""},"acf":[],"yoast_head":"<!-- This site is optimized with the Yoast SEO plugin v19.6.1 - https:\/\/yoast.com\/wordpress\/plugins\/seo\/ -->\n<title>Integraci\u00f3n Sin Fisuras | Messagenius - Secure Enterprise Messaging<\/title>\n<meta name=\"description\" content=\"Integra la mensajer\u00eda instant\u00e1nea en cualquiera de tus softwares existentes utilizando Messagenius SDK. Habla con los compa\u00f1eros de toda la empresa sin problemas.\" \/>\n<meta name=\"robots\" content=\"index, follow, max-snippet:-1, max-image-preview:large, max-video-preview:-1\" \/>\n<link rel=\"canonical\" href=\"https:\/\/messagenius.com\/es\/integracion-sin-fisuras\/\" \/>\n<meta property=\"og:locale\" content=\"es_ES\" \/>\n<meta property=\"og:type\" content=\"article\" \/>\n<meta property=\"og:title\" content=\"Integraci\u00f3n Sin Fisuras | Messagenius - Secure Enterprise Messaging\" \/>\n<meta property=\"og:description\" content=\"Integra la mensajer\u00eda instant\u00e1nea en cualquiera de tus softwares existentes utilizando Messagenius SDK. Habla con los compa\u00f1eros de toda la empresa sin problemas.\" \/>\n<meta property=\"og:url\" content=\"https:\/\/messagenius.com\/es\/integracion-sin-fisuras\/\" \/>\n<meta property=\"og:site_name\" content=\"Messagenius - Secure Enterprise Messaging\" \/>\n<meta property=\"article:publisher\" content=\"https:\/\/www.facebook.com\/Messagenius\/\" \/>\n<meta property=\"article:modified_time\" content=\"2020-12-17T20:56:32+00:00\" \/>\n<meta name=\"twitter:card\" content=\"summary_large_image\" \/>\n<script type=\"application\/ld+json\" class=\"yoast-schema-graph\">{\"@context\":\"https:\/\/schema.org\",\"@graph\":[{\"@type\":\"WebPage\",\"@id\":\"https:\/\/messagenius.com\/es\/integracion-sin-fisuras\/\",\"url\":\"https:\/\/messagenius.com\/es\/integracion-sin-fisuras\/\",\"name\":\"Integraci\u00f3n Sin Fisuras | Messagenius - Secure Enterprise Messaging\",\"isPartOf\":{\"@id\":\"https:\/\/messagenius.com\/it\/#website\"},\"datePublished\":\"2020-04-20T20:44:22+00:00\",\"dateModified\":\"2020-12-17T20:56:32+00:00\",\"description\":\"Integra la mensajer\u00eda instant\u00e1nea en cualquiera de tus softwares existentes utilizando Messagenius SDK. Habla con los compa\u00f1eros de toda la empresa sin problemas.\",\"breadcrumb\":{\"@id\":\"https:\/\/messagenius.com\/es\/integracion-sin-fisuras\/#breadcrumb\"},\"inLanguage\":\"es\",\"potentialAction\":[{\"@type\":\"ReadAction\",\"target\":[\"https:\/\/messagenius.com\/es\/integracion-sin-fisuras\/\"]}]},{\"@type\":\"BreadcrumbList\",\"@id\":\"https:\/\/messagenius.com\/es\/integracion-sin-fisuras\/#breadcrumb\",\"itemListElement\":[{\"@type\":\"ListItem\",\"position\":1,\"name\":\"Home\",\"item\":\"https:\/\/messagenius.com\/es\/home-content\/\"},{\"@type\":\"ListItem\",\"position\":2,\"name\":\"Integraci\u00f3n Sin Fisuras\"}]},{\"@type\":\"WebSite\",\"@id\":\"https:\/\/messagenius.com\/it\/#website\",\"url\":\"https:\/\/messagenius.com\/it\/\",\"name\":\"Messagenius - Secure Enterprise Messaging\",\"description\":\"The private instant messaging solution for organizations\",\"publisher\":{\"@id\":\"https:\/\/messagenius.com\/it\/#organization\"},\"potentialAction\":[{\"@type\":\"SearchAction\",\"target\":{\"@type\":\"EntryPoint\",\"urlTemplate\":\"https:\/\/messagenius.com\/it\/?s={search_term_string}\"},\"query-input\":\"required name=search_term_string\"}],\"inLanguage\":\"es\"},{\"@type\":\"Organization\",\"@id\":\"https:\/\/messagenius.com\/it\/#organization\",\"name\":\"Messagenius\",\"url\":\"https:\/\/messagenius.com\/it\/\",\"sameAs\":[\"https:\/\/www.linkedin.com\/company\/messagenius\/\",\"https:\/\/www.facebook.com\/Messagenius\/\"],\"logo\":{\"@type\":\"ImageObject\",\"inLanguage\":\"es\",\"@id\":\"https:\/\/messagenius.com\/it\/#\/schema\/logo\/image\/\",\"url\":\"https:\/\/messagenius.com\/wp-content\/uploads\/2020\/04\/messagenius-logo-stand-left-scaled.jpg\",\"contentUrl\":\"https:\/\/messagenius.com\/wp-content\/uploads\/2020\/04\/messagenius-logo-stand-left-scaled.jpg\",\"width\":2560,\"height\":2004,\"caption\":\"Messagenius\"},\"image\":{\"@id\":\"https:\/\/messagenius.com\/it\/#\/schema\/logo\/image\/\"}}]}<\/script>\n<!-- \/ Yoast SEO plugin. -->","yoast_head_json":{"title":"Integraci\u00f3n Sin Fisuras | Messagenius - Secure Enterprise Messaging","description":"Integra la mensajer\u00eda instant\u00e1nea en cualquiera de tus softwares existentes utilizando Messagenius SDK. Habla con los compa\u00f1eros de toda la empresa sin problemas.","robots":{"index":"index","follow":"follow","max-snippet":"max-snippet:-1","max-image-preview":"max-image-preview:large","max-video-preview":"max-video-preview:-1"},"canonical":"https:\/\/messagenius.com\/es\/integracion-sin-fisuras\/","og_locale":"es_ES","og_type":"article","og_title":"Integraci\u00f3n Sin Fisuras | Messagenius - Secure Enterprise Messaging","og_description":"Integra la mensajer\u00eda instant\u00e1nea en cualquiera de tus softwares existentes utilizando Messagenius SDK. Habla con los compa\u00f1eros de toda la empresa sin problemas.","og_url":"https:\/\/messagenius.com\/es\/integracion-sin-fisuras\/","og_site_name":"Messagenius - Secure Enterprise Messaging","article_publisher":"https:\/\/www.facebook.com\/Messagenius\/","article_modified_time":"2020-12-17T20:56:32+00:00","twitter_card":"summary_large_image","schema":{"@context":"https:\/\/schema.org","@graph":[{"@type":"WebPage","@id":"https:\/\/messagenius.com\/es\/integracion-sin-fisuras\/","url":"https:\/\/messagenius.com\/es\/integracion-sin-fisuras\/","name":"Integraci\u00f3n Sin Fisuras | Messagenius - Secure Enterprise Messaging","isPartOf":{"@id":"https:\/\/messagenius.com\/it\/#website"},"datePublished":"2020-04-20T20:44:22+00:00","dateModified":"2020-12-17T20:56:32+00:00","description":"Integra la mensajer\u00eda instant\u00e1nea en cualquiera de tus softwares existentes utilizando Messagenius SDK. Habla con los compa\u00f1eros de toda la empresa sin problemas.","breadcrumb":{"@id":"https:\/\/messagenius.com\/es\/integracion-sin-fisuras\/#breadcrumb"},"inLanguage":"es","potentialAction":[{"@type":"ReadAction","target":["https:\/\/messagenius.com\/es\/integracion-sin-fisuras\/"]}]},{"@type":"BreadcrumbList","@id":"https:\/\/messagenius.com\/es\/integracion-sin-fisuras\/#breadcrumb","itemListElement":[{"@type":"ListItem","position":1,"name":"Home","item":"https:\/\/messagenius.com\/es\/home-content\/"},{"@type":"ListItem","position":2,"name":"Integraci\u00f3n Sin Fisuras"}]},{"@type":"WebSite","@id":"https:\/\/messagenius.com\/it\/#website","url":"https:\/\/messagenius.com\/it\/","name":"Messagenius - Secure Enterprise Messaging","description":"The private instant messaging solution for organizations","publisher":{"@id":"https:\/\/messagenius.com\/it\/#organization"},"potentialAction":[{"@type":"SearchAction","target":{"@type":"EntryPoint","urlTemplate":"https:\/\/messagenius.com\/it\/?s={search_term_string}"},"query-input":"required name=search_term_string"}],"inLanguage":"es"},{"@type":"Organization","@id":"https:\/\/messagenius.com\/it\/#organization","name":"Messagenius","url":"https:\/\/messagenius.com\/it\/","sameAs":["https:\/\/www.linkedin.com\/company\/messagenius\/","https:\/\/www.facebook.com\/Messagenius\/"],"logo":{"@type":"ImageObject","inLanguage":"es","@id":"https:\/\/messagenius.com\/it\/#\/schema\/logo\/image\/","url":"https:\/\/messagenius.com\/wp-content\/uploads\/2020\/04\/messagenius-logo-stand-left-scaled.jpg","contentUrl":"https:\/\/messagenius.com\/wp-content\/uploads\/2020\/04\/messagenius-logo-stand-left-scaled.jpg","width":2560,"height":2004,"caption":"Messagenius"},"image":{"@id":"https:\/\/messagenius.com\/it\/#\/schema\/logo\/image\/"}}]}},"_links":{"self":[{"href":"https:\/\/messagenius.com\/es\/wp-json\/wp\/v2\/pages\/10074"}],"collection":[{"href":"https:\/\/messagenius.com\/es\/wp-json\/wp\/v2\/pages"}],"about":[{"href":"https:\/\/messagenius.com\/es\/wp-json\/wp\/v2\/types\/page"}],"author":[{"embeddable":true,"href":"https:\/\/messagenius.com\/es\/wp-json\/wp\/v2\/users\/2"}],"replies":[{"embeddable":true,"href":"https:\/\/messagenius.com\/es\/wp-json\/wp\/v2\/comments?post=10074"}],"version-history":[{"count":6,"href":"https:\/\/messagenius.com\/es\/wp-json\/wp\/v2\/pages\/10074\/revisions"}],"predecessor-version":[{"id":10362,"href":"https:\/\/messagenius.com\/es\/wp-json\/wp\/v2\/pages\/10074\/revisions\/10362"}],"wp:attachment":[{"href":"https:\/\/messagenius.com\/es\/wp-json\/wp\/v2\/media?parent=10074"}],"curies":[{"name":"wp","href":"https:\/\/api.w.org\/{rel}","templated":true}]}}