{"id":8887,"date":"2020-06-17T01:18:41","date_gmt":"2020-06-16T23:18:41","guid":{"rendered":"https:\/\/messagenius.com\/?page_id=8887"},"modified":"2022-09-28T16:02:59","modified_gmt":"2022-09-28T14:02:59","slug":"messaging-for-internal-communications","status":"publish","type":"page","link":"https:\/\/messagenius.com\/de\/messaging-for-internal-communications\/","title":{"rendered":"Instant Messaging for Internal Communications"},"content":{"rendered":"<p>[vc_row  full_width=\"stretch_row\"  first_background_type=\"gradient\"  first_background_gradient=\"rgba(10,10,10,0.88)||rgba(10,5,5,0.05)||0;74||359||linear\"  css=\".vc_custom_1587038145431{background-color: #323c47 !important;}\" ]<div class=\"container container-msg\"><div class=\"vc_row vc_row-msg\">[vc_column][vc_column_text css=&#8221;.vc_custom_1592929677483{padding-top: 50px !important;padding-bottom: 50px !important;}&#8221; el_class=&#8221;dark&#8221;]<\/p>\n<h4 style=\"text-align: center;\"><span style=\"color: #21adbf;\">SECURE &amp; COMPLIANT BY DESIGN<\/span><\/h4>\n<h1 style=\"text-align: center;\">Instant Messaging for Internal Communications<\/h1>\n<p>[\/vc_column_text][\/vc_column]<\/div><\/div>[\/vc_row]<div class=\"container container-msg\">[vc_row  full_height=\"yes\"  equal_height=\"yes\"  content_placement=\"middle\" ][vc_column width=&#8221;1\/2&#8243;][vc_column_text css_animation=&#8221;none&#8221;]<\/p>\n<h2>Struggle to optimise and secure the internal communication among thousands of employees?<\/h2>\n<p>[\/vc_column_text][vc_column_text css_animation=&#8221;none&#8221;]Then Messagenius is your solution! The secure instant messaging app for communications among colleagues in any enterprise. Make your <strong>internal communications secure, effective, smooth <\/strong>and<strong> productive<\/strong>:<\/p>\n<ul>\n<li>On-premises, private server or cloud installation<\/li>\n<li>Granting encryption keys <strong>ONLY <\/strong>to the client<\/li>\n<li>Special features for Admins and C-suite<\/li>\n<li>SDK integration into other software<\/li>\n<\/ul>\n<p>[\/vc_column_text][\/vc_column][vc_column width=&#8221;1\/2&#8243;][vc_single_image image=&#8221;7638&#8243; img_size=&#8221;full&#8221; alignment=&#8221;center&#8221; css_animation=&#8221;none&#8221;][\/vc_column][\/vc_row]<\/div>[vc_row  full_width=\"stretch_row\"  first_background_type=\"gradient\"  first_background_gradient=\"rgba(10,10,10,0.88)||rgba(10,5,5,0.05)||0;74||359||linear\"  css=\".vc_custom_1587038145431{background-color: #323c47 !important;}\" ]<div class=\"container container-msg\"><div class=\"vc_row vc_row-msg\">[vc_column][vc_column_text css=&#8221;.vc_custom_1587516733681{padding-top: 50px !important;padding-bottom: 50px !important;}&#8221; el_class=&#8221;dark&#8221;]<\/p>\n<h2 style=\"text-align: center;\">GDPR-Compliance<\/h2>\n<p class=\"subtitle\" style=\"text-align: center;\">Messagenius is 100% GDPR-compliant and Leak-proof.<br \/>\nWe don\u2019t involve third parties to store, access or use your data. And Messagenius itself doesn\u2019t have the access to your data.<\/p>\n<p>[\/vc_column_text][\/vc_column]<\/div><\/div>[\/vc_row]<div class=\"container container-msg\">[vc_row  equal_height=\"yes\"  content_placement=\"middle\"  css=\".vc_custom_1594312612263{padding-top: 50px !important;}\" ][vc_column width=&#8221;1\/2&#8243;][vc_column_text]<\/p>\n<h2>Everything you expect from a messaging app<\/h2>\n<p>[\/vc_column_text][vc_column_text]Just like any instant messaging app, Messagenius allows your office and remote workers to <strong>communicate fast &amp; effectively:<\/strong> send text &amp; voice messages, photos, videos, and docs directly from the field, also sending requests or reporting to the <strong>control room<\/strong> to optimise time &amp; efforts:[\/vc_column_text][vc_row_inner][vc_column_inner width=&#8221;1\/2&#8243;][vc_column_text]<\/p>\n<div class=\"list\"><i class=\"fas fa-check-circle\"><\/i>Text messages<\/div>\n<div class=\"list\"><i class=\"fas fa-check-circle\"><\/i>Voice messages<\/div>\n<div class=\"list\"><i class=\"fas fa-check-circle\"><\/i>Images<\/div>\n<div class=\"list\"><i class=\"fas fa-check-circle\"><\/i>Videos<\/div>\n<p>[\/vc_column_text][\/vc_column_inner][vc_column_inner width=&#8221;1\/2&#8243;][vc_column_text]<\/p>\n<div class=\"list\"><i class=\"fas fa-check-circle\"><\/i>Contacts<\/div>\n<div class=\"list\"><i class=\"fas fa-check-circle\"><\/i>Locations<\/div>\n<div class=\"list\"><i class=\"fas fa-check-circle\"><\/i>Emergency signals<\/div>\n<div class=\"list\"><i class=\"fas fa-check-circle\"><\/i>And much more&#8230;<\/div>\n<p>[\/vc_column_text][\/vc_column_inner][\/vc_row_inner][vc_column_text]<a class=\"button-link button-primary-color\" href=\"\/productivity-boost\/\">Learn more<\/a>[\/vc_column_text][\/vc_column][vc_column width=&#8221;1\/2&#8243;][vc_single_image image=&#8221;7635&#8243; img_size=&#8221;full&#8221;][\/vc_column][\/vc_row]<\/div>[vc_row  full_width=\"stretch_row\"  equal_height=\"yes\"  content_placement=\"middle\"  css=\".vc_custom_1594312357912{padding-top: 100px !important;}\" ]<div class=\"container container-msg\"><div class=\"vc_row vc_row-msg\">[vc_column]<div class=\"templatera_shortcode\"><div class=\"vc_row wpb_row vc_row-fluid vc_custom_1587420371366 vc_row-o-equal-height vc_row-o-content-middle vc_row-flex\"><div class=\"wpb_column vc_column_container vc_col-sm-6\"><div class=\"vc_column-inner \"><div class=\"wpb_wrapper\">\n\t<div  class=\"wpb_single_image wpb_content_element vc_align_center  wpb_animate_when_almost_visible wpb_left-to-right left-to-right\">\n\t\t\n\t\t<figure class=\"wpb_wrapper vc_figure\">\n\t\t\t<div class=\"vc_single_image-wrapper   vc_box_border_grey\"><img width=\"393\" height=\"428\" src=\"https:\/\/messagenius.com\/wp-content\/uploads\/2018\/09\/img-private-server.png\" class=\"vc_single_image-img attachment-full\" alt=\"\" loading=\"lazy\" title=\"img-private-server\" srcset=\"https:\/\/messagenius.com\/wp-content\/uploads\/2018\/09\/img-private-server.png 393w, https:\/\/messagenius.com\/wp-content\/uploads\/2018\/09\/img-private-server-275x300.png 275w\" sizes=\"(max-width: 393px) 100vw, 393px\" \/><\/div>\n\t\t<\/figure>\n\t<\/div>\n<\/div><\/div><\/div><div class=\"wpb_column vc_column_container vc_col-sm-6\"><div class=\"vc_column-inner \"><div class=\"wpb_wrapper\">\n\t<div class=\"wpb_text_column wpb_content_element  wpb_animate_when_almost_visible wpb_top-to-bottom top-to-bottom\" >\n\t\t<div class=\"wpb_wrapper\">\n\t\t\t<h2>Private On-Premise or Cloud Installation<\/h2>\n\n\t\t<\/div>\n\t<\/div>\n\n\t<div class=\"wpb_text_column wpb_content_element  wpb_animate_when_almost_visible wpb_top-to-bottom top-to-bottom\" >\n\t\t<div class=\"wpb_wrapper\">\n\t\t\t<p style=\"text-align: left;\">Unabh\u00e4ngig davon, f\u00fcr welche Art der Installation Sie sich entscheiden, garantiert Messagenius, dass Ihre Unternehmensdaten sicher sind - und vollst\u00e4ndig Ihnen geh\u00f6ren, lokal gespeichert. Um die Sicherheit Ihrer Unternehmensdaten zu gew\u00e4hrleisten, kann Messagenius wie folgt installiert werden:<\/p>\n<div class=\"list\"><i class=\"fas fa-check-circle\"><\/i><strong>On-Premise<\/strong> oder auf Ihrem privaten Unternehmensserver<\/div>\n<div class=\"list\"><i class=\"fas fa-check-circle\"><\/i>In Ihrer <strong>privaten Unternehmens-Cloud<\/strong><\/div>\n<div class=\"list\"><i class=\"fas fa-check-circle\"><\/i>Auf Messagenius Server\/Cloud, der ausschlie\u00dflich <strong>f\u00fcr Ihr Unternehmen erstellt und reserviert wurde<\/strong><\/div>\n\n\t\t<\/div>\n\t<\/div>\n<\/div><\/div><\/div><\/div><\/div>[vc_column_text]<\/p>\n<p style=\"text-align: center;\"><a class=\"button-link button-primary-color\" href=\"\/security-and-data-ownership\/\">Learn more<\/a><\/p>\n<p>[\/vc_column_text][\/vc_column]<\/div><\/div>[\/vc_row]<div data-vc-full-width=\"true\" data-vc-full-width-init=\"true\" data-vc-full-width-init-backup=\"false\" class=\"vc_row wpb_row vc_row-fluid vc_custom_1592352665585 vc_row-has-fill\"><div class=\"container container-msg\"><div class=\"vc_row vc_row-msg\"><div class=\"wpb_column vc_column_container vc_col-sm-12\"><div class=\"vc_column-inner \"><div class=\"wpb_wrapper\">\n\t<div class=\"wpb_text_column wpb_content_element  &#8221;dark&#8221;\" >\n\t\t<div class=\"wpb_wrapper\">\n\t\t\t<h2 style=\"text-align: center;\"><span style=\"color: #323c47;\">Ready-Made for Integration<\/span><\/h2>\n<p class=\"subtitle\" style=\"text-align: center;\"><span style=\"color: #323c47;\">Integrate Messagenius right out of the box with your existing software tools. Finally, a secure enterprise all in one messenger that simplifies communication throughout different business processes.<\/span><\/p>\n\n\t\t<\/div>\n\t<\/div>\n\n\t<div class=\"wpb_text_column wpb_content_element \" >\n\t\t<div class=\"wpb_wrapper\">\n\t\t\t<p style=\"text-align: center;\"><a class=\"button-link button-primary-color\" href=\"\/seamless-integration\/\">Learn more<\/a><\/p>\n\n\t\t<\/div>\n\t<\/div>\n<\/div><\/div><\/div><\/div><\/div><\/div><div class=\"vc_row-full-width vc_clearfix\"><\/div><div data-vc-full-width=\"true\" data-vc-full-width-init=\"true\" data-vc-full-width-init-backup=\"false\" class=\"vc_row wpb_row vc_row-fluid vc_custom_1594316255828 vc_row-o-equal-height vc_row-o-content-middle vc_row-flex\"><div class=\"container container-msg\"><div class=\"vc_row vc_row-msg\"><div class=\"wpb_column vc_column_container vc_col-sm-12\"><div class=\"vc_column-inner \"><div class=\"wpb_wrapper\"><div class=\"templatera_shortcode\"><div class=\"vc_row wpb_row vc_row-fluid vc_row-o-equal-height vc_row-o-content-middle vc_row-flex\"><div class=\"wpb_column vc_column_container vc_col-sm-6\"><div class=\"vc_column-inner \"><div class=\"wpb_wrapper\">\n\t<div  class=\"wpb_single_image wpb_content_element vc_align_center  wpb_animate_when_almost_visible wpb_left-to-right left-to-right\">\n\t\t\n\t\t<figure class=\"wpb_wrapper vc_figure\">\n\t\t\t<div class=\"vc_single_image-wrapper   vc_box_border_grey\"><img width=\"1744\" height=\"1864\" src=\"https:\/\/messagenius.com\/wp-content\/uploads\/2020\/04\/COMP-Generic-Blast-Messages-Cards@2x.png\" class=\"vc_single_image-img attachment-full\" alt=\"\" loading=\"lazy\" title=\"COMP - Generic - Blast Messages Cards@2x\" srcset=\"https:\/\/messagenius.com\/wp-content\/uploads\/2020\/04\/COMP-Generic-Blast-Messages-Cards@2x.png 1744w, https:\/\/messagenius.com\/wp-content\/uploads\/2020\/04\/COMP-Generic-Blast-Messages-Cards@2x-281x300.png 281w, https:\/\/messagenius.com\/wp-content\/uploads\/2020\/04\/COMP-Generic-Blast-Messages-Cards@2x-958x1024.png 958w, https:\/\/messagenius.com\/wp-content\/uploads\/2020\/04\/COMP-Generic-Blast-Messages-Cards@2x-768x821.png 768w, https:\/\/messagenius.com\/wp-content\/uploads\/2020\/04\/COMP-Generic-Blast-Messages-Cards@2x-1437x1536.png 1437w\" sizes=\"(max-width: 1744px) 100vw, 1744px\" \/><\/div>\n\t\t<\/figure>\n\t<\/div>\n<\/div><\/div><\/div><div class=\"wpb_column vc_column_container vc_col-sm-6\"><div class=\"vc_column-inner \"><div class=\"wpb_wrapper\">\n\t<div class=\"wpb_text_column wpb_content_element  wpb_animate_when_almost_visible wpb_top-to-bottom top-to-bottom\" >\n\t\t<div class=\"wpb_wrapper\">\n\t\t\t<h2>Broadcast-Massennachrichten<\/h2>\n\n\t\t<\/div>\n\t<\/div>\n\n\t<div class=\"wpb_text_column wpb_content_element  wpb_animate_when_almost_visible wpb_top-to-bottom top-to-bottom\" >\n\t\t<div class=\"wpb_wrapper\">\n\t\t\t<p>Senden<strong> eine Nachricht an die gesamte Belegschaft<\/strong> mit einem Klick. Informieren Sie s\u00e4mtliche Mitarbeiter in Ihrem Unternehmen mit nur einer einzigen Nachricht, z. B. \"W\u00f6chentliche Updates\", \"Teambuilding-Session\", \"Software-Update\", \"J\u00e4hrliche Party\" oder \u00e4hnliche.<\/p>\n\n\t\t<\/div>\n\t<\/div>\n<\/div><\/div><\/div><\/div><\/div>\n\t<div class=\"wpb_text_column wpb_content_element \" >\n\t\t<div class=\"wpb_wrapper\">\n\t\t\t<h3 style=\"text-align: center;\">Discover all our range of features for leaders and C-suite enabling smart management in any workplace.<\/h3>\n\n\t\t<\/div>\n\t<\/div>\n\n\t<div class=\"wpb_text_column wpb_content_element \" >\n\t\t<div class=\"wpb_wrapper\">\n\t\t\t<p style=\"text-align: center;\"><a class=\"button-link button-primary-color\" href=\"\/special-features-for-admins\/\">Special Features for Admins<\/a><\/p>\n\n\t\t<\/div>\n\t<\/div>\n<\/div><\/div><\/div><\/div><\/div><\/div><div class=\"vc_row-full-width vc_clearfix\"><\/div><div data-vc-full-width=\"true\" data-vc-full-width-init=\"true\" data-vc-full-width-init-backup=\"false\" class=\"vc_row wpb_row vc_row-fluid vc_custom_1594316263992 vc_row-o-equal-height vc_row-o-content-middle vc_row-flex\"><div class=\"container container-msg\"><div class=\"vc_row vc_row-msg\"><div class=\"wpb_column vc_column_container vc_col-sm-12\"><div class=\"vc_column-inner \"><div class=\"wpb_wrapper\"><div class=\"templatera_shortcode\"><div data-vc-full-width=\"true\" data-vc-full-width-init=\"true\" data-vc-full-width-init-backup=\"false\" class=\"vc_row wpb_row vc_row-fluid vc_custom_1584645982629 vc_row-has-fill vc_row-o-equal-height vc_row-o-content-middle vc_row-flex\"><div class=\"wpb_column vc_column_container vc_col-sm-4\"><div class=\"vc_column-inner \"><div class=\"wpb_wrapper\">\n\t<div class=\"wpb_text_column wpb_content_element \" >\n\t\t<div class=\"wpb_wrapper\">\n\t\t\t<h2 style=\"text-align: left;\">Individuell angepasste<br \/>\nWhite-Label App f\u00fcr Ihr Unternehmen<\/h2>\n\n\t\t<\/div>\n\t<\/div>\n\n\t<div class=\"wpb_text_column wpb_content_element \" >\n\t\t<div class=\"wpb_wrapper\">\n\t\t\t<p>Bringen Sie das Benutzererlebnis und die Benutzeroberfl\u00e4che Ihrer App in Einklang mit Ihrer Markenidentit\u00e4t. Holen Sie sich einen ma\u00dfgeschneiderten privaten Messenger, der Ihre speziellen Anforderungen erf\u00fcllt.<\/p>\n\n\t\t<\/div>\n\t<\/div>\n<\/div><\/div><\/div><div class=\"wpb_column vc_column_container vc_col-sm-8\"><div class=\"vc_column-inner \"><div class=\"wpb_wrapper\">\n\t<div  class=\"wpb_single_image wpb_content_element vc_align_center   img-90\">\n\t\t\n\t\t<figure class=\"wpb_wrapper vc_figure\">\n\t\t\t<div class=\"vc_single_image-wrapper   vc_box_border_grey\"><img width=\"1307\" height=\"1287\" src=\"https:\/\/messagenius.com\/wp-content\/uploads\/2019\/12\/COMP-Customize-FULL-1.png\" class=\"vc_single_image-img attachment-full\" alt=\"\" loading=\"lazy\" title=\"White Label messaging app for customisation\" srcset=\"https:\/\/messagenius.com\/wp-content\/uploads\/2019\/12\/COMP-Customize-FULL-1.png 1307w, https:\/\/messagenius.com\/wp-content\/uploads\/2019\/12\/COMP-Customize-FULL-1-300x295.png 300w, https:\/\/messagenius.com\/wp-content\/uploads\/2019\/12\/COMP-Customize-FULL-1-1024x1008.png 1024w, https:\/\/messagenius.com\/wp-content\/uploads\/2019\/12\/COMP-Customize-FULL-1-768x756.png 768w\" sizes=\"(max-width: 1307px) 100vw, 1307px\" \/><\/div>\n\t\t<\/figure>\n\t<\/div>\n<\/div><\/div><\/div><\/div><div class=\"vc_row-full-width vc_clearfix\"><\/div><\/div><\/div><\/div><\/div><\/div><\/div><\/div><div class=\"vc_row-full-width vc_clearfix\"><\/div><div data-vc-full-width=\"true\" data-vc-full-width-init=\"true\" data-vc-full-width-init-backup=\"false\" class=\"vc_row wpb_row vc_row-fluid vc_custom_1587420635714\"><div class=\"container container-msg\"><div class=\"vc_row vc_row-msg\"><div class=\"wpb_column vc_column_container vc_col-sm-12\"><div class=\"vc_column-inner \"><div class=\"wpb_wrapper\">\n\t<div  class=\"wpb_single_image wpb_content_element vc_align_&#8221;center&#8221;\">\n\t\t\n\t\t<figure class=\"wpb_wrapper vc_figure\">\n\t\t\t<div class=\"vc_single_image-wrapper   vc_box_border_grey\"><\/div>\n\t\t<\/figure>\n\t<\/div>\n\n\t<div class=\"wpb_text_column wpb_content_element \" >\n\t\t<div class=\"wpb_wrapper\">\n\t\t\t<p style=\"text-align: center;\">Italian technology giant AlamavivA needed an enterprise instant messaging tool that allows for light-speed communication without compromising the security of confidential data. AlamavivA now uses Messagenius as their secure corporate messaging solution, installed on-premise using a private cloud server.<\/p>\n\n\t\t<\/div>\n\t<\/div>\n<\/div><\/div><\/div><\/div><\/div><\/div><div class=\"vc_row-full-width vc_clearfix\"><\/div><div data-vc-full-width=\"true\" data-vc-full-width-init=\"true\" data-vc-full-width-init-backup=\"false\" class=\"vc_row wpb_row vc_row-fluid vc_custom_1592352665585 vc_row-has-fill\"><div class=\"container container-msg\"><div class=\"vc_row vc_row-msg\"><div class=\"wpb_column vc_column_container vc_col-sm-12\"><div class=\"vc_column-inner \"><div class=\"wpb_wrapper\">\n\t<div class=\"wpb_text_column wpb_content_element  &#8221;dark&#8221;\" >\n\t\t<div class=\"wpb_wrapper\">\n\t\t\t<h2 style=\"text-align: center;\"><span style=\"color: #21adbf;\">In search for internal communications tools?<\/span><\/h2>\n<p class=\"subtitle\" style=\"text-align: center;\"><span style=\"color: #323c47;\">Let Messagenius take care of it, making the daily communications among your employees secure, rapid and effective. <\/span><\/p>\n\n\t\t<\/div>\n\t<\/div>\n<div class=\"vc_row wpb_row vc_inner vc_row-fluid\"><div class=\"wpb_column vc_column_container vc_col-sm-12\"><div class=\"vc_column-inner\"><div class=\"wpb_wrapper\">\n\t<div class=\"wpb_text_column wpb_content_element \" >\n\t\t<div class=\"wpb_wrapper\">\n\t\t\t<p class=\"subtitle\" style=\"text-align: center;\"><span style=\"color: #323c47;\">Reach out to us, and we will deliver you a tailored instant messaging tool to make your internal communications seamless, even on remote.<\/span><\/p>\n<p style=\"text-align: center;\"><a class=\"button-link button-primary-color\" href=\"\/contact-us\/\">Contact us<\/a><\/p>\n\n\t\t<\/div>\n\t<\/div>\n<\/div><\/div><\/div><\/div><\/div><\/div><\/div><\/div><\/div><\/div><div class=\"vc_row-full-width vc_clearfix\"><\/div>\n","protected":false},"excerpt":{"rendered":"Individuell angepasste White-Label App f\u00fcr Ihr Unternehmen Bringen Sie das Benutzererlebnis und die Benutzeroberfl\u00e4che Ihrer App in Einklang mit Ihrer Markenidentit\u00e4t. Holen Sie sich einen ma\u00dfgeschneiderten privaten Messenger, der Ihre speziellen Anforderungen erf\u00fcllt.","protected":false},"author":1,"featured_media":0,"parent":0,"menu_order":0,"comment_status":"closed","ping_status":"closed","template":"","meta":{"inline_featured_image":false,"_links_to":"","_links_to_target":""},"acf":[],"yoast_head":"<!-- This site is optimized with the Yoast SEO plugin v19.6.1 - https:\/\/yoast.com\/wordpress\/plugins\/seo\/ -->\n<title>Instant Messaging for Internal Communications | Messagenius<\/title>\n<meta name=\"description\" content=\"Keep all your data and communications in-house with secure enterprise instant messaging app for internal communications.\" \/>\n<meta name=\"robots\" content=\"index, follow, max-snippet:-1, max-image-preview:large, max-video-preview:-1\" \/>\n<link rel=\"canonical\" href=\"https:\/\/messagenius.com\/de\/messaging-for-internal-communications\/\" \/>\n<meta property=\"og:locale\" content=\"de_DE\" \/>\n<meta property=\"og:type\" content=\"article\" \/>\n<meta property=\"og:title\" content=\"Instant Messaging for Internal Communications | Messagenius\" \/>\n<meta property=\"og:description\" content=\"Keep all your data and communications in-house with secure enterprise instant messaging app for internal communications.\" \/>\n<meta property=\"og:url\" content=\"https:\/\/messagenius.com\/de\/messaging-for-internal-communications\/\" \/>\n<meta property=\"og:site_name\" content=\"Messagenius - Secure Enterprise Messaging\" \/>\n<meta property=\"article:publisher\" content=\"https:\/\/www.facebook.com\/Messagenius\/\" \/>\n<meta property=\"article:modified_time\" content=\"2022-09-28T14:02:59+00:00\" \/>\n<meta name=\"twitter:card\" content=\"summary_large_image\" \/>\n<meta name=\"twitter:label1\" content=\"Est. reading time\" \/>\n\t<meta name=\"twitter:data1\" content=\"2 minutes\" \/>\n<script type=\"application\/ld+json\" class=\"yoast-schema-graph\">{\"@context\":\"https:\/\/schema.org\",\"@graph\":[{\"@type\":\"WebPage\",\"@id\":\"https:\/\/messagenius.com\/de\/messaging-for-internal-communications\/\",\"url\":\"https:\/\/messagenius.com\/de\/messaging-for-internal-communications\/\",\"name\":\"Instant Messaging for Internal Communications | Messagenius\",\"isPartOf\":{\"@id\":\"https:\/\/messagenius.com\/it\/#website\"},\"datePublished\":\"2020-06-16T23:18:41+00:00\",\"dateModified\":\"2022-09-28T14:02:59+00:00\",\"description\":\"Keep all your data and communications in-house with secure enterprise instant messaging app for internal communications.\",\"breadcrumb\":{\"@id\":\"https:\/\/messagenius.com\/de\/messaging-for-internal-communications\/#breadcrumb\"},\"inLanguage\":\"de\",\"potentialAction\":[{\"@type\":\"ReadAction\",\"target\":[\"https:\/\/messagenius.com\/de\/messaging-for-internal-communications\/\"]}]},{\"@type\":\"BreadcrumbList\",\"@id\":\"https:\/\/messagenius.com\/de\/messaging-for-internal-communications\/#breadcrumb\",\"itemListElement\":[{\"@type\":\"ListItem\",\"position\":1,\"name\":\"Home\",\"item\":\"https:\/\/messagenius.com\/de\/\"},{\"@type\":\"ListItem\",\"position\":2,\"name\":\"Instant Messaging for Internal Communications\"}]},{\"@type\":\"WebSite\",\"@id\":\"https:\/\/messagenius.com\/it\/#website\",\"url\":\"https:\/\/messagenius.com\/it\/\",\"name\":\"Messagenius - Secure Enterprise Messaging\",\"description\":\"The private instant messaging solution for organizations\",\"publisher\":{\"@id\":\"https:\/\/messagenius.com\/it\/#organization\"},\"potentialAction\":[{\"@type\":\"SearchAction\",\"target\":{\"@type\":\"EntryPoint\",\"urlTemplate\":\"https:\/\/messagenius.com\/it\/?s={search_term_string}\"},\"query-input\":\"required name=search_term_string\"}],\"inLanguage\":\"de\"},{\"@type\":\"Organization\",\"@id\":\"https:\/\/messagenius.com\/it\/#organization\",\"name\":\"Messagenius\",\"url\":\"https:\/\/messagenius.com\/it\/\",\"sameAs\":[\"https:\/\/www.linkedin.com\/company\/messagenius\/\",\"https:\/\/www.facebook.com\/Messagenius\/\"],\"logo\":{\"@type\":\"ImageObject\",\"inLanguage\":\"de\",\"@id\":\"https:\/\/messagenius.com\/it\/#\/schema\/logo\/image\/\",\"url\":\"https:\/\/messagenius.com\/wp-content\/uploads\/2020\/04\/messagenius-logo-stand-left-scaled.jpg\",\"contentUrl\":\"https:\/\/messagenius.com\/wp-content\/uploads\/2020\/04\/messagenius-logo-stand-left-scaled.jpg\",\"width\":2560,\"height\":2004,\"caption\":\"Messagenius\"},\"image\":{\"@id\":\"https:\/\/messagenius.com\/it\/#\/schema\/logo\/image\/\"}}]}<\/script>\n<!-- \/ Yoast SEO plugin. -->","yoast_head_json":{"title":"Instant Messaging for Internal Communications | Messagenius","description":"Keep all your data and communications in-house with secure enterprise instant messaging app for internal communications.","robots":{"index":"index","follow":"follow","max-snippet":"max-snippet:-1","max-image-preview":"max-image-preview:large","max-video-preview":"max-video-preview:-1"},"canonical":"https:\/\/messagenius.com\/de\/messaging-for-internal-communications\/","og_locale":"de_DE","og_type":"article","og_title":"Instant Messaging for Internal Communications | Messagenius","og_description":"Keep all your data and communications in-house with secure enterprise instant messaging app for internal communications.","og_url":"https:\/\/messagenius.com\/de\/messaging-for-internal-communications\/","og_site_name":"Messagenius - Secure Enterprise Messaging","article_publisher":"https:\/\/www.facebook.com\/Messagenius\/","article_modified_time":"2022-09-28T14:02:59+00:00","twitter_card":"summary_large_image","twitter_misc":{"Est. reading time":"2 minutes"},"schema":{"@context":"https:\/\/schema.org","@graph":[{"@type":"WebPage","@id":"https:\/\/messagenius.com\/de\/messaging-for-internal-communications\/","url":"https:\/\/messagenius.com\/de\/messaging-for-internal-communications\/","name":"Instant Messaging for Internal Communications | Messagenius","isPartOf":{"@id":"https:\/\/messagenius.com\/it\/#website"},"datePublished":"2020-06-16T23:18:41+00:00","dateModified":"2022-09-28T14:02:59+00:00","description":"Keep all your data and communications in-house with secure enterprise instant messaging app for internal communications.","breadcrumb":{"@id":"https:\/\/messagenius.com\/de\/messaging-for-internal-communications\/#breadcrumb"},"inLanguage":"de","potentialAction":[{"@type":"ReadAction","target":["https:\/\/messagenius.com\/de\/messaging-for-internal-communications\/"]}]},{"@type":"BreadcrumbList","@id":"https:\/\/messagenius.com\/de\/messaging-for-internal-communications\/#breadcrumb","itemListElement":[{"@type":"ListItem","position":1,"name":"Home","item":"https:\/\/messagenius.com\/de\/"},{"@type":"ListItem","position":2,"name":"Instant Messaging for Internal Communications"}]},{"@type":"WebSite","@id":"https:\/\/messagenius.com\/it\/#website","url":"https:\/\/messagenius.com\/it\/","name":"Messagenius - Secure Enterprise Messaging","description":"The private instant messaging solution for organizations","publisher":{"@id":"https:\/\/messagenius.com\/it\/#organization"},"potentialAction":[{"@type":"SearchAction","target":{"@type":"EntryPoint","urlTemplate":"https:\/\/messagenius.com\/it\/?s={search_term_string}"},"query-input":"required name=search_term_string"}],"inLanguage":"de"},{"@type":"Organization","@id":"https:\/\/messagenius.com\/it\/#organization","name":"Messagenius","url":"https:\/\/messagenius.com\/it\/","sameAs":["https:\/\/www.linkedin.com\/company\/messagenius\/","https:\/\/www.facebook.com\/Messagenius\/"],"logo":{"@type":"ImageObject","inLanguage":"de","@id":"https:\/\/messagenius.com\/it\/#\/schema\/logo\/image\/","url":"https:\/\/messagenius.com\/wp-content\/uploads\/2020\/04\/messagenius-logo-stand-left-scaled.jpg","contentUrl":"https:\/\/messagenius.com\/wp-content\/uploads\/2020\/04\/messagenius-logo-stand-left-scaled.jpg","width":2560,"height":2004,"caption":"Messagenius"},"image":{"@id":"https:\/\/messagenius.com\/it\/#\/schema\/logo\/image\/"}}]}},"_links":{"self":[{"href":"https:\/\/messagenius.com\/de\/wp-json\/wp\/v2\/pages\/8887"}],"collection":[{"href":"https:\/\/messagenius.com\/de\/wp-json\/wp\/v2\/pages"}],"about":[{"href":"https:\/\/messagenius.com\/de\/wp-json\/wp\/v2\/types\/page"}],"author":[{"embeddable":true,"href":"https:\/\/messagenius.com\/de\/wp-json\/wp\/v2\/users\/1"}],"replies":[{"embeddable":true,"href":"https:\/\/messagenius.com\/de\/wp-json\/wp\/v2\/comments?post=8887"}],"version-history":[{"count":45,"href":"https:\/\/messagenius.com\/de\/wp-json\/wp\/v2\/pages\/8887\/revisions"}],"predecessor-version":[{"id":13544,"href":"https:\/\/messagenius.com\/de\/wp-json\/wp\/v2\/pages\/8887\/revisions\/13544"}],"wp:attachment":[{"href":"https:\/\/messagenius.com\/de\/wp-json\/wp\/v2\/media?parent=8887"}],"curies":[{"name":"wp","href":"https:\/\/api.w.org\/{rel}","templated":true}]}}