{"id":10855,"date":"2020-06-18T16:35:45","date_gmt":"2020-06-18T14:35:45","guid":{"rendered":"https:\/\/messagenius.com\/alternative-securisee-whatsapp-entreprises\/"},"modified":"2020-06-18T16:35:45","modified_gmt":"2020-06-18T14:35:45","slug":"alternative-securisee-whatsapp-entreprises","status":"publish","type":"page","link":"https:\/\/messagenius.com\/de\/alternative-securisee-whatsapp-entreprises\/","title":{"rendered":"Une alternative s\u00e9curis\u00e9e \u00e0 WhatsApp pour les entreprises"},"content":{"rendered":"","protected":false},"excerpt":{"rendered":"","protected":false},"author":4,"featured_media":0,"parent":0,"menu_order":0,"comment_status":"closed","ping_status":"closed","template":"","meta":{"inline_featured_image":false,"_links_to":"","_links_to_target":""},"acf":[],"yoast_head":"<!-- This site is optimized with the Yoast SEO plugin v19.6.1 - https:\/\/yoast.com\/wordpress\/plugins\/seo\/ -->\n<title>Une alternative s\u00e9curis\u00e9e \u00e0 WhatsApp pour les entreprises | Messagenius - Secure Enterprise Messaging<\/title>\n<meta name=\"description\" content=\"Messagenius rend vos communications internes s\u00fbres, rapides et efficaces, boostant ainsi la productivit\u00e9 de vos employ\u00e9\u00b7e\u00b7s. Nous vous aidons \u00e0 prot\u00e9ger vos donn\u00e9es\" \/>\n<meta name=\"robots\" content=\"index, follow, max-snippet:-1, max-image-preview:large, max-video-preview:-1\" \/>\n<link rel=\"canonical\" href=\"https:\/\/messagenius.com\/de\/alternative-securisee-whatsapp-entreprises\/\" \/>\n<meta property=\"og:locale\" content=\"de_DE\" \/>\n<meta property=\"og:type\" content=\"article\" \/>\n<meta property=\"og:title\" content=\"Une alternative s\u00e9curis\u00e9e \u00e0 WhatsApp pour les entreprises | Messagenius - Secure Enterprise Messaging\" \/>\n<meta property=\"og:description\" content=\"Messagenius rend vos communications internes s\u00fbres, rapides et efficaces, boostant ainsi la productivit\u00e9 de vos employ\u00e9\u00b7e\u00b7s. Nous vous aidons \u00e0 prot\u00e9ger vos donn\u00e9es\" \/>\n<meta property=\"og:url\" content=\"https:\/\/messagenius.com\/de\/alternative-securisee-whatsapp-entreprises\/\" \/>\n<meta property=\"og:site_name\" content=\"Messagenius - Secure Enterprise Messaging\" \/>\n<meta property=\"article:publisher\" content=\"https:\/\/www.facebook.com\/Messagenius\/\" \/>\n<meta name=\"twitter:card\" content=\"summary_large_image\" \/>\n<script type=\"application\/ld+json\" class=\"yoast-schema-graph\">{\"@context\":\"https:\/\/schema.org\",\"@graph\":[{\"@type\":\"WebPage\",\"@id\":\"https:\/\/messagenius.com\/de\/alternative-securisee-whatsapp-entreprises\/\",\"url\":\"https:\/\/messagenius.com\/de\/alternative-securisee-whatsapp-entreprises\/\",\"name\":\"Une alternative s\u00e9curis\u00e9e \u00e0 WhatsApp pour les entreprises | Messagenius - Secure Enterprise Messaging\",\"isPartOf\":{\"@id\":\"https:\/\/messagenius.com\/it\/#website\"},\"datePublished\":\"2020-06-18T14:35:45+00:00\",\"dateModified\":\"2020-06-18T14:35:45+00:00\",\"description\":\"Messagenius rend vos communications internes s\u00fbres, rapides et efficaces, boostant ainsi la productivit\u00e9 de vos employ\u00e9\u00b7e\u00b7s. Nous vous aidons \u00e0 prot\u00e9ger vos donn\u00e9es\",\"breadcrumb\":{\"@id\":\"https:\/\/messagenius.com\/de\/alternative-securisee-whatsapp-entreprises\/#breadcrumb\"},\"inLanguage\":\"de\",\"potentialAction\":[{\"@type\":\"ReadAction\",\"target\":[\"https:\/\/messagenius.com\/de\/alternative-securisee-whatsapp-entreprises\/\"]}]},{\"@type\":\"BreadcrumbList\",\"@id\":\"https:\/\/messagenius.com\/de\/alternative-securisee-whatsapp-entreprises\/#breadcrumb\",\"itemListElement\":[{\"@type\":\"ListItem\",\"position\":1,\"name\":\"Home\",\"item\":\"https:\/\/messagenius.com\/de\/\"},{\"@type\":\"ListItem\",\"position\":2,\"name\":\"Une alternative s\u00e9curis\u00e9e \u00e0 WhatsApp pour les entreprises\"}]},{\"@type\":\"WebSite\",\"@id\":\"https:\/\/messagenius.com\/it\/#website\",\"url\":\"https:\/\/messagenius.com\/it\/\",\"name\":\"Messagenius - Secure Enterprise Messaging\",\"description\":\"The private instant messaging solution for organizations\",\"publisher\":{\"@id\":\"https:\/\/messagenius.com\/it\/#organization\"},\"potentialAction\":[{\"@type\":\"SearchAction\",\"target\":{\"@type\":\"EntryPoint\",\"urlTemplate\":\"https:\/\/messagenius.com\/it\/?s={search_term_string}\"},\"query-input\":\"required name=search_term_string\"}],\"inLanguage\":\"de\"},{\"@type\":\"Organization\",\"@id\":\"https:\/\/messagenius.com\/it\/#organization\",\"name\":\"Messagenius\",\"url\":\"https:\/\/messagenius.com\/it\/\",\"sameAs\":[\"https:\/\/www.linkedin.com\/company\/messagenius\/\",\"https:\/\/www.facebook.com\/Messagenius\/\"],\"logo\":{\"@type\":\"ImageObject\",\"inLanguage\":\"de\",\"@id\":\"https:\/\/messagenius.com\/it\/#\/schema\/logo\/image\/\",\"url\":\"https:\/\/messagenius.com\/wp-content\/uploads\/2020\/04\/messagenius-logo-stand-left-scaled.jpg\",\"contentUrl\":\"https:\/\/messagenius.com\/wp-content\/uploads\/2020\/04\/messagenius-logo-stand-left-scaled.jpg\",\"width\":2560,\"height\":2004,\"caption\":\"Messagenius\"},\"image\":{\"@id\":\"https:\/\/messagenius.com\/it\/#\/schema\/logo\/image\/\"}}]}<\/script>\n<!-- \/ Yoast SEO plugin. -->","yoast_head_json":{"title":"Une alternative s\u00e9curis\u00e9e \u00e0 WhatsApp pour les entreprises | Messagenius - Secure Enterprise Messaging","description":"Messagenius rend vos communications internes s\u00fbres, rapides et efficaces, boostant ainsi la productivit\u00e9 de vos employ\u00e9\u00b7e\u00b7s. Nous vous aidons \u00e0 prot\u00e9ger vos donn\u00e9es","robots":{"index":"index","follow":"follow","max-snippet":"max-snippet:-1","max-image-preview":"max-image-preview:large","max-video-preview":"max-video-preview:-1"},"canonical":"https:\/\/messagenius.com\/de\/alternative-securisee-whatsapp-entreprises\/","og_locale":"de_DE","og_type":"article","og_title":"Une alternative s\u00e9curis\u00e9e \u00e0 WhatsApp pour les entreprises | Messagenius - Secure Enterprise Messaging","og_description":"Messagenius rend vos communications internes s\u00fbres, rapides et efficaces, boostant ainsi la productivit\u00e9 de vos employ\u00e9\u00b7e\u00b7s. Nous vous aidons \u00e0 prot\u00e9ger vos donn\u00e9es","og_url":"https:\/\/messagenius.com\/de\/alternative-securisee-whatsapp-entreprises\/","og_site_name":"Messagenius - Secure Enterprise Messaging","article_publisher":"https:\/\/www.facebook.com\/Messagenius\/","twitter_card":"summary_large_image","schema":{"@context":"https:\/\/schema.org","@graph":[{"@type":"WebPage","@id":"https:\/\/messagenius.com\/de\/alternative-securisee-whatsapp-entreprises\/","url":"https:\/\/messagenius.com\/de\/alternative-securisee-whatsapp-entreprises\/","name":"Une alternative s\u00e9curis\u00e9e \u00e0 WhatsApp pour les entreprises | Messagenius - Secure Enterprise Messaging","isPartOf":{"@id":"https:\/\/messagenius.com\/it\/#website"},"datePublished":"2020-06-18T14:35:45+00:00","dateModified":"2020-06-18T14:35:45+00:00","description":"Messagenius rend vos communications internes s\u00fbres, rapides et efficaces, boostant ainsi la productivit\u00e9 de vos employ\u00e9\u00b7e\u00b7s. Nous vous aidons \u00e0 prot\u00e9ger vos donn\u00e9es","breadcrumb":{"@id":"https:\/\/messagenius.com\/de\/alternative-securisee-whatsapp-entreprises\/#breadcrumb"},"inLanguage":"de","potentialAction":[{"@type":"ReadAction","target":["https:\/\/messagenius.com\/de\/alternative-securisee-whatsapp-entreprises\/"]}]},{"@type":"BreadcrumbList","@id":"https:\/\/messagenius.com\/de\/alternative-securisee-whatsapp-entreprises\/#breadcrumb","itemListElement":[{"@type":"ListItem","position":1,"name":"Home","item":"https:\/\/messagenius.com\/de\/"},{"@type":"ListItem","position":2,"name":"Une alternative s\u00e9curis\u00e9e \u00e0 WhatsApp pour les entreprises"}]},{"@type":"WebSite","@id":"https:\/\/messagenius.com\/it\/#website","url":"https:\/\/messagenius.com\/it\/","name":"Messagenius - Secure Enterprise Messaging","description":"The private instant messaging solution for organizations","publisher":{"@id":"https:\/\/messagenius.com\/it\/#organization"},"potentialAction":[{"@type":"SearchAction","target":{"@type":"EntryPoint","urlTemplate":"https:\/\/messagenius.com\/it\/?s={search_term_string}"},"query-input":"required name=search_term_string"}],"inLanguage":"de"},{"@type":"Organization","@id":"https:\/\/messagenius.com\/it\/#organization","name":"Messagenius","url":"https:\/\/messagenius.com\/it\/","sameAs":["https:\/\/www.linkedin.com\/company\/messagenius\/","https:\/\/www.facebook.com\/Messagenius\/"],"logo":{"@type":"ImageObject","inLanguage":"de","@id":"https:\/\/messagenius.com\/it\/#\/schema\/logo\/image\/","url":"https:\/\/messagenius.com\/wp-content\/uploads\/2020\/04\/messagenius-logo-stand-left-scaled.jpg","contentUrl":"https:\/\/messagenius.com\/wp-content\/uploads\/2020\/04\/messagenius-logo-stand-left-scaled.jpg","width":2560,"height":2004,"caption":"Messagenius"},"image":{"@id":"https:\/\/messagenius.com\/it\/#\/schema\/logo\/image\/"}}]}},"_links":{"self":[{"href":"https:\/\/messagenius.com\/de\/wp-json\/wp\/v2\/pages\/10855"}],"collection":[{"href":"https:\/\/messagenius.com\/de\/wp-json\/wp\/v2\/pages"}],"about":[{"href":"https:\/\/messagenius.com\/de\/wp-json\/wp\/v2\/types\/page"}],"author":[{"embeddable":true,"href":"https:\/\/messagenius.com\/de\/wp-json\/wp\/v2\/users\/4"}],"replies":[{"embeddable":true,"href":"https:\/\/messagenius.com\/de\/wp-json\/wp\/v2\/comments?post=10855"}],"version-history":[{"count":0,"href":"https:\/\/messagenius.com\/de\/wp-json\/wp\/v2\/pages\/10855\/revisions"}],"wp:attachment":[{"href":"https:\/\/messagenius.com\/de\/wp-json\/wp\/v2\/media?parent=10855"}],"curies":[{"name":"wp","href":"https:\/\/api.w.org\/{rel}","templated":true}]}}