{"id":10757,"date":"2020-03-30T21:32:58","date_gmt":"2020-03-30T19:32:58","guid":{"rendered":"https:\/\/messagenius.com\/aussendienst-mitarbeiter\/"},"modified":"2021-01-15T10:03:33","modified_gmt":"2021-01-15T09:03:33","slug":"aussendienst-mitarbeiter","status":"publish","type":"page","link":"https:\/\/messagenius.com\/de\/aussendienst-mitarbeiter\/","title":{"rendered":"Messaging-App f\u00fcr den Au\u00dfendienst"},"content":{"rendered":"<div class=\"container container-msg\">[vc_row  full_height=\"yes\"  equal_height=\"yes\"  content_placement=\"middle\" ][vc_column width=&#8221;1\/2&#8243;][vc_column_text css_animation=&#8221;none&#8221;]<\/p>\n<h1>Sicheres Instant Messaging f\u00fcr Aussendienst Mitarbeiter<\/h1>\n<p>[\/vc_column_text][vc_column_text css_animation=&#8221;none&#8221;]<strong>Verf\u00fcgbar als White-Label-App oder als Messaging-Integration \u00fcber ein SDK.<\/strong><br \/>\nDurch die lokale Installation (on-premise) eines privaten Servers \/ einer Cloud stellt Messagenius sicher, dass alle Daten intern bleiben und ausschlie\u00dflich dem Kunden geh\u00f6ren.<\/p>\n<ul>\n<li>Sofortige Kommunikation vor Ort &amp; Fortschrittsverfolgung in Echtzeit<\/li>\n<li>Direkte &amp; umgekehrte Verbindung mit Leitstellen und Au\u00dfendienstmitarbeitern<\/li>\n<li>Aufgabenautomatisierung, Vorfallsraum, Chat-Exporte und mehr<\/li>\n<\/ul>\n<p>[\/vc_column_text][\/vc_column][vc_column width=&#8221;1\/2&#8243;][vc_single_image image=&#8221;7465&#8243; img_size=&#8221;full&#8221; alignment=&#8221;center&#8221; css_animation=&#8221;none&#8221;][\/vc_column][\/vc_row]<\/div>[vc_row  full_width=\"stretch_row\"  enable_first_overlay=\"true\"  first_overlay_opacity=\"100\"  first_background_type=\"gradient\"  first_background_gradient=\"rgba(10,10,10,0.88)||rgba(10,5,5,0.05)||0;74||359||linear\"  css=\".vc_custom_1586389184904{background: #485866 url(https:\\\/\\\/messagenius.com\\\/wp-content\\\/uploads\\\/2020\\\/04\\\/iStock-831540338-e1586373296189.jpg?id=7417) !important;}\" ]<div class=\"container container-msg\"><div class=\"vc_row vc_row-msg\">[vc_column][vc_column_text css=&#8221;.vc_custom_1586388844866{padding-top: 50px !important;padding-bottom: 50px !important;}&#8221; el_class=&#8221;dark&#8221;]<\/p>\n<h2 style=\"text-align: center;\">Au\u00dfendienstmitarbeiter vernetzt und produktiv halten<\/h2>\n<p class=\"subtitle\" style=\"text-align: center;\">Au\u00dfendienstteams sorgen daf\u00fcr, dass die Welt, von der wir wissen, reibungslos funktioniert. Von der Wartung von Mobilfunkt\u00fcrmen bis zur Reparatur von Heizungs- und Klimaanlagen ist die Kommunikation mit den Mitarbeitern vor Ort unerl\u00e4sslich, um die Arbeit zu erledigen.<\/p>\n<p>[\/vc_column_text][\/vc_column]<\/div><\/div>[\/vc_row][vc_row  full_width=\"stretch_row\"  gap=\"20\"  equal_height=\"yes\"  css=\".vc_custom_1586360984523{padding-top: 100px !important;}\" ]<div class=\"container container-msg\"><div class=\"vc_row vc_row-msg\">[vc_column width=&#8221;1\/3&#8243;][vc_icon icon_fontawesome=&#8221;fas fa-compress-arrows-alt&#8221; color=&#8221;custom&#8221; align=&#8221;center&#8221; custom_color=&#8221;#1eadbf&#8221;][vc_column_text]<\/p>\n<p style=\"text-align: center;\"><strong>Messaging-App<\/strong><\/p>\n<p style=\"text-align: center;\">Stellen Sie sicher, dass ihre Au\u00dfendienstmitarbeiter immer verbunden sind, um schnell Probleme zu l\u00f6sen, einfache Berichte zu erstellen, sofortige Chats mit Leistellen zu f\u00fchren und vieles mehr<\/p>\n<p>[\/vc_column_text][\/vc_column][vc_column width=&#8221;1\/3&#8243;][vc_icon icon_fontawesome=&#8221;fas fa-plug&#8221; color=&#8221;custom&#8221; align=&#8221;center&#8221; custom_color=&#8221;#1eadbf&#8221;][vc_column_text]<\/p>\n<p style=\"text-align: center;\"><strong>Nahtlose Integration<\/strong><\/p>\n<p style=\"text-align: center;\">Messagenius als Messaging-System innerhalb ihrer Software-Architektur, um Mitarbeiter zu verbinden und reibungslose Arbeitsabl\u00e4ufe zu gew\u00e4hrleisten<\/p>\n<p>[\/vc_column_text][\/vc_column][vc_column width=&#8221;1\/3&#8243;][vc_icon icon_fontawesome=&#8221;fas fa-user-lock&#8221; color=&#8221;custom&#8221; align=&#8221;center&#8221; custom_color=&#8221;#1eadbf&#8221;][vc_column_text]<\/p>\n<p style=\"text-align: center;\"><strong>GDPR-konform<\/strong><\/p>\n<p style=\"text-align: center;\">Messagenius h\u00e4lt die Daten vor Ort unter dem ausschlie\u00dflichen Eigentum unseres Kunden und macht jedes Kundenunternehmen zu 100% konform<\/p>\n<p>[\/vc_column_text][\/vc_column]<\/div><\/div>[\/vc_row]<div class=\"container container-msg\">[vc_row  full_height=\"yes\"  equal_height=\"yes\"  content_placement=\"middle\" ][vc_column width=&#8221;1\/2&#8243;][vc_single_image image=&#8221;7468&#8243; img_size=&#8221;full&#8221; alignment=&#8221;center&#8221; css_animation=&#8221;none&#8221;][\/vc_column][vc_column width=&#8221;1\/2&#8243;][vc_column_text css_animation=&#8221;none&#8221;]<\/p>\n<h2>Alles, was Sie von einer Messaging-App erwarten<\/h2>\n<p>[\/vc_column_text][vc_column_text css_animation=&#8221;none&#8221;]Wie bei jeder Instant Messaging-App erm\u00f6glicht Messagenius den Au\u00dfendienstmitarbeitern<strong>schnell und effektiv kommunizieren:<\/strong> Senden Sie Text- und Sprachnachrichten, Fotos, Videos und Dokumente direkt aus dem Feld und senden Sie Anfragen oder Berichte an die<strong> Leitstelle<\/strong> Zeit und Aufwand zu optimieren[\/vc_column_text][vc_row_inner][vc_column_inner width=&#8221;1\/2&#8243;][vc_column_text css_animation=&#8221;top-to-bottom&#8221;]<\/p>\n<ul>\n<li>Text<\/li>\n<li>Sprachnachricht<\/li>\n<li>Bilder<\/li>\n<li>Videos<\/li>\n<\/ul>\n<p>[\/vc_column_text][\/vc_column_inner][vc_column_inner width=&#8221;1\/2&#8243;][vc_column_text css_animation=&#8221;top-to-bottom&#8221;]<\/p>\n<ul>\n<li>Kontakte<\/li>\n<li>Standorte<\/li>\n<li>Notsignale<\/li>\n<li>Und vieles mehr&#8230;<\/li>\n<\/ul>\n<p>[\/vc_column_text][\/vc_column_inner][\/vc_row_inner][\/vc_column][\/vc_row]<\/div><div class=\"container container-msg\">[vc_row  css=\".vc_custom_1588198898593{padding-top: 50px !important;padding-bottom: 50px !important;}\" ][vc_column][vc_column_text]<\/p>\n<h2 style=\"text-align: center;\">Verbesserte Kommunikation vor Ort<\/h2>\n<p class=\"subtitle\" style=\"text-align: center;\">Wir haben einige einzigartige Funktionen f\u00fcr Administratoren und Manager entwickelt, die die Verwaltung von Remote-Mitarbeitern aus der Leitstelle heraus vereinfachen:<\/p>\n<p>[\/vc_column_text][\/vc_column][\/vc_row]<\/div><div class=\"container container-msg\">[vc_row  equal_height=\"yes\"  content_placement=\"middle\" ][vc_column width=&#8221;1\/2&#8243;][vc_column_text css_animation=&#8221;top-to-bottom&#8221;]<\/p>\n<h2>Priorit\u00e4tsnachrichten<\/h2>\n<p>[\/vc_column_text][vc_column_text css_animation=&#8221;top-to-bottom&#8221;]<\/p>\n<p style=\"text-align: left;\">Stellen Sie &#8220;Hohe Priorit\u00e4t&#8221; f\u00fcr eine Nachricht ein, die wichtige Informationen enth\u00e4lt, und die Nachricht wird im Chat hervorgehoben, um mehr Aufmerksamkeit auf Ihre Information oder Anfrage zu lenken<\/p>\n<p>[\/vc_column_text][\/vc_column][vc_column width=&#8221;1\/2&#8243;][vc_single_image image=&#8221;7471&#8243; img_size=&#8221;full&#8221; alignment=&#8221;center&#8221; css_animation=&#8221;none&#8221;][\/vc_column][\/vc_row]<\/div><div class=\"container container-msg\">[vc_row  equal_height=\"yes\"  content_placement=\"middle\"  css=\".vc_custom_1590583835894{padding-top: 60px !important;}\" ][vc_column width=&#8221;1\/2&#8243;][vc_single_image image=&#8221;7475&#8243; img_size=&#8221;full&#8221; alignment=&#8221;center&#8221; css_animation=&#8221;none&#8221; el_class=&#8221;features-grid&#8221;][\/vc_column][vc_column width=&#8221;1\/2&#8243;][vc_column_text css_animation=&#8221;top-to-bottom&#8221;]<\/p>\n<h2>Empfangsbest\u00e4tigung und biometrische Authentifizierung<\/h2>\n<p>[\/vc_column_text][vc_column_text css_animation=&#8221;top-to-bottom&#8221;]<\/p>\n<p style=\"text-align: left;\">Gemacht f\u00fcr h\u00f6chst vertrauliche Informationen, um sicherzustellen, dass Ihre Nachricht von der richtigen Person gelesen wird: Stellen Sie die Fingerabdruck-Entschl\u00fcsselung ein, um informiert zu werden, wer und wann Ihre Nachricht gelesen hat<\/p>\n<p>[\/vc_column_text][\/vc_column][\/vc_row]<\/div>[vc_row  full_width=\"stretch_row\"  css=\".vc_custom_1586399272687{padding-top: 100px !important;padding-bottom: 100px !important;background-color: #f7f7f7 !important;}\" ]<div class=\"container container-msg\"><div class=\"vc_row vc_row-msg\">[vc_column][vc_column_text]<\/p>\n<h2 style=\"text-align: center;\">Administrative Funktionen f\u00fcr die Leitstelle<\/h2>\n<p style=\"text-align: center;\">Messagenius bietet eine direkte Kommunikationsverbindung zwischen den Au\u00dfendienstmitarbeitern und der Leitwarte. Wir haben einige einzigartige Funktionen f\u00fcr Administratoren und Manager entwickelt, die die Verwaltung von Remote-Mitarbeitern aus der Leitstelle heraus vereinfachen:<\/p>\n<p>[\/vc_column_text][vc_single_image image=&#8221;7493&#8243; img_size=&#8221;full&#8221; alignment=&#8221;center&#8221; css_animation=&#8221;bottom-to-top&#8221; el_class=&#8221;features-grid&#8221;][\/vc_column]<\/div><\/div>[\/vc_row]<div class=\"container container-msg\">[vc_row  equal_height=\"yes\"  content_placement=\"middle\"  css=\".vc_custom_1590583835894{padding-top: 60px !important;}\" ][vc_column width=&#8221;1\/2&#8243;][vc_column_text css_animation=&#8221;none&#8221;]<\/p>\n<h2>Vorfallsraum anlegen<\/h2>\n<p>[\/vc_column_text][vc_column_text css_animation=&#8221;none&#8221;]Au\u00dfendienstmitarbeiter k\u00f6nnen mit einem Klick einen Vorfallsraum-Chat erstellen. Die Leitwarte sowie die entsprechenden Mitarbeiter als auch Mitarbeiter im Au\u00dfendienst werden automatisch zum Chat hinzugef\u00fcgt. Die Zusammenfassung des Vorfallraums enth\u00e4lt alle erforderlichen Informationen &#8211; Benutzer, Rollen, Standort und Problembeschreibung -, sodass jedes Chat-Mitglied von Anfang an aktualisiert wird[\/vc_column_text][\/vc_column][vc_column width=&#8221;1\/2&#8243;][vc_single_image image=&#8221;7498&#8243; img_size=&#8221;full&#8221; alignment=&#8221;center&#8221; css_animation=&#8221;none&#8221;][\/vc_column][\/vc_row]<\/div>[vc_row  full_width=\"stretch_row\"  equal_height=\"yes\"  content_placement=\"middle\"  css=\".vc_custom_1590584070080{padding-top: 60px !important;background-color: #f9f9f9 !important;}\" ]<div class=\"container container-msg\"><div class=\"vc_row vc_row-msg\">[vc_column width=&#8221;1\/2&#8243;][vc_single_image image=&#8221;7484&#8243; img_size=&#8221;full&#8221; alignment=&#8221;center&#8221; css_animation=&#8221;none&#8221;][\/vc_column][vc_column width=&#8221;1\/2&#8243;][vc_column_text css_animation=&#8221;none&#8221;]<\/p>\n<h2>Massennachrichten<\/h2>\n<p>[\/vc_column_text][vc_column_text css_animation=&#8221;none&#8221;]Engagierte Benutzer und Bediener aus dem Kontrollraum k\u00f6nnen Massennachrichten senden, um alle gleichzeitig zu informieren. Mit nur einer Nachricht und einem Klick auf &#8220;Massennachricht&#8221; werden alle benachrichtigt, anstatt Empf\u00e4nger aus endlosen Kontaktlisten auszuw\u00e4hlen[\/vc_column_text][\/vc_column]<\/div><\/div>[\/vc_row]<div class=\"container container-msg\">[vc_row  equal_height=\"yes\"  content_placement=\"middle\"  css=\".vc_custom_1590583835894{padding-top: 60px !important;}\" ][vc_column width=&#8221;1\/2&#8243;][vc_column_text css_animation=&#8221;none&#8221;]<\/p>\n<h2>Vollst\u00e4ndige Automatisierung von Aufgabenzuweisungen und Erinnerungen<\/h2>\n<p>[\/vc_column_text][vc_column_text css_animation=&#8221;none&#8221;]Mit den Tasten f\u00fcr voreingestellte Aufgaben k\u00f6nnen die Au\u00dfendienstmitarbeiter die Aufgaben direkt aus dem Chat abrufen und zugewiesen bekommen. Im Falle von \u00c4nderungen kann ein Mitarbeiter die Aufgabe an jedes verf\u00fcgbare Teammitglied delegieren. Alle Interaktionen werden von der Zentrale aus vereinfacht, automatisiert und \u00fcberwacht[\/vc_column_text][\/vc_column][vc_column width=&#8221;1\/2&#8243;][vc_single_image image=&#8221;8564&#8243; img_size=&#8221;full&#8221; alignment=&#8221;center&#8221; css_animation=&#8221;none&#8221;][\/vc_column][\/vc_row]<\/div>\n","protected":false},"excerpt":{"rendered":"<p>[vc_row full_height=&#8221;yes&#8221; equal_height=&#8221;yes&#8221; content_placement=&#8221;middle&#8221; ][vc_column width=&#8221;1\/2&#8243;][vc_column_text css_animation=&#8221;none&#8221;] Sicheres Instant Messaging f\u00fcr Aussendienst Mitarbeiter [\/vc_column_text][vc_column_text css_animation=&#8221;none&#8221;]Verf\u00fcgbar als White-Label-App oder als Messaging-Integration \u00fcber ein SDK. Durch die lokale Installation (on-premise) eines privaten Servers \/ einer Cloud stellt Messagenius sicher, dass alle Daten intern bleiben und ausschlie\u00dflich dem Kunden geh\u00f6ren. Sofortige Kommunikation vor Ort &amp; Fortschrittsverfolgung in Echtzeit [&hellip;]<\/p>\n","protected":false},"author":2,"featured_media":0,"parent":0,"menu_order":0,"comment_status":"closed","ping_status":"closed","template":"","meta":{"inline_featured_image":false,"_links_to":"","_links_to_target":""},"acf":[],"yoast_head":"<!-- This site is optimized with the Yoast SEO plugin v19.6.1 - https:\/\/yoast.com\/wordpress\/plugins\/seo\/ -->\n<title>Messaging-App f\u00fcr den Au\u00dfendienst | Messagenius - Secure Enterprise Messaging<\/title>\n<meta name=\"description\" content=\"Messagenius ist eine perfekte IM-App f\u00fcr Au\u00dfendienstmitarbeiter, die sicherstellt, dass jeder Mitarbeiter von jedem Arbeitsplatz aus verbunden ist und schnell und sicher kommunizieren kann.\" \/>\n<meta name=\"robots\" content=\"index, follow, max-snippet:-1, max-image-preview:large, max-video-preview:-1\" \/>\n<link rel=\"canonical\" href=\"https:\/\/messagenius.com\/de\/aussendienst-mitarbeiter\/\" \/>\n<meta property=\"og:locale\" content=\"de_DE\" \/>\n<meta property=\"og:type\" content=\"article\" \/>\n<meta property=\"og:title\" content=\"Messaging-App f\u00fcr den Au\u00dfendienst | Messagenius - Secure Enterprise Messaging\" \/>\n<meta property=\"og:description\" content=\"Messagenius ist eine perfekte IM-App f\u00fcr Au\u00dfendienstmitarbeiter, die sicherstellt, dass jeder Mitarbeiter von jedem Arbeitsplatz aus verbunden ist und schnell und sicher kommunizieren kann.\" \/>\n<meta property=\"og:url\" content=\"https:\/\/messagenius.com\/de\/aussendienst-mitarbeiter\/\" \/>\n<meta property=\"og:site_name\" content=\"Messagenius - Secure Enterprise Messaging\" \/>\n<meta property=\"article:publisher\" content=\"https:\/\/www.facebook.com\/Messagenius\/\" \/>\n<meta property=\"article:modified_time\" content=\"2021-01-15T09:03:33+00:00\" \/>\n<meta name=\"twitter:card\" content=\"summary_large_image\" \/>\n<script type=\"application\/ld+json\" class=\"yoast-schema-graph\">{\"@context\":\"https:\/\/schema.org\",\"@graph\":[{\"@type\":\"WebPage\",\"@id\":\"https:\/\/messagenius.com\/de\/aussendienst-mitarbeiter\/\",\"url\":\"https:\/\/messagenius.com\/de\/aussendienst-mitarbeiter\/\",\"name\":\"Messaging-App f\u00fcr den Au\u00dfendienst | Messagenius - Secure Enterprise Messaging\",\"isPartOf\":{\"@id\":\"https:\/\/messagenius.com\/it\/#website\"},\"datePublished\":\"2020-03-30T19:32:58+00:00\",\"dateModified\":\"2021-01-15T09:03:33+00:00\",\"description\":\"Messagenius ist eine perfekte IM-App f\u00fcr Au\u00dfendienstmitarbeiter, die sicherstellt, dass jeder Mitarbeiter von jedem Arbeitsplatz aus verbunden ist und schnell und sicher kommunizieren kann.\",\"breadcrumb\":{\"@id\":\"https:\/\/messagenius.com\/de\/aussendienst-mitarbeiter\/#breadcrumb\"},\"inLanguage\":\"de\",\"potentialAction\":[{\"@type\":\"ReadAction\",\"target\":[\"https:\/\/messagenius.com\/de\/aussendienst-mitarbeiter\/\"]}]},{\"@type\":\"BreadcrumbList\",\"@id\":\"https:\/\/messagenius.com\/de\/aussendienst-mitarbeiter\/#breadcrumb\",\"itemListElement\":[{\"@type\":\"ListItem\",\"position\":1,\"name\":\"Home\",\"item\":\"https:\/\/messagenius.com\/de\/\"},{\"@type\":\"ListItem\",\"position\":2,\"name\":\"Messaging-App f\u00fcr den Au\u00dfendienst\"}]},{\"@type\":\"WebSite\",\"@id\":\"https:\/\/messagenius.com\/it\/#website\",\"url\":\"https:\/\/messagenius.com\/it\/\",\"name\":\"Messagenius - Secure Enterprise Messaging\",\"description\":\"The private instant messaging solution for organizations\",\"publisher\":{\"@id\":\"https:\/\/messagenius.com\/it\/#organization\"},\"potentialAction\":[{\"@type\":\"SearchAction\",\"target\":{\"@type\":\"EntryPoint\",\"urlTemplate\":\"https:\/\/messagenius.com\/it\/?s={search_term_string}\"},\"query-input\":\"required name=search_term_string\"}],\"inLanguage\":\"de\"},{\"@type\":\"Organization\",\"@id\":\"https:\/\/messagenius.com\/it\/#organization\",\"name\":\"Messagenius\",\"url\":\"https:\/\/messagenius.com\/it\/\",\"sameAs\":[\"https:\/\/www.linkedin.com\/company\/messagenius\/\",\"https:\/\/www.facebook.com\/Messagenius\/\"],\"logo\":{\"@type\":\"ImageObject\",\"inLanguage\":\"de\",\"@id\":\"https:\/\/messagenius.com\/it\/#\/schema\/logo\/image\/\",\"url\":\"https:\/\/messagenius.com\/wp-content\/uploads\/2020\/04\/messagenius-logo-stand-left-scaled.jpg\",\"contentUrl\":\"https:\/\/messagenius.com\/wp-content\/uploads\/2020\/04\/messagenius-logo-stand-left-scaled.jpg\",\"width\":2560,\"height\":2004,\"caption\":\"Messagenius\"},\"image\":{\"@id\":\"https:\/\/messagenius.com\/it\/#\/schema\/logo\/image\/\"}}]}<\/script>\n<!-- \/ Yoast SEO plugin. -->","yoast_head_json":{"title":"Messaging-App f\u00fcr den Au\u00dfendienst | Messagenius - Secure Enterprise Messaging","description":"Messagenius ist eine perfekte IM-App f\u00fcr Au\u00dfendienstmitarbeiter, die sicherstellt, dass jeder Mitarbeiter von jedem Arbeitsplatz aus verbunden ist und schnell und sicher kommunizieren kann.","robots":{"index":"index","follow":"follow","max-snippet":"max-snippet:-1","max-image-preview":"max-image-preview:large","max-video-preview":"max-video-preview:-1"},"canonical":"https:\/\/messagenius.com\/de\/aussendienst-mitarbeiter\/","og_locale":"de_DE","og_type":"article","og_title":"Messaging-App f\u00fcr den Au\u00dfendienst | Messagenius - Secure Enterprise Messaging","og_description":"Messagenius ist eine perfekte IM-App f\u00fcr Au\u00dfendienstmitarbeiter, die sicherstellt, dass jeder Mitarbeiter von jedem Arbeitsplatz aus verbunden ist und schnell und sicher kommunizieren kann.","og_url":"https:\/\/messagenius.com\/de\/aussendienst-mitarbeiter\/","og_site_name":"Messagenius - Secure Enterprise Messaging","article_publisher":"https:\/\/www.facebook.com\/Messagenius\/","article_modified_time":"2021-01-15T09:03:33+00:00","twitter_card":"summary_large_image","schema":{"@context":"https:\/\/schema.org","@graph":[{"@type":"WebPage","@id":"https:\/\/messagenius.com\/de\/aussendienst-mitarbeiter\/","url":"https:\/\/messagenius.com\/de\/aussendienst-mitarbeiter\/","name":"Messaging-App f\u00fcr den Au\u00dfendienst | Messagenius - Secure Enterprise Messaging","isPartOf":{"@id":"https:\/\/messagenius.com\/it\/#website"},"datePublished":"2020-03-30T19:32:58+00:00","dateModified":"2021-01-15T09:03:33+00:00","description":"Messagenius ist eine perfekte IM-App f\u00fcr Au\u00dfendienstmitarbeiter, die sicherstellt, dass jeder Mitarbeiter von jedem Arbeitsplatz aus verbunden ist und schnell und sicher kommunizieren kann.","breadcrumb":{"@id":"https:\/\/messagenius.com\/de\/aussendienst-mitarbeiter\/#breadcrumb"},"inLanguage":"de","potentialAction":[{"@type":"ReadAction","target":["https:\/\/messagenius.com\/de\/aussendienst-mitarbeiter\/"]}]},{"@type":"BreadcrumbList","@id":"https:\/\/messagenius.com\/de\/aussendienst-mitarbeiter\/#breadcrumb","itemListElement":[{"@type":"ListItem","position":1,"name":"Home","item":"https:\/\/messagenius.com\/de\/"},{"@type":"ListItem","position":2,"name":"Messaging-App f\u00fcr den Au\u00dfendienst"}]},{"@type":"WebSite","@id":"https:\/\/messagenius.com\/it\/#website","url":"https:\/\/messagenius.com\/it\/","name":"Messagenius - Secure Enterprise Messaging","description":"The private instant messaging solution for organizations","publisher":{"@id":"https:\/\/messagenius.com\/it\/#organization"},"potentialAction":[{"@type":"SearchAction","target":{"@type":"EntryPoint","urlTemplate":"https:\/\/messagenius.com\/it\/?s={search_term_string}"},"query-input":"required name=search_term_string"}],"inLanguage":"de"},{"@type":"Organization","@id":"https:\/\/messagenius.com\/it\/#organization","name":"Messagenius","url":"https:\/\/messagenius.com\/it\/","sameAs":["https:\/\/www.linkedin.com\/company\/messagenius\/","https:\/\/www.facebook.com\/Messagenius\/"],"logo":{"@type":"ImageObject","inLanguage":"de","@id":"https:\/\/messagenius.com\/it\/#\/schema\/logo\/image\/","url":"https:\/\/messagenius.com\/wp-content\/uploads\/2020\/04\/messagenius-logo-stand-left-scaled.jpg","contentUrl":"https:\/\/messagenius.com\/wp-content\/uploads\/2020\/04\/messagenius-logo-stand-left-scaled.jpg","width":2560,"height":2004,"caption":"Messagenius"},"image":{"@id":"https:\/\/messagenius.com\/it\/#\/schema\/logo\/image\/"}}]}},"_links":{"self":[{"href":"https:\/\/messagenius.com\/de\/wp-json\/wp\/v2\/pages\/10757"}],"collection":[{"href":"https:\/\/messagenius.com\/de\/wp-json\/wp\/v2\/pages"}],"about":[{"href":"https:\/\/messagenius.com\/de\/wp-json\/wp\/v2\/types\/page"}],"author":[{"embeddable":true,"href":"https:\/\/messagenius.com\/de\/wp-json\/wp\/v2\/users\/2"}],"replies":[{"embeddable":true,"href":"https:\/\/messagenius.com\/de\/wp-json\/wp\/v2\/comments?post=10757"}],"version-history":[{"count":11,"href":"https:\/\/messagenius.com\/de\/wp-json\/wp\/v2\/pages\/10757\/revisions"}],"predecessor-version":[{"id":10771,"href":"https:\/\/messagenius.com\/de\/wp-json\/wp\/v2\/pages\/10757\/revisions\/10771"}],"wp:attachment":[{"href":"https:\/\/messagenius.com\/de\/wp-json\/wp\/v2\/media?parent=10757"}],"curies":[{"name":"wp","href":"https:\/\/api.w.org\/{rel}","templated":true}]}}