{"id":10512,"date":"2020-04-16T11:31:30","date_gmt":"2020-04-16T09:31:30","guid":{"rendered":"https:\/\/messagenius.com\/spezielle-funktionen-fuer-administratoren\/"},"modified":"2021-01-04T12:56:26","modified_gmt":"2021-01-04T11:56:26","slug":"spezielle-funktionen-fuer-administratoren","status":"publish","type":"page","link":"https:\/\/messagenius.com\/de\/spezielle-funktionen-fuer-administratoren\/","title":{"rendered":"Spezielle Funktionen f\u00fcr Administratoren"},"content":{"rendered":"<div class=\"container container-msg\">[vc_row  full_height=\"yes\"  equal_height=\"yes\"  content_placement=\"middle\" ][vc_column width=&#8221;1\/2&#8243;][vc_column_text css_animation=&#8221;top-to-bottom&#8221;]<\/p>\n<h1>Verwaltungsfunktionen in der Messaging-App f\u00fcr intelligentes Management<\/h1>\n<p>[\/vc_column_text][vc_column_text css_animation=&#8221;bottom-to-top&#8221;]Holen Sie sich die sichere Messaging-App f\u00fcr Unternehmen, die auf die Gesch\u00e4ftsleitung, Teamleiter und Personalverantwortliche zugeschnitten ist, mit einer breiten Palette von Verwaltungsfunktionen:<\/p>\n<ul>\n<li><strong>Massennachrichten<\/strong> : Eine Nachricht, die an die gesamte Belegschaft gesendet wird<\/li>\n<li>Admin-Panels f\u00fcr Kontrollr\u00e4ume und<strong> Management-Dashboards<\/strong><\/li>\n<li>Hoch<strong> Priorit\u00e4tsnachrichten<\/strong> und Nachrichten\u00fcbermittlungsverfolgung<\/li>\n<\/ul>\n<p>[\/vc_column_text][\/vc_column][vc_column width=&#8221;1\/2&#8243;][vc_single_image image=&#8221;7548&#8243; img_size=&#8221;full&#8221; alignment=&#8221;center&#8221; css_animation=&#8221;right-to-left&#8221;][\/vc_column][\/vc_row]<\/div>[vc_row  full_width=\"stretch_row\"  first_background_type=\"gradient\"  first_background_gradient=\"rgba(10,10,10,0.88)||rgba(10,5,5,0.05)||0;74||359||linear\"  css=\".vc_custom_1587038145431{background-color: #323c47 !important;}\" ]<div class=\"container container-msg\"><div class=\"vc_row vc_row-msg\">[vc_column][vc_column_text css=&#8221;.vc_custom_1587748756270{padding-top: 50px !important;padding-bottom: 50px !important;}&#8221; el_class=&#8221;dark&#8221;]<\/p>\n<h2 style=\"text-align: center;\">F\u00fcr intelligentes und effizientes Kommunikationsmanagement<\/h2>\n<p style=\"text-align: center;\">Verwalten Sie Ihre sichere interne Kommunikation effektiver mit den Verwaltungsfunktionen von Messagenius. Verfolgen Sie die Teamzusammenarbeit mit einem Management-Dashboard. Senden Sie sofort Massennachrichten an Ihr gesamtes Unternehmen. Verwenden Sie Priorit\u00e4tsnachrichten und spezielle Warnt\u00f6ne, um in Echtzeit auf wichtige Informationen aufmerksam zu machen.<\/p>\n<p>[\/vc_column_text][\/vc_column]<\/div><\/div>[\/vc_row]<div class=\"container container-msg\">[vc_row ][vc_column]<div class=\"templatera_shortcode\"><div class=\"vc_row wpb_row vc_row-fluid vc_row-o-equal-height vc_row-o-content-middle vc_row-flex\"><div class=\"wpb_column vc_column_container vc_col-sm-6\"><div class=\"vc_column-inner \"><div class=\"wpb_wrapper\">\n\t<div  class=\"wpb_single_image wpb_content_element vc_align_center  wpb_animate_when_almost_visible wpb_left-to-right left-to-right\">\n\t\t\n\t\t<figure class=\"wpb_wrapper vc_figure\">\n\t\t\t<div class=\"vc_single_image-wrapper   vc_box_border_grey\"><img width=\"1744\" height=\"1864\" src=\"https:\/\/messagenius.com\/wp-content\/uploads\/2020\/04\/COMP-Generic-Blast-Messages-Cards@2x.png\" class=\"vc_single_image-img attachment-full\" alt=\"\" loading=\"lazy\" title=\"COMP - Generic - Blast Messages Cards@2x\" srcset=\"https:\/\/messagenius.com\/wp-content\/uploads\/2020\/04\/COMP-Generic-Blast-Messages-Cards@2x.png 1744w, https:\/\/messagenius.com\/wp-content\/uploads\/2020\/04\/COMP-Generic-Blast-Messages-Cards@2x-281x300.png 281w, https:\/\/messagenius.com\/wp-content\/uploads\/2020\/04\/COMP-Generic-Blast-Messages-Cards@2x-958x1024.png 958w, https:\/\/messagenius.com\/wp-content\/uploads\/2020\/04\/COMP-Generic-Blast-Messages-Cards@2x-768x821.png 768w, https:\/\/messagenius.com\/wp-content\/uploads\/2020\/04\/COMP-Generic-Blast-Messages-Cards@2x-1437x1536.png 1437w\" sizes=\"(max-width: 1744px) 100vw, 1744px\" \/><\/div>\n\t\t<\/figure>\n\t<\/div>\n<\/div><\/div><\/div><div class=\"wpb_column vc_column_container vc_col-sm-6\"><div class=\"vc_column-inner \"><div class=\"wpb_wrapper\">\n\t<div class=\"wpb_text_column wpb_content_element  wpb_animate_when_almost_visible wpb_top-to-bottom top-to-bottom\" >\n\t\t<div class=\"wpb_wrapper\">\n\t\t\t<h2>Broadcast-Massennachrichten<\/h2>\n\n\t\t<\/div>\n\t<\/div>\n\n\t<div class=\"wpb_text_column wpb_content_element  wpb_animate_when_almost_visible wpb_top-to-bottom top-to-bottom\" >\n\t\t<div class=\"wpb_wrapper\">\n\t\t\t<p>Senden<strong> eine Nachricht an die gesamte Belegschaft<\/strong> mit einem Klick. Informieren Sie s\u00e4mtliche Mitarbeiter in Ihrem Unternehmen mit nur einer einzigen Nachricht, z. B. \"W\u00f6chentliche Updates\", \"Teambuilding-Session\", \"Software-Update\", \"J\u00e4hrliche Party\" oder \u00e4hnliche.<\/p>\n\n\t\t<\/div>\n\t<\/div>\n<\/div><\/div><\/div><\/div><\/div>[\/vc_column][\/vc_row]<\/div><div class=\"container container-msg\"><div class=\"vc_row wpb_row vc_row-fluid\"><div class=\"wpb_column vc_column_container vc_col-sm-12\"><div class=\"vc_column-inner \"><div class=\"wpb_wrapper\"><div class=\"templatera_shortcode\"><div class=\"vc_row wpb_row vc_row-fluid vc_row-o-equal-height vc_row-o-content-middle vc_row-flex\"><div class=\"wpb_column vc_column_container vc_col-sm-6\"><div class=\"vc_column-inner \"><div class=\"wpb_wrapper\">\n\t<div class=\"wpb_text_column wpb_content_element  wpb_animate_when_almost_visible wpb_top-to-bottom top-to-bottom\" >\n\t\t<div class=\"wpb_wrapper\">\n\t\t\t<h1>Sendungsverfolgung<\/h1>\n\n\t\t<\/div>\n\t<\/div>\n\n\t<div class=\"wpb_text_column wpb_content_element  wpb_animate_when_almost_visible wpb_top-to-bottom top-to-bottom\" >\n\t\t<div class=\"wpb_wrapper\">\n\t\t\t<p style=\"text-align: left;\">Bestimmte Nutzer, Administratoren und Manager k\u00f6nnen mit Messagenius eine<strong>Empfangsbest\u00e4tigung<\/strong> anfordern. Stellen Sie sicher, dass wichtige Nachrichten von den richtigen Personen empfangen und ge\u00f6ffnet werden. Ben\u00f6tigt<strong>biometrische Authentifizierung<\/strong> , Gesichts-ID oder Fingerabdruck, Kontrollk\u00e4stchen-Aktionen, Captcha-Code oder eine bestimmte \u201eRoger\u201c -Aktion, um zu beweisen, dass Ihre Nachricht empfangen wurde.<\/p>\n\n\t\t<\/div>\n\t<\/div>\n<\/div><\/div><\/div><div class=\"wpb_column vc_column_container vc_col-sm-6\"><div class=\"vc_column-inner \"><div class=\"wpb_wrapper\">\n\t<div  class=\"wpb_single_image wpb_content_element vc_align_center  wpb_animate_when_almost_visible wpb_left-to-right left-to-right\">\n\t\t\n\t\t<figure class=\"wpb_wrapper vc_figure\">\n\t\t\t<div class=\"vc_single_image-wrapper   vc_box_border_grey\"><img width=\"1744\" height=\"1864\" src=\"https:\/\/messagenius.com\/wp-content\/uploads\/2020\/04\/COMP-Generic-proof-of-receipt@2x-1.png\" class=\"vc_single_image-img attachment-full\" alt=\"\" loading=\"lazy\" title=\"COMP - Generic - proof of receipt@2x\" srcset=\"https:\/\/messagenius.com\/wp-content\/uploads\/2020\/04\/COMP-Generic-proof-of-receipt@2x-1.png 1744w, https:\/\/messagenius.com\/wp-content\/uploads\/2020\/04\/COMP-Generic-proof-of-receipt@2x-1-281x300.png 281w, https:\/\/messagenius.com\/wp-content\/uploads\/2020\/04\/COMP-Generic-proof-of-receipt@2x-1-958x1024.png 958w, https:\/\/messagenius.com\/wp-content\/uploads\/2020\/04\/COMP-Generic-proof-of-receipt@2x-1-768x821.png 768w, https:\/\/messagenius.com\/wp-content\/uploads\/2020\/04\/COMP-Generic-proof-of-receipt@2x-1-1437x1536.png 1437w\" sizes=\"(max-width: 1744px) 100vw, 1744px\" \/><\/div>\n\t\t<\/figure>\n\t<\/div>\n<\/div><\/div><\/div><\/div><\/div><\/div><\/div><\/div><\/div><\/div><div class=\"container container-msg\"><div class=\"vc_row wpb_row vc_row-fluid\"><div class=\"wpb_column vc_column_container vc_col-sm-12\"><div class=\"vc_column-inner \"><div class=\"wpb_wrapper\"><div class=\"templatera_shortcode\"><div class=\"vc_row wpb_row vc_row-fluid vc_custom_1586397653518 vc_row-o-equal-height vc_row-o-content-middle vc_row-flex\"><div class=\"wpb_column vc_column_container vc_col-sm-6\"><div class=\"vc_column-inner \"><div class=\"wpb_wrapper\">\n\t<div  class=\"wpb_single_image wpb_content_element vc_align_center  wpb_animate_when_almost_visible wpb_bottom-to-top bottom-to-top  features-grid\">\n\t\t\n\t\t<figure class=\"wpb_wrapper vc_figure\">\n\t\t\t<div class=\"vc_single_image-wrapper   vc_box_border_grey\"><img width=\"1744\" height=\"1864\" src=\"https:\/\/messagenius.com\/wp-content\/uploads\/2020\/04\/COMP-Generic-Priority-Messages-B@2x.png\" class=\"vc_single_image-img attachment-full\" alt=\"\" loading=\"lazy\" title=\"COMP - Generic - Priority Messages B@2x\" srcset=\"https:\/\/messagenius.com\/wp-content\/uploads\/2020\/04\/COMP-Generic-Priority-Messages-B@2x.png 1744w, https:\/\/messagenius.com\/wp-content\/uploads\/2020\/04\/COMP-Generic-Priority-Messages-B@2x-281x300.png 281w, https:\/\/messagenius.com\/wp-content\/uploads\/2020\/04\/COMP-Generic-Priority-Messages-B@2x-958x1024.png 958w, https:\/\/messagenius.com\/wp-content\/uploads\/2020\/04\/COMP-Generic-Priority-Messages-B@2x-768x821.png 768w, https:\/\/messagenius.com\/wp-content\/uploads\/2020\/04\/COMP-Generic-Priority-Messages-B@2x-1437x1536.png 1437w\" sizes=\"(max-width: 1744px) 100vw, 1744px\" \/><\/div>\n\t\t<\/figure>\n\t<\/div>\n<\/div><\/div><\/div><div class=\"wpb_column vc_column_container vc_col-sm-6\"><div class=\"vc_column-inner \"><div class=\"wpb_wrapper\">\n\t<div class=\"wpb_text_column wpb_content_element  wpb_animate_when_almost_visible wpb_top-to-bottom top-to-bottom\" >\n\t\t<div class=\"wpb_wrapper\">\n\t\t\t<h1>Priorit\u00e4tsnachrichten<\/h1>\n\n\t\t<\/div>\n\t<\/div>\n\n\t<div class=\"wpb_text_column wpb_content_element  wpb_animate_when_almost_visible wpb_top-to-bottom top-to-bottom\" >\n\t\t<div class=\"wpb_wrapper\">\n\t\t\t<p style=\"text-align: left;\">Mit Priorit\u00e4tsnachrichten und speziellen Warnfunktionen k\u00f6nnen dedizierte Benutzer die Wichtigkeit bestimmter Informationen hervorheben. Nachrichten mit hoher Priorit\u00e4t werden immer farbig und <strong>oben in der Chat-Liste<\/strong> angepinned und kommen mit einem<strong> differenzierten Ton<\/strong> um noch mehr Aufmerksamkeit beim Empf\u00e4nger zu erregen.<\/p>\n\n\t\t<\/div>\n\t<\/div>\n<\/div><\/div><\/div><\/div>\r\n<\/div><\/div><\/div><\/div><\/div><\/div><div class=\"container container-msg\"><div class=\"vc_row wpb_row vc_row-fluid vc_custom_1588783765074 vc_row-o-equal-height vc_row-o-content-top vc_row-flex\"><div class=\"wpb_column vc_column_container vc_col-sm-12\"><div class=\"vc_column-inner \"><div class=\"wpb_wrapper\">\n\t<div class=\"wpb_text_column wpb_content_element  wpb_animate_when_almost_visible wpb_&#8221;top-to-bottom&#8221; &#8221;top-to-bottom&#8221;\" >\n\t\t<div class=\"wpb_wrapper\">\n\t\t\t<h1 style=\"text-align: center;\">Kontrollraum<\/h1>\n\n\t\t<\/div>\n\t<\/div>\n\n\t<div class=\"wpb_text_column wpb_content_element  wpb_animate_when_almost_visible wpb_&#8221;bottom-to-top&#8221; &#8221;bottom-to-top&#8221;\" >\n\t\t<div class=\"wpb_wrapper\">\n\t\t\t<p style=\"text-align: center;\">Von<strong> einem Leitstellenkonto<\/strong> aus k\u00f6nnen mehrere Operatoren Anfragen verwalten, die richtigen Personen verbinden, Arbeitsabl\u00e4ufe \u00fcberwachen und Berichte \u00fcber die geleistete Arbeit erstellen, ohne die Ansichten oder Panels wechseln zu m\u00fcssen.<\/p>\n\n\t\t<\/div>\n\t<\/div>\n<div class=\"vc_row wpb_row vc_inner vc_row-fluid\"><div class=\"wpb_column vc_column_container vc_col-sm-6\"><div class=\"vc_column-inner\"><div class=\"wpb_wrapper\">\n\t<div  class=\"wpb_single_image wpb_content_element vc_align_&#8221;center&#8221;  wpb_animate_when_almost_visible wpb_&#8221;bottom-to-top&#8221; &#8221;bottom-to-top&#8221;  &#8221;features-grid&#8221;\">\n\t\t\n\t\t<figure class=\"wpb_wrapper vc_figure\">\n\t\t\t<div class=\"vc_single_image-wrapper   vc_box_border_grey\"><\/div>\n\t\t<\/figure>\n\t<\/div>\n\n\t<div class=\"wpb_text_column wpb_content_element  wpb_animate_when_almost_visible wpb_&#8221;bottom-to-top&#8221; &#8221;bottom-to-top&#8221;\" >\n\t\t<div class=\"wpb_wrapper\">\n\t\t\t<p style=\"text-align: center;\"><strong>UI-Raster-Chats<\/strong><br \/>\nAlle Unterhaltungen mit den Mitarbeitern werden in einer Rasteransicht dargestellt, so dass jeder Benutzer mehrere Chats und den laufenden Prozess live sehen kann.<\/p>\n\n\t\t<\/div>\n\t<\/div>\n<\/div><\/div><\/div><div class=\"wpb_column vc_column_container vc_col-sm-6\"><div class=\"vc_column-inner\"><div class=\"wpb_wrapper\">\n\t<div  class=\"wpb_single_image wpb_content_element vc_align_&#8221;center&#8221;  wpb_animate_when_almost_visible wpb_&#8221;bottom-to-top&#8221; &#8221;bottom-to-top&#8221;  &#8221;features-grid&#8221;\">\n\t\t\n\t\t<figure class=\"wpb_wrapper vc_figure\">\n\t\t\t<div class=\"vc_single_image-wrapper   vc_box_border_grey\"><\/div>\n\t\t<\/figure>\n\t<\/div>\n\n\t<div class=\"wpb_text_column wpb_content_element  wpb_animate_when_almost_visible wpb_&#8221;bottom-to-top&#8221; &#8221;bottom-to-top&#8221;\" >\n\t\t<div class=\"wpb_wrapper\">\n\t\t\t<p style=\"text-align: center;\"><strong>Kartenansicht<br \/>\n<\/strong> Die Anwender k\u00f6nnen Anfragen direkt auf der Karte einsehen, auf der alle Arbeiter im Live-Modus mit Live-Standort dargestellt werden, um den Fortschritt zu \u00fcberwachen und schnelle Berichte zu erstellen.<\/p>\n\n\t\t<\/div>\n\t<\/div>\n<\/div><\/div><\/div><\/div><div class=\"vc_row wpb_row vc_inner vc_row-fluid\"><div class=\"wpb_column vc_column_container vc_col-sm-6\"><div class=\"vc_column-inner\"><div class=\"wpb_wrapper\">\n\t<div  class=\"wpb_single_image wpb_content_element vc_align_&#8221;center&#8221;  wpb_animate_when_almost_visible wpb_&#8221;bottom-to-top&#8221; &#8221;bottom-to-top&#8221;  &#8221;features-grid&#8221;\">\n\t\t\n\t\t<figure class=\"wpb_wrapper vc_figure\">\n\t\t\t<div class=\"vc_single_image-wrapper   vc_box_border_grey\"><\/div>\n\t\t<\/figure>\n\t<\/div>\n\n\t<div class=\"wpb_text_column wpb_content_element  wpb_animate_when_almost_visible wpb_&#8221;bottom-to-top&#8221; &#8221;bottom-to-top&#8221;\" >\n\t\t<div class=\"wpb_wrapper\">\n\t\t\t<p style=\"text-align: center;\"><strong>St\u00f6rfallr\u00e4ume<\/strong><br \/>\nJeder Mitarbeiter kann einen St\u00f6rfallraum-Chat initiieren, und das Leitstellenkonto wird automatisch zusammen mit den entsprechenden Kollegen zum Chat hinzugef\u00fcgt, um das Problem zu beheben.<\/p>\n\n\t\t<\/div>\n\t<\/div>\n<\/div><\/div><\/div><div class=\"wpb_column vc_column_container vc_col-sm-6\"><div class=\"vc_column-inner\"><div class=\"wpb_wrapper\">\n\t<div  class=\"wpb_single_image wpb_content_element vc_align_&#8221;center&#8221;  wpb_animate_when_almost_visible wpb_&#8221;bottom-to-top&#8221; &#8221;bottom-to-top&#8221;  &#8221;features-grid&#8221;\">\n\t\t\n\t\t<figure class=\"wpb_wrapper vc_figure\">\n\t\t\t<div class=\"vc_single_image-wrapper   vc_box_border_grey\"><\/div>\n\t\t<\/figure>\n\t<\/div>\n\n\t<div class=\"wpb_text_column wpb_content_element  wpb_animate_when_almost_visible wpb_&#8221;bottom-to-top&#8221; &#8221;bottom-to-top&#8221;\" >\n\t\t<div class=\"wpb_wrapper\">\n\t\t\t<p style=\"text-align: center;\"><strong>PDF-Export<\/strong><br \/>\nDie Chats in den St\u00f6rfallr\u00e4umen k\u00f6nnen mit detaillierten Informationen zu Teilnehmern, Art der Probleme, Nachrichten, Ort, Zeitstempeln und Transkriptionen der Sprachnachricht in Textform als PDF exportiert werden.<\/p>\n\n\t\t<\/div>\n\t<\/div>\n<\/div><\/div><\/div><\/div><\/div><\/div><\/div><\/div><\/div><div class=\"container container-msg\"><\/div>\n","protected":false},"excerpt":{"rendered":"Priorit\u00e4tsnachrichten Mit Priorit\u00e4tsnachrichten und speziellen Warnfunktionen k\u00f6nnen dedizierte Benutzer die Wichtigkeit bestimmter Informationen hervorheben. Nachrichten mit hoher Priorit\u00e4t werden immer farbig und oben in der Chat-Liste angepinned und kommen mit einem differenzierten Ton um noch mehr Aufmerksamkeit beim Empf\u00e4nger zu erregen.","protected":false},"author":2,"featured_media":0,"parent":0,"menu_order":0,"comment_status":"closed","ping_status":"closed","template":"","meta":{"inline_featured_image":false,"_links_to":"","_links_to_target":""},"acf":[],"yoast_head":"<!-- This site is optimized with the Yoast SEO plugin v19.6.1 - https:\/\/yoast.com\/wordpress\/plugins\/seo\/ -->\n<title>Spezielle Funktionen f\u00fcr Administratoren | Messagenius - Secure Enterprise Messaging<\/title>\n<meta name=\"robots\" content=\"index, follow, max-snippet:-1, max-image-preview:large, max-video-preview:-1\" \/>\n<link rel=\"canonical\" href=\"https:\/\/messagenius.com\/de\/spezielle-funktionen-fuer-administratoren\/\" \/>\n<meta property=\"og:locale\" content=\"de_DE\" \/>\n<meta property=\"og:type\" content=\"article\" \/>\n<meta property=\"og:title\" content=\"Spezielle Funktionen f\u00fcr Administratoren | Messagenius - Secure Enterprise Messaging\" \/>\n<meta property=\"og:url\" content=\"https:\/\/messagenius.com\/de\/spezielle-funktionen-fuer-administratoren\/\" \/>\n<meta property=\"og:site_name\" content=\"Messagenius - Secure Enterprise Messaging\" \/>\n<meta property=\"article:publisher\" content=\"https:\/\/www.facebook.com\/Messagenius\/\" \/>\n<meta property=\"article:modified_time\" content=\"2021-01-04T11:56:26+00:00\" \/>\n<meta name=\"twitter:card\" content=\"summary_large_image\" \/>\n<script type=\"application\/ld+json\" class=\"yoast-schema-graph\">{\"@context\":\"https:\/\/schema.org\",\"@graph\":[{\"@type\":\"WebPage\",\"@id\":\"https:\/\/messagenius.com\/de\/spezielle-funktionen-fuer-administratoren\/\",\"url\":\"https:\/\/messagenius.com\/de\/spezielle-funktionen-fuer-administratoren\/\",\"name\":\"Spezielle Funktionen f\u00fcr Administratoren | Messagenius - Secure Enterprise Messaging\",\"isPartOf\":{\"@id\":\"https:\/\/messagenius.com\/it\/#website\"},\"datePublished\":\"2020-04-16T09:31:30+00:00\",\"dateModified\":\"2021-01-04T11:56:26+00:00\",\"breadcrumb\":{\"@id\":\"https:\/\/messagenius.com\/de\/spezielle-funktionen-fuer-administratoren\/#breadcrumb\"},\"inLanguage\":\"de\",\"potentialAction\":[{\"@type\":\"ReadAction\",\"target\":[\"https:\/\/messagenius.com\/de\/spezielle-funktionen-fuer-administratoren\/\"]}]},{\"@type\":\"BreadcrumbList\",\"@id\":\"https:\/\/messagenius.com\/de\/spezielle-funktionen-fuer-administratoren\/#breadcrumb\",\"itemListElement\":[{\"@type\":\"ListItem\",\"position\":1,\"name\":\"Home\",\"item\":\"https:\/\/messagenius.com\/de\/\"},{\"@type\":\"ListItem\",\"position\":2,\"name\":\"Spezielle Funktionen f\u00fcr Administratoren\"}]},{\"@type\":\"WebSite\",\"@id\":\"https:\/\/messagenius.com\/it\/#website\",\"url\":\"https:\/\/messagenius.com\/it\/\",\"name\":\"Messagenius - Secure Enterprise Messaging\",\"description\":\"The private instant messaging solution for organizations\",\"publisher\":{\"@id\":\"https:\/\/messagenius.com\/it\/#organization\"},\"potentialAction\":[{\"@type\":\"SearchAction\",\"target\":{\"@type\":\"EntryPoint\",\"urlTemplate\":\"https:\/\/messagenius.com\/it\/?s={search_term_string}\"},\"query-input\":\"required name=search_term_string\"}],\"inLanguage\":\"de\"},{\"@type\":\"Organization\",\"@id\":\"https:\/\/messagenius.com\/it\/#organization\",\"name\":\"Messagenius\",\"url\":\"https:\/\/messagenius.com\/it\/\",\"sameAs\":[\"https:\/\/www.linkedin.com\/company\/messagenius\/\",\"https:\/\/www.facebook.com\/Messagenius\/\"],\"logo\":{\"@type\":\"ImageObject\",\"inLanguage\":\"de\",\"@id\":\"https:\/\/messagenius.com\/it\/#\/schema\/logo\/image\/\",\"url\":\"https:\/\/messagenius.com\/wp-content\/uploads\/2020\/04\/messagenius-logo-stand-left-scaled.jpg\",\"contentUrl\":\"https:\/\/messagenius.com\/wp-content\/uploads\/2020\/04\/messagenius-logo-stand-left-scaled.jpg\",\"width\":2560,\"height\":2004,\"caption\":\"Messagenius\"},\"image\":{\"@id\":\"https:\/\/messagenius.com\/it\/#\/schema\/logo\/image\/\"}}]}<\/script>\n<!-- \/ Yoast SEO plugin. -->","yoast_head_json":{"title":"Spezielle Funktionen f\u00fcr Administratoren | Messagenius - Secure Enterprise Messaging","robots":{"index":"index","follow":"follow","max-snippet":"max-snippet:-1","max-image-preview":"max-image-preview:large","max-video-preview":"max-video-preview:-1"},"canonical":"https:\/\/messagenius.com\/de\/spezielle-funktionen-fuer-administratoren\/","og_locale":"de_DE","og_type":"article","og_title":"Spezielle Funktionen f\u00fcr Administratoren | Messagenius - Secure Enterprise Messaging","og_url":"https:\/\/messagenius.com\/de\/spezielle-funktionen-fuer-administratoren\/","og_site_name":"Messagenius - Secure Enterprise Messaging","article_publisher":"https:\/\/www.facebook.com\/Messagenius\/","article_modified_time":"2021-01-04T11:56:26+00:00","twitter_card":"summary_large_image","schema":{"@context":"https:\/\/schema.org","@graph":[{"@type":"WebPage","@id":"https:\/\/messagenius.com\/de\/spezielle-funktionen-fuer-administratoren\/","url":"https:\/\/messagenius.com\/de\/spezielle-funktionen-fuer-administratoren\/","name":"Spezielle Funktionen f\u00fcr Administratoren | Messagenius - Secure Enterprise Messaging","isPartOf":{"@id":"https:\/\/messagenius.com\/it\/#website"},"datePublished":"2020-04-16T09:31:30+00:00","dateModified":"2021-01-04T11:56:26+00:00","breadcrumb":{"@id":"https:\/\/messagenius.com\/de\/spezielle-funktionen-fuer-administratoren\/#breadcrumb"},"inLanguage":"de","potentialAction":[{"@type":"ReadAction","target":["https:\/\/messagenius.com\/de\/spezielle-funktionen-fuer-administratoren\/"]}]},{"@type":"BreadcrumbList","@id":"https:\/\/messagenius.com\/de\/spezielle-funktionen-fuer-administratoren\/#breadcrumb","itemListElement":[{"@type":"ListItem","position":1,"name":"Home","item":"https:\/\/messagenius.com\/de\/"},{"@type":"ListItem","position":2,"name":"Spezielle Funktionen f\u00fcr Administratoren"}]},{"@type":"WebSite","@id":"https:\/\/messagenius.com\/it\/#website","url":"https:\/\/messagenius.com\/it\/","name":"Messagenius - Secure Enterprise Messaging","description":"The private instant messaging solution for organizations","publisher":{"@id":"https:\/\/messagenius.com\/it\/#organization"},"potentialAction":[{"@type":"SearchAction","target":{"@type":"EntryPoint","urlTemplate":"https:\/\/messagenius.com\/it\/?s={search_term_string}"},"query-input":"required name=search_term_string"}],"inLanguage":"de"},{"@type":"Organization","@id":"https:\/\/messagenius.com\/it\/#organization","name":"Messagenius","url":"https:\/\/messagenius.com\/it\/","sameAs":["https:\/\/www.linkedin.com\/company\/messagenius\/","https:\/\/www.facebook.com\/Messagenius\/"],"logo":{"@type":"ImageObject","inLanguage":"de","@id":"https:\/\/messagenius.com\/it\/#\/schema\/logo\/image\/","url":"https:\/\/messagenius.com\/wp-content\/uploads\/2020\/04\/messagenius-logo-stand-left-scaled.jpg","contentUrl":"https:\/\/messagenius.com\/wp-content\/uploads\/2020\/04\/messagenius-logo-stand-left-scaled.jpg","width":2560,"height":2004,"caption":"Messagenius"},"image":{"@id":"https:\/\/messagenius.com\/it\/#\/schema\/logo\/image\/"}}]}},"_links":{"self":[{"href":"https:\/\/messagenius.com\/de\/wp-json\/wp\/v2\/pages\/10512"}],"collection":[{"href":"https:\/\/messagenius.com\/de\/wp-json\/wp\/v2\/pages"}],"about":[{"href":"https:\/\/messagenius.com\/de\/wp-json\/wp\/v2\/types\/page"}],"author":[{"embeddable":true,"href":"https:\/\/messagenius.com\/de\/wp-json\/wp\/v2\/users\/2"}],"replies":[{"embeddable":true,"href":"https:\/\/messagenius.com\/de\/wp-json\/wp\/v2\/comments?post=10512"}],"version-history":[{"count":11,"href":"https:\/\/messagenius.com\/de\/wp-json\/wp\/v2\/pages\/10512\/revisions"}],"predecessor-version":[{"id":10523,"href":"https:\/\/messagenius.com\/de\/wp-json\/wp\/v2\/pages\/10512\/revisions\/10523"}],"wp:attachment":[{"href":"https:\/\/messagenius.com\/de\/wp-json\/wp\/v2\/media?parent=10512"}],"curies":[{"name":"wp","href":"https:\/\/api.w.org\/{rel}","templated":true}]}}