{"id":10491,"date":"2020-04-17T10:59:20","date_gmt":"2020-04-17T08:59:20","guid":{"rendered":"https:\/\/messagenius.com\/produktivitaetssteigerung\/"},"modified":"2021-01-04T11:07:31","modified_gmt":"2021-01-04T10:07:31","slug":"produktivitaetssteigerung","status":"publish","type":"page","link":"https:\/\/messagenius.com\/de\/produktivitaetssteigerung\/","title":{"rendered":"Produktivit\u00e4tssteigerung"},"content":{"rendered":"<div class=\"container container-msg\">[vc_row  full_height=\"yes\"  equal_height=\"yes\"  content_placement=\"middle\" ][vc_column width=&#8221;1\/2&#8243;][vc_column_text css_animation=&#8221;top-to-bottom&#8221;]<\/p>\n<h1>Messaging-App f\u00fcr intelligentes und effizientes Arbeiten<\/h1>\n<p>[\/vc_column_text][vc_column_text css_animation=&#8221;bottom-to-top&#8221;]Steigern Sie Ihre Produktivit\u00e4t mit Messagenius. Alle Funktionen von<strong> Instant Messaging<\/strong> erweitert f\u00fcr Teams, Abteilungen, Gesch\u00e4ftsf\u00fchrung und Au\u00dfendienstmitarbeiter f\u00fcr<strong> nahtlose und effiziente Workflows<\/strong> an jedem Arbeitsplatz<\/p>\n<ul>\n<li>Text- und Sprachnachrichten, Fotos, Videos, Dokumente und Standortfreigabe<\/li>\n<li>Intelligentes Kontaktverzeichnis mit benutzerdefinierten Filtern<\/li>\n<li>Abteilungskonten, #Kan\u00e4le, Massennachrichten<\/li>\n<\/ul>\n<p>[\/vc_column_text][\/vc_column][vc_column width=&#8221;1\/2&#8243;][vc_single_image image=&#8221;7635&#8243; img_size=&#8221;full&#8221; alignment=&#8221;center&#8221; css_animation=&#8221;right-to-left&#8221;][\/vc_column][\/vc_row]<\/div>[vc_row  full_width=\"stretch_row\"  first_background_type=\"gradient\"  first_background_gradient=\"rgba(10,10,10,0.88)||rgba(10,5,5,0.05)||0;74||359||linear\"  css=\".vc_custom_1587038145431{background-color: #323c47 !important;}\" ]<div class=\"container container-msg\"><div class=\"vc_row vc_row-msg\">[vc_column][vc_column_text css=&#8221;.vc_custom_1587510954719{padding-top: 50px !important;padding-bottom: 50px !important;}&#8221; el_class=&#8221;dark&#8221;]<\/p>\n<h2 style=\"text-align: center;\">Sicherer und sofortiger Informationsaustausch<\/h2>\n<p class=\"subtitle\" style=\"text-align: center;\">Von Text- und Audio-Nachrichten bis hin zu Dokumenten und Fotos k\u00f6nnen Mitarbeiter alle Informationen sofort teilen, ohne die Datensicherheit zu gef\u00e4hrden. Ob im B\u00fcro oder remote, alle Mitarbeiter sind verbunden, werden aktualisiert und l\u00f6sen ihre Probleme in wenigen Nachrichten.<\/p>\n<p>[\/vc_column_text][\/vc_column]<\/div><\/div>[\/vc_row]<div class=\"container container-msg\">[vc_row  full_height=\"yes\"  equal_height=\"yes\"  content_placement=\"middle\"  css=\".vc_custom_1590488553858{padding-top: 50px !important;}\" ][vc_column width=&#8221;1\/3&#8243;][vc_single_image image=&#8221;7612&#8243; img_size=&#8221;medium&#8221; alignment=&#8221;center&#8221; css_animation=&#8221;bottom-to-top&#8221;][vc_column_text css_animation=&#8221;top-to-bottom&#8221;]<\/p>\n<h3 style=\"text-align: center;\">Textnachrichten<\/h3>\n<p>[\/vc_column_text][vc_column_text css_animation=&#8221;top-to-bottom&#8221;]<\/p>\n<p style=\"text-align: center;\">Sparen Sie Zeit und bleiben Sie konzentriert, indem Sie mit Messagenius Private Messenger sichere Nachrichten an Kollegen senden.<\/p>\n<p>[\/vc_column_text][vc_single_image image=&#8221;7609&#8243; img_size=&#8221;medium&#8221; alignment=&#8221;center&#8221; css_animation=&#8221;bottom-to-top&#8221;][vc_column_text css_animation=&#8221;top-to-bottom&#8221;]<\/p>\n<h3 style=\"text-align: center;\">Dateien<\/h3>\n<p>[\/vc_column_text][vc_column_text css_animation=&#8221;top-to-bottom&#8221;]<\/p>\n<p style=\"text-align: center;\">Tauschen Sie Dateien und Dokumente in Sekundenschnelle mit unserer sicheren und vollst\u00e4ndig verschl\u00fcsselten Messaging-App aus.<\/p>\n<p>[\/vc_column_text][\/vc_column][vc_column width=&#8221;1\/3&#8243;][vc_single_image image=&#8221;7632&#8243; img_size=&#8221;medium&#8221; alignment=&#8221;center&#8221; css_animation=&#8221;bottom-to-top&#8221;][vc_column_text css_animation=&#8221;top-to-bottom&#8221;]<\/p>\n<h3 style=\"text-align: center;\">Sprachnachricht<\/h3>\n<p>[\/vc_column_text][vc_column_text css_animation=&#8221;top-to-bottom&#8221;]<\/p>\n<p style=\"text-align: center;\">Mit unserem patentierten One-Tap-System k\u00f6nnen Sie Sprachnachrichten mit einem einzigen Klick senden. Verabschieden Sie sich von langen Anrufen und E-Mails.<\/p>\n<p>[\/vc_column_text][vc_single_image image=&#8221;7630&#8243; img_size=&#8221;medium&#8221; alignment=&#8221;center&#8221; css_animation=&#8221;bottom-to-top&#8221;][vc_column_text css_animation=&#8221;top-to-bottom&#8221;]<\/p>\n<h3 style=\"text-align: center;\">Position<\/h3>\n<p>[\/vc_column_text][vc_column_text css_animation=&#8221;top-to-bottom&#8221;]<\/p>\n<p style=\"text-align: center;\">Wollen Sie Kollegen oder Mitarbeitern Ihren Standort in Echtzeit \u00fcbermitteln? Senden Sie ihren Standort, wenn Sie zu besch\u00e4ftigt sind, um zu chatten.<\/p>\n<p>[\/vc_column_text][\/vc_column][vc_column width=&#8221;1\/3&#8243;][vc_single_image image=&#8221;7581&#8243; img_size=&#8221;medium&#8221; alignment=&#8221;center&#8221; css_animation=&#8221;bottom-to-top&#8221;][vc_column_text css_animation=&#8221;top-to-bottom&#8221;]<\/p>\n<h3 style=\"text-align: center;\">Fotos &amp; Videos<\/h3>\n<p>[\/vc_column_text][vc_column_text css_animation=&#8221;top-to-bottom&#8221;]<\/p>\n<p style=\"text-align: center;\">Bilder sagen mehr als tausend Worte &#8211; und Videos noch mehr. Senden Sie visuelle Inhalte, um die Produktivit\u00e4t und Zusammenarbeit zu steigern.<\/p>\n<p>[\/vc_column_text][vc_single_image image=&#8221;7628&#8243; img_size=&#8221;medium&#8221; alignment=&#8221;center&#8221; css_animation=&#8221;bottom-to-top&#8221;][vc_column_text css_animation=&#8221;top-to-bottom&#8221;]<\/p>\n<h3 style=\"text-align: center;\">Kalender<\/h3>\n<p>[\/vc_column_text][vc_column_text css_animation=&#8221;top-to-bottom&#8221;]<\/p>\n<p style=\"text-align: center;\">Organisieren Sie Meetings und Events direkt mit Messagenius. Versenden Sie Einladungen, erstellen Sie Gruppen und koordinieren Sie Daten \/ Zeiten \/ Veranstaltungsorte.<\/p>\n<p>[\/vc_column_text][\/vc_column][\/vc_row]<\/div><div class=\"container container-msg\">[vc_row  full_height=\"yes\"  equal_height=\"yes\"  content_placement=\"middle\"  css=\".vc_custom_1587394613916{padding-top: 100px !important;}\" ][vc_column]<div class=\"templatera_shortcode\"><div class=\"vc_row wpb_row vc_row-fluid items-centered vc_row-o-equal-height vc_row-flex\"><div class=\"wpb_column vc_column_container vc_col-sm-6\"><div class=\"vc_column-inner \"><div class=\"wpb_wrapper\">\n\t<div  class=\"wpb_single_image wpb_content_element vc_align_center  wpb_animate_when_almost_visible wpb_left-to-right left-to-right\">\n\t\t\n\t\t<figure class=\"wpb_wrapper vc_figure\">\n\t\t\t<div class=\"vc_single_image-wrapper   vc_box_border_grey\"><img width=\"1172\" height=\"1328\" src=\"https:\/\/messagenius.com\/wp-content\/uploads\/2020\/03\/Comp-Filtered-contacts.png\" class=\"vc_single_image-img attachment-full\" alt=\"contact lists with filters for quick search\" loading=\"lazy\" title=\"Filtered contact directory\" srcset=\"https:\/\/messagenius.com\/wp-content\/uploads\/2020\/03\/Comp-Filtered-contacts.png 1172w, https:\/\/messagenius.com\/wp-content\/uploads\/2020\/03\/Comp-Filtered-contacts-265x300.png 265w, https:\/\/messagenius.com\/wp-content\/uploads\/2020\/03\/Comp-Filtered-contacts-904x1024.png 904w, https:\/\/messagenius.com\/wp-content\/uploads\/2020\/03\/Comp-Filtered-contacts-768x870.png 768w\" sizes=\"(max-width: 1172px) 100vw, 1172px\" \/><\/div>\n\t\t<\/figure>\n\t<\/div>\n<\/div><\/div><\/div><div class=\"wpb_column vc_column_container vc_col-sm-6\"><div class=\"vc_column-inner \"><div class=\"wpb_wrapper\">\n\t<div class=\"wpb_text_column wpb_content_element  wpb_animate_when_almost_visible wpb_top-to-bottom top-to-bottom title-box\" >\n\t\t<div class=\"wpb_wrapper\">\n\t\t\t<h2 style=\"text-align: left;\">Intelligente Kontaktlisten<\/h2>\n<h6><\/h6>\n\n\t\t<\/div>\n\t<\/div>\n\n\t<div class=\"wpb_text_column wpb_content_element  wpb_animate_when_almost_visible wpb_bottom-to-top bottom-to-top list-box\" >\n\t\t<div class=\"wpb_wrapper\">\n\t\t\t<div>Intelligente Kontaktlisten mit <strong>benutzerdefinierten Filtern<\/strong> f\u00fcr schnelle Suche und rasche Kontaktaufnahme. Machen Sie Ihre Kommunikation produktiv mit einem einfach zu navigierenden Kontaktverzeichnis. Mit dem finden Sie mit nur wenigen Klicks den richtigen Kontakt, indem Sie benutzerdefinierte Suchkriterien und Kontakteigenschaften verwenden:<\/div>\n<ul>\n<li>Bereiche<\/li>\n<li>Abteilungen<\/li>\n<li>Rollen<\/li>\n<li>F\u00e4higkeiten<\/li>\n<li>Ort<\/li>\n<li>Projekte<\/li>\n<\/ul>\n\n\t\t<\/div>\n\t<\/div>\n<\/div><\/div><\/div><\/div><\/div>[\/vc_column][\/vc_row]<\/div><div class=\"container container-msg\"><div class=\"vc_row wpb_row vc_row-fluid\"><div class=\"wpb_column vc_column_container vc_col-sm-12\"><div class=\"vc_column-inner \"><div class=\"wpb_wrapper\"><div class=\"templatera_shortcode\"><div class=\"vc_row wpb_row vc_row-fluid vc_row-o-equal-height vc_row-o-content-middle vc_row-flex\"><div class=\"wpb_column vc_column_container vc_col-sm-6\"><div class=\"vc_column-inner \"><div class=\"wpb_wrapper\">\n\t<div class=\"wpb_text_column wpb_content_element  wpb_animate_when_almost_visible wpb_top-to-bottom top-to-bottom\" >\n\t\t<div class=\"wpb_wrapper\">\n\t\t\t<h2>#Kan\u00e4le<\/h2>\n\n\t\t<\/div>\n\t<\/div>\n\n\t<div class=\"wpb_text_column wpb_content_element  wpb_animate_when_almost_visible wpb_top-to-bottom top-to-bottom\" >\n\t\t<div class=\"wpb_wrapper\">\n\t\t\t<p>Organisieren Sie all Ihre Diskussionen in Kan\u00e4len zu<strong>jedem #Thema,<\/strong> das Sie mit Ihren Kollegen teilen m\u00f6chten. Eine einfache M\u00f6glichkeit, mit Kollegen und Teamkollegen Informationen auszutauschen, wie #IT_updates, #Neuigkeiten, #HR oder einfach #Feierabend-Pl\u00e4ne.<\/p>\n\n\t\t<\/div>\n\t<\/div>\n<\/div><\/div><\/div><div class=\"wpb_column vc_column_container vc_col-sm-6\"><div class=\"vc_column-inner \"><div class=\"wpb_wrapper\">\n\t<div  class=\"wpb_single_image wpb_content_element vc_align_center  wpb_animate_when_almost_visible wpb_right-to-left right-to-left\">\n\t\t\n\t\t<figure class=\"wpb_wrapper vc_figure\">\n\t\t\t<div class=\"vc_single_image-wrapper   vc_box_border_grey\"><img width=\"1744\" height=\"1864\" src=\"https:\/\/messagenius.com\/wp-content\/uploads\/2020\/04\/COMP-Generic-channellist@2x.png\" class=\"vc_single_image-img attachment-full\" alt=\"channels for group discussions\" loading=\"lazy\" title=\"channel list for group discussions\" srcset=\"https:\/\/messagenius.com\/wp-content\/uploads\/2020\/04\/COMP-Generic-channellist@2x.png 1744w, https:\/\/messagenius.com\/wp-content\/uploads\/2020\/04\/COMP-Generic-channellist@2x-281x300.png 281w, https:\/\/messagenius.com\/wp-content\/uploads\/2020\/04\/COMP-Generic-channellist@2x-958x1024.png 958w, https:\/\/messagenius.com\/wp-content\/uploads\/2020\/04\/COMP-Generic-channellist@2x-768x821.png 768w, https:\/\/messagenius.com\/wp-content\/uploads\/2020\/04\/COMP-Generic-channellist@2x-1437x1536.png 1437w\" sizes=\"(max-width: 1744px) 100vw, 1744px\" \/><\/div>\n\t\t<\/figure>\n\t<\/div>\n<\/div><\/div><\/div><\/div><\/div><\/div><\/div><\/div><\/div><\/div><div class=\"container container-msg\"><div class=\"vc_row wpb_row vc_row-fluid\"><div class=\"wpb_column vc_column_container vc_col-sm-12\"><div class=\"vc_column-inner \"><div class=\"wpb_wrapper\"><div class=\"templatera_shortcode\"><div class=\"vc_row wpb_row vc_row-fluid vc_row-o-equal-height vc_row-o-content-middle vc_row-flex\"><div class=\"wpb_column vc_column_container vc_col-sm-6\"><div class=\"vc_column-inner \"><div class=\"wpb_wrapper\">\n\t<div  class=\"wpb_single_image wpb_content_element vc_align_center  wpb_animate_when_almost_visible wpb_left-to-right left-to-right\">\n\t\t\n\t\t<figure class=\"wpb_wrapper vc_figure\">\n\t\t\t<div class=\"vc_single_image-wrapper   vc_box_border_grey\"><img width=\"1400\" height=\"1400\" src=\"https:\/\/messagenius.com\/wp-content\/uploads\/2020\/04\/COMP-Generic-CTA-cards@2x.png\" class=\"vc_single_image-img attachment-full\" alt=\"messages with call-to-action buttons\" loading=\"lazy\" title=\"Trigger actions with call to action buttons\" srcset=\"https:\/\/messagenius.com\/wp-content\/uploads\/2020\/04\/COMP-Generic-CTA-cards@2x.png 1400w, https:\/\/messagenius.com\/wp-content\/uploads\/2020\/04\/COMP-Generic-CTA-cards@2x-300x300.png 300w, https:\/\/messagenius.com\/wp-content\/uploads\/2020\/04\/COMP-Generic-CTA-cards@2x-1024x1024.png 1024w, https:\/\/messagenius.com\/wp-content\/uploads\/2020\/04\/COMP-Generic-CTA-cards@2x-150x150.png 150w, https:\/\/messagenius.com\/wp-content\/uploads\/2020\/04\/COMP-Generic-CTA-cards@2x-768x768.png 768w\" sizes=\"(max-width: 1400px) 100vw, 1400px\" \/><\/div>\n\t\t<\/figure>\n\t<\/div>\n<\/div><\/div><\/div><div class=\"wpb_column vc_column_container vc_col-sm-6\"><div class=\"vc_column-inner \"><div class=\"wpb_wrapper\">\n\t<div class=\"wpb_text_column wpb_content_element  wpb_animate_when_almost_visible wpb_top-to-bottom top-to-bottom\" >\n\t\t<div class=\"wpb_wrapper\">\n\t\t\t<h2>Call-to-Action Buttons<\/h2>\n\n\t\t<\/div>\n\t<\/div>\n\n\t<div class=\"wpb_text_column wpb_content_element  wpb_animate_when_almost_visible wpb_top-to-bottom top-to-bottom\" >\n\t\t<div class=\"wpb_wrapper\">\n\t\t\t<p style=\"text-align: left;\">Senden Sie vorgefertigte Nachrichten direkt mit Call-to-Action Buttons wie \"\u00dcbernehmen Sie die Verantwortung\", \"An Besprechung teilnehmen\" oder \"Einladung annehmen\".<strong> Nur ein Fingertipp<\/strong> und Sie haben bereits die Antwort. Spart Ihre Zeit. Vor allem in Gruppenchats<strong>sehen Sie direkt, wer Ihre Anfrage angenommen hat<\/strong> und wer arbeitet an was.<\/p>\n\n\t\t<\/div>\n\t<\/div>\n<\/div><\/div><\/div><\/div><\/div><\/div><\/div><\/div><\/div><\/div><div class=\"container container-msg\"><div class=\"vc_row wpb_row vc_row-fluid\"><div class=\"wpb_column vc_column_container vc_col-sm-12\"><div class=\"vc_column-inner \"><div class=\"wpb_wrapper\"><div class=\"templatera_shortcode\"><div class=\"vc_row wpb_row vc_row-fluid vc_row-o-equal-height vc_row-o-content-middle vc_row-flex\"><div class=\"wpb_column vc_column_container vc_col-sm-6\"><div class=\"vc_column-inner \"><div class=\"wpb_wrapper\">\n\t<div class=\"wpb_text_column wpb_content_element  wpb_animate_when_almost_visible wpb_top-to-bottom top-to-bottom\" >\n\t\t<div class=\"wpb_wrapper\">\n\t\t\t<h2>Abteilungskonten<\/h2>\n\n\t\t<\/div>\n\t<\/div>\n\n\t<div class=\"wpb_text_column wpb_content_element  wpb_animate_when_almost_visible wpb_top-to-bottom top-to-bottom\" >\n\t\t<div class=\"wpb_wrapper\">\n\t\t\t<p style=\"text-align: left;\">Ein Konto, das von mehreren Benutzern verwaltet wird<strong> kann im Namen ihrer gesamten Abteilung kommunizieren<\/strong>. Ob Marketing, HR oder Finanzen - mit Abteilungskonten k\u00f6nnen Teams ihre t\u00e4gliche Arbeit optimieren:<\/p>\n<ul>\n<li style=\"text-align: left;\">Abteilungskollegen sind besser koordiniert und immer auf dem neuesten Stand<\/li>\n<li style=\"text-align: left;\">Anfragen an die gesamte Abteilung werden gemeinsam gel\u00f6st<\/li>\n<li style=\"text-align: left;\">Teamkollegen k\u00f6nnen leicht Aufgaben und Schichten f\u00fcreinander \u00fcbernehmen<\/li>\n<\/ul>\n\n\t\t<\/div>\n\t<\/div>\n<\/div><\/div><\/div><div class=\"wpb_column vc_column_container vc_col-sm-6\"><div class=\"vc_column-inner \"><div class=\"wpb_wrapper\">\n\t<div  class=\"wpb_single_image wpb_content_element vc_align_center  wpb_animate_when_almost_visible wpb_left-to-right left-to-right\">\n\t\t\n\t\t<figure class=\"wpb_wrapper vc_figure\">\n\t\t\t<div class=\"vc_single_image-wrapper   vc_box_border_grey\"><img width=\"1744\" height=\"1864\" src=\"https:\/\/messagenius.com\/wp-content\/uploads\/2020\/04\/COMP-Generic-Dept-Accounts@2x.png\" class=\"vc_single_image-img attachment-full\" alt=\"department account shared for all department members\" loading=\"lazy\" title=\"Accounts for each department\" srcset=\"https:\/\/messagenius.com\/wp-content\/uploads\/2020\/04\/COMP-Generic-Dept-Accounts@2x.png 1744w, https:\/\/messagenius.com\/wp-content\/uploads\/2020\/04\/COMP-Generic-Dept-Accounts@2x-281x300.png 281w, https:\/\/messagenius.com\/wp-content\/uploads\/2020\/04\/COMP-Generic-Dept-Accounts@2x-958x1024.png 958w, https:\/\/messagenius.com\/wp-content\/uploads\/2020\/04\/COMP-Generic-Dept-Accounts@2x-768x821.png 768w, https:\/\/messagenius.com\/wp-content\/uploads\/2020\/04\/COMP-Generic-Dept-Accounts@2x-1437x1536.png 1437w\" sizes=\"(max-width: 1744px) 100vw, 1744px\" \/><\/div>\n\t\t<\/figure>\n\t<\/div>\n<\/div><\/div><\/div><\/div><\/div><\/div><\/div><\/div><\/div><\/div>\n","protected":false},"excerpt":{"rendered":"Abteilungskonten Ein Konto, das von mehreren Benutzern verwaltet wird kann im Namen ihrer gesamten Abteilung kommunizieren. Ob Marketing, HR oder Finanzen - mit Abteilungskonten k\u00f6nnen Teams ihre t\u00e4gliche Arbeit optimieren: Abteilungskollegen sind besser koordiniert und immer auf dem neuesten Stand Anfragen an die gesamte Abteilung werden gemeinsam gel\u00f6st Teamkollegen k\u00f6nnen leicht Aufgaben und Schichten f\u00fcreinander [...]","protected":false},"author":2,"featured_media":0,"parent":0,"menu_order":0,"comment_status":"closed","ping_status":"closed","template":"","meta":{"inline_featured_image":false,"_links_to":"","_links_to_target":""},"acf":[],"yoast_head":"<!-- This site is optimized with the Yoast SEO plugin v19.6.1 - https:\/\/yoast.com\/wordpress\/plugins\/seo\/ -->\n<title>Produktivit\u00e4tssteigerung | Messagenius - Secure Enterprise Messaging<\/title>\n<meta name=\"description\" content=\"Steigern Sie Ihre Produktivit\u00e4t mit der Instant Messaging-App f\u00fcr effizientes Arbeiten und nahtlose Workflows. Alles was Sie brauchen f\u00fcr eine intelligente und sichere Kommunikation in einer App\" \/>\n<meta name=\"robots\" content=\"index, follow, max-snippet:-1, max-image-preview:large, max-video-preview:-1\" \/>\n<link rel=\"canonical\" href=\"https:\/\/messagenius.com\/de\/produktivitaetssteigerung\/\" \/>\n<meta property=\"og:locale\" content=\"de_DE\" \/>\n<meta property=\"og:type\" content=\"article\" \/>\n<meta property=\"og:title\" content=\"Produktivit\u00e4tssteigerung | Messagenius - Secure Enterprise Messaging\" \/>\n<meta property=\"og:description\" content=\"Steigern Sie Ihre Produktivit\u00e4t mit der Instant Messaging-App f\u00fcr effizientes Arbeiten und nahtlose Workflows. Alles was Sie brauchen f\u00fcr eine intelligente und sichere Kommunikation in einer App\" \/>\n<meta property=\"og:url\" content=\"https:\/\/messagenius.com\/de\/produktivitaetssteigerung\/\" \/>\n<meta property=\"og:site_name\" content=\"Messagenius - Secure Enterprise Messaging\" \/>\n<meta property=\"article:publisher\" content=\"https:\/\/www.facebook.com\/Messagenius\/\" \/>\n<meta property=\"article:modified_time\" content=\"2021-01-04T10:07:31+00:00\" \/>\n<meta name=\"twitter:card\" content=\"summary_large_image\" \/>\n<script type=\"application\/ld+json\" class=\"yoast-schema-graph\">{\"@context\":\"https:\/\/schema.org\",\"@graph\":[{\"@type\":\"WebPage\",\"@id\":\"https:\/\/messagenius.com\/de\/produktivitaetssteigerung\/\",\"url\":\"https:\/\/messagenius.com\/de\/produktivitaetssteigerung\/\",\"name\":\"Produktivit\u00e4tssteigerung | Messagenius - Secure Enterprise Messaging\",\"isPartOf\":{\"@id\":\"https:\/\/messagenius.com\/it\/#website\"},\"datePublished\":\"2020-04-17T08:59:20+00:00\",\"dateModified\":\"2021-01-04T10:07:31+00:00\",\"description\":\"Steigern Sie Ihre Produktivit\u00e4t mit der Instant Messaging-App f\u00fcr effizientes Arbeiten und nahtlose Workflows. Alles was Sie brauchen f\u00fcr eine intelligente und sichere Kommunikation in einer App\",\"breadcrumb\":{\"@id\":\"https:\/\/messagenius.com\/de\/produktivitaetssteigerung\/#breadcrumb\"},\"inLanguage\":\"de\",\"potentialAction\":[{\"@type\":\"ReadAction\",\"target\":[\"https:\/\/messagenius.com\/de\/produktivitaetssteigerung\/\"]}]},{\"@type\":\"BreadcrumbList\",\"@id\":\"https:\/\/messagenius.com\/de\/produktivitaetssteigerung\/#breadcrumb\",\"itemListElement\":[{\"@type\":\"ListItem\",\"position\":1,\"name\":\"Home\",\"item\":\"https:\/\/messagenius.com\/de\/\"},{\"@type\":\"ListItem\",\"position\":2,\"name\":\"Produktivit\u00e4tssteigerung\"}]},{\"@type\":\"WebSite\",\"@id\":\"https:\/\/messagenius.com\/it\/#website\",\"url\":\"https:\/\/messagenius.com\/it\/\",\"name\":\"Messagenius - Secure Enterprise Messaging\",\"description\":\"The private instant messaging solution for organizations\",\"publisher\":{\"@id\":\"https:\/\/messagenius.com\/it\/#organization\"},\"potentialAction\":[{\"@type\":\"SearchAction\",\"target\":{\"@type\":\"EntryPoint\",\"urlTemplate\":\"https:\/\/messagenius.com\/it\/?s={search_term_string}\"},\"query-input\":\"required name=search_term_string\"}],\"inLanguage\":\"de\"},{\"@type\":\"Organization\",\"@id\":\"https:\/\/messagenius.com\/it\/#organization\",\"name\":\"Messagenius\",\"url\":\"https:\/\/messagenius.com\/it\/\",\"sameAs\":[\"https:\/\/www.linkedin.com\/company\/messagenius\/\",\"https:\/\/www.facebook.com\/Messagenius\/\"],\"logo\":{\"@type\":\"ImageObject\",\"inLanguage\":\"de\",\"@id\":\"https:\/\/messagenius.com\/it\/#\/schema\/logo\/image\/\",\"url\":\"https:\/\/messagenius.com\/wp-content\/uploads\/2020\/04\/messagenius-logo-stand-left-scaled.jpg\",\"contentUrl\":\"https:\/\/messagenius.com\/wp-content\/uploads\/2020\/04\/messagenius-logo-stand-left-scaled.jpg\",\"width\":2560,\"height\":2004,\"caption\":\"Messagenius\"},\"image\":{\"@id\":\"https:\/\/messagenius.com\/it\/#\/schema\/logo\/image\/\"}}]}<\/script>\n<!-- \/ Yoast SEO plugin. -->","yoast_head_json":{"title":"Produktivit\u00e4tssteigerung | Messagenius - Secure Enterprise Messaging","description":"Steigern Sie Ihre Produktivit\u00e4t mit der Instant Messaging-App f\u00fcr effizientes Arbeiten und nahtlose Workflows. Alles was Sie brauchen f\u00fcr eine intelligente und sichere Kommunikation in einer App","robots":{"index":"index","follow":"follow","max-snippet":"max-snippet:-1","max-image-preview":"max-image-preview:large","max-video-preview":"max-video-preview:-1"},"canonical":"https:\/\/messagenius.com\/de\/produktivitaetssteigerung\/","og_locale":"de_DE","og_type":"article","og_title":"Produktivit\u00e4tssteigerung | Messagenius - Secure Enterprise Messaging","og_description":"Steigern Sie Ihre Produktivit\u00e4t mit der Instant Messaging-App f\u00fcr effizientes Arbeiten und nahtlose Workflows. Alles was Sie brauchen f\u00fcr eine intelligente und sichere Kommunikation in einer App","og_url":"https:\/\/messagenius.com\/de\/produktivitaetssteigerung\/","og_site_name":"Messagenius - Secure Enterprise Messaging","article_publisher":"https:\/\/www.facebook.com\/Messagenius\/","article_modified_time":"2021-01-04T10:07:31+00:00","twitter_card":"summary_large_image","schema":{"@context":"https:\/\/schema.org","@graph":[{"@type":"WebPage","@id":"https:\/\/messagenius.com\/de\/produktivitaetssteigerung\/","url":"https:\/\/messagenius.com\/de\/produktivitaetssteigerung\/","name":"Produktivit\u00e4tssteigerung | Messagenius - Secure Enterprise Messaging","isPartOf":{"@id":"https:\/\/messagenius.com\/it\/#website"},"datePublished":"2020-04-17T08:59:20+00:00","dateModified":"2021-01-04T10:07:31+00:00","description":"Steigern Sie Ihre Produktivit\u00e4t mit der Instant Messaging-App f\u00fcr effizientes Arbeiten und nahtlose Workflows. Alles was Sie brauchen f\u00fcr eine intelligente und sichere Kommunikation in einer App","breadcrumb":{"@id":"https:\/\/messagenius.com\/de\/produktivitaetssteigerung\/#breadcrumb"},"inLanguage":"de","potentialAction":[{"@type":"ReadAction","target":["https:\/\/messagenius.com\/de\/produktivitaetssteigerung\/"]}]},{"@type":"BreadcrumbList","@id":"https:\/\/messagenius.com\/de\/produktivitaetssteigerung\/#breadcrumb","itemListElement":[{"@type":"ListItem","position":1,"name":"Home","item":"https:\/\/messagenius.com\/de\/"},{"@type":"ListItem","position":2,"name":"Produktivit\u00e4tssteigerung"}]},{"@type":"WebSite","@id":"https:\/\/messagenius.com\/it\/#website","url":"https:\/\/messagenius.com\/it\/","name":"Messagenius - Secure Enterprise Messaging","description":"The private instant messaging solution for organizations","publisher":{"@id":"https:\/\/messagenius.com\/it\/#organization"},"potentialAction":[{"@type":"SearchAction","target":{"@type":"EntryPoint","urlTemplate":"https:\/\/messagenius.com\/it\/?s={search_term_string}"},"query-input":"required name=search_term_string"}],"inLanguage":"de"},{"@type":"Organization","@id":"https:\/\/messagenius.com\/it\/#organization","name":"Messagenius","url":"https:\/\/messagenius.com\/it\/","sameAs":["https:\/\/www.linkedin.com\/company\/messagenius\/","https:\/\/www.facebook.com\/Messagenius\/"],"logo":{"@type":"ImageObject","inLanguage":"de","@id":"https:\/\/messagenius.com\/it\/#\/schema\/logo\/image\/","url":"https:\/\/messagenius.com\/wp-content\/uploads\/2020\/04\/messagenius-logo-stand-left-scaled.jpg","contentUrl":"https:\/\/messagenius.com\/wp-content\/uploads\/2020\/04\/messagenius-logo-stand-left-scaled.jpg","width":2560,"height":2004,"caption":"Messagenius"},"image":{"@id":"https:\/\/messagenius.com\/it\/#\/schema\/logo\/image\/"}}]}},"_links":{"self":[{"href":"https:\/\/messagenius.com\/de\/wp-json\/wp\/v2\/pages\/10491"}],"collection":[{"href":"https:\/\/messagenius.com\/de\/wp-json\/wp\/v2\/pages"}],"about":[{"href":"https:\/\/messagenius.com\/de\/wp-json\/wp\/v2\/types\/page"}],"author":[{"embeddable":true,"href":"https:\/\/messagenius.com\/de\/wp-json\/wp\/v2\/users\/2"}],"replies":[{"embeddable":true,"href":"https:\/\/messagenius.com\/de\/wp-json\/wp\/v2\/comments?post=10491"}],"version-history":[{"count":10,"href":"https:\/\/messagenius.com\/de\/wp-json\/wp\/v2\/pages\/10491\/revisions"}],"predecessor-version":[{"id":10501,"href":"https:\/\/messagenius.com\/de\/wp-json\/wp\/v2\/pages\/10491\/revisions\/10501"}],"wp:attachment":[{"href":"https:\/\/messagenius.com\/de\/wp-json\/wp\/v2\/media?parent=10491"}],"curies":[{"name":"wp","href":"https:\/\/api.w.org\/{rel}","templated":true}]}}