{"id":10305,"date":"2020-04-20T20:51:45","date_gmt":"2020-04-20T18:51:45","guid":{"rendered":"https:\/\/messagenius.com\/sicherheit-und-data-ownership\/"},"modified":"2020-12-17T12:51:07","modified_gmt":"2020-12-17T11:51:07","slug":"sicherheit-und-data-ownership","status":"publish","type":"page","link":"https:\/\/messagenius.com\/de\/sicherheit-und-data-ownership\/","title":{"rendered":"Sicherheit und Data Ownership"},"content":{"rendered":"<div class=\"container container-msg\">[vc_row  full_height=\"yes\"  equal_height=\"yes\"  content_placement=\"middle\" ][vc_column width=&#8221;1\/2&#8243;][vc_column_text css_animation=&#8221;none&#8221;]<\/p>\n<h1>Instant Messaging mit vollst\u00e4ndiger Sicherheit und exklusiver Data Ownership<\/h1>\n<p>[\/vc_column_text][vc_column_text css_animation=&#8221;none&#8221;]Messagenius ist eine sichere Messaging-L\u00f6sung f\u00fcr Unternehmen sowohl f\u00fcr den privaten als auch f\u00fcr den \u00f6ffentlichen Sektor. Holen Sie sich mit Messagenius die komplette<strong>Sicherheit f\u00fcr Instant Messaging und die volle Kontrolle \u00fcber ihre Daten<\/strong> .<\/p>\n<ul>\n<li>On-Premise, private Server- oder Cloud-Installation<\/li>\n<li>Vergabe von Verschl\u00fcsselungskeys <strong>NUR<\/strong> an den Kunden<\/li>\n<li>Black Box-Modus und Black Hole verschwindende Nachrichten<\/li>\n<\/ul>\n<p>[\/vc_column_text][\/vc_column][vc_column width=&#8221;1\/2&#8243;][vc_single_image image=&#8221;6320&#8243; img_size=&#8221;full&#8221; alignment=&#8221;center&#8221; css_animation=&#8221;none&#8221;][\/vc_column][\/vc_row]<\/div>[vc_row  full_width=\"stretch_row\"  first_background_type=\"gradient\"  first_background_gradient=\"rgba(10,10,10,0.88)||rgba(10,5,5,0.05)||0;74||359||linear\"  css=\".vc_custom_1587038145431{background-color: #323c47 !important;}\" ]<div class=\"container container-msg\"><div class=\"vc_row vc_row-msg\">[vc_column][vc_column_text css=&#8221;.vc_custom_1587516733681{padding-top: 50px !important;padding-bottom: 50px !important;}&#8221; el_class=&#8221;dark&#8221;]<\/p>\n<h2 style=\"text-align: center;\">GDPR-Konformit\u00e4t<\/h2>\n<p class=\"subtitle\" style=\"text-align: center;\">Messagenius ist 100% GDPR-konform und abh\u00f6rsicher.<br \/>\nWir beziehen keine Dritten ein, um Ihre Daten zu speichern, darauf zuzugreifen oder zu verwenden. Auch Messagenius selbst hat keinen Zugriff auf Ihre Daten.<\/p>\n<p>[\/vc_column_text][\/vc_column]<\/div><\/div>[\/vc_row][vc_row  full_width=\"stretch_row\"  full_height=\"yes\"  equal_height=\"yes\"  content_placement=\"middle\"  css=\".vc_custom_1588195415008{padding-top: 100px !important;}\" ]<div class=\"container container-msg\"><div class=\"vc_row vc_row-msg\">[vc_column]<div class=\"templatera_shortcode\"><div class=\"vc_row wpb_row vc_row-fluid vc_custom_1587420371366 vc_row-o-equal-height vc_row-o-content-middle vc_row-flex\"><div class=\"wpb_column vc_column_container vc_col-sm-6\"><div class=\"vc_column-inner \"><div class=\"wpb_wrapper\">\n\t<div  class=\"wpb_single_image wpb_content_element vc_align_center  wpb_animate_when_almost_visible wpb_left-to-right left-to-right\">\n\t\t\n\t\t<figure class=\"wpb_wrapper vc_figure\">\n\t\t\t<div class=\"vc_single_image-wrapper   vc_box_border_grey\"><img width=\"393\" height=\"428\" src=\"https:\/\/messagenius.com\/wp-content\/uploads\/2018\/09\/img-private-server.png\" class=\"vc_single_image-img attachment-full\" alt=\"\" loading=\"lazy\" title=\"img-private-server\" srcset=\"https:\/\/messagenius.com\/wp-content\/uploads\/2018\/09\/img-private-server.png 393w, https:\/\/messagenius.com\/wp-content\/uploads\/2018\/09\/img-private-server-275x300.png 275w\" sizes=\"(max-width: 393px) 100vw, 393px\" \/><\/div>\n\t\t<\/figure>\n\t<\/div>\n<\/div><\/div><\/div><div class=\"wpb_column vc_column_container vc_col-sm-6\"><div class=\"vc_column-inner \"><div class=\"wpb_wrapper\">\n\t<div class=\"wpb_text_column wpb_content_element  wpb_animate_when_almost_visible wpb_top-to-bottom top-to-bottom\" >\n\t\t<div class=\"wpb_wrapper\">\n\t\t\t<h2>Private On-Premise or Cloud Installation<\/h2>\n\n\t\t<\/div>\n\t<\/div>\n\n\t<div class=\"wpb_text_column wpb_content_element  wpb_animate_when_almost_visible wpb_top-to-bottom top-to-bottom\" >\n\t\t<div class=\"wpb_wrapper\">\n\t\t\t<p style=\"text-align: left;\">Unabh\u00e4ngig davon, f\u00fcr welche Art der Installation Sie sich entscheiden, garantiert Messagenius, dass Ihre Unternehmensdaten sicher sind - und vollst\u00e4ndig Ihnen geh\u00f6ren, lokal gespeichert. Um die Sicherheit Ihrer Unternehmensdaten zu gew\u00e4hrleisten, kann Messagenius wie folgt installiert werden:<\/p>\n<div class=\"list\"><i class=\"fas fa-check-circle\"><\/i><strong>On-Premise<\/strong> oder auf Ihrem privaten Unternehmensserver<\/div>\n<div class=\"list\"><i class=\"fas fa-check-circle\"><\/i>In Ihrer <strong>privaten Unternehmens-Cloud<\/strong><\/div>\n<div class=\"list\"><i class=\"fas fa-check-circle\"><\/i>Auf Messagenius Server\/Cloud, der ausschlie\u00dflich <strong>f\u00fcr Ihr Unternehmen erstellt und reserviert wurde<\/strong><\/div>\n\n\t\t<\/div>\n\t<\/div>\n<\/div><\/div><\/div><\/div><\/div>[\/vc_column]<\/div><\/div>[\/vc_row]<div data-vc-full-width=\"true\" data-vc-full-width-init=\"true\" data-vc-full-width-init-backup=\"false\" class=\"vc_row wpb_row vc_row-fluid vc_custom_1588195423212 vc_row-o-full-height vc_row-o-columns-middle vc_row-o-equal-height vc_row-o-content-middle vc_row-flex\"><div class=\"container container-msg\"><div class=\"vc_row vc_row-msg\"><div class=\"wpb_column vc_column_container vc_col-sm-12\"><div class=\"vc_column-inner \"><div class=\"wpb_wrapper\"><div class=\"templatera_shortcode\"><div class=\"vc_row wpb_row vc_row-fluid vc_column-gap-35 vc_row-o-equal-height vc_row-o-content-middle vc_row-flex\"><div class=\"wpb_column vc_column_container vc_col-sm-6\"><div class=\"vc_column-inner \"><div class=\"wpb_wrapper\">\n\t<div class=\"wpb_text_column wpb_content_element \" >\n\t\t<div class=\"wpb_wrapper\">\n\t\t\t<h3>Besitzen Sie Ihre Daten mit<br \/>\nPrivate Verschl\u00fcsselungsschl\u00fcssel<\/h3>\n\n\t\t<\/div>\n\t<\/div>\n\n\t<div class=\"wpb_text_column wpb_content_element \" >\n\t\t<div class=\"wpb_wrapper\">\n\t\t\t<p>Messagenius verwendet ein einzigartiges Verschl\u00fcsselungssystem. Wir \u00fcbergeben Ihnen die Verschl\u00fcsselungsschl\u00fcssel, und von da an hat au\u00dfer Ihnen niemand mehr Zugang zu Ihren Daten.<\/p>\n<p>Als zus\u00e4tzliche Schutzma\u00dfnahme erlauben wir es Unternehmen, <strong>mehrere Inhaber<\/strong> von Verschl\u00fcsselungsschl\u00fcsseln zu haben. Durch die Aufteilung der Kontrolle wird das Risiko von Datenlecks minimiert.<\/p>\n\n\t\t<\/div>\n\t<\/div>\n<\/div><\/div><\/div><div class=\"wpb_column vc_column_container vc_col-sm-6\"><div class=\"vc_column-inner \"><div class=\"wpb_wrapper\">\n\t<div  class=\"wpb_single_image wpb_content_element vc_align_center\">\n\t\t\n\t\t<figure class=\"wpb_wrapper vc_figure\">\n\t\t\t<div class=\"vc_single_image-wrapper   vc_box_border_grey\"><img width=\"1047\" height=\"817\" src=\"https:\/\/messagenius.com\/wp-content\/uploads\/2022\/08\/COMP-Generic-Encryption-keys.png\" class=\"vc_single_image-img attachment-full\" alt=\"\" loading=\"lazy\" title=\"COMP - Generic - Encryption keys\" srcset=\"https:\/\/messagenius.com\/wp-content\/uploads\/2022\/08\/COMP-Generic-Encryption-keys.png 1047w, https:\/\/messagenius.com\/wp-content\/uploads\/2022\/08\/COMP-Generic-Encryption-keys-300x234.png 300w, https:\/\/messagenius.com\/wp-content\/uploads\/2022\/08\/COMP-Generic-Encryption-keys-1024x799.png 1024w, https:\/\/messagenius.com\/wp-content\/uploads\/2022\/08\/COMP-Generic-Encryption-keys-768x599.png 768w, https:\/\/messagenius.com\/wp-content\/uploads\/2022\/08\/COMP-Generic-Encryption-keys-500x390.png 500w\" sizes=\"(max-width: 1047px) 100vw, 1047px\" \/><\/div>\n\t\t<\/figure>\n\t<\/div>\n<\/div><\/div><\/div><\/div><\/div><\/div><\/div><\/div><\/div><\/div><\/div><div class=\"vc_row-full-width vc_clearfix\"><\/div><div data-vc-full-width=\"true\" data-vc-full-width-init=\"true\" data-vc-full-width-init-backup=\"false\" data-vc-stretch-content=\"true\" class=\"vc_row wpb_row vc_row-fluid vc_custom_1587420252888 vc_row-o-full-height vc_row-o-columns-middle vc_row-o-equal-height vc_row-o-content-middle vc_row-flex\"><div class=\"wpb_column vc_column_container vc_col-sm-12\"><div class=\"vc_column-inner \"><div class=\"wpb_wrapper\"><div class=\"templatera_shortcode\"><div class=\"vc_row wpb_row vc_row-fluid black-hole-box\"><div class=\"wpb_column vc_column_container vc_col-sm-12\"><div class=\"vc_column-inner \"><div class=\"wpb_wrapper\"><div class=\"vc_row wpb_row vc_inner vc_row-fluid vc_column-gap-30 vc_row-o-equal-height vc_row-o-content-middle vc_row-flex\"><div class=\"wpb_column vc_column_container vc_col-sm-6\"><div class=\"vc_column-inner\"><div class=\"wpb_wrapper\">\n\t<div class=\"wpb_text_column wpb_content_element  two-lines-heading\" >\n\t\t<div class=\"wpb_wrapper\">\n\t\t\t<h4 style=\"text-align: left; margin: 0;\">VOLLST\u00c4NDIG NACHVERFOLGT &amp; UNAUSL\u00d6SCHLICH<\/h4>\n<h3 style=\"text-align: left; margin: 0;\">Black Box Chats<\/h3>\n<p style=\"text-align: left;\">Sie wissen, wann, was und an wen alle Unterhaltungen innerhalb Ihres Unternehmens gesendet wurden. Messagenius Black Box Chats sind immer zwischen Absender und Empf\u00e4nger zertifiziert. Alle Nachrichten sind mit einem Zeitstempel und mit einem obligatorischen Empfangsnachweis versehen.<\/p>\n<p style=\"text-align: left;\"><a class=\"button-primary-color link-with-arrow\" href=\"\/security-and-data-ownership\/\">\u00dcber Messagenius-Sicherheit<\/a><\/p>\n\n\t\t<\/div>\n\t<\/div>\n<\/div><\/div><\/div><div class=\"wpb_column vc_column_container vc_col-sm-6\"><div class=\"vc_column-inner\"><div class=\"wpb_wrapper\">\n\t<div  class=\"wpb_single_image wpb_content_element vc_align_center\">\n\t\t\n\t\t<figure class=\"wpb_wrapper vc_figure\">\n\t\t\t<div class=\"vc_single_image-wrapper   vc_box_border_grey\"><img width=\"1024\" height=\"765\" src=\"https:\/\/messagenius.com\/wp-content\/uploads\/2020\/03\/COMP-black-box-chat-full-1024x765.png\" class=\"vc_single_image-img attachment-large\" alt=\"\" loading=\"lazy\" title=\"COMP - black box chat-full\" srcset=\"https:\/\/messagenius.com\/wp-content\/uploads\/2020\/03\/COMP-black-box-chat-full-1024x765.png 1024w, https:\/\/messagenius.com\/wp-content\/uploads\/2020\/03\/COMP-black-box-chat-full-300x224.png 300w, https:\/\/messagenius.com\/wp-content\/uploads\/2020\/03\/COMP-black-box-chat-full-768x574.png 768w, https:\/\/messagenius.com\/wp-content\/uploads\/2020\/03\/COMP-black-box-chat-full-500x374.png 500w, https:\/\/messagenius.com\/wp-content\/uploads\/2020\/03\/COMP-black-box-chat-full.png 1101w\" sizes=\"(max-width: 1024px) 100vw, 1024px\" \/><\/div>\n\t\t<\/figure>\n\t<\/div>\n<\/div><\/div><\/div><\/div><div class=\"vc_row wpb_row vc_inner vc_row-fluid mobile-invert-cols vc_row-o-equal-height vc_row-o-content-middle vc_row-flex\"><div class=\"wpb_column vc_column_container vc_col-sm-6\"><div class=\"vc_column-inner\"><div class=\"wpb_wrapper\">\n\t<div  class=\"wpb_single_image wpb_content_element vc_align_center   img-80\">\n\t\t\n\t\t<figure class=\"wpb_wrapper vc_figure\">\n\t\t\t<div class=\"vc_single_image-wrapper   vc_box_border_grey\"><img width=\"1024\" height=\"1024\" src=\"https:\/\/messagenius.com\/wp-content\/uploads\/2022\/08\/COMP-Self-destructing-\u2013-new-1024x1024.png\" class=\"vc_single_image-img attachment-large\" alt=\"\" loading=\"lazy\" title=\"COMP - Self destructing \u2013 new\" srcset=\"https:\/\/messagenius.com\/wp-content\/uploads\/2022\/08\/COMP-Self-destructing-\u2013-new-1024x1024.png 1024w, https:\/\/messagenius.com\/wp-content\/uploads\/2022\/08\/COMP-Self-destructing-\u2013-new-300x300.png 300w, https:\/\/messagenius.com\/wp-content\/uploads\/2022\/08\/COMP-Self-destructing-\u2013-new-150x150.png 150w, https:\/\/messagenius.com\/wp-content\/uploads\/2022\/08\/COMP-Self-destructing-\u2013-new-768x768.png 768w, https:\/\/messagenius.com\/wp-content\/uploads\/2022\/08\/COMP-Self-destructing-\u2013-new-500x500.png 500w, https:\/\/messagenius.com\/wp-content\/uploads\/2022\/08\/COMP-Self-destructing-\u2013-new-1000x1000.png 1000w, https:\/\/messagenius.com\/wp-content\/uploads\/2022\/08\/COMP-Self-destructing-\u2013-new.png 1400w\" sizes=\"(max-width: 1024px) 100vw, 1024px\" \/><\/div>\n\t\t<\/figure>\n\t<\/div>\n<\/div><\/div><\/div><div class=\"wpb_column vc_column_container vc_col-sm-6\"><div class=\"vc_column-inner\"><div class=\"wpb_wrapper\">\n\t<div class=\"wpb_text_column wpb_content_element  two-lines-heading\" >\n\t\t<div class=\"wpb_wrapper\">\n\t\t\t<h4 style=\"text-align: left; margin: 0;\">VOR\u00dcBERGEHEND &amp; SELBSTZERST\u00d6REND<\/h4>\n<h3 style=\"text-align: left; margin: 0;\">Black Hole Chats<\/h3>\n<p>Sch\u00fctzen Sie Ihre sensibelsten Daten mit Black Hole-Chats. Messagenius Black Hole-Konversationen durchlaufen keine Server und hinterlassen keine Spuren ihrer Existenz. Richten Sie einen Timer ein, und sobald Ihre Nachricht ge\u00f6ffnet ist, zerst\u00f6rt sie sich immer selbst und kann nicht mehr vom Server abgerufen werden.<\/p>\n<p style=\"text-align: left;\"><a class=\"button-primary-color link-with-arrow\" href=\"\/security-and-data-ownership\/\">\u00dcber Messagenius-Sicherheit<\/a><\/p>\n\n\t\t<\/div>\n\t<\/div>\n<\/div><\/div><\/div><\/div><\/div><\/div><\/div><\/div><\/div><\/div><\/div><\/div><\/div><div class=\"vc_row-full-width vc_clearfix\"><\/div><div data-vc-full-width=\"true\" data-vc-full-width-init=\"true\" data-vc-full-width-init-backup=\"false\" class=\"vc_row wpb_row vc_row-fluid vc_custom_1587420635714\"><div class=\"container container-msg\"><div class=\"vc_row vc_row-msg\"><div class=\"wpb_column vc_column_container vc_col-sm-12\"><div class=\"vc_column-inner \"><div class=\"wpb_wrapper\">\n\t<div  class=\"wpb_single_image wpb_content_element vc_align_&#8221;center&#8221;\">\n\t\t\n\t\t<figure class=\"wpb_wrapper vc_figure\">\n\t\t\t<div class=\"vc_single_image-wrapper   vc_box_border_grey\"><\/div>\n\t\t<\/figure>\n\t<\/div>\n\n\t<div class=\"wpb_text_column wpb_content_element \" >\n\t\t<div class=\"wpb_wrapper\">\n\t\t\t<p style=\"text-align: center;\">Der italienische Technologieriese AlamavivA ben\u00f6tigte ein Instant Messaging-Tool f\u00fcr Unternehmen, das eine schnelle Kommunikation erm\u00f6glicht, ohne die Sicherheit vertraulicher Daten zu gef\u00e4hrden. AlamavivA verwendet jetzt Messagenius als sichere Unternehmenskommunikation, die lokal \u00fcber einen privaten Cloud-Server installiert wird.<\/p>\n\n\t\t<\/div>\n\t<\/div>\n<\/div><\/div><\/div><\/div><\/div><\/div><div class=\"vc_row-full-width vc_clearfix\"><\/div>\n","protected":false},"excerpt":{"rendered":"VOLLST\u00c4NDIG NACHVERFOLGT &amp; UNAUSL\u00d6SCHLICH Black Box Chats Sie wissen, wann, was und an wen alle Unterhaltungen innerhalb Ihres Unternehmens gesendet wurden. Messagenius Black Box Chats sind immer zwischen Absender und Empf\u00e4nger zertifiziert. Alle Nachrichten sind mit einem Zeitstempel und mit einem obligatorischen Empfangsnachweis versehen. \u00dcber Messagenius-Sicherheit VOR\u00dcBERGEHEND &amp; SELBSTZERST\u00d6REND Black Hole Chats Sch\u00fctzen Sie Ihre [...]","protected":false},"author":2,"featured_media":0,"parent":0,"menu_order":0,"comment_status":"closed","ping_status":"closed","template":"","meta":{"inline_featured_image":false,"_links_to":"","_links_to_target":""},"acf":[],"yoast_head":"<!-- This site is optimized with the Yoast SEO plugin v19.6.1 - https:\/\/yoast.com\/wordpress\/plugins\/seo\/ -->\n<title>Sicherheit und Data Ownership | Messagenius - Secure Enterprise Messaging<\/title>\n<meta name=\"robots\" content=\"index, follow, max-snippet:-1, max-image-preview:large, max-video-preview:-1\" \/>\n<link rel=\"canonical\" href=\"https:\/\/messagenius.com\/de\/sicherheit-und-data-ownership\/\" \/>\n<meta property=\"og:locale\" content=\"de_DE\" \/>\n<meta property=\"og:type\" content=\"article\" \/>\n<meta property=\"og:title\" content=\"Sicherheit und Data Ownership | Messagenius - Secure Enterprise Messaging\" \/>\n<meta property=\"og:url\" content=\"https:\/\/messagenius.com\/de\/sicherheit-und-data-ownership\/\" \/>\n<meta property=\"og:site_name\" content=\"Messagenius - Secure Enterprise Messaging\" \/>\n<meta property=\"article:publisher\" content=\"https:\/\/www.facebook.com\/Messagenius\/\" \/>\n<meta property=\"article:modified_time\" content=\"2020-12-17T11:51:07+00:00\" \/>\n<meta name=\"twitter:card\" content=\"summary_large_image\" \/>\n<script type=\"application\/ld+json\" class=\"yoast-schema-graph\">{\"@context\":\"https:\/\/schema.org\",\"@graph\":[{\"@type\":\"WebPage\",\"@id\":\"https:\/\/messagenius.com\/de\/sicherheit-und-data-ownership\/\",\"url\":\"https:\/\/messagenius.com\/de\/sicherheit-und-data-ownership\/\",\"name\":\"Sicherheit und Data Ownership | Messagenius - Secure Enterprise Messaging\",\"isPartOf\":{\"@id\":\"https:\/\/messagenius.com\/it\/#website\"},\"datePublished\":\"2020-04-20T18:51:45+00:00\",\"dateModified\":\"2020-12-17T11:51:07+00:00\",\"breadcrumb\":{\"@id\":\"https:\/\/messagenius.com\/de\/sicherheit-und-data-ownership\/#breadcrumb\"},\"inLanguage\":\"de\",\"potentialAction\":[{\"@type\":\"ReadAction\",\"target\":[\"https:\/\/messagenius.com\/de\/sicherheit-und-data-ownership\/\"]}]},{\"@type\":\"BreadcrumbList\",\"@id\":\"https:\/\/messagenius.com\/de\/sicherheit-und-data-ownership\/#breadcrumb\",\"itemListElement\":[{\"@type\":\"ListItem\",\"position\":1,\"name\":\"Home\",\"item\":\"https:\/\/messagenius.com\/de\/\"},{\"@type\":\"ListItem\",\"position\":2,\"name\":\"Sicherheit und Data Ownership\"}]},{\"@type\":\"WebSite\",\"@id\":\"https:\/\/messagenius.com\/it\/#website\",\"url\":\"https:\/\/messagenius.com\/it\/\",\"name\":\"Messagenius - Secure Enterprise Messaging\",\"description\":\"The private instant messaging solution for organizations\",\"publisher\":{\"@id\":\"https:\/\/messagenius.com\/it\/#organization\"},\"potentialAction\":[{\"@type\":\"SearchAction\",\"target\":{\"@type\":\"EntryPoint\",\"urlTemplate\":\"https:\/\/messagenius.com\/it\/?s={search_term_string}\"},\"query-input\":\"required name=search_term_string\"}],\"inLanguage\":\"de\"},{\"@type\":\"Organization\",\"@id\":\"https:\/\/messagenius.com\/it\/#organization\",\"name\":\"Messagenius\",\"url\":\"https:\/\/messagenius.com\/it\/\",\"sameAs\":[\"https:\/\/www.linkedin.com\/company\/messagenius\/\",\"https:\/\/www.facebook.com\/Messagenius\/\"],\"logo\":{\"@type\":\"ImageObject\",\"inLanguage\":\"de\",\"@id\":\"https:\/\/messagenius.com\/it\/#\/schema\/logo\/image\/\",\"url\":\"https:\/\/messagenius.com\/wp-content\/uploads\/2020\/04\/messagenius-logo-stand-left-scaled.jpg\",\"contentUrl\":\"https:\/\/messagenius.com\/wp-content\/uploads\/2020\/04\/messagenius-logo-stand-left-scaled.jpg\",\"width\":2560,\"height\":2004,\"caption\":\"Messagenius\"},\"image\":{\"@id\":\"https:\/\/messagenius.com\/it\/#\/schema\/logo\/image\/\"}}]}<\/script>\n<!-- \/ Yoast SEO plugin. -->","yoast_head_json":{"title":"Sicherheit und Data Ownership | Messagenius - Secure Enterprise Messaging","robots":{"index":"index","follow":"follow","max-snippet":"max-snippet:-1","max-image-preview":"max-image-preview:large","max-video-preview":"max-video-preview:-1"},"canonical":"https:\/\/messagenius.com\/de\/sicherheit-und-data-ownership\/","og_locale":"de_DE","og_type":"article","og_title":"Sicherheit und Data Ownership | Messagenius - Secure Enterprise Messaging","og_url":"https:\/\/messagenius.com\/de\/sicherheit-und-data-ownership\/","og_site_name":"Messagenius - Secure Enterprise Messaging","article_publisher":"https:\/\/www.facebook.com\/Messagenius\/","article_modified_time":"2020-12-17T11:51:07+00:00","twitter_card":"summary_large_image","schema":{"@context":"https:\/\/schema.org","@graph":[{"@type":"WebPage","@id":"https:\/\/messagenius.com\/de\/sicherheit-und-data-ownership\/","url":"https:\/\/messagenius.com\/de\/sicherheit-und-data-ownership\/","name":"Sicherheit und Data Ownership | Messagenius - Secure Enterprise Messaging","isPartOf":{"@id":"https:\/\/messagenius.com\/it\/#website"},"datePublished":"2020-04-20T18:51:45+00:00","dateModified":"2020-12-17T11:51:07+00:00","breadcrumb":{"@id":"https:\/\/messagenius.com\/de\/sicherheit-und-data-ownership\/#breadcrumb"},"inLanguage":"de","potentialAction":[{"@type":"ReadAction","target":["https:\/\/messagenius.com\/de\/sicherheit-und-data-ownership\/"]}]},{"@type":"BreadcrumbList","@id":"https:\/\/messagenius.com\/de\/sicherheit-und-data-ownership\/#breadcrumb","itemListElement":[{"@type":"ListItem","position":1,"name":"Home","item":"https:\/\/messagenius.com\/de\/"},{"@type":"ListItem","position":2,"name":"Sicherheit und Data Ownership"}]},{"@type":"WebSite","@id":"https:\/\/messagenius.com\/it\/#website","url":"https:\/\/messagenius.com\/it\/","name":"Messagenius - Secure Enterprise Messaging","description":"The private instant messaging solution for organizations","publisher":{"@id":"https:\/\/messagenius.com\/it\/#organization"},"potentialAction":[{"@type":"SearchAction","target":{"@type":"EntryPoint","urlTemplate":"https:\/\/messagenius.com\/it\/?s={search_term_string}"},"query-input":"required name=search_term_string"}],"inLanguage":"de"},{"@type":"Organization","@id":"https:\/\/messagenius.com\/it\/#organization","name":"Messagenius","url":"https:\/\/messagenius.com\/it\/","sameAs":["https:\/\/www.linkedin.com\/company\/messagenius\/","https:\/\/www.facebook.com\/Messagenius\/"],"logo":{"@type":"ImageObject","inLanguage":"de","@id":"https:\/\/messagenius.com\/it\/#\/schema\/logo\/image\/","url":"https:\/\/messagenius.com\/wp-content\/uploads\/2020\/04\/messagenius-logo-stand-left-scaled.jpg","contentUrl":"https:\/\/messagenius.com\/wp-content\/uploads\/2020\/04\/messagenius-logo-stand-left-scaled.jpg","width":2560,"height":2004,"caption":"Messagenius"},"image":{"@id":"https:\/\/messagenius.com\/it\/#\/schema\/logo\/image\/"}}]}},"_links":{"self":[{"href":"https:\/\/messagenius.com\/de\/wp-json\/wp\/v2\/pages\/10305"}],"collection":[{"href":"https:\/\/messagenius.com\/de\/wp-json\/wp\/v2\/pages"}],"about":[{"href":"https:\/\/messagenius.com\/de\/wp-json\/wp\/v2\/types\/page"}],"author":[{"embeddable":true,"href":"https:\/\/messagenius.com\/de\/wp-json\/wp\/v2\/users\/2"}],"replies":[{"embeddable":true,"href":"https:\/\/messagenius.com\/de\/wp-json\/wp\/v2\/comments?post=10305"}],"version-history":[{"count":8,"href":"https:\/\/messagenius.com\/de\/wp-json\/wp\/v2\/pages\/10305\/revisions"}],"predecessor-version":[{"id":10327,"href":"https:\/\/messagenius.com\/de\/wp-json\/wp\/v2\/pages\/10305\/revisions\/10327"}],"wp:attachment":[{"href":"https:\/\/messagenius.com\/de\/wp-json\/wp\/v2\/media?parent=10305"}],"curies":[{"name":"wp","href":"https:\/\/api.w.org\/{rel}","templated":true}]}}